{"id":1444,"date":"2025-09-17T09:21:04","date_gmt":"2025-09-17T09:21:04","guid":{"rendered":"https:\/\/yccontainerhouse.com\/?post_type=product&#038;p=1444"},"modified":"2025-09-22T07:41:47","modified_gmt":"2025-09-22T07:41:47","slug":"expandable-container-house-for-sale","status":"publish","type":"product","link":"https:\/\/yccontainerhouse.com\/de\/product\/expandable-container-house-for-sale\/","title":{"rendered":"Erweiterbares Containerhaus zu verkaufen"},"content":{"rendered":"<p>Ein erweiterbares Containerhaus zum Verkauf ist ein modularer Wohn- oder Arbeitsraum, der aus Versandcontainern besteht und folgende Merkmale aufweist\u00a0<strong>faltbare, schiebbare oder ausklappbare Abschnitte<\/strong>. Diese speziellen Komponenten erm\u00f6glichen es dem Container, sich vor Ort nach au\u00dfen zu erweitern, wodurch der Innenraum erheblich vergr\u00f6\u00dfert wird, ohne w\u00e4hrend des Transports mehr Platz zu beanspruchen. Der Mechanismus beinhaltet \u00fcblicherweise\u00a0<strong>ausklappbare Paneele oder Schiebew\u00e4nde<\/strong>\u00a0, die sich entfalten, um zus\u00e4tzliche R\u00e4ume oder Wohnbereiche zu schaffen.<\/p>\n<h3>Wie es funktioniert<\/h3>\n<ul>\n<li><strong>Faltbare Abschnitte<\/strong>: Seitenw\u00e4nde oder Enden klappen an Scharnieren nach au\u00dfen, um Breite oder L\u00e4nge zu vergr\u00f6\u00dfern.<\/li>\n<li><strong>Schiebepaneele<\/strong>: Einige Modelle verwenden Schiebeteile, die sich sanft herausziehen lassen, um die Bodenfl\u00e4che zu vergr\u00f6\u00dfern.<\/li>\n<li>Nach der Erweiterung bietet das Haus ein ger\u00e4umiges, komfortables Inneres, das die strukturelle Stabilit\u00e4t beibeh\u00e4lt.<\/li>\n<\/ul>\n<h3>Hauptanwendungen und Einsatzbereiche<\/h3>\n<p>Erweiterbare Containerh\u00e4user erf\u00fcllen eine vielseitige Palette von Bed\u00fcrfnissen:<\/p>\n<ul>\n<li><strong>Wohnh\u00e4user<\/strong>: Ideal f\u00fcr kompaktes Wohnen mit erweiterbarem Raum, perfekt f\u00fcr kleine Familien oder Singles.<\/li>\n<li><strong>B\u00fcros<\/strong>: Vor Ort oder entfernte Arbeitsbereiche, die leicht transportiert und schnell aufgebaut werden k\u00f6nnen.<\/li>\n<li><strong>Notunterk\u00fcnfte<\/strong>: Schnelle Bereitstellung bei Katastrophen oder Hilfseins\u00e4tzen, die sicheren, wetterbest\u00e4ndigen Schutz bieten.<\/li>\n<li><strong>Mobile Wohneinheiten<\/strong>: F\u00fcr Reisende oder Remote-Arbeiter, die portable, aber komfortable Unterk\u00fcnfte ben\u00f6tigen.<\/li>\n<\/ul>\n<p>Diese H\u00e4user kombinieren\u00a0<strong>Portabilit\u00e4t mit Raumeffizienz<\/strong>, was sie \u00e4u\u00dferst praktisch f\u00fcr tempor\u00e4re, dauerhafte oder mobile Nutzung in verschiedenen Umgebungen macht.<\/p>\n<h2>Warum erweiterbare Containerh\u00e4user w\u00e4hlen<\/h2>\n<h3>Portabilit\u00e4t und Raumeffizienz<\/h3>\n<p>Erweiterbare Containerh\u00e4user sind konzipiert f\u00fcr\u00a0<strong>einfache Transport und schnelle Einrichtung<\/strong>. Ihre klappbaren oder schiebbaren Abschnitte erm\u00f6glichen es den Einheiten, w\u00e4hrend des Transports kompakt zu bleiben, was Platz auf LKWs spart und die Transportkosten reduziert. Sobald sie vor Ort sind, erweitern sie sich, um\u00a0<strong>deutlich mehr Wohn- oder Arbeitsraum zu bieten<\/strong>\u00a0ohne die Grundfl\u00e4che zu vergr\u00f6\u00dfern. Das macht sie ideal f\u00fcr enge st\u00e4dtische Grundst\u00fccke, abgelegene Standorte oder Gebiete mit begrenztem Raum.<\/p>\n<h3>Kosteneinsparungen im Vergleich zu herk\u00f6mmlichen Wohnh\u00e4usern<\/h3>\n<p>Die Wahl eines erweiterbaren Containerhauses bedeutet geringere Anfangskosten und schnellere Einsatzbereitschaft:<\/p>\n<ul>\n<li><strong>Reduzierte Bauzeit<\/strong>\u00a0senkt Arbeitskosten<\/li>\n<li>In der Fabrik gefertigte Module reduzieren Materialverschwendung<\/li>\n<li>Weniger Bedarf an schwerem Ger\u00e4t vor Ort<\/li>\n<li>Minimale Fundamentanforderungen<\/li>\n<li>Niedrigere Transport- und Montagekosten<\/li>\n<\/ul>\n<p>Diese Faktoren bieten eine kosteng\u00fcnstige Alternative zu herk\u00f6mmlichen H\u00e4usern, insbesondere wenn Portabilit\u00e4t und Modularit\u00e4t kombiniert werden.<\/p>\n<h3>Langlebigkeit und Wetterbest\u00e4ndigkeit<\/h3>\n<p>Hergestellt aus schiffstauglichem Stahl, verf\u00fcgen erweiterbare Containerh\u00e4user \u00fcber\u00a0<strong>hohe Haltbarkeit<\/strong>\u00a0gegen raues Wetter und physische Sch\u00e4den. Wichtige Punkte sind:<\/p>\n<ul>\n<li>Stahlkonstruktion widersteht Wind, Regen und Schnee<\/li>\n<li>Schutzbeschichtungen verhindern Korrosion<\/li>\n<li>Entworfen, um Sicherheitsstandards f\u00fcr strukturelle Integrit\u00e4t einzuhalten<\/li>\n<li>Energieeffiziente Isolierung sch\u00fctzt vor extremen Temperaturen<\/li>\n<\/ul>\n<p>Diese Merkmale gew\u00e4hrleisten einen langlebigen, widerstandsf\u00e4higen Wohnraum, der f\u00fcr verschiedene Klimazonen und Regionen in Deutschland geeignet ist.<\/p>\n<h3>Umweltfreundlichkeit und Nachhaltigkeit<\/h3>\n<p>Erweiterbare Containerh\u00e4user sind eine kluge \u00f6kologische Wahl, weil sie:<\/p>\n<ul>\n<li>gebrauchte Versandcontainer wiederverwenden und Abfall reduzieren<\/li>\n<li>modulare Bauweise verwenden, die St\u00f6rungen vor Ort und Materialabf\u00e4lle minimiert<\/li>\n<li>energieeffiziente Isolierung und optionale Solarsysteme integrieren<\/li>\n<li>den CO2-Fu\u00dfabdruck durch Reduzierung traditioneller Bauaktivit\u00e4ten verringern<\/li>\n<\/ul>\n<p>Dieser nachhaltige Ansatz entspricht den wachsenden Umweltbedenken und f\u00f6rdert umweltfreundlichere Wohnl\u00f6sungen.<\/p>\n<p>F\u00fcr weitere Details zum Design von Containerh\u00e4usern und Anpassungsoptionen besuchen Sie unsere\u00a0<a href=\"https:\/\/yccontainerhouse.com\/container-options\/40-foot-container-house\/\">40-Fu\u00df-Containerhaus<\/a>\u00a0und andere\u00a0<a href=\"https:\/\/yccontainerhouse.com\/container-options\/\">Containeroptionen<\/a>.<\/p>\n<h2>Merkmale und Spezifikationen erweiterbarer Containerh\u00e4user<\/h2>\n<h3>Erweiterbares modulares Design<\/h3>\n<p>Unsere\u00a0<strong>erweiterbare Containerh\u00e4user<\/strong>\u00a0verwenden innovative ausklappbare Paneele und Schiebew\u00e4nde, um den Wohnraum nach dem Ausklappen erheblich zu vergr\u00f6\u00dfern. Dies\u00a0<strong>modulares Design<\/strong>\u00a0bedeutet, dass die Einheit w\u00e4hrend des Transports kompakt bleibt \u2013 \u00e4hnlich einem faltbaren Versandcontainerhaus \u2013 sich aber schnell zu einem ger\u00e4umigen, komfortablen Innenraum erweitert.<\/p>\n<ul>\n<li><strong>Ausklappbare Paneele<\/strong>\u00a0an den Seiten \u00f6ffnen sich nach au\u00dfen, um die Raumgr\u00f6\u00dfe zu vergr\u00f6\u00dfern<\/li>\n<li><strong>Schiebbare Abschnitte<\/strong>\u00a0gleiten sanft, um offene Grundrisse zu schaffen<\/li>\n<li>Schnelle Einrichtung ohne schwere Ausr\u00fcstung oder zus\u00e4tzliche Zeit<\/li>\n<li>Entwickelt f\u00fcr einfache Mobilit\u00e4t und Erweiterung vor Ort<\/li>\n<\/ul>\n<h3>Baumaterialien und Isolierung<\/h3>\n<p>Hergestellt mit\u00a0<strong>Hochwertige Stahlrahmen<\/strong>\u00a0und\u00a0<strong>wetterfeste Paneele<\/strong>, diese H\u00e4user sind robust genug f\u00fcr langfristige Wohn- oder B\u00fcroanwendungen in verschiedenen deutschen Klimazonen. F\u00fcr Energieeffizienz:<\/p>\n<ul>\n<li>Hochwertig\u00a0<strong>Isolierung<\/strong>\u00a0h\u00e4lt Innenr\u00e4ume im Winter warm und im Sommer k\u00fchl<\/li>\n<li>Doppelverglaste Fenster reduzieren W\u00e4rme\u00fcbertragung und L\u00e4rm<\/li>\n<li>Au\u00dfenbeschichtungen sch\u00fctzen vor Rost, UV-Strahlung und Feuchtigkeit<\/li>\n<li>Langlebige Bodenbel\u00e4ge, geeignet f\u00fcr Wohn- und Gewerbenutzung<\/li>\n<\/ul>\n<h3>Gr\u00f6\u00dfen- und Kapazit\u00e4tsdetails<\/h3>\n<p>Diese H\u00e4user vereinen Komfort und Platz in einem kompakten Paket:<\/p>\n<div class=\"table-responsive\">\n<table class=\"table\">\n<thead>\n<tr>\n<th>Parameter<\/th>\n<th>Details<\/th>\n<\/tr>\n<\/thead>\n<tbody>\n<tr>\n<td><strong>Gefaltete Gr\u00f6\u00dfe f\u00fcr den Transport<\/strong><\/td>\n<td>Typischerweise 20ft oder 40ft L\u00e4nge, 8ft Breite, 8,5ft H\u00f6he<\/td>\n<\/tr>\n<tr>\n<td><strong>Erweiterte Wohnfl\u00e4che<\/strong><\/td>\n<td>Erweitert sich von 30% auf 50% durch ausklappbare Paneele und Schiebew\u00e4nde<\/td>\n<\/tr>\n<tr>\n<td><strong>Kapazit\u00e4t<\/strong><\/td>\n<td>Geeignet f\u00fcr 1 bis 4 Personen je nach Layoutoptionen<\/td>\n<\/tr>\n<\/tbody>\n<\/table>\n<\/div>\n<p>Diese kompakte Grundfl\u00e4che macht Versand und Umzug mit g\u00e4ngigen deutschen Frachtf\u00fchrern einfach.<\/p>\n<h3>Infrastrukturkompatibilit\u00e4t<\/h3>\n<p>Unsere erweiterbaren vorgefertigten Containerh\u00e4user sind bereit, mit wichtigen Versorgungsanschl\u00fcssen verbunden zu werden:<\/p>\n<ul>\n<li><strong>Elektrische Verkabelung<\/strong>\u00a0vorinstalliert und unterst\u00fctzt Standard-Wohnverkabelung, Steckdosen und anpassbar f\u00fcr HLK-Systeme<\/li>\n<li><strong>Sanit\u00e4rinfrastruktur<\/strong>\u00a0f\u00fcr K\u00fcche, Badezimmer und Wasseranschl\u00fcsse ausgelegt<\/li>\n<li>Kompatibel mit Solaranlagen und energieeffizienten Ger\u00e4ten<\/li>\n<li>Flexible Adapter erm\u00f6glichen schnellen Anschluss an lokale Versorgungsnetze<\/li>\n<\/ul>\n<h3>Sicherheitszertifikate und -standards<\/h3>\n<p>Sicherheit hat Priorit\u00e4t, und unsere Containerh\u00e4user erf\u00fcllen oder \u00fcbertreffen wichtige Branchenstandards:<\/p>\n<ul>\n<li>Gebaut nach\u00a0<strong>Internationalen Bauvorschriften (IBC)<\/strong>\u00a0und deutschen Wohnvorschriften<\/li>\n<li>Feuerbest\u00e4ndige Materialien und Rauchmeldesysteme installiert<\/li>\n<li>Strukturtests f\u00fcr Wind-, Erdbeben- und Wetterbest\u00e4ndigkeit<\/li>\n<li>Einhaltung von\u00a0<strong>EPA<\/strong>\u00a0Richtlinien bez\u00fcglich Materialien und Isolierung<\/li>\n<\/ul>\n<p>Diese Zertifizierungen bieten Sicherheit, egal ob es sich um ein dauerhaftes Zuhause, ein mobiles B\u00fcro oder einen Notunterstand handelt.<\/p>\n<p>F\u00fcr detailliertere Spezifikationen sehen Sie sich unsere\u00a0<a href=\"https:\/\/yccontainerhouse.com\/product\/20-foot-container-tiny-house\/\">20-Fu\u00df-Container-Tiny-House-Optionen<\/a>\u00a0an und entdecken Sie, wie erweiterbare Containerh\u00e4user Ihren Bed\u00fcrfnissen entsprechen k\u00f6nnen.<\/p>\n<h2>Anpassungsoptionen f\u00fcr erweiterbare Containerh\u00e4user zum Verkauf<\/h2>\n<p>Beim Ausw\u00e4hlen eines\u00a0<strong>erweiterbares containerhaus zu verkaufen<\/strong>, Flexibilit\u00e4t im Design ist entscheidend. Unsere modularen, erweiterbaren Containerh\u00e4user verf\u00fcgen \u00fcber mehrere anpassbare Funktionen, um Ihren Lebensstil und Ihre Bed\u00fcrfnisse zu erf\u00fcllen.<\/p>\n<h3>Layout-Konfigurationen<\/h3>\n<p>Sie k\u00f6nnen Ihr Containerhaus mit verschiedenen Raumaufteilungen anpassen, einschlie\u00dflich:<\/p>\n<ul>\n<li><strong>Schlafzimmer:<\/strong>\u00a0Optionen reichen von Studio-Layouts bis hin zu mehreren Schlafzimmern f\u00fcr Familien oder B\u00fcrozwecke.<\/li>\n<li><strong>K\u00fcche:<\/strong>\u00a0Moderne, kompakte K\u00fcchen mit Einbauger\u00e4ten oder offenen Grundrissen.<\/li>\n<li><strong>Badezimmer:<\/strong>\u00a0Voll ausgestattete Badezimmer mit Duschkabinen, Waschbecken und effizienter Wassernutzung.<\/li>\n<\/ul>\n<p>Dies erm\u00f6glicht es Ihnen, einen Raum zu schaffen, der komfortabel, funktional ist und Ihren Zweck erf\u00fcllt\u2014ob f\u00fcr Wohnen, B\u00fcro oder Notunterk\u00fcnfte.<\/p>\n<h3>Innenausbaum\u00f6glichkeiten<\/h3>\n<p>W\u00e4hlen Sie aus einer Vielzahl von Oberfl\u00e4chen, um Ihren Raum wie Zuhause oder einen professionellen Arbeitsplatz wirken zu lassen:<\/p>\n<ul>\n<li><strong>Bodenbel\u00e4ge:<\/strong>\u00a0Optionen wie Laminat, Vinyl oder Holzimitationen, die langlebig und leicht zu reinigen sind.<\/li>\n<li><strong>Wandpaneele:<\/strong>\u00a0Isolierte Wandpaneele in verschiedenen Farben und Texturen, um das Innere aufzuhellen.<\/li>\n<li><strong>Beleuchtung:<\/strong>\u00a0Energieeffiziente LED-Leuchten mit anpassbaren Einstellungen f\u00fcr Ambiente und Helligkeit.<\/li>\n<\/ul>\n<h3>Optionale Erg\u00e4nzungen<\/h3>\n<p>Verbessern Sie Ihr erweiterbares Fertigcontainerhaus mit intelligenten Zusatzfunktionen f\u00fcr Komfort und Nachhaltigkeit:<\/p>\n<div class=\"table-responsive\">\n<table class=\"table\">\n<thead>\n<tr>\n<th>Add-On-Funktion<\/th>\n<th>Vorteile<\/th>\n<\/tr>\n<\/thead>\n<tbody>\n<tr>\n<td>Solarsystem<\/td>\n<td>Reduziert Energiekosten und CO\u2082-Fu\u00dfabdruck<\/td>\n<\/tr>\n<tr>\n<td>HLK-Systeme<\/td>\n<td>Effiziente Heiz- und K\u00fchll\u00f6sungen f\u00fcr alle Jahreszeiten<\/td>\n<\/tr>\n<tr>\n<td>Smart-Home-Steuerungen<\/td>\n<td>Licht, Temperatur und Sicherheit aus der Ferne verwalten<\/td>\n<\/tr>\n<tr>\n<td>Wasserfiltration<\/td>\n<td>Sauberes Wasserversorgung in abgelegenen oder Notfallsituationen<\/td>\n<\/tr>\n<\/tbody>\n<\/table>\n<\/div>\n<p>Diese Optionen helfen Ihnen, bei den Nebenkosten zu sparen, w\u00e4hrend Ihr Containerhaus Ihren Energiebedarf und Lebensstil erf\u00fcllt.<\/p>\n<h2>Kaufprozess und Preisgestaltung f\u00fcr erweiterbare Containerh\u00e4user<\/h2>\n<h3>Verf\u00fcgbare Lagermodelle und Preiskategorien<\/h3>\n<p>Wir bieten eine Vielzahl von\u00a0<strong>erweiterbare Containerh\u00e4user zum Verkauf<\/strong>\u00a0entwickelt, um unterschiedlichen Bed\u00fcrfnissen und Budgets gerecht zu werden. Lagermodelle umfassen typischerweise kompakte faltbare Containerh\u00e4user, mobile Containerh\u00fctten und gr\u00f6\u00dfere erweiterbare Fertigcontainerh\u00e4user mit ausziehbaren Sektionen.<\/p>\n<ul>\n<li><strong>Basismodelle<\/strong>\u00a0beginnen in einem erschwinglichen Bereich, ideal f\u00fcr Ein-Zimmer-Setups oder kleine B\u00fcror\u00e4ume.<\/li>\n<li><strong>Mittlere Modelle<\/strong>\u00a0bieten zus\u00e4tzliche Funktionen wie bessere Isolierung, aufgewertete Oberfl\u00e4chen und mehr Wohnraum.<\/li>\n<li><strong>Premium-Optionen<\/strong>\u00a0umfassen luxuri\u00f6se Oberfl\u00e4chen, Solarenergieintegration und fortschrittliche HLK-Systeme.<\/li>\n<\/ul>\n<p>Schauen Sie sich unsere aktuelle Auswahl an, einschlie\u00dflich der\u00a0<a href=\"https:\/\/yccontainerhouse.com\/product\/20ft-40ft-expandable-container-house-with-solar-energy\/\">20-Fu\u00df erweiterbares Containerhaus mit Solarenergie<\/a>, f\u00fcr detaillierte Preisangaben.<\/p>\n<h3>Individueller Bestellprozess<\/h3>\n<p>Wenn Ihr Projekt eine individuellere Herangehensweise erfordert, k\u00fcmmern wir uns um\u00a0<strong>Sonderbestellungen<\/strong>\u00a0ohne Probleme. Sie k\u00f6nnen die Anzahl der Schlafzimmer, K\u00fcchenlayout, Badezimmerkonfigurationen, Innenausstattungen und optionale Zus\u00e4tze wie Solarpanels oder fortschrittliche Klimasteuerungssysteme ausw\u00e4hlen.<\/p>\n<ul>\n<li>Reichen Sie Ihre Anforderungen \u00fcber unsere Website ein oder kontaktieren Sie direkt unser Verkaufsteam.<\/li>\n<li>Wir arbeiten eng mit Ihnen an Design und Spezifikationen, um sicherzustellen, dass das Containerhaus Ihren Lebensstil- und Standortanforderungen entspricht.<\/li>\n<li>Unser Team erstellt 3D-Renderings und klare Zeitpl\u00e4ne, bevor die Produktion beginnt.<\/li>\n<\/ul>\n<h3>Liefer- und Installationszeiten<\/h3>\n<p>Sobald Ihr Modell fertiggestellt ist, typischer\u00a0<strong>Lieferzeiten<\/strong>\u00a0reichen von 4 bis 8 Wochen, abh\u00e4ngig von Lagerbestand und Anpassungsgrad.<\/p>\n<ul>\n<li>Standardlager-Modelle liefern schneller.<\/li>\n<li>Ma\u00dfgefertigte erweiterbare Containerh\u00e4user ben\u00f6tigen zus\u00e4tzliche Produktionszeit, bleiben aber dennoch im wettbewerbsf\u00e4higen Zeitrahmen.<\/li>\n<li>Wir bieten vollst\u00e4ndige Sendungsverfolgung und koordinieren mit lokalen Partnern f\u00fcr eine professionelle Installation.<\/li>\n<li>Die Installation dauert vor Ort in der Regel 1 bis 3 Tage, abh\u00e4ngig von der Komplexit\u00e4t der Infrastruktur.<\/li>\n<\/ul>\n<h3>Garantie und Kundendienst<\/h3>\n<p>Wir sichern unsere erweiterbaren Containerh\u00e4user mit einer soliden\u00a0<strong>Garantie<\/strong>\u00a0f\u00fcr Materialien und Verarbeitung ab, die in der Regel strukturelle Komponenten bis zu 5 Jahre abdeckt.<\/p>\n<ul>\n<li>Unser Kundensupport-Team steht f\u00fcr Wartungsanleitungen, Fehlerbehebung und Ersatzteilversorgung zur Verf\u00fcgung.<\/li>\n<li>Wir bieten klare Anweisungen f\u00fcr Genehmigungen und Vorschriften auf dem deutschen Markt, um Ihren Besitz sorgenfrei zu gestalten.<\/li>\n<li>Der Kundendienst umfasst Fernberatung und Vor-Ort-Serviceoptionen \u00fcber unser lokales Netzwerk.<\/li>\n<\/ul>\n<p>Erkunden Sie mehr \u00fcber unsere aktuellen Modelle und Preiskategorien auf unserer\u00a0<a href=\"https:\/\/yccontainerhouse.com\/product-sitemap.xml\">Produktkatalogseite<\/a>. F\u00fcr schnellen Zugriff auf beliebte Optionen besuchen Sie unsere\u00a0<a href=\"https:\/\/yccontainerhouse.com\/shop\/\">Shop<\/a>\u00a0und finden Sie das perfekte faltbare Versandcontainerhaus, das Ihrem Budget und Ihren Bed\u00fcrfnissen entspricht.<\/p>\n<h2>Praxisbeispiele f\u00fcr erweiterbare Containerh\u00e4user<\/h2>\n<p>Zu sehen, wie erweiterbare Containerh\u00e4user in realen Situationen funktionieren, vermittelt einen klaren Eindruck von ihrem Wert. Viele Kunden in Deutschland haben sich f\u00fcr diese\u00a0<strong>tragbaren Containerh\u00e4user zum Verkauf<\/strong>\u00a0f\u00fcr verschiedene Bed\u00fcrfnisse entschieden \u2013 von mobilen B\u00fcros und G\u00e4steh\u00fctten bis hin zu Vollzeitwohnh\u00e4usern und Notunterk\u00fcnften.<\/p>\n<h3>Fallstudien von Nutzern erweiterbarer Containerh\u00e4user<\/h3>\n<ul>\n<li><strong>Fernb\u00fcroeinrichtung, Deutschland:<\/strong>\u00a0Ein Kleinunternehmer ben\u00f6tigte einen flexiblen, mobilen Arbeitsplatz. Der\u00a0<strong>faltbaren Versandcontainerhauses<\/strong>\u00a0bietet eine schnelle Einrichtung mit herausziehbaren Abschnitten f\u00fcr zus\u00e4tzlichen Raum w\u00e4hrend der Arbeitszeiten. Dies sparte Mietkosten und bot eine langlebige, wetterfeste Umgebung.<\/li>\n<li><strong>Notunterkunft, Deutschland:<\/strong>\u00a0Nach Vertreibung durch Waldbr\u00e4nde fanden Familien Sicherheit in kompakten\u00a0<strong>erweiterbaren Fertigcontainerh\u00e4usern<\/strong>. Diese H\u00e4user wurden schnell geliefert und konnten erweitert werden, um komfortable Wohneinheiten zu schaffen, ohne dauerhafte Bauverz\u00f6gerungen.<\/li>\n<li><strong>Ferienh\u00fctte, Deutschland:<\/strong>\u00a0Ein Kunde wollte eine R\u00fcckzugsm\u00f6glichkeit mit einfachem Transport in abgelegene Gebiete. Das\u00a0<strong>zusammenklappbare Containerhaus<\/strong>\u00a0passte in einen Standard-LKW-Anh\u00e4nger, wenn es gefaltet war, und wurde dann zu einer gem\u00fctlichen, isolierten H\u00fctte mit allen Annehmlichkeiten f\u00fcr ein Wochenende im Gr\u00fcnen erweitert.<\/li>\n<\/ul>\n<h3>Visuelle Galerien installierter erweiterbarer Containerh\u00e4user<\/h3>\n<p>Wir pflegen eine umfassende Galerie, die installierte Modelle in verschiedenen Regionen Deutschlands zeigt, mit Schwerpunkt auf:<\/p>\n<ul>\n<li><strong>Vielf\u00e4ltige Grundrisse:<\/strong>\u00a0Von 1-Zimmer-Mobilcontainern bis hin zu mehrraumigen, erweiterbaren Containerh\u00fctten.<\/li>\n<li><strong>Verschiedene Klimazonen:<\/strong>\u00a0Einheiten, die in feuchten s\u00fcdlichen Bundesl\u00e4ndern und schneereichen n\u00f6rdlichen Gebieten gut funktionieren, was Haltbarkeit und Isolationsqualit\u00e4t beweist.<\/li>\n<li><strong>Beispiele f\u00fcr Anpassungen:<\/strong>\u00a0Verschiedene Innenausstattungen, Solaranlagen und Heizungs- und Klimaanlagen, die auf lokale Bed\u00fcrfnisse und Stile zugeschnitten sind.<\/li>\n<\/ul>\n<p>Diese praxisnahen Beispiele betonen die Praktikabilit\u00e4t und Zuverl\u00e4ssigkeit von\u00a0<strong>erweiterbare Containerh\u00e4user<\/strong>\u00a0zum Verkauf, und bieten Einblicke in deren allt\u00e4gliche Nutzung und Anpassungsf\u00e4higkeit.<\/p>\n<p>&nbsp;<\/p>\n<p>&nbsp;<\/p>","protected":false},"excerpt":{"rendered":"<p data-start=\"0\" data-end=\"263\">Der <strong data-start=\"4\" data-end=\"43\">erweiterbares containerhaus zu verkaufen<\/strong> ist darauf ausgelegt, die Belastung zu verringern <strong data-start=\"78\" data-end=\"101\">hohen Versandkosten<\/strong>. Seine faltbare, kompakte Form spart Platz beim Transport, reduziert Frachtkosten und bietet Ihnen dennoch ein ger\u00e4umiges und voll funktionsf\u00e4higes Zuhause, sobald es vor Ort ausgeklappt ist.<\/p>\n<p data-start=\"265\" data-end=\"523\">Eines der gr\u00f6\u00dften Anliegen ist <strong data-start=\"296\" data-end=\"323\">Sch\u00e4den w\u00e4hrend des Transports<\/strong>, aber die <strong data-start=\"333\" data-end=\"372\">erweiterbares containerhaus zu verkaufen<\/strong> ist mit starken Stahlrahmen und sicheren Paneelen verst\u00e4rkt. Es ist f\u00fcr den Ferntransport ausgelegt und kommt sicher, stabil und bereit zum Aufbau an.<\/p>\n<p data-start=\"525\" data-end=\"777\" data-is-last-node=\"\" data-is-only-node=\"\">Langfristiger Wert ist ebenfalls wichtig. Die <strong data-start=\"558\" data-end=\"597\">erweiterbares containerhaus zu verkaufen<\/strong> verwendet isolierte, wetterbest\u00e4ndige Materialien, die den Wartungsaufwand gering halten. Sie sparen Geld bei Reparaturen und genie\u00dfen ein langlebiges, komfortables Zuhause, das jahrelang ohne zus\u00e4tzlichen Aufwand h\u00e4lt.<\/p>","protected":false},"featured_media":1446,"comment_status":"closed","ping_status":"closed","template":"","meta":[],"product_brand":[],"product_cat":[61],"product_tag":[63,64],"class_list":{"0":"post-1444","1":"product","2":"type-product","3":"status-publish","4":"has-post-thumbnail","6":"product_cat-expandable-container-house-2","7":"product_tag-china-expandable-container-house","8":"product_tag-expandable-container-house-for-sale","10":"first","11":"instock","12":"shipping-taxable","13":"product-type-simple"},"_links":{"self":[{"href":"https:\/\/yccontainerhouse.com\/de\/wp-json\/wp\/v2\/product\/1444","targetHints":{"allow":["GET"]}}],"collection":[{"href":"https:\/\/yccontainerhouse.com\/de\/wp-json\/wp\/v2\/product"}],"about":[{"href":"https:\/\/yccontainerhouse.com\/de\/wp-json\/wp\/v2\/types\/product"}],"replies":[{"embeddable":true,"href":"https:\/\/yccontainerhouse.com\/de\/wp-json\/wp\/v2\/comments?post=1444"}],"version-history":[{"count":0,"href":"https:\/\/yccontainerhouse.com\/de\/wp-json\/wp\/v2\/product\/1444\/revisions"}],"wp:featuredmedia":[{"embeddable":true,"href":"https:\/\/yccontainerhouse.com\/de\/wp-json\/wp\/v2\/media\/1446"}],"wp:attachment":[{"href":"https:\/\/yccontainerhouse.com\/de\/wp-json\/wp\/v2\/media?parent=1444"}],"wp:term":[{"taxonomy":"product_brand","embeddable":true,"href":"https:\/\/yccontainerhouse.com\/de\/wp-json\/wp\/v2\/product_brand?post=1444"},{"taxonomy":"product_cat","embeddable":true,"href":"https:\/\/yccontainerhouse.com\/de\/wp-json\/wp\/v2\/product_cat?post=1444"},{"taxonomy":"product_tag","embeddable":true,"href":"https:\/\/yccontainerhouse.com\/de\/wp-json\/wp\/v2\/product_tag?post=1444"}],"curies":[{"name":"wp","href":"https:\/\/api.w.org\/{rel}","templated":true}]}}