{"id":1469,"date":"2025-09-18T03:28:29","date_gmt":"2025-09-18T03:28:29","guid":{"rendered":"https:\/\/yccontainerhouse.com\/?post_type=product&#038;p=1469"},"modified":"2025-09-18T03:46:33","modified_gmt":"2025-09-18T03:46:33","slug":"assembled-two-bedroom-home-prefab-expandable-container-house","status":"publish","type":"product","link":"https:\/\/yccontainerhouse.com\/de\/product\/assembled-two-bedroom-home-prefab-expandable-container-house\/","title":{"rendered":"Montiertes Zweizimmer-Haus Fertigmontiertes Erweiterbares Containerhaus"},"content":{"rendered":"<p>Entdecken Sie das zusammengebaute Zweizimmerhaus, vorgefertigtes erweiterbares Containerhaus\u00a0von yichen, eine moderne L\u00f6sung f\u00fcr flexibles, nachhaltiges Wohnen. Dieses modulare Containerhaus verf\u00fcgt \u00fcber ein\u00a0<strong>vorgefertigtes, erweiterbares Design<\/strong>, das schnelle Montage vor Ort mit langlebiger Stahlkonstruktion verbindet. Es bietet zwei komfortable Schlafzimmer in einem intelligenten, anpassungsf\u00e4higen Layout, ideal f\u00fcr Familien, Remote-B\u00fcros, Ferienh\u00e4user oder Notunterk\u00fcnfte.<\/p>\n<p>Hergestellt aus hochwertigen Stahl-Seecontainern, wird dieses Haus werkseitig montiert, um Pr\u00e4zision und Qualit\u00e4tskontrolle zu gew\u00e4hrleisten. Die erweiterbaren Module erm\u00f6glichen eine einfache Vergr\u00f6\u00dferung des Wohnraums, wenn sich Ihre Bed\u00fcrfnisse \u00e4ndern, und machen es zu einer langfristigen Wohnl\u00f6sung, die sich anpasst. Das schl\u00fcsselfertige Design bedeutet, dass Sie ein vollst\u00e4ndig montiertes, bezugsfertiges Haus mit integrierten Versorgungsanschl\u00fcssen und anpassbaren Innenausstattungen erhalten.<\/p>\n<p>Perfekt f\u00fcr diejenigen, die\u00a0<strong>preiswerte vorgefertigte Containerh\u00e4user suchen<\/strong>\u00a0ohne Kompromisse bei Haltbarkeit oder Stil, unterst\u00fctzt dieses Zweizimmer-Vorgefertigte-Containerhaus Energieeffizienz und Mobilit\u00e4t. Ob Sie ein Hauptwohnsitz oder ein tragbares Zweitheim suchen, yichens erweiterbares Containerhaus bringt nachhaltiges Wohnen mit intelligentem Design und robusten Materialien in den Vordergrund.<\/p>\n<h2>Hero-Sektion Zusammengebautes Zweizimmerhaus, vorgefertigtes erweiterbares Containerhaus<\/h2>\n<p>Erleben Sie das\u00a0<strong>zusammengebautes Zweizimmerhaus, vorgefertigtes, erweiterbares Containerhaus<\/strong>\u00a0von Yichen durch beeindruckende hochaufl\u00f6sende Bilder und detaillierte Videos. Sehen Sie aus erster Hand, wie dieses modulare Containerhaus nahtlos in verschiedene Landschaften passt und sein modernes, elegantes Design sowie seine praktische Raumaufteilung zeigt.<\/p>\n<h3>Wertversprechen<\/h3>\n<ul>\n<li><strong>Erweiterbares Design:<\/strong>\u00a0Einfache Erweiterung um zus\u00e4tzliche Module, um Ihren Wohnraum an Ihre Bed\u00fcrfnisse anzupassen.<\/li>\n<li><strong>Schneller Zusammenbau:<\/strong>\u00a0Fabrikgefertigte Pr\u00e4zision erm\u00f6glicht es uns, ein nahezu bezugsfertiges Zuhause mit schneller Montage vor Ort zu liefern.<\/li>\n<li><strong>Robuste Containerstruktur:<\/strong>\u00a0Hergestellt aus hochwertigen Stahl-Seecontainern, die so konstruiert sind, dass sie den Elementen standhalten und dauerhafte St\u00e4rke bieten.<\/li>\n<\/ul>\n<h3>Modernes, flexibles Wohnen in einem nachhaltigen Containerhaus<\/h3>\n<p>Genie\u00dfen Sie modernes Wohnen, das sich an Ihren Lebensstil anpasst, mit einem\u00a0<strong>flexiblen, nachhaltigen Containerhaus.<\/strong>\u00a0Diese zweizimmer Vorfertigh\u00e4user sind f\u00fcr einfache Erweiterungen konzipiert und aus umweltfreundlichen Materialien gebaut, was sie perfekt f\u00fcr Familien, Fernarbeiter oder jeden macht, der eine erschwingliche, langlebige Wohnoption sucht.<\/p>\n<h2>Produkt\u00fcbersicht: Zusammengebautes Zweizimmer-Vorfertighaus, erweiterbar, Containerhaus<\/h2>\n<p>Unsere\u00a0<strong>zusammengebautes Zweizimmer-Vorfertighaus, erweiterbar, Containerhaus<\/strong>\u00a0ist ein modernes, modulares Zuhause, das f\u00fcr eine schnelle Einrichtung und flexibles Wohnen entwickelt wurde. Hergestellt aus hochwertigen Stahl-Seecontainern, bietet diese schl\u00fcsselfertige L\u00f6sung\u00a0<strong>zwei private Schlafzimmer<\/strong>, gro\u00dfz\u00fcgige Wohnbereiche und die M\u00f6glichkeit, durch Hinzuf\u00fcgen weiterer Module zu erweitern, wenn Ihre Bed\u00fcrfnisse wachsen.<\/p>\n<p>Dieses Vorfertighaus aus Containern wird fabrikgefertigt f\u00fcr Pr\u00e4zision und Geschwindigkeit, was bedeutet, dass Sie in einem Bruchteil der Zeit, die f\u00fcr traditionelle H\u00e4user ben\u00f6tigt wird, eine voll funktionsf\u00e4hige Unterkunft haben k\u00f6nnen. Das erweiterbare Design sorgt f\u00fcr Anpassungsf\u00e4higkeit und macht es einfach, Ihren Wohnraum zu skalieren, ohne von vorne anfangen zu m\u00fcssen.<\/p>\n<h3>Zielgruppen und Anwendungsf\u00e4lle<\/h3>\n<p>Dies\u00a0<strong>vorgefertigtes Zweizimmer-Containerhaus<\/strong>\u00a0passt zu einer Vielzahl von Lebensstilen und Bed\u00fcrfnissen, insbesondere f\u00fcr Kunden in Deutschland, die erschwingliche, langlebige und flexible Wohnl\u00f6sungen suchen, wie zum Beispiel:<\/p>\n<ul>\n<li><strong>Familienh\u00e4user<\/strong>\u00a0\u2014 Ideal f\u00fcr kleine Familien, die komfortable, private Schlafzimmer und Wohnbereiche ben\u00f6tigen.<\/li>\n<li><strong>Fernb\u00fcros<\/strong>\u00a0\u2014 Perfekt f\u00fcr Heimb\u00fcros oder Remote-Arbeitspl\u00e4tze, bei denen eine separate, ruhige Umgebung erforderlich ist.<\/li>\n<li><strong>Ferienh\u00e4user<\/strong>\u00a0\u2014 Ein schnell zu installierendes Wochenendhaus, das Portabilit\u00e4t mit den Annehmlichkeiten eines traditionellen Hauses verbindet.<\/li>\n<li><strong>Notunterk\u00fcnfte<\/strong>\u00a0\u2014 Bietet robuste, wetterfeste Unterk\u00fcnfte in Katastrophenhilfe- oder tempor\u00e4ren Wohnszenarien.<\/li>\n<\/ul>\n<p>Durch die Kombination von Mobilit\u00e4t, Energieeffizienz und nachhaltigen Materialien erf\u00fcllt dieses erweiterbare Fertigcontainerhaus die wachsende Nachfrage nach vielseitigen, umweltfreundlichen Wohnr\u00e4umen in Deutschland. F\u00fcr weitere Details zu \u00e4hnlichen Containerhaus-Optionen besuchen Sie unsere\u00a0<a href=\"https:\/\/yccontainerhouse.com\/container-options\/prefabricated-container-house\/\">Fertigcontainerhaus-Seite<\/a>.<\/p>\n<h2>Wichtige Merkmale und Vorteile des montierten Zweizimmer-Fertigcontainer-Expanders<\/h2>\n<h3>Erweiterbares Design f\u00fcr wachsende Bed\u00fcrfnisse<\/h3>\n<p>Unsere\u00a0<strong>erweiterbares modulares Containerhaus<\/strong>\u00a0Erm\u00f6glicht es Ihnen, jederzeit zus\u00e4tzliche Module hinzuzuf\u00fcgen, wenn Sie mehr Platz ben\u00f6tigen. Ob Ihre Familie w\u00e4chst oder Sie zus\u00e4tzlichen Raum f\u00fcr ein Heimb\u00fcro w\u00fcnschen, die Erweiterung Ihres Fertigcontainerhauses ist schnell und unkompliziert.<\/p>\n<h3>Bequeme Zwei Schlafzimmer<\/h3>\n<p>Genie\u00dfen Sie\u00a0<strong>zwei private Schlafzimmer<\/strong>\u00a0Entwickelt f\u00fcr Komfort und Privatsph\u00e4re. Perfekt f\u00fcr kleine Familien oder als G\u00e4stezimmer, bieten diese Schlafzimmer einen gem\u00fctlichen Wohnraum innerhalb Ihres Fertig-Transportcontainers.<\/p>\n<h3>Fertig- und montiert f\u00fcr schnelle Einrichtung<\/h3>\n<p>In unserer Fabrik pr\u00e4zise gebaut, kommt das Haus gr\u00f6\u00dftenteils montiert an. Dieser\u00a0<strong>fabrikgefertigte<\/strong>\u00a0Prozess sorgt f\u00fcr eine schnelle Montage vor Ort und verk\u00fcrzt die Bauzeit erheblich im Vergleich zu traditionellen H\u00e4usern.<\/p>\n<h3>Robuste Stahl-Container-Struktur<\/h3>\n<p>Die Haush\u00fclle besteht aus\u00a0<strong>hochwertigen Stahlcontainern<\/strong>\u00a0mit professioneller Isolierung und wetterfesten Oberfl\u00e4chen, die langanhaltenden Schutz gegen raues Wetter und Abnutzung gew\u00e4hrleisten. Diese Haltbarkeit macht es zu einer soliden Investition in vorgefertigte Containerh\u00e4user f\u00fcr Familien in allen Klimazonen.<\/p>\n<h3>Mobilit\u00e4t und Flexibilit\u00e4t<\/h3>\n<p>Dank des Containerdesigns k\u00f6nnen Sie\u00a0<strong>umziehen oder neu konfigurieren<\/strong>\u00a0Ihr Zuhause nach Bedarf. Diese Flexibilit\u00e4t eignet sich f\u00fcr Kunden, die h\u00e4ufig umziehen oder ihren Wohnraum an wechselnde Lebensstile anpassen m\u00f6chten.<\/p>\n<h3>Energieeffizienzmerkmale<\/h3>\n<p>Wir statten das Containerhaus mit\u00a0<strong>hochleistungsf\u00e4higer Isolierung und energiesparenden Fenstern<\/strong>\u00a0aus, um Ihre Nebenkosten niedrig zu halten. Eine optionale Installation von Solarpanelen erh\u00f6ht die Energieeffizienz zus\u00e4tzlich, was Ihr Zuhause umweltfreundlicher und kosteng\u00fcnstiger im Betrieb macht.<\/p>\n<h3>Anpassbare Innenraumoptionen<\/h3>\n<p>W\u00e4hlen Sie aus einer Vielzahl von Innenlayouts, Oberfl\u00e4chen und Ausstattungen, um Ihren Stil und Ihre Bed\u00fcrfnisse zu erf\u00fcllen. Ob K\u00fcche, Badezimmer oder Bodenbelag, unsere vorgefertigten Containerh\u00e4user bieten Flexibilit\u00e4t, um Ihren pers\u00f6nlichen Geschmack zu treffen.<\/p>\n<h3>Nachhaltige Materialien und Praktiken<\/h3>\n<p>Hergestellt aus\u00a0<strong>recycelte Versandcontainer<\/strong>\u00a0und umweltbewusste Materialien, dieses vorgefertigte erweiterbare Stahl-Containerhaus unterst\u00fctzt nachhaltiges Wohnen, ohne Qualit\u00e4t oder Komfort zu beeintr\u00e4chtigen.<\/p>\n<div class=\"table-responsive\">\n<table class=\"table\">\n<thead>\n<tr>\n<th>Merkmal<\/th>\n<th>Vorteil<\/th>\n<\/tr>\n<\/thead>\n<tbody>\n<tr>\n<td>Erweiterbares modulares Design<\/td>\n<td>F\u00fcgen Sie Module einfach f\u00fcr mehr Wohnraum hinzu<\/td>\n<\/tr>\n<tr>\n<td>Zwei Schlafzimmer<\/td>\n<td>Bequeme private Schlafbereiche<\/td>\n<\/tr>\n<tr>\n<td>Vorgefertigt &amp; Montiert<\/td>\n<td>Schnelle Montage vor Ort spart Zeit<\/td>\n<\/tr>\n<tr>\n<td>Robuste Stahlh\u00fclle<\/td>\n<td>Wetterfest und langlebig<\/td>\n<\/tr>\n<tr>\n<td>Mobilit\u00e4t<\/td>\n<td>Jederzeit umziehen oder umkonfigurieren<\/td>\n<\/tr>\n<tr>\n<td>Energieeffizient<\/td>\n<td>Isoliert, energiesparend, solarbereit<\/td>\n<\/tr>\n<tr>\n<td>Anpassbare Innenr\u00e4ume<\/td>\n<td>Flexible Grundrisse und Oberfl\u00e4chen<\/td>\n<\/tr>\n<tr>\n<td>Nachhaltigkeit<\/td>\n<td>Umweltfreundlich, hergestellt aus recycelten Containern<\/td>\n<\/tr>\n<\/tbody>\n<\/table>\n<\/div>\n<p>&nbsp;<\/p>","protected":false},"excerpt":{"rendered":"<p data-start=\"0\" data-end=\"288\"><strong data-start=\"4\" data-end=\"68\">zusammengebautes Zweizimmerhaus, vorgefertigtes, erweiterbares Containerhaus<\/strong> ist darauf ausgelegt, den Stress zu erleichtern von <strong data-start=\"103\" data-end=\"126\">hohen Versandkosten<\/strong>. Sein erweiterbares Flachpack-Design spart w\u00e4hrend des Transports Platz, reduziert Frachtkosten und bietet dennoch nach der Einrichtung ein ger\u00e4umiges Zweizimmerlayout.<\/p>\n<p data-start=\"290\" data-end=\"558\">Transportsch\u00e4den sind eine weitere gro\u00dfe Sorge, aber das <strong data-start=\"337\" data-end=\"401\">zusammengebautes Zweizimmerhaus, vorgefertigtes, erweiterbares Containerhaus<\/strong> ist robust gebaut. Verst\u00e4rkte Stahlrahmen und sichere Paneele sch\u00fctzen es vor rauem Umgang und sorgen daf\u00fcr, dass es sicher, stabil und bereit f\u00fcr eine schnelle Montage ankommt.<\/p>\n<p data-start=\"560\" data-end=\"845\" data-is-last-node=\"\" data-is-only-node=\"\">Laufende Kosten bleiben ebenfalls niedrig. Das <strong data-start=\"592\" data-end=\"656\">zusammengebautes Zweizimmerhaus, vorgefertigtes, erweiterbares Containerhaus<\/strong> verwendet langlebige, isolierte und wetterfeste Materialien, die Wartung minimieren. Das bedeutet weniger Reparaturen, weniger Aufwand und ein langlebiges Zuhause, das Komfort und Ruhe bietet.<\/p>","protected":false},"featured_media":1474,"comment_status":"closed","ping_status":"closed","template":"","meta":[],"product_brand":[],"product_cat":[25],"product_tag":[67,69,63,66,64,68,65],"class_list":{"0":"post-1469","1":"product","2":"type-product","3":"status-publish","4":"has-post-thumbnail","6":"product_cat-expandable-container-house","7":"product_tag-20ft-expandable-container-house","8":"product_tag-assembled-two-bedroom-home-prefab-expandable-container-house","9":"product_tag-china-expandable-container-house","10":"product_tag-china-expandable-container-house-price","11":"product_tag-expandable-container-house-for-sale","12":"product_tag-expandable-container-house-with-solar-energy","13":"product_tag-prefabricated-expandable-container-house","15":"first","16":"instock","17":"shipping-taxable","18":"product-type-simple"},"_links":{"self":[{"href":"https:\/\/yccontainerhouse.com\/de\/wp-json\/wp\/v2\/product\/1469","targetHints":{"allow":["GET"]}}],"collection":[{"href":"https:\/\/yccontainerhouse.com\/de\/wp-json\/wp\/v2\/product"}],"about":[{"href":"https:\/\/yccontainerhouse.com\/de\/wp-json\/wp\/v2\/types\/product"}],"replies":[{"embeddable":true,"href":"https:\/\/yccontainerhouse.com\/de\/wp-json\/wp\/v2\/comments?post=1469"}],"version-history":[{"count":0,"href":"https:\/\/yccontainerhouse.com\/de\/wp-json\/wp\/v2\/product\/1469\/revisions"}],"wp:featuredmedia":[{"embeddable":true,"href":"https:\/\/yccontainerhouse.com\/de\/wp-json\/wp\/v2\/media\/1474"}],"wp:attachment":[{"href":"https:\/\/yccontainerhouse.com\/de\/wp-json\/wp\/v2\/media?parent=1469"}],"wp:term":[{"taxonomy":"product_brand","embeddable":true,"href":"https:\/\/yccontainerhouse.com\/de\/wp-json\/wp\/v2\/product_brand?post=1469"},{"taxonomy":"product_cat","embeddable":true,"href":"https:\/\/yccontainerhouse.com\/de\/wp-json\/wp\/v2\/product_cat?post=1469"},{"taxonomy":"product_tag","embeddable":true,"href":"https:\/\/yccontainerhouse.com\/de\/wp-json\/wp\/v2\/product_tag?post=1469"}],"curies":[{"name":"wp","href":"https:\/\/api.w.org\/{rel}","templated":true}]}}