{"id":1554,"date":"2025-09-19T09:32:03","date_gmt":"2025-09-19T09:32:03","guid":{"rendered":"https:\/\/yccontainerhouse.com\/?post_type=product&#038;p=1554"},"modified":"2025-09-19T09:38:06","modified_gmt":"2025-09-19T09:38:06","slug":"5-bedroom-house-blueprint-container-home","status":"publish","type":"product","link":"https:\/\/yccontainerhouse.com\/de\/product\/5-bedroom-house-blueprint-container-home\/","title":{"rendered":"5 Schlafzimmer Haus Blaupause Containerhaus"},"content":{"rendered":"<p>Vorstellung des 5-Schlafzimmer-Haus-Blueprint-Containerhauses, einer innovativen L\u00f6sung f\u00fcr gro\u00dfe Familien und diejenigen, die moderne, nachhaltige Wohnr\u00e4ume suchen. Mit Pr\u00e4zision und Funktionalit\u00e4t entworfen, bietet dieser Bauplan ein ger\u00e4umiges Layout, das darauf ausgelegt ist, Komfort zu maximieren und die nat\u00fcrlichen St\u00e4rken der Containerarchitektur zu nutzen.<\/p>\n<p>Mit\u00a0<strong>\u00fcber 20 Jahre professionelle Erfahrung in der Hausproduktion<\/strong>, Yichen ist ein vertrauensw\u00fcrdiger Marktf\u00fchrer in der Containerhausbranche. Unsere umfangreiche Erfahrung stellt sicher, dass jeder Bauplan auf Haltbarkeit, Effizienz und die Einhaltung der Bauvorschriften in Deutschland ausgelegt ist.<\/p>\n<h2>Wichtige Merkmale des 5-Schlafzimmer-Haus-Blueprint-Containerhauses<\/h2>\n<p>Unsere\u00a0<strong>5-Schlafzimmer-Containerhaus-Bauplan<\/strong>\u00a0ist mit Blick auf Raum und Funktionalit\u00e4t gestaltet, perfekt f\u00fcr wachsende Familien oder diejenigen, die zus\u00e4tzliche R\u00e4ume f\u00fcr Arbeit und Freizeit ben\u00f6tigen.<\/p>\n<h3>Ger\u00e4umiges und funktionales 5-Schlafzimmer-Layout<\/h3>\n<ul>\n<li><strong>F\u00fcnf gut dimensionierte Schlafzimmer<\/strong>\u00a0bieten Komfort und Privatsph\u00e4re.<\/li>\n<li>Die Schlafzimmer sind in private Zonen unterteilt, um L\u00e4rm zu minimieren und pers\u00f6nlichen Raum zu verbessern.<\/li>\n<li>Raumaufteilungen unterst\u00fctzen verschiedene Nutzungen wie G\u00e4stezimmer, B\u00fcros oder Hobbyr\u00e4ume.<\/li>\n<\/ul>\n<h3>Offene Wohnbereiche<\/h3>\n<ul>\n<li>Der Bauplan umfasst\u00a0<strong>offene Wohn-, Ess- und K\u00fcchenbereiche<\/strong>, die eine gro\u00dfz\u00fcgige Gemeinschaftsumgebung schaffen.<\/li>\n<li>Nat\u00fcrliches Licht str\u00f6mt frei durch gro\u00dfe Fenster, verbessert die Atmosph\u00e4re und den Energieverbrauch.<\/li>\n<li>Flexible Wohnr\u00e4ume passen sich leicht an M\u00f6belanordnung und Lebensstilbed\u00fcrfnisse an.<\/li>\n<\/ul>\n<h3>Optimiertes Containerstapeln und strukturelle Integrit\u00e4t<\/h3>\n<ul>\n<li>Das Design nutzt strategisches Containerstapeln, um den Raum zu maximieren, ohne die Sicherheit zu beeintr\u00e4chtigen.<\/li>\n<li>Strukturelle Verst\u00e4rkungen gew\u00e4hrleisten die Einhaltung von\u00a0<strong>Bauvorschriften in Deutschland eingerichtet<\/strong>\u00a0und widerstehen unterschiedlichen Wetterbedingungen.<\/li>\n<li>Der modulare Ansatz erm\u00f6glicht eine effiziente Montage und reduziert die Bauzeit vor Ort.<\/li>\n<\/ul>\n<h3>Energieeffiziente und nachhaltige Prinzipien<\/h3>\n<ul>\n<li>Integriert nachhaltige Bauideen wie\u00a0<strong>hochwertige Isolierung<\/strong>\u00a0und Bel\u00fcftung, um den Innenraum das ganze Jahr \u00fcber komfortabel zu halten.<\/li>\n<li>Entwickelt f\u00fcr\u00a0<strong>Integration von Solarmodulen<\/strong>\u00a0und Verwendung umweltfreundlicher Materialien.<\/li>\n<li>Konzentriert sich auf die Minimierung von Abfall durch wiederverwendete Stahlcontainer, um den CO2-Fu\u00dfabdruck des Hauses zu verringern.<\/li>\n<\/ul>\n<p>Dieses Bauplan-Design hebt sich als eine\u00a0<strong>moderne Containerhaus-Design<\/strong>\u00a0die Stil, Haltbarkeit und Umweltverantwortung ausbalanciert und gleichzeitig ein gro\u00dfes Containerhaus-Layout bietet, das ideal f\u00fcr Lebensstile in Deutschland ist.<\/p>\n<p>F\u00fcr \u00e4hnliche modulare Containerhaus-Designs, schauen Sie sich unsere\u00a0<a href=\"https:\/\/yccontainerhouse.com\/product\/20-foot-container-house\/\">20-Fu\u00df-Containerhaus-Optionen<\/a>\u00a0und\u00a0<a href=\"https:\/\/yccontainerhouse.com\/product\/two-20ft-container-house\/\">zwei 20-Fu\u00df-Containerhaus-Modelle<\/a>.<\/p>\n<h3>Gesamtquadratmeterzahl und Containeranzahl<\/h3>\n<div class=\"table-responsive\">\n<table class=\"table\">\n<thead>\n<tr>\n<th>Parameter<\/th>\n<th>Details<\/th>\n<\/tr>\n<\/thead>\n<tbody>\n<tr>\n<td>Gesamtquadratmeterzahl<\/td>\n<td>Ungef\u00e4hr 2.800 qm<\/td>\n<\/tr>\n<tr>\n<td>Anzahl der Container<\/td>\n<td>8 Standard-40-Fu\u00df-Stahlcontainer<\/td>\n<\/tr>\n<tr>\n<td>Containergr\u00f6\u00dfe<\/td>\n<td>Standard ISO 40-Fu\u00df-Container (8 Fu\u00df breit x 8,5 Fu\u00df hoch)<\/td>\n<\/tr>\n<\/tbody>\n<\/table>\n<\/div>\n<p>Das Design stapelt und ordnet Container effizient, optimiert die Raumnutzung und sorgt gleichzeitig f\u00fcr ein modernes Erscheinungsbild, das f\u00fcr gro\u00dfe Familien geeignet ist.<\/p>","protected":false},"excerpt":{"rendered":"<p data-start=\"0\" data-end=\"261\">Der <strong data-start=\"4\" data-end=\"48\">5 Schlafzimmer Haus Blaupause Containerhaus<\/strong> hilft senken <strong data-start=\"61\" data-end=\"84\">hohen Versandkosten<\/strong>. Das Design ist faltbar und kompakt, sodass es beim Versand weniger Platz einnimmt. Das bedeutet, Sie zahlen weniger f\u00fcr den Transport, erhalten aber trotzdem ein gro\u00dfes Zuhause mit ausreichend R\u00e4umen f\u00fcr die Familie.<\/p>\n<p data-start=\"263\" data-end=\"499\">Der <strong data-start=\"267\" data-end=\"311\">5 Schlafzimmer Haus Blaupause Containerhaus<\/strong> ist daf\u00fcr gemacht, w\u00e4hrend des Transports stark zu bleiben. Es hat Stahlrahmen und feste Paneele, die das Haus sicher halten. Es kann lange Reisen ohne Sch\u00e4den \u00fcberstehen, sodass es bereit ist, sofort aufgebaut zu werden.<\/p>\n<p data-start=\"501\" data-end=\"753\" data-is-last-node=\"\" data-is-only-node=\"\">Der <strong data-start=\"505\" data-end=\"549\">5 Schlafzimmer Haus Blaupause Containerhaus<\/strong> ist aus soliden und wetterfesten Materialien gebaut. Es h\u00e4lt die W\u00e4rme im Inneren und blockiert Wasser. Die W\u00e4nde ben\u00f6tigen wenig Pflege, sodass Sie Geld und Zeit sparen. Das macht das Haus einfach, in gutem Zustand zu bleiben, auch nach Jahren.<\/p>","protected":false},"featured_media":1551,"comment_status":"closed","ping_status":"closed","template":"","meta":[],"product_brand":[],"product_cat":[73],"product_tag":[74,75],"class_list":{"0":"post-1554","1":"product","2":"type-product","3":"status-publish","4":"has-post-thumbnail","6":"product_cat-container-house-blueprints","7":"product_tag-40-foot-container-high-cube-house-blueprint","8":"product_tag-5-bedroom-house-blueprint-container-home","10":"first","11":"instock","12":"shipping-taxable","13":"product-type-simple"},"_links":{"self":[{"href":"https:\/\/yccontainerhouse.com\/de\/wp-json\/wp\/v2\/product\/1554","targetHints":{"allow":["GET"]}}],"collection":[{"href":"https:\/\/yccontainerhouse.com\/de\/wp-json\/wp\/v2\/product"}],"about":[{"href":"https:\/\/yccontainerhouse.com\/de\/wp-json\/wp\/v2\/types\/product"}],"replies":[{"embeddable":true,"href":"https:\/\/yccontainerhouse.com\/de\/wp-json\/wp\/v2\/comments?post=1554"}],"version-history":[{"count":0,"href":"https:\/\/yccontainerhouse.com\/de\/wp-json\/wp\/v2\/product\/1554\/revisions"}],"wp:featuredmedia":[{"embeddable":true,"href":"https:\/\/yccontainerhouse.com\/de\/wp-json\/wp\/v2\/media\/1551"}],"wp:attachment":[{"href":"https:\/\/yccontainerhouse.com\/de\/wp-json\/wp\/v2\/media?parent=1554"}],"wp:term":[{"taxonomy":"product_brand","embeddable":true,"href":"https:\/\/yccontainerhouse.com\/de\/wp-json\/wp\/v2\/product_brand?post=1554"},{"taxonomy":"product_cat","embeddable":true,"href":"https:\/\/yccontainerhouse.com\/de\/wp-json\/wp\/v2\/product_cat?post=1554"},{"taxonomy":"product_tag","embeddable":true,"href":"https:\/\/yccontainerhouse.com\/de\/wp-json\/wp\/v2\/product_tag?post=1554"}],"curies":[{"name":"wp","href":"https:\/\/api.w.org\/{rel}","templated":true}]}}