{"id":1565,"date":"2025-11-06T00:24:10","date_gmt":"2025-11-06T00:24:10","guid":{"rendered":"https:\/\/yccontainerhouse.com\/?post_type=product&#038;p=1565"},"modified":"2025-11-06T04:31:05","modified_gmt":"2025-11-06T04:31:05","slug":"small-container-house-design","status":"publish","type":"product","link":"https:\/\/yccontainerhouse.com\/de\/product\/small-container-house-design\/","title":{"rendered":"Small Container House Design"},"content":{"rendered":"<p>Yichens\u00a0<strong>kleine Containerhaus-Designs<\/strong>\u00a0bieten eine intelligente, praktische L\u00f6sung f\u00fcr diejenigen, die kompakte, moderne Wohnr\u00e4ume suchen. Hergestellt aus langlebigen Versandcontainern, verbinden diese H\u00e4user modulare Flexibilit\u00e4t mit umweltbewussten Baupraktiken. Ob Sie nun suchen nach\u00a0<strong>winzigen Containerhauspl\u00e4nen<\/strong>\u00a0oder ein\u00a0<strong>tragbare Containerhaus-Designs<\/strong>, Yichens Angebote zeichnen sich durch ihre clevere Raumnutzung und nachhaltige Materialien aus.<\/p>\n<h3>Wichtige Vorteile von Yichens kleinen Containerh\u00e4usern<\/h3>\n<ul>\n<li><strong>Kompakte Gr\u00f6\u00dfe<\/strong>\u00a0ideal f\u00fcr begrenzte st\u00e4dtische Grundst\u00fccke oder Tiny-Home-Enthusiasten<\/li>\n<li><strong>Modulare Bauweise<\/strong>\u00a0erm\u00f6glicht einfaches Stapeln und zuk\u00fcnftige Erweiterungen<\/li>\n<li><strong>Umweltfreundliche Komponenten<\/strong>\u00a0einschlie\u00dflich recycelter Container und energiesparender Isolierung<\/li>\n<li><strong>Vielseitige Nutzung<\/strong>\u00a0perfekt als Hauptwohnsitze, Ferienh\u00e4user oder stilvolle B\u00fcror\u00e4ume<\/li>\n<\/ul>\n<h3>Ideale Nutzungsszenarien<\/h3>\n<ul>\n<li><strong>St\u00e4dtisches Wohnen<\/strong>\u00a0wo Platz knapp ist, aber Qualit\u00e4t und Stil wichtig sind<\/li>\n<li><strong>Ferienh\u00e4user<\/strong>\u00a0bietet schnelle Einrichtung und minimale Umweltbelastung<\/li>\n<li><strong>B\u00fcro- oder Studiofl\u00e4chen<\/strong>\u00a0bieten eine moderne, mobile Arbeitsumgebung<\/li>\n<\/ul>\n<p>Yichens kleine Containerhaus-Designs verbinden Praktikabilit\u00e4t und Stil und sind eine Top-Wahl f\u00fcr alle, die interessiert sind an\u00a0<strong>kompakten Versandcontainerh\u00e4usern<\/strong>\u00a0die keinen Komfort oder Effizienz opfern.<\/p>\n<h2>Designmerkmale und Spezifikationen kleiner Containerhaus-Designs<\/h2>\n<h3>Abmessungen und Grundfl\u00e4che<\/h3>\n<p>Yichens\u00a0<strong>kleine Containerhaus-Designs<\/strong>\u00a0konzentrieren sich darauf, den Raum optimal zu nutzen, w\u00e4hrend sie eine kompakte Grundfl\u00e4che beibehalten. Die beliebtesten kleinen Modelle sind:<\/p>\n<div class=\"table-responsive\">\n<table class=\"table\">\n<thead>\n<tr>\n<th>Modell<\/th>\n<th>Abmessungen (L \u00d7 B \u00d7 H)<\/th>\n<th>Ungef\u00e4hre Grundfl\u00e4che (m\u00b2)<\/th>\n<\/tr>\n<\/thead>\n<tbody>\n<tr>\n<td>20-Fu\u00df-Standardcontainer<\/td>\n<td>20 ft \u00d7 8 ft \u00d7 8,5 ft<\/td>\n<td>15 m\u00b2<\/td>\n<\/tr>\n<tr>\n<td>20-Fu\u00df-Erweiterungsmodul<\/td>\n<td>20 ft \u00d7 8 ft \u00d7 8,5 ft (erweiterbare Breite bis zu 11,5 ft)<\/td>\n<td>15\u201321 m\u00b2<\/td>\n<\/tr>\n<tr>\n<td>10-Fu\u00df-Mikroeinheit<\/td>\n<td>10 ft \u00d7 8 ft \u00d7 8,5 ft<\/td>\n<td>7,4 m\u00b2<\/td>\n<\/tr>\n<\/tbody>\n<\/table>\n<\/div>\n<p>Diese Gr\u00f6\u00dfen passen gut auf st\u00e4dtische Grundst\u00fccke oder kleine Standorte, ideal f\u00fcr\u00a0<strong>winzigen Containerhauspl\u00e4nen<\/strong>\u00a0und\u00a0<strong>kompakten Versandcontainerh\u00e4usern<\/strong>.<\/p>\n<h3>Verwendete Materialien<\/h3>\n<ul>\n<li><strong>Hochfestigkeit Stahlcontainer<\/strong>: Alle Einheiten verwenden hochwertige, schiffsgraue Stahlcontainer f\u00fcr Haltbarkeit und Langlebigkeit.<\/li>\n<li><strong>Isolierung<\/strong>: Spr\u00fchschaum- oder Rigid-Schaumisolierung sorgt f\u00fcr thermische Effizienz in allen Klimazonen \u2013 f\u00fcr ein angenehmes Innenraumklima das ganze Jahr \u00fcber.<\/li>\n<li><strong>Innenausbau<\/strong>: Optionen umfassen feuchtigkeitsbest\u00e4ndigen Gipskarton, Sperrholz oder umweltfreundliche Verbundplatten, die f\u00fcr einfache Wartung konzipiert sind.<\/li>\n<\/ul>\n<h3>Optionen f\u00fcr Architekturstil<\/h3>\n<p>Yichen bietet vielseitige\u00a0<strong>kleine Containerhaus-Designs<\/strong>\u00a0die mehreren \u00e4sthetischen Vorlieben entsprechen:<\/p>\n<ul>\n<li><strong>Modern<\/strong>: Klare Linien, gro\u00dfe Fenster und elegante Oberfl\u00e4chen.<\/li>\n<li><strong>Minimalistisch<\/strong>: Platzsparende Grundrisse mit neutralen T\u00f6nen und funktionalem Design.<\/li>\n<li><strong>Rustikal<\/strong>: Holzverkleidungen und erdige Oberfl\u00e4chen f\u00fcr ein gem\u00fctliches H\u00fcttenfeeling.<\/li>\n<li><strong>Industriell<\/strong>: Sichtbarer Stahl und Metallakzente mit rohen Texturen.<\/li>\n<\/ul>\n<p>Jeder Stil passt zu unterschiedlichen pers\u00f6nlichen Geschm\u00e4ckern und Standortbedingungen und unterstreicht die Vielseitigkeit von Container-Kleinwohnh\u00e4usern.<\/p>\n<h3>Anpassungsoptionen<\/h3>\n<p>Um vielf\u00e4ltigen Bed\u00fcrfnissen gerecht zu werden, sind Anpassungen m\u00f6glich bei:<\/p>\n<ul>\n<li><strong>Fenster<\/strong>: Gr\u00f6\u00dfen, Platzierung und Verglasungsoptionen f\u00fcr nat\u00fcrliches Licht oder Privatsph\u00e4re.<\/li>\n<li><strong>T\u00fcren<\/strong>: Schiebet\u00fcren, Drehfl\u00fcgelt\u00fcren oder sogar Glast\u00fcren, ma\u00dfgeschneidert f\u00fcr Barrierefreiheit.<\/li>\n<li><strong>Innenausstattung<\/strong>: Mehrere Konfigurationen f\u00fcr Schlafzimmer, K\u00fcchen und Badezimmer \u2013 um jeden Zentimeter optimal zu nutzen.<\/li>\n<\/ul>\n<p>Diese individuellen Optionen erm\u00f6glichen die Schaffung von wirklich\u00a0<strong>modularen kleinen Containerh\u00e4usern<\/strong>\u00a0die sich wie eine perfekte Passform anf\u00fchlen, anstatt eine generische Box zu sein.<\/p>\n<p>F\u00fcr mehr Informationen zu Containerstilen und Konfigurationen erkunden Sie unsere\u00a0<a href=\"https:\/\/yccontainerhouse.com\/container-options\/modern-container-house\/\">Modernen Containerhaus-Optionen<\/a>.<\/p>\n<h2>Grundrisse und Layout-Optionen f\u00fcr kleine Containerhaus-Designs<\/h2>\n<p>Yichen bietet\u00a0<strong>Mehrere kleine Grundrisse f\u00fcr Containerh\u00e4user<\/strong>\u00a0Entwickelt, um die Funktionalit\u00e4t in kompakten R\u00e4umen zu maximieren. Ob Sie nach einem kleinen Containerhaus-Plan f\u00fcr das urbane Wohnen suchen oder nach einem kleinen Container-Cabin-Design f\u00fcr den Urlaub, unsere Layouts verbinden Komfort und Effizienz.<\/p>\n<h3>Multifunktionale R\u00e4ume zum Wohnen, Essen und Schlafen<\/h3>\n<p>Unsere kleinen Containerhaus-Designs verf\u00fcgen \u00fcber\u00a0<strong>Multifunktionsbereiche<\/strong>\u00a0die Wohnen, Essen und Schlafen ohne Komfortverlust kombinieren. Typische Grundrisse umfassen:<\/p>\n<ul>\n<li><strong>Offener Hauptbereich<\/strong>\u00a0f\u00fcr Wohnen und Essen<\/li>\n<li><strong>Umklappbare M\u00f6beloptionen<\/strong>\u00a0wie Klappbetten und ausziehbare Esstische<\/li>\n<li><strong>Separates Schlafnische<\/strong>\u00a0oder ein dediziertes kleines Schlafzimmer, je nach Modell<\/li>\n<\/ul>\n<p>Dieser Ansatz nutzt jeden Quadratmeter optimal aus und integriert wichtige Wohnfunktionen \u00fcbersichtlich und intuitiv.<\/p>\n<h3>Optimierte Staurauml\u00f6sungen<\/h3>\n<p>Stauraum ist entscheidend in\u00a0<strong>kompakten Versandcontainerh\u00e4usern<\/strong>. Um dies zu bew\u00e4ltigen, integriert Yichen:<\/p>\n<ul>\n<li>Eingebaute Regale und Stauraum unter dem Bett<\/li>\n<li>Wandmontierte Schr\u00e4nke und platzsparende Kleiderschr\u00e4nke<\/li>\n<li>Multifunktionale M\u00f6bel mit versteckten F\u00e4chern<\/li>\n<\/ul>\n<p>Diese\u00a0<strong>Staurauml\u00f6sungen sind ma\u00dfgeschneidert<\/strong>\u00a0insbesondere f\u00fcr kleine Containerhausmodelle, um ein clutterfreies Wohnen trotz Platzbeschr\u00e4nkungen zu gew\u00e4hrleisten.<\/p>\n<h3>Flexible modulare Stapelung und Erweiterung<\/h3>\n<p>Unsere Designs sind mit Modularit\u00e4t im Sinn erstellt, sodass Sie\u00a0<strong>Ihr kleines Fertigcontainerhaus<\/strong>\u00a0leicht stapeln oder erweitern k\u00f6nnen. Diese Flexibilit\u00e4t bedeutet, dass Sie:<\/p>\n<ul>\n<li>Zus\u00e4tzliche Container-Module f\u00fcr zus\u00e4tzliche R\u00e4ume oder Arbeitsbereiche hinzuf\u00fcgen<\/li>\n<li>Einheiten vertikal oder horizontal ohne Neugestaltung Ihres Grundlayouts kombinieren<\/li>\n<li>Innenlayouts bei Erweiterungen anpassen, um wechselnde Bed\u00fcrfnisse zu erf\u00fcllen<\/li>\n<\/ul>\n<p>Diese Anpassungsf\u00e4higkeit macht Yichens kleine Containerh\u00e4user ideal f\u00fcr wachsende Familien, entfernte B\u00fcros oder sich entwickelnde Ferienh\u00e4user.<\/p>\n<h3>Beispiel Grundrissma\u00dfe<\/h3>\n<div class=\"table-responsive\">\n<table class=\"table\">\n<thead>\n<tr>\n<th>Modell<\/th>\n<th>Grundfl\u00e4che (ft)<\/th>\n<th>R\u00e4ume<\/th>\n<th>Hauptmerkmale<\/th>\n<\/tr>\n<\/thead>\n<tbody>\n<tr>\n<td>20-Fu\u00df-Kleinstcontainerhaus<\/td>\n<td>20 x 8<\/td>\n<td>Wohnen, K\u00fcche, Schlafen, Bad<\/td>\n<td>Kompaktes, effizientes Layout<\/td>\n<\/tr>\n<tr>\n<td>20ft Faltbares Containerhaus<\/td>\n<td>20 x 8<\/td>\n<td>Flexibles Interieur mit klappbaren W\u00e4nden<\/td>\n<td>Erweiterbare, multifunktionale R\u00e4ume<\/td>\n<\/tr>\n<tr>\n<td>Zwei 20-Fu\u00df-Container kombiniert<\/td>\n<td>40 x 16<\/td>\n<td>Wohnen, K\u00fcche, 2 Schlafzimmer, Bad<\/td>\n<td>Modulare Erweiterung, mehr R\u00e4ume<\/td>\n<\/tr>\n<\/tbody>\n<\/table>\n<\/div>\n<p>Entdecken Sie weitere Grundrisse und Details auf unserer offiziellen Website f\u00fcr kleine Containerh\u00e4user\u00a0<a href=\"https:\/\/yccontainerhouse.com\/product\/20-foot-container-house-layout\/\">hier<\/a>.<\/p>\n<p>Jeder Grundriss ist sorgf\u00e4ltig gestaltet, um praktisches Wohnen in einer\u00a0<strong>kleinen Containerhausdesign<\/strong>\u00a0zu bieten, die Ihren Lebensstil und Grundst\u00fccksgr\u00f6\u00dfe passt, dabei aber hochgradig anpassungsf\u00e4hig und platzsparend bleibt.<\/p>\n<h2>Bau- und Installationsprozess f\u00fcr kleines Containerhaus-Design<\/h2>\n<h3>Details zur Vorfertigung<\/h3>\n<p>Yichens kleine Containerhaus-Designs sind\u00a0<strong>in kontrollierten Fabriksettings vorgefertigt<\/strong>, was eine hochwertige Bauweise und pr\u00e4zise Oberfl\u00e4chen garantiert. Jeder Container ist vollst\u00e4ndig mit gerahmten W\u00e4nden, Isolierung, Fenstern, Elektroinstallation und Sanit\u00e4ranlagen vor dem Versand gebaut. Diese Fertigung au\u00dferhalb der Baustelle reduziert die Arbeiten vor Ort und m\u00f6gliche Verz\u00f6gerungen. Die Verwendung von\u00a0<strong>modularen kleinen Containerh\u00e4usern<\/strong>\u00a0bedeutet auch, dass Komponenten standardisiert sind und leicht auf Qualit\u00e4tskonformit\u00e4t gepr\u00fcft werden k\u00f6nnen.<\/p>\n<h3>Zeitplan f\u00fcr die Montage vor Ort<\/h3>\n<p>Nach der Lieferung dauert die Montage Ihres kleinen Containerhauses in der Regel\u00a0<strong>3 bis 7 Tage<\/strong>, abh\u00e4ngig von der Komplexit\u00e4t des Grundrisses und den Bedingungen vor Ort. Der Prozess umfasst das Sichern der Container auf einem vorbereiteten Fundament, das Anschlie\u00dfen der Versorgungsleitungen und das Abschlie\u00dfen der Innenausstattung. Dank der Vorfertigung ist der Installationszeitraum viel k\u00fcrzer im Vergleich zum traditionellen Hausbau, was es zu einer gro\u00dfartigen L\u00f6sung f\u00fcr eine schnelle Einsatzbereitschaft macht.<\/p>\n<h3>Transport- und Liefer\u00fcberlegungen<\/h3>\n<p>Wir entwerfen kleine Containerhaus-Modelle, die den g\u00e4ngigen Versand- und Transportvorschriften entsprechen, um einen reibungslosen Ablauf in Deutschland zu gew\u00e4hrleisten. Der Transport erfolgt mit Flachbett-LKWs oder Low-Loadern, die f\u00fcr Containerma\u00dfe geeignet sind. Unser Team \u00fcbernimmt die Logistik, einschlie\u00dflich Routenplanung und Genehmigungen bei Bedarf, um Lieferverz\u00f6gerungen zu minimieren. Diese Portabilit\u00e4tsfunktion macht\u00a0<strong>tragbare Containerhaus-Designs<\/strong>\u00a0ideal f\u00fcr st\u00e4dtische oder l\u00e4ndliche Standorte.<\/p>\n<h3>Fundamentanforderungen und Standortvorbereitung<\/h3>\n<p>Ein stabiles Fundament ist f\u00fcr die Stabilit\u00e4t eines kleinen Containerhauses unerl\u00e4sslich. G\u00e4ngige Fundamenttypen sind:<\/p>\n<ul>\n<li><strong>Betonplatte<\/strong><\/li>\n<li><strong>Pfosten und Balken<\/strong><\/li>\n<li><strong>Stahlrahmenbasis<\/strong><\/li>\n<\/ul>\n<p>Die Standortvorbereitung umfasst Nivellierung, das Entfernen von Tr\u00fcmmern und die Sicherstellung einer ordnungsgem\u00e4\u00dfen Entw\u00e4sserung. Da diese H\u00e4user relativ leicht sind, sind die Fundamentkosten und -anforderungen oft niedriger als bei traditionellen H\u00e4usern. Wir bieten detaillierte Richtlinien zur Standortvorbereitung, um Ihnen einen reibungslosen Start zu erm\u00f6glichen und kostspielige \u00dcberraschungen zu vermeiden.<\/p>\n<p>Yichens Ansatz beim Bau priorisiert\u00a0<strong>Geschwindigkeit, Qualit\u00e4t und Flexibilit\u00e4t<\/strong>, sodass Sie Ihr kleines Containerhaus-Design schneller und mit Vertrauen genie\u00dfen k\u00f6nnen. F\u00fcr weitere Designoptionen erkunden Sie unsere\u00a0<a href=\"https:\/\/yccontainerhouse.com\/container-options\/expandable-container-house\/\">erweiterbare Containerhausmodelle<\/a>\u00a0um zu sehen, wie modulare Stapelung Ihren Raum effizient erweitern kann.<\/p>\n<h2>Nachhaltigkeit und Energieeffizienz im Design kleiner Containerh\u00e4user<\/h2>\n<p>Bei Yichen ist unser\u00a0<strong>kleine Containerhaus-Designs<\/strong>\u00a0setzen Priorit\u00e4ten bei Nachhaltigkeit und Energieeffizienz durch die Verwendung von\u00a0<strong>recycelte Versandcontainer<\/strong>\u00a0als Kernbaumaterial. Diese Container werden aufbereitet, um robuste, umweltfreundliche H\u00e4user zu schaffen, Abfall zu reduzieren und den Bedarf an neuen Baumaterialien zu verringern.<\/p>\n<h3>Hervorragende Isolierung und thermische Leistung<\/h3>\n<p>Wir verbessern den thermischen Komfort mit fortschrittlichen Isolierungstechniken, die speziell f\u00fcr Containerh\u00e4user entwickelt wurden. Dazu geh\u00f6ren hochwertige Spr\u00fchschaum- oder Plattenisolierungen, die die Temperatur effektiv kontrollieren, W\u00e4rmeverluste in k\u00e4lteren Monaten minimieren und Innenr\u00e4ume in hei\u00dfen Klimazonen k\u00fchl halten. Eine richtige Isolierung stellt sicher, dass Ihr kompaktes Versandcontainerhaus das ganze Jahr \u00fcber energieeffizient ist.<\/p>\n<h3>Integration erneuerbarer Energien<\/h3>\n<p>Unsere modularen kleinen Containerh\u00e4user unterst\u00fctzen\u00a0<strong>Optionen f\u00fcr erneuerbare Energien<\/strong>\u00a0wie zum Beispiel:<\/p>\n<ul>\n<li><strong>Solaranlagen<\/strong>: Nahtlos in das Dachdesign integriert, um saubere, autarke Energiequellen bereitzustellen.<\/li>\n<li><strong>Regenwassersammelsysteme<\/strong>: Optionale Anlagen zur Wassererfassung und -wiederverwendung, die Wassereinsparungen f\u00f6rdern, insbesondere f\u00fcr Ferienh\u00e4user oder B\u00fcros an abgelegenen Orten.<\/li>\n<\/ul>\n<h3>Zertifizierungen und umweltfreundliche Standards<\/h3>\n<p>Viele unserer Designs entsprechen den gr\u00fcnen Bauvorschriften, die f\u00fcr den deutschen Markt relevant sind, und helfen Ihnen, f\u00fcr Energiezusch\u00fcsse und Anreize qualifiziert zu werden. W\u00e4hrend die Zertifizierung je nach Modell und Standort variieren kann, legen wir Wert auf nachhaltige Praktiken \u2013 von der Materialbeschaffung bis hin zum modularen Bau \u2013 um den CO2-Fu\u00dfabdruck Ihres Container-Tiny-Hauses zu reduzieren.<\/p>\n<p>Durch die Kombination von\u00a0<strong>umweltfreundliche Containerhaus-Ideen<\/strong>\u00a0mit intelligenten Energiel\u00f6sungen bieten Yichens kleine vorgefertigte Containerh\u00e4user effiziente, erschwingliche und nachhaltige Wohnm\u00f6glichkeiten, die f\u00fcr st\u00e4dtische oder l\u00e4ndliche Umgebungen geeignet sind. F\u00fcr weitere Details zu unseren Containerhaus-Optionen besuchen Sie unsere\u00a0<a href=\"https:\/\/yccontainerhouse.com\/product\/20-foot-container-house-layout\/\">20-Fu\u00df-Containerhaus-Grundrisse<\/a>.<\/p>\n<h2>Preise und Finanzierungsoptionen f\u00fcr kleine Containerhaus-Designs<\/h2>\n<p>Bei der Betrachtung eines\u00a0<strong>kleinen Containerhausdesign<\/strong>, das Verst\u00e4ndnis der Preisgestaltung und Finanzierungsoptionen ist entscheidend, um eine informierte Entscheidung zu treffen. Hier ist eine klare Aufschl\u00fcsselung der Kosten und verf\u00fcgbaren Angebote, die auf Budgets in allen L\u00e4ndern zugeschnitten sind.<\/p>\n<h3>Grundpreise der Standard-Modelle kleiner Containerh\u00e4user<\/h3>\n<p>Unsere\u00a0<strong>kompakten Versandcontainerh\u00e4usern<\/strong>\u00a0beginnen bei wettbewerbsf\u00e4higen Grundpreisen, abh\u00e4ngig vom Modell und der Gr\u00f6\u00dfe. Zum Beispiel:<\/p>\n<div class=\"table-responsive\">\n<table class=\"table\">\n<thead>\n<tr>\n<th>Modell<\/th>\n<th>Gr\u00f6\u00dfe (ft)<\/th>\n<th>Startpreis (EUR)<\/th>\n<\/tr>\n<\/thead>\n<tbody>\n<tr>\n<td>20-Fu\u00df-Einzelcontainerhaus<\/td>\n<td>20 x 8<\/td>\n<td>$18,000<\/td>\n<\/tr>\n<tr>\n<td>20-Fu\u00df-Erweiterbarer Container<\/td>\n<td>20 x 8<\/td>\n<td>$25,000<\/td>\n<\/tr>\n<tr>\n<td>20-Fu\u00df-Zweizimmer-Container<\/td>\n<td>20 x 16<\/td>\n<td>$38,000<\/td>\n<\/tr>\n<tr>\n<td>20-Fu\u00df-Container-Kleines Haus<\/td>\n<td>20 x 8<\/td>\n<td>$22,000<\/td>\n<\/tr>\n<\/tbody>\n<\/table>\n<\/div>\n<p>Diese Preise decken grundlegende Oberfl\u00e4chen und Standard-Innenlayouts ab und sind im Vergleich zu traditionellen Bauweisen erschwingliche Optionen.<\/p>\n<h3>Kostenaufstellung f\u00fcr Anpassungen<\/h3>\n<p>Das Hinzuf\u00fcgen von Sonderausstattungen beeinflusst die Endkosten. Typische Anpassungen umfassen:<\/p>\n<ul>\n<li><strong>Zus\u00e4tzliche Fenster und T\u00fcren:<\/strong>\u00a0$1.000 \u2013 $3.000<\/li>\n<li><strong>\u00c4nderungen im Innenlayout:<\/strong>\u00a0$2.000 \u2013 $5.000<\/li>\n<li><strong>Aufger\u00fcstete Isolierung und Oberfl\u00e4chen:<\/strong>\u00a0$1.500 \u2013 $4.000<\/li>\n<li><strong>Integration von Solaranlagen:<\/strong>\u00a0$3.000 \u2013 $7.000<\/li>\n<li><strong>Modulares Stapeln oder Erweiterungsvorbereitung:<\/strong>\u00a0$5,000+<\/li>\n<\/ul>\n<p>Sonderw\u00fcnsche werden je nach Komplexit\u00e4t bepreist, aber wir arbeiten eng mit Ihnen zusammen, um Ihr kleines Fertigcontainerhaus innerhalb Ihres Budgets anzupassen.<\/p>\n<h3>Finanzierungs- und Leasingangebote<\/h3>\n<p>Um mehr K\u00e4ufer zu unterst\u00fctzen, bieten wir die folgenden Optionen an:<\/p>\n<ul>\n<li><strong>Flexible Finanzierungspl\u00e4ne<\/strong>\u00a0mit wettbewerbsf\u00e4higen Zinss\u00e4tzen durch Partnerkreditgeber<\/li>\n<li><strong>Leasingoptionen<\/strong>\u00a0f\u00fcr Unternehmen, die tragbare Containerb\u00fcros ben\u00f6tigen<\/li>\n<li>Unterst\u00fctzung bei\u00a0<strong>Antragsunterlagen f\u00fcr Kredite<\/strong>\u00a0f\u00fcr Erstkunden<\/li>\n<\/ul>\n<p>Diese Optionen erleichtern die anf\u00e4ngliche Investition im Vergleich zu einem herk\u00f6mmlichen Hypothekendarlehen.<\/p>\n<h3>Vergleich mit traditionellen Wohnkosten<\/h3>\n<p>Im Vergleich zu herk\u00f6mmlichen H\u00e4usern \u00e4hnlicher Quadratmeterzahl,\u00a0<strong>kleine Containerhaus-Designs<\/strong>\u00a0bieten erhebliche Einsparungen:<\/p>\n<div class=\"table-responsive\">\n<table class=\"table\">\n<thead>\n<tr>\n<th>Wohnungstyp<\/th>\n<th>Ungef\u00e4hrer Kosten pro Quadratfu\u00df<\/th>\n<th>Gesamtkostensch\u00e4tzung (800 qm)<\/th>\n<\/tr>\n<\/thead>\n<tbody>\n<tr>\n<td>Traditionell vor Ort gebaut<\/td>\n<td>$100 \u2013 $150<\/td>\n<td>$80.000 \u2013 $120.000<\/td>\n<\/tr>\n<tr>\n<td>Kleines Containerhaus<\/td>\n<td>$50 \u2013 $80<\/td>\n<td>$40.000 \u2013 $64.000<\/td>\n<\/tr>\n<\/tbody>\n<\/table>\n<\/div>\n<p>Die modulare Bauweise und Vorfertigung reduzieren Arbeits- und Materialkosten, was Containerh\u00e4user zu einer budgetfreundlichen Alternative f\u00fcr urbanes Wohnen, Ferienh\u00e4user oder g\u00fcnstige B\u00fcror\u00e4ume macht.<\/p>\n<h2>Kundenbewertungen und Fallstudien f\u00fcr kleine Containerhaus-Designs<\/h2>\n<h3>Echtes Feedback von K\u00e4ufern<\/h3>\n<p>Unsere\u00a0<strong>kleine Containerhaus-Designs<\/strong>\u00a0haben positives Feedback von einer breiten Kundschaft in Deutschland erhalten. Viele sch\u00e4tzen die Kombination aus kompakter Gr\u00f6\u00dfe, modularer Bauweise und umweltfreundlichen Merkmalen und bemerken, wie diese H\u00e4user ihre Bed\u00fcrfnisse im urbanen Wohnen oder bei Ferienimmobilien erf\u00fcllen. Kunden heben hervor:<\/p>\n<ul>\n<li><strong>Einfache Installation und schnelles Einziehen<\/strong><\/li>\n<li><strong>Intelligente Raumnutzung ohne Engegef\u00fchl<\/strong><\/li>\n<li><strong>Langlebigkeit und solide Konstruktion<\/strong><\/li>\n<li><strong>Anpassungsoptionen, die ihrem Lebensstil entsprechen<\/strong><\/li>\n<\/ul>\n<h3>Echte Projektgeschichten und Bilder<\/h3>\n<p>Wir teilen regelm\u00e4\u00dfig echte Projekte, die zeigen, wie K\u00e4ufer ihre kleinen vorgefertigten Containerh\u00e4user in personalisierte R\u00e4ume verwandelt haben. Von minimalistischen Studios bis hin zu kleinen Containerhauspl\u00e4nen, die durch modulare Stapelung erweitert werden, bieten diese Geschichten klare Einblicke in praktische Anwendungen. Bilder umfassen:<\/p>\n<ul>\n<li>Vorher- und Nachher-Aufnahmen, die die Vorbereitung des Standorts bis zum fertigen Haus zeigen<\/li>\n<li>Innenraumlayouts, die f\u00fcr verschiedene Zwecke wie B\u00fcros oder G\u00e4steh\u00fctten angepasst wurden<\/li>\n<li>Kreative Finishings, die moderne, rustikale oder industrielle Stile widerspiegeln<\/li>\n<\/ul>\n<h3>Vorher-Nachher-Designanpassungen<\/h3>\n<p>Viele Kunden beginnen mit einem einfachen\u00a0<strong>kompakte Versandcontainerhaus<\/strong>\u00a0und modifizieren oder erweitern dann ihr Layout, um sich \u00e4ndernden Bed\u00fcrfnissen besser anzupassen. Diese Anpassungen zeigen:<\/p>\n<ul>\n<li>Hinzuf\u00fcgen von Fenstern oder T\u00fcren f\u00fcr mehr Licht und Luftzirkulation<\/li>\n<li>Integration kleiner Staurauml\u00f6sungen<\/li>\n<li>Stapelungseinheiten, um Schlafzimmer oder Arbeitsbereiche hinzuzuf\u00fcgen<\/li>\n<li>Aufwertung der Oberfl\u00e4chen f\u00fcr verbesserten Komfort<\/li>\n<\/ul>\n<p>Diese Fallstudien beweisen, dass unsere Designs flexible, erschwingliche und nachhaltige Wohnm\u00f6glichkeiten bieten, die mit Ihnen wachsen.<\/p>","protected":false},"excerpt":{"rendered":"<p data-start=\"0\" data-end=\"254\">Der <strong data-start=\"4\" data-end=\"32\">2 Container Haus Design<\/strong> hilft senken <strong data-start=\"45\" data-end=\"68\">hohen Versandkosten<\/strong>. Es verwendet eine kompakte Bauweise, die sich nahtlos in Transportcontainer einf\u00fcgt. Das bedeutet weniger Platz und geringere Kosten f\u00fcr den Versand. Sie erhalten trotzdem ein vollwertiges Haus, das schnell vor Ort ge\u00f6ffnet werden kann.<\/p>\n<p data-start=\"256\" data-end=\"483\">Der <strong data-start=\"260\" data-end=\"288\">2 Container Haus Design<\/strong> ist robust gebaut, um zu bew\u00e4ltigen <strong data-start=\"314\" data-end=\"341\">Sch\u00e4den w\u00e4hrend des Transports<\/strong>. Schwere Stahlrahmen und sichere Paneele halten es auf langen Reisen sicher. Es kommt in gutem Zustand an, bereit zur sofortigen Einrichtung ohne Reparaturarbeiten.<\/p>\n<p data-start=\"485\" data-end=\"704\" data-is-last-node=\"\" data-is-only-node=\"\">Der <strong data-start=\"489\" data-end=\"517\">2 Container Haus Design<\/strong> h\u00e4lt die Kosten nach der Einrichtung niedrig. Es verwendet isolierte und wetterfeste Materialien, die wenig Pflege ben\u00f6tigen. Sie geben nicht viel f\u00fcr Reparaturen aus. Das Haus bleibt viele Jahre stabil und komfortabel.<\/p>","protected":false},"featured_media":1566,"comment_status":"closed","ping_status":"closed","template":"","meta":[],"product_brand":[],"product_cat":[76],"product_tag":[78,77,79],"class_list":{"0":"post-1565","1":"product","2":"type-product","3":"status-publish","4":"has-post-thumbnail","6":"product_cat-container-house-designs","7":"product_tag-2-container-house-design","8":"product_tag-container-house-designs","9":"product_tag-small-container-house-design","11":"first","12":"instock","13":"shipping-taxable","14":"product-type-simple"},"_links":{"self":[{"href":"https:\/\/yccontainerhouse.com\/de\/wp-json\/wp\/v2\/product\/1565","targetHints":{"allow":["GET"]}}],"collection":[{"href":"https:\/\/yccontainerhouse.com\/de\/wp-json\/wp\/v2\/product"}],"about":[{"href":"https:\/\/yccontainerhouse.com\/de\/wp-json\/wp\/v2\/types\/product"}],"replies":[{"embeddable":true,"href":"https:\/\/yccontainerhouse.com\/de\/wp-json\/wp\/v2\/comments?post=1565"}],"version-history":[{"count":1,"href":"https:\/\/yccontainerhouse.com\/de\/wp-json\/wp\/v2\/product\/1565\/revisions"}],"predecessor-version":[{"id":2349,"href":"https:\/\/yccontainerhouse.com\/de\/wp-json\/wp\/v2\/product\/1565\/revisions\/2349"}],"wp:featuredmedia":[{"embeddable":true,"href":"https:\/\/yccontainerhouse.com\/de\/wp-json\/wp\/v2\/media\/1566"}],"wp:attachment":[{"href":"https:\/\/yccontainerhouse.com\/de\/wp-json\/wp\/v2\/media?parent=1565"}],"wp:term":[{"taxonomy":"product_brand","embeddable":true,"href":"https:\/\/yccontainerhouse.com\/de\/wp-json\/wp\/v2\/product_brand?post=1565"},{"taxonomy":"product_cat","embeddable":true,"href":"https:\/\/yccontainerhouse.com\/de\/wp-json\/wp\/v2\/product_cat?post=1565"},{"taxonomy":"product_tag","embeddable":true,"href":"https:\/\/yccontainerhouse.com\/de\/wp-json\/wp\/v2\/product_tag?post=1565"}],"curies":[{"name":"wp","href":"https:\/\/api.w.org\/{rel}","templated":true}]}}