{"id":552,"date":"2025-08-28T07:10:05","date_gmt":"2025-08-28T07:10:05","guid":{"rendered":"https:\/\/yccontainerhouse.com\/?post_type=product&#038;p=552"},"modified":"2025-09-02T01:32:24","modified_gmt":"2025-09-02T01:32:24","slug":"two-20ft-container-house","status":"publish","type":"product","link":"https:\/\/yccontainerhouse.com\/de\/product\/two-20ft-container-house\/","title":{"rendered":"zwei 20-Fu\u00df-Containerhaus"},"content":{"rendered":"<p>Der\u00a0<strong>zwei 20-Fu\u00df-Containerhaus<\/strong>\u00a0kombiniert\u00a0<strong>zwei Standard-Transportcontainer<\/strong>\u00a0zu einem langlebigen, funktionalen und anpassungsf\u00e4higen Wohn- oder Arbeitsraum. F\u00fcr Kunden, die nach\u00a0<strong>schneller Einsatzbereitschaft<\/strong>,\u00a0<strong>Mobilit\u00e4t<\/strong>, und\u00a0<strong>lang anhaltender Leistung<\/strong>sucht, bietet dieses Modell die St\u00e4rken eines Versandcontainers\u00a0<strong>Robuste Stahlkonstruktion<\/strong>\u00a0mit professionellen Modifikationen, um modernen Komfort und Sicherheitsstandards zu erf\u00fcllen.<\/p>\n<p>Egal, ob Sie ein\u00a0<strong>tempor\u00e4res Zuhause<\/strong>,\u00a0<strong>tragbares B\u00fcro<\/strong>, oder\u00a0<strong>modulares Kabinenhaus<\/strong>Das Design der beiden 20-Fu\u00df-Container sorgt f\u00fcr eine kompakte Grundfl\u00e4che mit der Flexibilit\u00e4t, sp\u00e4ter umzuziehen oder zu erweitern. Seine\u00a0<strong>Vorgefertigte Struktur<\/strong>\u00a0erm\u00f6glicht\u00a0<strong>schnelle Montage vor Ort<\/strong>, wodurch die Bauzeit verk\u00fcrzt und die Beeintr\u00e4chtigung der Baustelle minimiert wird.<\/p>\n<h3>Mobilit\u00e4t, Haltbarkeit und schnelle Einsatzbereitschaft<\/h3>\n<p>Hergestellt aus\u00a0<strong>ISO-zertifizierte Stahl-Transportcontainer<\/strong>, diese Einheit ist so konzipiert, dass sie extremen Bedingungen w\u00e4hrend des Transports und der Nutzung standh\u00e4lt. Sie bietet:<\/p>\n<ul>\n<li><strong>Einfache Bef\u00f6rderung<\/strong>\u00a0\u00fcber Standard-LKW oder Flachbett<\/li>\n<li><strong>Hohe Widerstandsf\u00e4higkeit<\/strong>\u00a0gegen Korrosion, Sch\u00e4dlinge und extreme Wetterbedingungen<\/li>\n<li><strong>Schnelle Einrichtung<\/strong>\u00a0auf vorbereiteten Fundamenten oder Plattformen<\/li>\n<li>Minimale Nutzung schwerer Baumaschinen<\/li>\n<\/ul>\n<p>Das modulare Design erm\u00f6glicht es Kunden, Einheiten zu bewegen, neu zu konfigurieren oder zu kombinieren, ohne den Aufwand herk\u00f6mmlicher Bauweisen.<\/p>\n<h3>20 Jahre Yichen-Expertise in der Herstellung von Mobilheimen<\/h3>\n<p>Mit\u00a0<strong>\u00fcber zwei Jahrzehnte Erfahrung<\/strong>, Yichen ist ein vertrauensw\u00fcrdiger Name in\u00a0<strong>modularen und mobilen Wohnl\u00f6sungen<\/strong>\u00a0auf globalen M\u00e4rkten. Jedes 20-Fu\u00df-Containerhaus wird in unserer spezialisierten Fabrik mit pr\u00e4ziser Qualit\u00e4tskontrolle gebaut und erf\u00fcllt sowohl\u00a0<strong>Wohngeb\u00e4udecodes<\/strong>\u00a0und\u00a0<strong>internationale Exportstandards<\/strong>.<\/p>\n<p>Unser Fertigungsvorteil umfasst:<\/p>\n<ul>\n<li>Inhouse-Engineering f\u00fcr\u00a0<strong>ma\u00dfgeschneiderte Layouts und Oberfl\u00e4chen<\/strong><\/li>\n<li>Streng\u00a0<strong>Materialbeschaffung<\/strong>\u00a0von zertifizierten Stahl- und D\u00e4mmstofflieferanten<\/li>\n<li>Bew\u00e4hrte Erfolgsbilanz in\u00a0<strong>Katastrophenhilfe-Wohnungen, Milit\u00e4rlager und Gewerbefl\u00e4chen<\/strong><\/li>\n<li>Kontinuierliche Produktverbesserung basierend auf realen Installationen<\/li>\n<\/ul>\n<p>Durch die Kombination von\u00a0<strong>Praktisches Design<\/strong>\u00a0mit\u00a0<strong>Langlebigkeit und Mobilit\u00e4t<\/strong>, Yichen liefert eine Containerhausl\u00f6sung, die sofort einsatzbereit ist und gleichzeitig langfristige Leistung bietet.<\/p>\n<h2>Wichtige Merkmale und Vorteile des 2 x 20 ft Containerhauses<\/h2>\n<h3>Modulares und flexibles Layout-Design<\/h3>\n<p>Das 2 x 20 ft Containerhaus wird durch die Kombination von zwei Standard-ISO-20-Fu\u00df-Containern gebaut. Dieser modulare Ansatz erm\u00f6glicht es\u00a0<strong>flexible Grundrisse<\/strong>: sie nebeneinander f\u00fcr ein breiteres Innere zu platzieren, zu stapeln f\u00fcr eine kompakte Grundfl\u00e4che oder in L-Form anzuordnen. Diese Flexibilit\u00e4t bietet Ihnen mehr Raumplanungsoptionen, egal ob f\u00fcr Wohn-, B\u00fcro- oder Freizeitnutzung.<\/p>\n<h3>Starke Stahlrahmenkonstruktion<\/h3>\n<p>Jede\u00a0<strong>Doppel 20 ft Zwei-Container-Haus<\/strong>\u00a0beginnt mit einem\u00a0<strong>Hochleistungsstahlrahmen<\/strong>\u00a0der so konstruiert ist, dass er den Transport, Stapeln und langfristigen Gebrauch bew\u00e4ltigt. Der Rahmen ist korrosionsbest\u00e4ndig behandelt und an Belastungspunkten verst\u00e4rkt f\u00fcr maximale Sicherheit.<\/p>\n<h3>Fortschrittliche Isolierung und Wetterbest\u00e4ndigkeit<\/h3>\n<p>Isolierung und Oberfl\u00e4chen sind f\u00fcr den Ganzjahreskomfort ma\u00dfgeschneidert:<\/p>\n<ul>\n<li><strong>W\u00e4rmed\u00e4mmung:<\/strong>\u00a0Schaum- oder Steinwolleisolierung mit hohen R-Werten, um hei\u00dfe Sommer und kalte Winter zu bew\u00e4ltigen.<\/li>\n<li><strong>Schallschutz:<\/strong>\u00a0Wand- und Deckenlagen reduzieren Au\u00dfenger\u00e4usche.<\/li>\n<li><strong>Wasserdichtigkeit:<\/strong>\u00a0Versiegeltes Dach und anti-leck Wand-Systeme halten das Innere in jedem Klima trocken.<\/li>\n<\/ul>\n<h3>Anpassbare Innen- und Au\u00dfenbereiche<\/h3>\n<p>Ab\u00a0<strong>Bodenbel\u00e4ge und Wandverkleidungen<\/strong>\u00a0to\u00a0<strong>Fenster und Au\u00dfenverkleidungen<\/strong>, jede zweist\u00f6ckige Versandcontainerhaus kann individuell gestaltet werden. Beliebte Optionen sind:<\/p>\n<ul>\n<li><strong>Bodenbel\u00e4ge:<\/strong>\u00a0Vinylplanken, Laminat, Hartholz oder Fliesen<\/li>\n<li><strong>Wandverkleidungen:<\/strong>\u00a0Gestrichene Paneele, Holzverkleidungen oder Premium-Oberfl\u00e4chen<\/li>\n<li><strong>T\u00fcren und Fenster:<\/strong>\u00a0Ein- oder Doppelverglasung, Schiebet\u00fcren oder Drehfl\u00fcgelt\u00fcren, in verschiedenen Rahmenausf\u00fchrungen<\/li>\n<\/ul>\n<p>F\u00fcr einen Blick auf weitere Oberfl\u00e4chenoptionen, ansehen\u00a0<a href=\"https:\/\/yccontainerhouse.com\/container-options\/\">Yichen Container-Anpassungsoptionen<\/a>.<\/p>\n<h3>Integrierte Versorgungseinrichtungen<\/h3>\n<p>Alle H\u00e4user k\u00f6nnen vorinstalliert werden mit:<\/p>\n<ul>\n<li><strong>Elektrische Systeme<\/strong>\u00a0mit Leitungsschutz und LED-Beleuchtung<\/li>\n<li><strong>Sanit\u00e4r<\/strong>\u00a0mit PEX-Rohren und modernen Armaturen<\/li>\n<li><strong>HLK-Optionen<\/strong>\u00a0einschlie\u00dflich Mini-Split-Heizung und -K\u00fchlung<\/li>\n<\/ul>\n<h3>Stapelf\u00e4higes und erweiterbares Design<\/h3>\n<p>Brauchen Sie Platz zum Wachsen? Diese Einheiten sind\u00a0<strong>bis zu drei Ebenen stapelbar<\/strong>\u00a0und k\u00f6nnen durch das Verbinden mehrerer Module erweitert werden. Dies macht die Skalierung von einer kleinen H\u00fctte zu einem gr\u00f6\u00dferen Zuhause oder Arbeitsraum einfach.<\/p>\n<h3>Energieeffizient und umweltfreundlich<\/h3>\n<p>Entwickelt mit Blick auf die Umwelt:<\/p>\n<ul>\n<li>Energieeffiziente LED-Beleuchtung und Ger\u00e4te<\/li>\n<li>Optionale Solarintegration<\/li>\n<li>Nachhaltige Materialien und recycelte Stahlcontainer reduzieren Abfall<\/li>\n<\/ul>\n<h2>Technische Spezifikationen f\u00fcr Zwei 20-Fu\u00df-Containerh\u00e4user<\/h2>\n<p>Unsere\u00a0<strong>zwei 20-Fu\u00df-Containerhaus<\/strong>\u00a0sind so gebaut, dass sie den deutschen Wohn- und Modulbaustandards entsprechen und sowohl Haltbarkeit als auch Komfort bieten. Unten sind die wichtigsten Spezifikationen, damit Sie genau wissen, was Sie bekommen.<\/p>\n<h3>Containerabmessungen und Gewicht<\/h3>\n<div class=\"table-responsive\">\n<table class=\"table\">\n<thead>\n<tr>\n<th>Spezifikation<\/th>\n<th>Pro Einheit (20-Fu\u00df-Container)<\/th>\n<th>Kombiniert (zwei Einheiten)<\/th>\n<\/tr>\n<\/thead>\n<tbody>\n<tr>\n<td>\u00c4u\u00dfere Abmessungen<\/td>\n<td>20\u2019 L \u00d7 8\u2019 B \u00d7 8\u20196\u201d H<\/td>\n<td>40\u2019 Gesamtl\u00e4nge bei nebeneinander oder end-zu-end-Anordnung<\/td>\n<\/tr>\n<tr>\n<td>Innere Abmessungen<\/td>\n<td>~19\u20193\u201d L \u00d7 7\u20197\u201d B \u00d7 7\u20199\u201d H<\/td>\n<td>Variiert je nach Layout<\/td>\n<\/tr>\n<tr>\n<td>Gewicht (leer)<\/td>\n<td>Ca. 2.270\u20132.404 kg<\/td>\n<td>~4.536\u20134.828 kg insgesamt<\/td>\n<\/tr>\n<\/tbody>\n<\/table>\n<\/div>\n<h3>Maximale Tragf\u00e4higkeit<\/h3>\n<ul>\n<li><strong>Strukturelle St\u00e4rke:<\/strong>\u00a0Auf einem hochwertigen Corten-Stahlrahmen gebaut.<\/li>\n<li><strong>Maximale Dachlast:<\/strong>\u00a0Ca. 100 kg\/m\u00b2 (schnee- und ger\u00e4tefest).<\/li>\n<li><strong>Maximale Bodenlast:<\/strong>\u00a0Ca. 550 kg\/m\u00b2 (geeignet f\u00fcr schwere M\u00f6bel und Ger\u00e4te).<\/li>\n<li>Entwickelt f\u00fcr\u00a0<strong>Stapeln bis zu 2\u20133 Ebenen<\/strong>\u00a0mit geeigneter Unterst\u00fctzung.<\/li>\n<\/ul>\n<h3>Wand-, Boden- und Dachkonstruktion<\/h3>\n<ul>\n<li><strong>Wandpaneele:<\/strong>\u00a0Stahlrahmen mit witterungsbest\u00e4ndiger Verkleidung; Dicke 2,0\u20132,3 mm Stahl plus Isolationsschicht.<\/li>\n<li><strong>Boden:<\/strong>\u00a0Marine-Qualit\u00e4t Sperrholz \u00fcber Stahlquertr\u00e4ger; 18\u201321 mm Dicke; fertiggestellt mit Vinyl, Laminat oder Hartholz.<\/li>\n<li><strong>Dach:<\/strong>\u00a0Wellblechpaneel mit Rostschutzbeschichtung und Isolierung; unterst\u00fctzt Solaranlagen auf dem Dach, falls gew\u00fcnscht.<\/li>\n<\/ul>\n<h3>Isolierung und R-Werte<\/h3>\n<ul>\n<li><strong>Wandisolierung:<\/strong>\u00a0Hochdichten Polyurethan oder Steinwolle \u2013 R13\u2013R15.<\/li>\n<li><strong>Dachisolierung:<\/strong>\u00a0Polyurethanschaum \u2013 R18\u2013R20.<\/li>\n<li><strong>Bodenisolierung:<\/strong>\u00a0Starre Schaumstoffplatte \u2013 R9\u2013R11.<\/li>\n<li>Entwickelt f\u00fcr ganzj\u00e4hrig komfortables Wohnen in den meisten deutschen Klimazonen.<\/li>\n<\/ul>\n<h3>T\u00fcren und Fenster<\/h3>\n<ul>\n<li><strong>Hauptt\u00fcr:<\/strong>\u00a0Stahlt\u00fcr mit Sicherheitsfunktion oder isolierte Verbundt\u00fcr \u2013 Standardgr\u00f6\u00dfe 36\u2033 \u00d7 80\u2033 (individuelle Anfertigung m\u00f6glich).<\/li>\n<li><strong>Fenster:<\/strong>\u00a0Doppelverglaste Aluminium- oder Vinylrahmen; Gr\u00f6\u00dfenoptionen von 24\u2033 \u00d7 36\u2033 bis 48\u2033 \u00d7 48\u2033.<\/li>\n<li>Optional\u00a0<strong>Schiebet\u00fcren f\u00fcr den Au\u00dfenbereich<\/strong>\u00a0oder franz\u00f6sische T\u00fcren f\u00fcr offene Grundrisse.<\/li>\n<\/ul>\n<h3>Elektrische und Sanit\u00e4ranlagen<\/h3>\n<ul>\n<li><strong>Elektrik:<\/strong>\n<ul>\n<li>Vorinstallierte 110V-Verkabelung gem\u00e4\u00df den deutschen Vorschriften.<\/li>\n<li>Schaltkasten und Steckdosen vorpositioniert.<\/li>\n<li>LED-Beleuchtungsarmaturen inklusive.<\/li>\n<\/ul>\n<\/li>\n<li><strong>Sanit\u00e4r:<\/strong>\n<ul>\n<li>PE-X-Rohrleitungen f\u00fcr Warm- und Kaltwasser.<\/li>\n<li>Wasserzulauf- und Ablaufanschl\u00fcsse in den Rahmen integriert.<\/li>\n<li>Unterst\u00fctzt Standard-Badezimmer- und K\u00fcchenarmaturen.<\/li>\n<\/ul>\n<\/li>\n<li><strong>HLK:<\/strong>\u00a0Optionen f\u00fcr Mini-Split-Klimaanlagen\/Heizpumpen oder ductless Einheiten.<\/li>\n<\/ul>\n<p>Dieses Setup stellt sicher, dass Ihr\u00a0<strong>2\u00d720-Fu\u00df-Container-Prefab-Haus<\/strong>\u00a0bereit f\u00fcr Anpassungen ist \u2013 egal, ob es sich um ein gem\u00fctliches Zuhause, ein entferntes B\u00fcro oder eine Ferienh\u00fctte handelt.<\/p>\n<h2>Layout- und Designoptionen f\u00fcr zwei 20-Fu\u00df-Containerh\u00e4user<\/h2>\n<h3>H\u00e4ufige Grundrisskonfigurationen<\/h3>\n<p>Yichen bietet mehrere Layoutl\u00f6sungen f\u00fcr\u00a0<strong>zwei 20-Fu\u00df-Transportcontainerh\u00e4user<\/strong>, die Ihnen Flexibilit\u00e4t basierend auf Platz, Funktion und Standortbedingungen bieten. Beliebte Konfigurationen sind:<\/p>\n<ul>\n<li><strong>Nebeneinander<\/strong>\u00a0\u2013 Erzeugt ein nahtloses, einst\u00f6ckiges Layout und bietet einen breiteren Innenraum f\u00fcr offene Wohn- und Essbereiche.<\/li>\n<li><strong>Gestapelt<\/strong>\u00a0\u2013 Ein Container auf dem anderen f\u00fcr Mehrgeschossoptionen, wenn Sie eine kleinere Grundfl\u00e4che haben, aber mehr Platz ben\u00f6tigen.<\/li>\n<li><strong>L-Form<\/strong>\u00a0\u2013 Ideal, um eine Trennung zwischen Wohn- und Schlafbereichen zu schaffen und gleichzeitig nat\u00fcrliches Licht und Zugang im Freien zu maximieren.<\/li>\n<\/ul>\n<h3>Innenanwendungen<\/h3>\n<p>Jede\u00a0<strong>doppeltes 20-Fu\u00df-Container-Modulhaus<\/strong>\u00a0kann vollst\u00e4ndig f\u00fcr Komfort und Funktion ausgestattet werden. G\u00e4ngige Raumaufteilungen umfassen:<\/p>\n<ul>\n<li><strong>Schlafzimmer<\/strong>\u00a0\u2013 Ausreichend Platz f\u00fcr ein Queensize-Bett, Kleiderschrank und Nachttische.<\/li>\n<li><strong>K\u00fcche<\/strong>\u00a0\u2013 Ausgestattet f\u00fcr praktisches Kochen mit Arbeitsplatten, Schr\u00e4nken und Ger\u00e4teanschl\u00fcssen.<\/li>\n<li><strong>Badezimmer<\/strong>\u00a0\u2013 Integriert mit Dusche, Toilette, Waschbecken und angemessener Bel\u00fcftung.<\/li>\n<li><strong>Wohnraum<\/strong>\u00a0\u2013 Kann ein offener Lounge-Bereich oder ein multifunktionaler Arbeitsraum sein.<\/li>\n<\/ul>\n<h3>M\u00f6gliche Verwendungen<\/h3>\n<p>A\u00a0<strong>2x20-Fu\u00df-Container-Prefabhaus<\/strong>\u00a0kann f\u00fcr verschiedene Zwecke angepasst werden:<\/p>\n<ul>\n<li><strong>Wohnen<\/strong>\u00a0\u2013 Kompakt, effizient und anpassbar f\u00fcr das dauerhafte Wohnen.<\/li>\n<li><strong>B\u00fcroeinheit<\/strong>\u00a0\u2013 Ein professioneller Raum mit separaten Besprechungs- und Arbeitsbereichen.<\/li>\n<li><strong>Klassenzimmer<\/strong>\u00a0\u2013 Schnell einsatzbereicher Bildungsraum f\u00fcr Schulen oder Schulungszentren.<\/li>\n<li><strong>Ferienh\u00fctte<\/strong>\u00a0\u2013 Robuste Unterkunftseinheit f\u00fcr Vermietungen oder den pers\u00f6nlichen Gebrauch.<\/li>\n<\/ul>\n<h3>Individuelles Design von Yichen<\/h3>\n<p>Mit\u00a0<strong>20 Jahre Erfahrung<\/strong>, Yichen bietet\u00a0<strong>Ma\u00dfgeschneiderte Designservices<\/strong>\u00a0werden, um Ihren Bed\u00fcrfnissen zu entsprechen:<\/p>\n<ul>\n<li>Grundrisse \u00e4ndern, T\u00fcr- und Fensterplatzierung sowie Trennw\u00e4nde anpassen.<\/li>\n<li>Innenr\u00e4ume mit Bodenbel\u00e4gen, Wandverkleidungen und Schr\u00e4nken nach Wahl personalisieren.<\/li>\n<li>Au\u00dfenstil anpassen, einschlie\u00dflich Verkleidung, Farbgestaltung und Dachtyp.<\/li>\n<\/ul>\n<h2>Preise und Bestellung f\u00fcr Zwei 20-Fu\u00df-Containerhaus<\/h2>\n<h3>Grundpreisbereich<\/h3>\n<p>A\u00a0<strong>Standard-Zwei-20-Fu\u00df-Containerhaus<\/strong>\u00a0von Yichen ist preislich\u00a0<strong>beginnend bei $18.000 bis $28.000<\/strong>, abh\u00e4ngig vom Ausstattungsgrad, D\u00e4mmtyp und Standardgrundriss. Dieser Grundpreis umfasst:<\/p>\n<ul>\n<li>Zwei kombinierte\u00a0<strong>hochwertige 20-Fu\u00df-Transportcontainer<\/strong><\/li>\n<li>Standardd\u00e4mmung f\u00fcr Klimazonen in Deutschland<\/li>\n<li>Grundlegende Innenausstattung (Bodenbel\u00e4ge, W\u00e4nde, Beleuchtung)<\/li>\n<li>Vorinstallierte elektrische und sanit\u00e4re Anlagen<\/li>\n<\/ul>\n<h3>Anpassungspreise<\/h3>\n<p>Wenn Sie m\u00f6chten\u00a0<strong>Ihr 2x20-Fu\u00df-Container-Prefab-Haus personalisieren<\/strong>, variiert der Endpreis basierend auf Ihren Auswahlm\u00f6glichkeiten:<\/p>\n<ul>\n<li><strong>Au\u00dfenverkleidungen<\/strong>\u00a0\u2013 Holzverkleidung, individuelle Anstriche oder Stahlverkleidung<\/li>\n<li><strong>Innenraum-Upgrade<\/strong>\u00a0\u2013 luxuri\u00f6\u00dfer Bodenbelag, aufger\u00fcstete Ger\u00e4te oder ma\u00dfgeschneiderte Einbaum\u00f6bel<\/li>\n<li><strong>Zus\u00e4tzliche Fenster\/T\u00fcren<\/strong>\u00a0oder Dachfenster<\/li>\n<li><strong>\u00d6ko-Optionen<\/strong>\u00a0\u2013 Solarsysteme, fortschrittliche Isolierung oder Regenwassersammlung<br \/>\nIm Durchschnitt,\u00a0<strong>ma\u00dfgeschneiderte Bauten reichen von $25.000 bis $45.000<\/strong>.<\/li>\n<\/ul>\n<h3>Mengenrabatte und Finanzierung<\/h3>\n<p>F\u00fcr\u00a0<strong>Mengenbestellungen<\/strong>\u00a0(ideal f\u00fcr Entwickler, Tiny-Haus-Parks oder Fernarbeitswohnheime),\u00a0<strong>sind Rabatte verf\u00fcgbar<\/strong>\u00a0basierend auf Menge und Standardisierung des Designs.<br \/>\nYichen arbeitet auch mit Finanzierungspartnern in Deutschland zusammen, um qualifizierten K\u00e4ufern zu helfen, die Kosten \u00fcber die Zeit zu verteilen, was ein Containerhausprojekt zug\u00e4nglicher macht.<\/p>\n<h3>Bestellprozess<\/h3>\n<p>Die Bestellung eines\u00a0<strong>zwei Einheiten Versandcontainerhaus<\/strong>\u00a0bei Yichen ist unkompliziert:<\/p>\n<ol>\n<li><strong>Beratung<\/strong>\u00a0\u2013 Teilen Sie unserem Designteam Ihre Bed\u00fcrfnisse mit (Gr\u00f6\u00dfe, Stil, Grundriss, beabsichtigte Nutzung).<\/li>\n<li><strong>Design<\/strong>\u00a0\u2013 Wir erstellen ein 3D-Modell und einen Grundriss zur Genehmigung.<\/li>\n<li><strong>Produktion<\/strong>\u00a0\u2013 Die Herstellung beginnt in unserer Fabrik mit Qualit\u00e4tskontrollen in jeder Phase.<\/li>\n<li><strong>Lieferung<\/strong>\u00a0\u2013 Wir organisieren den Transport zu Ihrem Standort per LKW oder Schiff, abh\u00e4ngig vom Standort.<\/li>\n<\/ol>\n<p><strong>Typische Vorlaufzeit<\/strong>:\u00a0<strong>6\u201310 Wochen<\/strong>\u00a0vom endg\u00fcltigen Designfreigabe bis zur Lieferung in Deutschland, abh\u00e4ngig vom Anpassungsgrad und Versandpl\u00e4nen.<\/p>\n<h2>Lieferung und Installation f\u00fcr zwei 20-Fu\u00df-Containerh\u00e4user<\/h2>\n<h3>Globale und lokale Lieferf\u00e4higkeiten<\/h3>\n<p>Wir versenden\u00a0<strong>zwei 20-Fu\u00df-Containerh\u00e4user<\/strong>\u00a0\u00fcberall in Deutschland und in die meisten L\u00e4nder weltweit. Mit\u00a0<strong>20 Jahre Erfahrung<\/strong>, Yichen hat ein optimiertes Logistiknetzwerk aufgebaut, um sicherzustellen, dass Ihre Einheit\u00a0<strong>sicher, gesch\u00fctzt und p\u00fcnktlich ankommt<\/strong>.<\/p>\n<ul>\n<li><strong>Lokale Lieferung (Deutschland)<\/strong>\u00a0\u2013 Direkter Transport zu Ihrem Standort per Flachbett-LKW oder Anh\u00e4nger<\/li>\n<li><strong>Weltweiter Versand<\/strong>\u00a0\u2013 Seefracht mit standardisiertem ISO-Containerhandling, bereit f\u00fcr einfaches Abladen im Hafen<\/li>\n<li><strong>Flexible Terminplanung<\/strong>\u00a0\u2013 Koordinieren Sie die Lieferung entsprechend Ihrem Bau- oder Standortvorbereitungstermin<\/li>\n<\/ul>\n<h3>Professionelle Installationsdienste<\/h3>\n<p>Unser Installationsservice ist darauf ausgelegt, Sie schnell einsatzbereit zu machen. Da unsere H\u00e4user\u00a0<strong>modular und vorgefertigt sind<\/strong>, vor Ort ist die Arbeit minimal:<\/p>\n<ul>\n<li><strong>Standvorbereitung<\/strong>\u00a0\u2013 Nivellierung des Bodens, Hinzuf\u00fcgen eines stabilen Fundaments oder Fundamente<\/li>\n<li><strong>Modulare Montage<\/strong>\u00a0\u2013 Verbindung der beiden 20-Fu\u00df-Einheiten (nebeneinander, gestapelt oder L-f\u00f6rmig) mit strukturellem Dichtmittel und Endjustierungen<\/li>\n<li><strong>Versorgungsanschl\u00fcsse<\/strong>\u00a0\u2013 Anschluss von Strom, Wasserleitungen und HLK an die lokalen Systeme<\/li>\n<li><strong>Inspektion &amp; \u00dcbergabe<\/strong>\u00a0\u2013 Endkontrolle vor Ihrem Einzug oder der Nutzung der Einheit<\/li>\n<\/ul>\n<h3>Typische Lieferzeiten vom Auftrag bis zur Lieferung<\/h3>\n<p>Lieferzeiten variieren je nach Anpassung und Standort:<\/p>\n<ul>\n<li><strong>Standardmodell<\/strong>\u00a0\u2013\u00a0<strong>4\u20136 Wochen<\/strong>\u00a0vom Auftrag bis zur Lieferung in Deutschland<\/li>\n<li><strong>Ma\u00dfgeschneiderte Konstruktion<\/strong>\u00a0\u2013\u00a0<strong>6\u201310 Wochen<\/strong>, abh\u00e4ngig von Design\u00e4nderungen oder speziellen Materialien<\/li>\n<li><strong>Gro\u00dfbestellungen<\/strong>\u00a0\u2013 In Phasen geplant f\u00fcr eine reibungslose Bereitstellung<\/li>\n<\/ul>\n<p>Sie erhalten\u00a0<strong>werkseitig gefertigte Qualit\u00e4t<\/strong>, schnelle Einrichtung und reibungslose \u00dcbergabe \u2014 alles unterst\u00fctzt durch Yichens\u00a0<strong>bew\u00e4hrte Erfahrung in der Produktion und Installation von Mobilheimen<\/strong>.<\/p>\n<h2>Kundenservice und Garantie f\u00fcr zwei 20-Fu\u00df-Containerh\u00e4user<\/h2>\n<h3>Garantieabdeckung<\/h3>\n<p>Ihr\u00a0<strong>zwei 20-Fu\u00df-Containerhaus<\/strong>\u00a0kommt mit einem\u00a0<strong>Standardm\u00e4\u00dfige strukturelle Garantie von bis zu 20 Jahren<\/strong>, die den Stahlrahmen und den Containerk\u00f6rper gegen Korrosion, strukturelle Ausf\u00e4lle oder Herstellungsfehler absichert.<\/p>\n<ul>\n<li><strong>5-Jahres-Garantie<\/strong>\u00a0auf Isolierungs- und Witterungsschutzleistung.<\/li>\n<li><strong>2-Jahres-Garantie<\/strong>\u00a0auf Innenausstattungen, Fenster und T\u00fcren.<\/li>\n<li><strong>12-Monats-Garantie<\/strong>\u00a0auf installierte elektrische und sanit\u00e4re Systeme.<\/li>\n<li>Erweiterte Garantieoptionen auf Anfrage erh\u00e4ltlich.<\/li>\n<\/ul>\n<p>Wir stehen hinter unserer Bauqualit\u00e4t, sodass Sie sich auf Ihre\u00a0<strong>doppeltes 20-Fu\u00df-Container-Modulhaus<\/strong>\u00a0f\u00fcr den langfristigen Gebrauch verlassen k\u00f6nnen, ohne sich Sorgen \u00fcber fr\u00fchzeitigen Verschlei\u00df oder versteckte Sch\u00e4den machen zu m\u00fcssen.<\/p>\n<h3>Wartungs- und Reparaturunterst\u00fctzung<\/h3>\n<p>Regelm\u00e4\u00dfige Wartung hilft Ihrem\u00a0<strong>Containerhauses erforderlich?<\/strong>\u00a0wie neu aussehen und funktionieren zu lassen. Yichen bietet:<\/p>\n<ul>\n<li><strong>Vor-Ort-Inspektionen<\/strong>\u00a0f\u00fcr Rahmen, Dichtungen und Oberfl\u00e4chenqualit\u00e4t.<\/li>\n<li><strong>Ersatzteilbeschaffung<\/strong>\u00a0(T\u00fcren, Fenster, Bodenbel\u00e4ge usw.).<\/li>\n<li><strong>Witterungsschutz-Neuanwendung<\/strong>\u00a0f\u00fcr Gebiete mit starkem Regen oder K\u00fcstenregionen.<\/li>\n<li><strong>Notfalldienste f\u00fcr Reparaturen<\/strong>\u00a0bei Sturm- oder Unfallsch\u00e4den.<\/li>\n<\/ul>\n<p>Wir halten einen vollst\u00e4ndigen Vorrat an kompatiblen Teilen, damit Reparaturen schnell erfolgen und Ausfallzeiten minimiert werden.<\/p>\n<h3>Kundenservice und Service-Reaktion<\/h3>\n<p>Wir wissen, dass der Kauf eines\u00a0<strong>zwei Einheiten Versandcontainerhaus<\/strong>\u00a0eine gro\u00dfe Entscheidung ist, und unsere Unterst\u00fctzung endet nicht nach der Lieferung.<\/p>\n<ul>\n<li><strong>Dedizierte deutsche Kundenhotline<\/strong>\u00a0f\u00fcr schnelle Beratung.<\/li>\n<li><strong>E-Mail- und Live-Chat-Support<\/strong>\u00a0mit Expertenrat zu Einrichtung, Modifikationen oder Wartung.<\/li>\n<li><strong>Reaktionszeit von 48 Stunden<\/strong>\u00a0f\u00fcr alle Garantieanspr\u00fcche.<\/li>\n<li><strong>Bundesweites Techniker-Netzwerk<\/strong>\u00a0zur Verk\u00fcrzung der Wartezeiten f\u00fcr Vor-Ort-Service.<\/li>\n<\/ul>\n<p>Bei Yichen stellen wir sicher, dass Ihr\u00a0<strong>tragbares Zwei-20-Fu\u00df-Containerhaus<\/strong>\u00a0zuverl\u00e4ssig, effizient und einsatzbereit bleibt \u2014 egal, ob es sich um eine Hauptwohnung, B\u00fcroraum oder Ferienh\u00fctte handelt.<\/p>\n<h2>Warum Yichen Zwei-20-Fu\u00df-Containerhaus w\u00e4hlen<\/h2>\n<h3>20 Jahre Erfahrung in der Herstellung von Mobilheimen<\/h3>\n<p>Yichen ist seit\u00a0<strong>Design und Herstellung von mobilen H\u00e4usern seit \u00fcber zwei Jahrzehnten<\/strong>, Aufbau eines Rufs f\u00fcr Qualit\u00e4t und Innovation in der Branche f\u00fcr Containerh\u00e4user. Mit\u00a0<strong>20 Jahren praktischer Erfahrung<\/strong>, haben wir die Kunst gemeistert von\u00a0<strong>Strukturmodifikationen, effizienten Grundrissen und robusten Bautechniken<\/strong>\u00a0die den deutschen Wohnstandards und Sicherheitsvorschriften entsprechen. Unser langfristiger Fokus auf Containerh\u00e4user bedeutet, dass jedes Detail, von Schwei\u00dfintegrit\u00e4t bis zur D\u00e4mmleistung, im Laufe der Zeit perfektioniert wurde.<\/p>\n<h3>Qualit\u00e4tssicherung und Zertifizierungen<\/h3>\n<p>Wenn Sie sich f\u00fcr eine\u00a0<strong>Yichen zwei 20-Fu\u00df-Containerhaus<\/strong>, Sie investieren in\u00a0<strong>gepr\u00fcfte Qualit\u00e4t<\/strong>\u00a0unterst\u00fctzt durch strenge\u00a0<strong>Herstellungs- und Sicherheitszertifizierungen<\/strong>. Wir verwenden\u00a0<strong>schiffsg\u00fcte Stahlstrukturen, hochwertige D\u00e4mmmaterialien und witterungsbest\u00e4ndige Beschichtungen<\/strong>\u00a0um eine lange Lebensdauer in allen Klimazonen zu gew\u00e4hrleisten \u2013 von K\u00fcstenfeuchtigkeit bis zu W\u00fcstenhitze oder schneereichen Bedingungen.<br \/>\nAlle H\u00e4user durchlaufen\u00a0<strong>mehrere Qualit\u00e4tskontrollen<\/strong>\u00a0vom Rahmenbau bis zum Endfinish, um sicherzustellen, dass sie den\u00a0<strong>ISO-Containerstandards<\/strong>, lokalen Bauvorschriften und Energieeffizienzanforderungen entsprechen.<\/p>","protected":false},"excerpt":{"rendered":"<p data-start=\"0\" data-end=\"183\">Unsere <strong data-start=\"4\" data-end=\"33\">2 x 20 Fu\u00df Containerhaus<\/strong> schneidet dein <strong data-start=\"44\" data-end=\"62\">Versandkosten<\/strong> in der H\u00e4lfte durch die Kombination von zwei kompakten Einheiten zu einer effizienten Struktur, was den Transport viel einfacher und erschwinglicher macht.<\/p>\n<p data-start=\"185\" data-end=\"325\">Hergestellt mit <strong data-start=\"196\" data-end=\"219\">starke Stahlrahmen<\/strong> und verst\u00e4rkte Ecken, es ist so konzipiert, dass es den St\u00f6\u00dfen beim <strong data-start=\"281\" data-end=\"307\">Ferntransport<\/strong> ohne Sch\u00e4den standh\u00e4lt.<\/p>\n<p data-start=\"327\" data-end=\"481\" data-is-last-node=\"\" data-is-only-node=\"\">Nach der Lieferung verbinden sich die beiden Einheiten nahtlos, was dir einen <strong data-start=\"390\" data-end=\"413\">gr\u00f6\u00dferen Wohnraum<\/strong> mit allen Vorteilen von Haltbarkeit, Isolierung und schneller Einrichtung bietet.<\/p>","protected":false},"featured_media":753,"comment_status":"closed","ping_status":"closed","template":"","meta":[],"product_brand":[],"product_cat":[24],"product_tag":[],"class_list":{"0":"post-552","1":"product","2":"type-product","3":"status-publish","4":"has-post-thumbnail","6":"product_cat-folding-contianer-house","8":"first","9":"instock","10":"shipping-taxable","11":"product-type-simple"},"_links":{"self":[{"href":"https:\/\/yccontainerhouse.com\/de\/wp-json\/wp\/v2\/product\/552","targetHints":{"allow":["GET"]}}],"collection":[{"href":"https:\/\/yccontainerhouse.com\/de\/wp-json\/wp\/v2\/product"}],"about":[{"href":"https:\/\/yccontainerhouse.com\/de\/wp-json\/wp\/v2\/types\/product"}],"replies":[{"embeddable":true,"href":"https:\/\/yccontainerhouse.com\/de\/wp-json\/wp\/v2\/comments?post=552"}],"version-history":[{"count":0,"href":"https:\/\/yccontainerhouse.com\/de\/wp-json\/wp\/v2\/product\/552\/revisions"}],"wp:featuredmedia":[{"embeddable":true,"href":"https:\/\/yccontainerhouse.com\/de\/wp-json\/wp\/v2\/media\/753"}],"wp:attachment":[{"href":"https:\/\/yccontainerhouse.com\/de\/wp-json\/wp\/v2\/media?parent=552"}],"wp:term":[{"taxonomy":"product_brand","embeddable":true,"href":"https:\/\/yccontainerhouse.com\/de\/wp-json\/wp\/v2\/product_brand?post=552"},{"taxonomy":"product_cat","embeddable":true,"href":"https:\/\/yccontainerhouse.com\/de\/wp-json\/wp\/v2\/product_cat?post=552"},{"taxonomy":"product_tag","embeddable":true,"href":"https:\/\/yccontainerhouse.com\/de\/wp-json\/wp\/v2\/product_tag?post=552"}],"curies":[{"name":"wp","href":"https:\/\/api.w.org\/{rel}","templated":true}]}}