{"id":610,"date":"2025-08-29T07:21:22","date_gmt":"2025-08-29T07:21:22","guid":{"rendered":"https:\/\/yccontainerhouse.com\/?post_type=product&#038;p=610"},"modified":"2025-09-08T01:31:17","modified_gmt":"2025-09-08T01:31:17","slug":"40ft-high-cube-container-house","status":"publish","type":"product","link":"https:\/\/yccontainerhouse.com\/de\/product\/40ft-high-cube-container-house\/","title":{"rendered":"40 Fu\u00df Hochcube-Containerhaus"},"content":{"rendered":"<p>Der\u00a0<strong>40 Fu\u00df Hochcube-Containerhaus<\/strong>\u00a0ist so konzipiert, dass es maximalen Raum, Haltbarkeit und Komfort in einer vorgefertigten modularen Form bietet. Es entspricht den internationalen Standards f\u00fcr Versandcontainer und bietet eine einfache Transportl\u00f6sung f\u00fcr Wohn-, Gesch\u00e4fts- und mobile Anwendungen.<\/p>\n<h3>Abmessungen und Gr\u00f6\u00dfe<\/h3>\n<p>Ein Hochcube-Containerhaus bietet im Vergleich zu einem Standard-Shipping-Container zus\u00e4tzlichen vertikalen Raum.<\/p>\n<div class=\"table-responsive\">\n<table class=\"table\">\n<thead>\n<tr>\n<th>Spezifikation<\/th>\n<th>Ma\u00dfe<\/th>\n<\/tr>\n<\/thead>\n<tbody>\n<tr>\n<td><strong>\u00c4u\u00dfere L\u00e4nge<\/strong><\/td>\n<td>40 ft (12,19 m)<\/td>\n<\/tr>\n<tr>\n<td><strong>\u00c4u\u00dfere Breite<\/strong><\/td>\n<td>8 ft (2,44 m)<\/td>\n<\/tr>\n<tr>\n<td><strong>\u00c4u\u00dfere H\u00f6he<\/strong><\/td>\n<td>9,5 ft (2,89 m)<\/td>\n<\/tr>\n<tr>\n<td><strong>Innere H\u00f6he<\/strong><\/td>\n<td>Ca. 8 Fu\u00df 10 Zoll (2,69 m)<\/td>\n<\/tr>\n<tr>\n<td><strong>Gewicht (leer)<\/strong><\/td>\n<td>3.630 \u2013 4.080 kg (8.000 \u2013 9.000 lbs)<\/td>\n<\/tr>\n<\/tbody>\n<\/table>\n<\/div>\n<p>Dieses zus\u00e4tzliche Kopfh\u00f6hen macht es ideal f\u00fcr moderne Innenr\u00e4ume, Loft-\u00e4hnliche R\u00e4ume oder Mehrstock-Stapelung.<\/p>\n<h3>Materialien und Struktur<\/h3>\n<ul>\n<li><strong>Hauptrahmen<\/strong>: Hochfest\u00a0<strong>Cortenstahl<\/strong>\u00a0(Wetterstahl) f\u00fcr \u00fcberlegene Korrosionsbest\u00e4ndigkeit.<\/li>\n<li><strong>Wand- und Dachpaneele<\/strong>: Stahl mit rostsch\u00fctzendem Schutzanstrich.<\/li>\n<li><strong>Isolierung<\/strong>: EPS-, PU-Schaum- oder Steinwollpaneele f\u00fcr erh\u00f6hte Energieeffizienz.<\/li>\n<li><strong>Bodenbel\u00e4ge<\/strong>: Marine-Mehrschichtholz mit optionalem Vinyl-, Fliesen- oder Laminat-Finish.<\/li>\n<li>Gebaut f\u00fcr\u00a0<strong>ISO-Standards<\/strong>\u00a0f\u00fcr Versandcontainer, die Tragf\u00e4higkeit und langfristige Haltbarkeit gew\u00e4hrleisten.<\/li>\n<\/ul>\n<h3>Festigkeit und Haltbarkeit<\/h3>\n<ul>\n<li>In der Lage, schwere Stapelung und extreme Wetterbedingungen zu widerstehen.<\/li>\n<li>Windwiderstand bis zu\u00a0<strong>210 km\/h (130 mph)<\/strong>.<\/li>\n<li>Lastausdauer \u00fcber\u00a0<strong>210 kg\/m\u00b2 (43 psf)<\/strong>.<\/li>\n<li>F\u00fcr eine Lebensdauer von ausgelegt\u00a0<strong>\u00fcber 25 Jahre<\/strong>\u00a0bei richtiger Wartung.<\/li>\n<\/ul>\n<h3>Innen- und Au\u00dfenverkleidungen<\/h3>\n<ul>\n<li><strong>Innenraum<\/strong>: Glatte Trockenbauplatten oder laminiert Bretter, gestrichene oder strukturierte Oberfl\u00e4chen.<\/li>\n<li><strong>Au\u00dfenbereich<\/strong>: Pulverbeschichtete Stahloberfl\u00e4che in verschiedenen Farben.<\/li>\n<li>Optionale Au\u00dfenverkleidung aus Holz, Metall oder Verbundwerkstoff f\u00fcr ein wohnliches Erscheinungsbild.<\/li>\n<\/ul>\n<h3>T\u00fcren, Fenster und \u00d6ffnungen<\/h3>\n<ul>\n<li><strong>Standard Eingangst\u00fcr<\/strong>: Stahlt\u00fcr mit Sicherheitsschutz oder Aluminiumrahment\u00fcr mit Glas.<\/li>\n<li><strong>Fenster<\/strong>: Doppelverglaste PVC- oder Aluminiumrahmenfenster f\u00fcr Isolierung und Sicherheit.<\/li>\n<li><strong>Bel\u00fcftung<\/strong>: Eingebaute L\u00fcftungs\u00f6ffnungen plus optionaler Abluftventilatoren oder HVAC-Integration.<\/li>\n<li><strong>Beleuchtung<\/strong>: LED-Systeme mit energiesparenden Funktionen, anpassbare Layouts verf\u00fcgbar.<\/li>\n<\/ul>\n<p>Diese Spezifikation stellt sicher, dass die\u00a0<strong>40-Fu\u00df-High-Cube-Prefab-Containerhaus<\/strong>\u00a0den Anforderungen der Kunden in Deutschland entspricht, die nach zus\u00e4tzlicher Deckenh\u00f6he, stabilem Aufbau und Flexibilit\u00e4t f\u00fcr Wohn- oder Gewerbezwecke suchen.<\/p>\n<h2>Wichtige Merkmale und Vorteile eines 40-Fu\u00df-High-Cube-Containerhauses<\/h2>\n<h3>Erh\u00f6hter Kopfraum f\u00fcr Komfort und Designflexibilit\u00e4t<\/h3>\n<p>Der\u00a0<strong>40 Fu\u00df Hochcube-Containerhaus<\/strong>\u00a0bietet eine\u00a0<strong>zus\u00e4tzliche Fu\u00dfh\u00f6he<\/strong>\u00a0im Vergleich zu Standardcontainern, mit einer inneren Deckenfreiheit von etwa\u00a0<strong>8\u201910\u201d<\/strong>. Dies l\u00e4sst es sich\u00a0<strong>ger\u00e4umiger anf\u00fchlen<\/strong>\u00a0und erm\u00f6glicht:<\/p>\n<ul>\n<li>Bessere Luftzirkulation im Inneren.<\/li>\n<li>Einfachere Installation von Deckenleuchten, Ventilatoren oder h\u00e4ngender Dekoration.<\/li>\n<li>Flexible Inneneinrichtungen, einschlie\u00dflich Loftbetten, hohen Schr\u00e4nken und gr\u00f6\u00dferen Fenstern.<\/li>\n<\/ul>\n<h3>Modular und stapelbar f\u00fcr Mehrgeschosskonfigurationen<\/h3>\n<p>Diese Einheiten sind\u00a0<strong>entwickelt f\u00fcr das Stapeln<\/strong>, was sie ideal macht, um zwei oder mehr Stockwerke zu bauen, ohne die Stabilit\u00e4t zu beeintr\u00e4chtigen.<\/p>\n<ul>\n<li>Starker Stahlrahmen tr\u00e4gt vertikale Lasten.<\/li>\n<li>Mehrere Einheiten k\u00f6nnen seitlich oder end-to-end verbunden werden, um gr\u00f6\u00dfere Grundfl\u00e4chen zu schaffen.<\/li>\n<li>Perfekt f\u00fcr urbane Bauprojekte, bei denen der Platz begrenzt ist, aber die H\u00f6he verf\u00fcgbar ist.<\/li>\n<\/ul>\n<h3>Energieeffiziente Isolierung und umweltfreundliche Materialien<\/h3>\n<p>Hergestellt mit\u00a0<strong>Hochleistungs-Isolationspaneele<\/strong>\u00a0und\u00a0<strong>nachhaltige Baumaterialien<\/strong>\u00a0zur Erf\u00fcllung der Energieeffizienzanforderungen in Deutschland.<\/p>\n<ul>\n<li>Hilft, Heiz- und K\u00fchlkosten das ganze Jahr \u00fcber zu senken.<\/li>\n<li>EPS-, PU- oder Steinwolle-Isolationsoptionen f\u00fcr unterschiedliche Klimazonen erh\u00e4ltlich.<\/li>\n<li>Stahlrahmen und Paneele bestehen aus recycelbaren Materialien.<\/li>\n<\/ul>\n<h3>Schneller und einfacher Transport und Installation<\/h3>\n<p>Der\u00a0<strong>40-Fu\u00df-High-Cube-Prefab-Containerhaus<\/strong>\u00a0ist ausgelegt f\u00fcr\u00a0<strong>schneller Umzug und Aufbau<\/strong>.<\/p>\n<ul>\n<li>Standard-ISO-Abmessungen passen zu den meisten Flachbett-LKWs und Versandmethoden.<\/li>\n<li>Minimale Baustellenvorbereitung erforderlich \u2014 nur eine ebene Foundation oder Pfeiler.<\/li>\n<li>Kann in Tagen, nicht Monaten, mit grundlegender Bautechnik eingerichtet werden.<\/li>\n<\/ul>\n<h3>Vielseitige Anwendungen<\/h3>\n<p>Vielseitig genug, um eine Vielzahl von Wohn- und Gesch\u00e4ftsbed\u00fcrfnissen zu erf\u00fcllen:<\/p>\n<ul>\n<li><strong>Dauerhafte H\u00e4user<\/strong>\u00a0mit vollst\u00e4ndiger Innenausstattung.<\/li>\n<li><strong>Fernb\u00fcro<\/strong>\u00a0oder mobile Arbeitsbereiche.<\/li>\n<li><strong>Pop-up-Shops<\/strong>\u00a0und Verkaufsfl\u00e4chen f\u00fcr saisonale Gesch\u00e4fte.<\/li>\n<li><strong>Notunterk\u00fcnfte<\/strong>\u00a0f\u00fcr Katastrophenhilfe oder tempor\u00e4ren Wohnraum.<\/li>\n<li><strong>Veranstaltungsst\u00e4nde<\/strong>\u00a0und tragbare Showrooms.<\/li>\n<\/ul>\n<h2>Anpassung und optionale Aufr\u00fcstungen f\u00fcr 40-Fu\u00df-High-Cube-Containerhaus<\/h2>\n<p>A\u00a0<strong>40 Fu\u00df Hochcube-Containerhaus<\/strong>\u00a0bietet viel Platz, um sich an Ihre Bed\u00fcrfnisse anzupassen, egal ob Sie ein Vollzeithaus, ein Wochenendhaus oder ein mobiles B\u00fcro bauen. Wir bieten eine breite Palette an Anpassungs- und Erweiterungsoptionen, damit Sie einen Raum schaffen k\u00f6nnen, der zu Ihrem Lebensstil passt.<\/p>\n<h3>Innenraumgestaltungsm\u00f6glichkeiten<\/h3>\n<ul>\n<li><strong>Schlafzimmer<\/strong>\u00a0\u2013 Konfigurieren Sie es als 1-Zimmer-, 2-Zimmer- oder offenen Studio-Layout.<\/li>\n<li><strong>K\u00fcche<\/strong>\u00a0\u2013 W\u00e4hlen Sie zwischen kompakten K\u00fcchenzeilen und voll ausgestatteten Kochbereichen mit Schr\u00e4nken, Arbeitsplatten und Ger\u00e4ten.<\/li>\n<li><strong>Badezimmer<\/strong>\u00a0\u2013 Optionen f\u00fcr halbes Bad oder volles Bad, mit Dusche oder Badewanne, abgestimmt auf Ihre Nutzung und Raumplanung.<\/li>\n<li><strong>Offener Grundriss<\/strong>\u00a0\u2013 Maximieren Sie den Raum f\u00fcr Wohnzimmer, Arbeitsstationen oder kreative Studios.<\/li>\n<\/ul>\n<h3>Elektrische und Sanit\u00e4rinstallationen<\/h3>\n<ul>\n<li>Voll verdrahtet f\u00fcr\u00a0<strong>Standard-Haushalts- oder Gewerstromversorgung in Deutschland<\/strong>\u00a0mit Steckdosen, Beleuchtung und Sicherungskasten.<\/li>\n<li><strong>Sanit\u00e4rsysteme<\/strong>\u00a0kompatibel mit st\u00e4dtischen Anschl\u00fcssen oder autarken Wasserreservoirs\/-behandlungsanlagen.<\/li>\n<li>Vorkehrungen f\u00fcr Warmwasserbereiter, Waschmaschinen und Geschirrsp\u00fcler.<\/li>\n<\/ul>\n<h3>HVAC-Systeme f\u00fcr ganzj\u00e4hriges Wohlbefinden<\/h3>\n<ul>\n<li><strong>Heizung, L\u00fcftung und Klimatisierung<\/strong>\u00a0Optionen in der Gr\u00f6\u00dfe f\u00fcr Container-Effizienz.<\/li>\n<li>Split-Ger\u00e4te, tragbare Klimasysteme oder energieeffiziente zentrale Mini-Splits.<\/li>\n<li>L\u00fcftungsverbesserungen, um in jedem Wetter frischen Luftstrom zu gew\u00e4hrleisten.<\/li>\n<\/ul>\n<h3>Solar- und nachhaltige Energiel\u00f6sungen<\/h3>\n<ul>\n<li><strong>Dachsolarmodulsysteme<\/strong>\u00a0f\u00fcr autarke Versorgung oder Energiekostensenkung.<\/li>\n<li>Batteriespeichersysteme zur Sicherstellung einer unterbrechungsfreien Stromversorgung.<\/li>\n<li>Energieeffiziente LED-Beleuchtung und Ger\u00e4te mit geringem Verbrauch erh\u00e4ltlich.<\/li>\n<\/ul>\n<h3>Erweiterte Sicherheitsmerkmale<\/h3>\n<ul>\n<li>Verst\u00e4rktes\u00a0<strong>Stahlt\u00fcren<\/strong>\u00a0und sto\u00dffeste Fenster.<\/li>\n<li>Intelligente Schl\u00f6sser mit Tastatur- oder App-Steuerung.<\/li>\n<li>Integrierte Alarmsysteme und Bewegungsmelder-Beleuchtung.<\/li>\n<li>Rollladen- oder Gitter-Systeme f\u00fcr zus\u00e4tzlichen Schutz in abgelegenen Gebieten.<\/li>\n<\/ul>\n<h2>Anwendungsf\u00e4lle und Einsatzm\u00f6glichkeiten f\u00fcr ein 40-Fu\u00df-High-Cube-Containerhaus<\/h2>\n<h3>Wohncontainerh\u00e4user<\/h3>\n<p>A\u00a0<strong>40-Fu\u00df-High-Cube-Versandcontainerhaus<\/strong>\u00a0bietet einen ger\u00e4umigen Wohnbereich mit zus\u00e4tzlicher vertikaler H\u00f6he, was es komfortabler macht als Modelle mit Standardh\u00f6he. Sie k\u00f6nnen es als Dauerwohnsitz, Ferienhaus oder G\u00e4stehaus konfigurieren. Mit richtiger Isolierung und Oberfl\u00e4chen ist es einfach, das Gef\u00fchl eines traditionellen Hauses zu erreichen, aber mit schnelleren Bauzeiten und geringeren Kosten. Viele Hausbesitzer in Deutschland w\u00e4hlen dies f\u00fcr:<\/p>\n<ul>\n<li><strong>Dauerhafte Unterk\u00fcnfte<\/strong>\u00a0mit allen Versorgungsanschl\u00fcssen und Annehmlichkeiten.<\/li>\n<li><strong>Nebengeb\u00e4ude (ADUs)<\/strong>\u00a0um zus\u00e4tzlichen vermietbaren Raum auf ihrem Grundst\u00fcck zu schaffen.<\/li>\n<li><strong>Off-Grid-Wohnsysteme<\/strong>\u00a0mit Solartechnologie und Regenwassersammelsystemen.<\/li>\n<\/ul>\n<h3>Fernb\u00fcro und mobiler Arbeitsplatz<\/h3>\n<p>A\u00a0<strong>40-Fu\u00df-High-Cube-Prefab-Containerhaus<\/strong>\u00a0kann in einen modernen und funktionalen Arbeitsplatz umgewandelt werden. Diese Option eignet sich gut f\u00fcr Menschen, die ein\u00a0<strong>privates B\u00fcro<\/strong>\u00a0zu Hause, auf einer Baustelle oder in einer abgelegenen Gegend ben\u00f6tigen. Vorteile sind:<\/p>\n<ul>\n<li>Tragbare Struktur, die leicht zu verlegen ist.<\/li>\n<li>Verschlie\u00dfbar und sicher f\u00fcr die Aufbewahrung von Ausr\u00fcstung oder Dokumenten.<\/li>\n<li>Kann bequem Schreibtische, Besprechungsbereiche und sogar kleine Ruhebereiche unterbringen, dank der zus\u00e4tzlichen 30 cm H\u00f6he im Vergleich zu Standardcontainern.<\/li>\n<\/ul>\n<h3>Tempor\u00e4re Unterk\u00fcnfte und Katastrophenhilfe<\/h3>\n<p>In Situationen, in denen schnelle Unterbringung entscheidend ist,\u00a0<strong>40-Fu\u00df-High-Cube-Containerh\u00e4user<\/strong>\u00a0k\u00f6nnen schnell eingesetzt werden. Ihre Stahlkonstruktion macht sie langlebig in rauen Umgebungen, und sie k\u00f6nnen gestapelt oder in Reihen aufgestellt werden, um gr\u00f6\u00dfere Wohnkomplexe zu schaffen. G\u00e4ngige Verwendungen sind:<\/p>\n<ul>\n<li>Notunterk\u00fcnfte nach Naturkatastrophen.<\/li>\n<li>Tempor\u00e4re Unterk\u00fcnfte f\u00fcr Hilfskr\u00e4fte.<\/li>\n<li>Schnelle Wohnl\u00f6sungen bei Engp\u00e4ssen im Gemeinschaftswohnbereich.<\/li>\n<\/ul>\n<h3>Gewerbliche Veranstaltungsorte, Caf\u00e9s und Einzelhandelsgesch\u00e4fte<\/h3>\n<p>Viele Unternehmer in Deutschland verwandeln\u00a0<strong>40-Fu\u00df-High-Cube-Modulh\u00e4user<\/strong>\u00a0in auff\u00e4llige\u00a0<strong>Pop-up-Shops, Essensst\u00e4nde und Mini-Caf\u00e9s<\/strong>. Sie sind ideal f\u00fcr:<\/p>\n<ul>\n<li>Schneller Aufbau in stark frequentierten Gebieten.<\/li>\n<li>Mobiler Betrieb f\u00fcr Veranstaltungen oder saisonale M\u00e4rkte.<\/li>\n<li>Einzigartiges Ladenfrontdesign, das auff\u00e4llt.<\/li>\n<\/ul>\n<h3>Veranstaltungs- und Ausstellungsst\u00e4nde<\/h3>\n<p>Der\u00a0<strong>40-Fu\u00df-High-Cube-Container<\/strong>\u00a0funktioniert auch perfekt als\u00a0<strong>Veranstaltungsstand oder reisende Ausstellung<\/strong>. Es ist ger\u00e4umig genug f\u00fcr Produktpr\u00e4sentationen, interaktive Erlebnisse oder Ticketverkauf. Veranstalter sch\u00e4tzen, dass:<\/p>\n<ul>\n<li>Einheiten gebrandet und mit Grafiken individuell gestaltet werden k\u00f6nnen.<\/li>\n<li>Leicht zwischen Veranstaltungsorten zu transportieren sind.<\/li>\n<li>Mit dem zus\u00e4tzlichen vertikalen Raum passen Beleuchtungsanlagen und gro\u00dfe Displaymaterialien problemlos hinein.<\/li>\n<\/ul>\n<h2>Montage- und Installationsprozess f\u00fcr 40 Fu\u00df High Cube Containerhaus<\/h2>\n<p>Das Aufstellen eines\u00a0<strong>40 Fu\u00df Hochcube-Containerhaus<\/strong>\u00a0ist im Vergleich zu traditionellen Hausbauten unkompliziert. Die Einheit kommt vorgefertigt an, sodass die meiste Arbeit darin besteht, die Baustelle vorzubereiten und die Lieferung zu handhaben. Hier ist, was dazugeh\u00f6rt:<\/p>\n<h3>Einfache Einrichtung vor Ort<\/h3>\n<p>Ein standardm\u00e4\u00dfiges 40-Fu\u00df-High-Cube-Containerhaus kann in wenigen Stunden platziert und gesichert werden, sobald die Baustelle bereit ist. Die meisten Innenausstattungen und Einbauten sind bereits im Werk installiert, sodass keine langwierige Bauarbeiten vor Ort erforderlich sind. Das macht es ideal f\u00fcr\u00a0<strong>schnelle Einsatzbereitschaft<\/strong>\u00a0ob Sie eine Garten-Annex, ein entferntes B\u00fcro oder eine mobile Verkaufsstelle einrichten.<\/p>\n<h3>Erforderliche Fundamente und Erdarbeiten<\/h3>\n<p>Obwohl die Struktur selbsttragend ist, ist es am besten, eine\u00a0<strong>ebene und stabile Basis<\/strong>\u00a0zu haben, um die Lebensdauer zu verl\u00e4ngern und die Sicherheit zu verbessern. In Deutschland w\u00e4hlen die meisten K\u00e4ufer:<\/p>\n<ul>\n<li><strong>Betonplatte<\/strong>\u00a0\u2013 f\u00fcr dauerhafte Installationen und ganzj\u00e4hrige Stabilit\u00e4t<\/li>\n<li><strong>Pfahl- oder Blockfundamente<\/strong>\u00a0\u2013 kosteng\u00fcnstig f\u00fcr tempor\u00e4re oder halbpermanente Platzierung<\/li>\n<li><strong>Stahltr\u00e4ger- oder Skidfundament<\/strong>\u00a0\u2013 f\u00fcr mobile Nutzung und schnelle Neuplatzierung<\/li>\n<\/ul>\n<p>Eine solide Basis verhindert Feuchtigkeitssch\u00e4den, reduziert Setzungen und h\u00e4lt die Struktur des Containers ausgerichtet.<\/p>\n<h3>Gesch\u00e4tzte Installationszeiten<\/h3>\n<ul>\n<li><strong>Gel\u00e4ndevorbereitung:<\/strong>\u00a01\u20133 Tage (Nivellierung, Fundament, Versorgungsanschl\u00fcsse)<\/li>\n<li><strong>Containerplatzierung und Sicherung:<\/strong>\u00a02\u20134 Stunden mit Kran oder Gabelstapler<\/li>\n<li><strong>Endanschl\u00fcsse und Tests:<\/strong>\u00a01\u20132 Tage f\u00fcr Sanit\u00e4r-, Elektro- und HLK-Installation<\/li>\n<\/ul>\n<p>F\u00fcr die meisten Kunden in Deutschland kann der gesamte Prozess von der Lieferung bis zum Einzug unter einer Woche erfolgen\u2014ideal f\u00fcr schnelle Wohn- oder Gesch\u00e4ftseinrichtungen.<\/p>\n<h3>Transportlogistik<\/h3>\n<p>Das 40 Fu\u00df hohe Cube-Prefab-Geb\u00e4ude wird transportiert von\u00a0<strong>Pritschenwagen oder Anh\u00e4nger transportiert werden<\/strong>. In den meisten F\u00e4llen sind in Deutschland keine speziellen \u00dcbergr\u00f6\u00dfengenehmigungen erforderlich, da es in Standardversanddimensionen passt. Wichtige \u00dcberlegungen:<\/p>\n<ul>\n<li><strong>Zugangskl\u00e4rung:<\/strong>\u00a0Mindestens 12 Fu\u00df breite Stra\u00dfe\/Pfad und Wendekreis f\u00fcr Lieferfahrzeuge<\/li>\n<li><strong>Kr\u00e4ne oder schwere Gabelstapler:<\/strong>\u00a0Ben\u00f6tigt, um die Einheit an Ort und Stelle zu heben<\/li>\n<li><strong>Regionale Lieferzeiten:<\/strong>\u00a0In der Regel 3\u201314 Tage nach Produktion, abh\u00e4ngig vom Standort<\/li>\n<\/ul>\n<p>Die Wahl eines\u00a0<strong>zuverl\u00e4ssiger Versandpartner<\/strong>\u00a0sorgt f\u00fcr sichere Handhabung, sch\u00fctzt Ihre Investition und vermeidet kostspielige Verz\u00f6gerungen.<\/p>\n<h2>Warum Yichen f\u00fcr Ihr 40-Fu\u00df-Hochcube-Containerhaus w\u00e4hlen<\/h2>\n<p>Wenn Sie in ein\u00a0<strong>40 Fu\u00df Hochcube-Containerhaus<\/strong>, Sie m\u00f6chten einen Anbieter, der sowohl das Produkt als auch die Bed\u00fcrfnisse des deutschen Marktes versteht.\u00a0<strong>Yichen<\/strong>\u00a0hat sich seit \u00fcber 20 Jahren auf containerbasierte modulare Wohnl\u00f6sungen spezialisiert und liefert zuverl\u00e4ssige L\u00f6sungen f\u00fcr Wohn-, Gesch\u00e4fts- und Notfalleins\u00e4tze. Hier ist, warum wir hervorstechen:<\/p>\n<h3>20 Jahre Branchenerfahrung<\/h3>\n<p>Mit zwei Jahrzehnten Erfahrung in der Containerhausbranche wissen wir, was funktioniert und was langlebig ist. Wir haben jede Phase verfeinert\u2014Design, Herstellung und Installation\u2014damit Sie ein Zuhause erhalten, das auf\u00a0<strong>langfristige Haltbarkeit und Komfort ausgelegt ist<\/strong>.<\/p>\n<h3>Strenge Qualit\u00e4tskontrollen und Zertifizierungen<\/h3>\n<p>Jede Einheit wird gebaut, um\u00a0<strong>erf\u00fcllt oder \u00fcbertrifft internationale Sicherheits- und Bauvorschriften<\/strong>. Wir verwenden hochwertigen Cortenstahl und zertifizierte D\u00e4mmmaterialien, um die strukturelle Integrit\u00e4t und Energieeffizienz zu gew\u00e4hrleisten. Bevor die Fabrik verlassen wird, durchl\u00e4uft jedes\u00a0<strong>40-Fu\u00df-High-Cube-Prefab-Containerhaus<\/strong>\u00a0mehrere Qualit\u00e4tskontrollen, um Probleme vor Ort zu vermeiden.<\/p>\n<h3>Bew\u00e4hrte Erfolgsbilanz<\/h3>\n<p>Unser Portfolio umfasst erfolgreiche Projekte in Deutschland\u2014von kleinen H\u00e4usern in Bayern bis zu Pop-up-Shops in Berlin.\u00a0<strong>Kundenbewertungen<\/strong>\u00a0hervorheben unsere Zuverl\u00e4ssigkeit, Produktqualit\u00e4t und After-Sales-Support. Dies sind keine einmaligen Projekte\u2014viele Kunden kehren f\u00fcr zus\u00e4tzliche Bauvorhaben oder Erweiterungen zur\u00fcck.<\/p>\n<h3>Kundenservice nach dem Verkauf und Garantie<\/h3>\n<p>Wir gehen nach der Lieferung nicht weg.\u00a0<strong>Jedes Yichen 40-Fu\u00df-High-Cube-Modulhaus<\/strong>\u00a0wird mit einer umfassenden Garantie geliefert, und unser Serviceteam steht bereit, um bei Wartung, Ersatzteilen und Anpassungsempfehlungen zu helfen. Das bedeutet langfristige Sicherheit, lange nachdem Ihr Projekt abgeschlossen ist.<\/p>\n<h3>Wettbewerbsf\u00e4hige Preise und schnelle Lieferung<\/h3>\n<p>Unser optimierter Produktionsprozess erm\u00f6glicht es Ihnen\u00a0<strong>erschwingliche Preise, ohne die Qualit\u00e4t zu beeintr\u00e4chtigen<\/strong>. Wir bieten\u00a0<strong>schnelle Lieferzeiten<\/strong>\u00a0um dringende Wohn- oder Gesch\u00e4ftsbed\u00fcrfnisse zu erf\u00fcllen. Ob Sie eine einzelne Einheit oder mehrere stapelbare Module ben\u00f6tigen, wir halten die Lieferzeiten kurz und die Logistik einfach.<\/p>\n<h2>Preisinformationen und Bestellhinweise f\u00fcr das 40-Fu\u00df-High-Cube-Containerhaus<\/h2>\n<h3>Preis\u00fcbersicht<\/h3>\n<p>Der\u00a0<strong>40 Fu\u00df Hochcube-Containerhaus<\/strong>\u00a0basieren auf Ihrem gew\u00e4hlten Layout, den Oberfl\u00e4chen und optionalen Upgrades.<\/p>\n<ul>\n<li><strong>Grundpreis<\/strong>\u00a0umfasst die Stahlkonstruktion, D\u00e4mmung, vorinstallierte T\u00fcren und Fenster.<\/li>\n<li><strong>Aufr\u00fcstungen<\/strong>\u00a0wie vollst\u00e4ndige Sanit\u00e4ranlagen, HLK, Solarpanels und individuelle Innenausstattungen werden separat berechnet.<\/li>\n<li>Gro\u00dfbestellungen und Projekte mit mehreren Einheiten k\u00f6nnen f\u00fcr\u00a0<strong>Mengenrabatte<\/strong>.<br \/>\nDa jede Einheit oft individuell angepasst wird, empfehlen wir\u00a0<strong>eine kostenlose Angebotserstellung anzufordern<\/strong>\u00a0f\u00fcr eine genaue Preisgestaltung.<\/li>\n<\/ul>\n<h3>Lieferzeiten und Produktionskapazit\u00e4t<\/h3>\n<p>Wir halten st\u00e4ndig Lagerbest\u00e4nde f\u00fcr Standardmodelle vor und k\u00f6nnen auch gro\u00dfe Sonderprojekte umsetzen.<\/p>\n<ul>\n<li><strong>Standardmodell<\/strong>: Die Produktionszeit betr\u00e4gt in der Regel\u00a0<strong>4\u20136 Wochen<\/strong>.<\/li>\n<li><strong>Ma\u00dfanfertigungen<\/strong>: Erwarten Sie\u00a0<strong>6\u201310 Wochen<\/strong>, abh\u00e4ngig vom Design und den zus\u00e4tzlichen Funktionen.<\/li>\n<li><strong>Gro\u00dfbestellungen<\/strong>: Unsere Anlage kann mehrere Einheiten gleichzeitig produzieren, um zeitkritische Projekte zu erf\u00fcllen.<\/li>\n<\/ul>\n<h3>So bestellen Sie<\/h3>\n<p>Die Bestellung Ihres\u00a0<strong>40-Fu\u00df-High-Cube-Prefab-Containerhaus<\/strong>\u00a0sind unkompliziert:<\/p>\n<ol>\n<li><strong>Kontaktieren Sie uns<\/strong>\u00a0\u00fcber\u00a0<strong>Telefon, E-Mail oder Online-Formular<\/strong>\u00a0um Ihr Projekt zu besprechen.<\/li>\n<li>Geben Sie Ihre\u00a0<strong>Layoutpr\u00e4ferenzen<\/strong>\u00a0und alle spezifischen Funktionen an, die Sie w\u00fcnschen.<\/li>\n<li>Wir senden Ihnen ein\u00a0<strong>detailliertes Angebot<\/strong>\u00a0mit Zeitpl\u00e4nen und Spezifikationen.<\/li>\n<li>Nach Freigabe beginnen wir mit der Produktion und koordinieren die Lieferung an Ihren Standort.<\/li>\n<\/ol>\n<h3>Kontakt f\u00fcr Beratung und Angebote<\/h3>\n<ul>\n<li><strong>Telefon<\/strong>: [Nummer einf\u00fcgen] \u2013 Sprechen Sie direkt mit einem Containerhaus-Spezialisten.<\/li>\n<li><strong>E-Mail<\/strong>: [E-Mail einf\u00fcgen] \u2013 Senden Sie uns Ihre Anforderungen und erhalten Sie ein schriftliches Angebot.<\/li>\n<li><strong>Online-Formular<\/strong>: [Link einf\u00fcgen] \u2013 Schnelle und einfache Anfrage\u00fcbermittlung.<\/li>\n<\/ul>\n<p><strong>Tipp:<\/strong>\u00a0F\u00fcr eine schnellere Bearbeitung haben Sie Ihren Standort, den geplanten Verwendungszweck und die Budgetspanne bereit, bevor Sie uns kontaktieren.<a href=\"https:\/\/yccontainerhouse.com\/product\/20-ft-expandable-container-house\/\">20 Ft erweiterbares Containerhaus<\/a><\/p>","protected":false},"excerpt":{"rendered":"<p data-start=\"0\" data-end=\"234\">Mit unserem <strong data-start=\"9\" data-end=\"43\">40 Fu\u00df Hochcube-Containerhaus<\/strong>, Sie erhalten zus\u00e4tzliche H\u00f6he und effizientere Raumnutzung. Kein Gef\u00fchl mehr von Enge \u2014 es ist, als w\u00fcrde sich das Haus an Ihren Lebensstil anpassen. Perfekt f\u00fcr Familien oder jeden, der Raum zum Atmen liebt.<\/p>\n<p data-start=\"236\" data-end=\"455\">Wir wissen <strong data-start=\"244\" data-end=\"271\">Versandkosten sind hoch<\/strong>, daher l\u00e4sst sich dieses Design flach verpacken und effizient bewegen. Sie zahlen nicht f\u00fcr unn\u00f6tige Luft w\u00e4hrend des Transports. Es ist, als w\u00fcrde Ihr Zuhause schlank und clever reisen, was mehr Geld in Ihrer Tasche l\u00e4sst.<\/p>\n<p data-start=\"457\" data-end=\"674\" data-is-last-node=\"\" data-is-only-node=\"\">Das ist ein Problem, das wir l\u00f6sen. Der <strong data-start=\"507\" data-end=\"533\">verst\u00e4rkten Stahlrahmen<\/strong> sch\u00fctzt vor Dellen und Kratzern, w\u00e4hrend jedes Paneel fest verriegelt. Ihr Haus kommt stark, sicher und einsatzbereit an \u2014 genau wie beim Verlassen.<\/p>","protected":false},"featured_media":797,"comment_status":"closed","ping_status":"closed","template":"","meta":[],"product_brand":[],"product_cat":[24],"product_tag":[],"class_list":{"0":"post-610","1":"product","2":"type-product","3":"status-publish","4":"has-post-thumbnail","6":"product_cat-folding-contianer-house","8":"first","9":"instock","10":"sold-individually","11":"shipping-taxable","12":"product-type-simple"},"_links":{"self":[{"href":"https:\/\/yccontainerhouse.com\/de\/wp-json\/wp\/v2\/product\/610","targetHints":{"allow":["GET"]}}],"collection":[{"href":"https:\/\/yccontainerhouse.com\/de\/wp-json\/wp\/v2\/product"}],"about":[{"href":"https:\/\/yccontainerhouse.com\/de\/wp-json\/wp\/v2\/types\/product"}],"replies":[{"embeddable":true,"href":"https:\/\/yccontainerhouse.com\/de\/wp-json\/wp\/v2\/comments?post=610"}],"version-history":[{"count":0,"href":"https:\/\/yccontainerhouse.com\/de\/wp-json\/wp\/v2\/product\/610\/revisions"}],"wp:featuredmedia":[{"embeddable":true,"href":"https:\/\/yccontainerhouse.com\/de\/wp-json\/wp\/v2\/media\/797"}],"wp:attachment":[{"href":"https:\/\/yccontainerhouse.com\/de\/wp-json\/wp\/v2\/media?parent=610"}],"wp:term":[{"taxonomy":"product_brand","embeddable":true,"href":"https:\/\/yccontainerhouse.com\/de\/wp-json\/wp\/v2\/product_brand?post=610"},{"taxonomy":"product_cat","embeddable":true,"href":"https:\/\/yccontainerhouse.com\/de\/wp-json\/wp\/v2\/product_cat?post=610"},{"taxonomy":"product_tag","embeddable":true,"href":"https:\/\/yccontainerhouse.com\/de\/wp-json\/wp\/v2\/product_tag?post=610"}],"curies":[{"name":"wp","href":"https:\/\/api.w.org\/{rel}","templated":true}]}}