{"id":959,"date":"2025-09-03T03:30:28","date_gmt":"2025-09-03T03:30:28","guid":{"rendered":"https:\/\/yccontainerhouse.com\/?post_type=product&#038;p=959"},"modified":"2025-09-03T03:35:03","modified_gmt":"2025-09-03T03:35:03","slug":"visum-luxury-container-house","status":"publish","type":"product","link":"https:\/\/yccontainerhouse.com\/de\/product\/visum-luxury-container-house\/","title":{"rendered":"Visum Luxus Containerhaus Hohe Qualit\u00e4t"},"content":{"rendered":"<p>Der\u00a0<strong>Visum Luxus-Containerhaus<\/strong>\u00a0wird mit einem\u00a0<strong>hochwertigen verzinkten Stahlrahmen<\/strong>\u00a0f\u00fcr maximale St\u00e4rke und Haltbarkeit konstruiert. Die Struktur ist\u00a0<strong>korrosionsbest\u00e4ndig<\/strong>, erf\u00fcllt strenge internationale Bauvorschriften.<br \/>\nD\u00e4mmung hat h\u00f6chste Priorit\u00e4t, mit\u00a0<strong>geschlossenzellige Spr\u00fchschaumisolierung<\/strong>\u00a0or\u00a0<strong>starre Plattenisolierung<\/strong>\u00a0Optionen, die eine \u00fcberlegene thermische Leistung und Ger\u00e4uschreduzierung gew\u00e4hrleisten. Wetterfeste Barrieren und verst\u00e4rkte Verbindungen bieten Stabilit\u00e4t gegen extreme Klimabedingungen, von starkem Schneefall bis zu K\u00fcstenwinden.<\/p>\n<p><strong>Wichtige strukturelle Highlights<\/strong>:<\/p>\n<ul>\n<li>Hochfester verzinkter Stahlrahmen<\/li>\n<li>Korrosions- und rostbest\u00e4ndige Beschichtung<\/li>\n<li>Langlebige Au\u00dfenpaneel-Beschichtung<\/li>\n<li>Premium-D\u00e4mmung mit hohen R-Werten<\/li>\n<li>Verst\u00e4rkte Schwei\u00dfn\u00e4hte f\u00fcr Erdbeben- und Windbest\u00e4ndigkeit<\/li>\n<\/ul>\n<hr \/>\n<h3>Abmessungen und Grundriss<\/h3>\n<p>Visum modulare Containerh\u00e4user sind mit Flexibilit\u00e4t im Sinn gebaut. Erh\u00e4ltlich in Standard-ISO-Containergr\u00f6\u00dfen und ma\u00dfgeschneiderten Abmessungen, k\u00f6nnen sie als Einzelger\u00e4te oder in Kombination f\u00fcr Mehrger\u00e4te-Layouts gestaltet werden.<\/p>\n<p><strong>Beliebte Gr\u00f6\u00dfen<\/strong>:<br \/>\n| Modelltyp | Abmessungen (L \u00d7 B \u00d7 H ft) | Nutzfl\u00e4che |<br \/>\n|\u2014\u2014\u2014\u2014|\u2014\u2014\u2014\u2014\u2014\u2014\u2014\u2014\u2014|\u2014\u2014\u2014\u2014-|<br \/>\n| 20 ft Einheit | 20 \u00d7 8 \u00d7 9,5 | ~160 qm ft |<br \/>\n| 40 ft Einheit | 40 \u00d7 8 \u00d7 9,5 | ~320 qm ft |<br \/>\n| Modulares Kombi | Ma\u00dfgeschneidert | Erweiterbar |<\/p>\n<p>Grundrisse reichen von\u00a0<strong>studio\u00e4hnlichen offenen R\u00e4umen<\/strong>\u00a0to\u00a0<strong>mehrzimmerigen modularen H\u00e4usern<\/strong>\u00a0mit separaten Ess-, Wohn- und K\u00fcchenbereichen.<\/p>\n<hr \/>\n<h3>Innenarchitektur und Ausstattung<\/h3>\n<p>Visum bietet ein\u00a0<strong>erstklassiges Wohnerlebnis<\/strong>\u00a0in jedem modularen Containerhaus. Alle Innenr\u00e4ume verf\u00fcgen \u00fcber\u00a0<strong>hochwertige Oberfl\u00e4chen<\/strong>, ma\u00dfgefertigte Schr\u00e4nke und luxuri\u00f6se Bodenbel\u00e4ge.<\/p>\n<p><strong>Innenraum-Highlights<\/strong>:<\/p>\n<ul>\n<li>Hartholz- oder nachhaltige Bambusb\u00f6den<\/li>\n<li>Ma\u00dfgefertigte Schr\u00e4nke in Designer-Oberfl\u00e4chen<\/li>\n<li>Importierte Stein- oder Quarzarbeitsplatten<\/li>\n<li>Smart-Home-Automatisierung (Beleuchtung, Klima, Sicherheit)<\/li>\n<li>Integration von Premium-Ger\u00e4ten<\/li>\n<li>Schallreduzierende isolierte W\u00e4nde und Decken<\/li>\n<\/ul>\n<hr \/>\n<h3>Energieeffizienz und Nachhaltigkeit<\/h3>\n<p>Energieeinsparungen sind in jedem\u00a0<strong>Luxus-Vorfertigcontainerhaus<\/strong>\u00a0von Visum integriert. Solarpaket, fortschrittliche Isolierung und Low-E-Doppelverglasung sind Standard oder verf\u00fcgbare Upgrades.<\/p>\n<p><strong>Umweltfreundliche Merkmale<\/strong>:<\/p>\n<ul>\n<li>Integration von Solarenergie mit Batteriespeicher<\/li>\n<li>Hochwertige Isolierung mit hohem R-Wert f\u00fcr reduzierte Heiz- und K\u00fchlbed\u00fcrfnisse<\/li>\n<li>Low-E-Fenster f\u00fcr verbesserte Energieeffizienz<\/li>\n<li>Optionale Regenwassersammelsysteme<\/li>\n<li>Umweltfreundliche, recycelbare Materialien<\/li>\n<\/ul>\n<hr \/>\n<h3>Mobilit\u00e4t und Installation<\/h3>\n<p>Das Visum-Haus ist ein\u00a0<strong>mobile Containerwohnung<\/strong>\u00a0durch Design. Es bietet einfache Umz\u00fcge, schnelle Einrichtung und minimale Baustellenst\u00f6rung.<\/p>\n<p><strong>Installationsdetails<\/strong>:<\/p>\n<ul>\n<li>Geliefert per Flachbett-LKW oder Versandcontainertransport<\/li>\n<li>Aufbau in Tagen, nicht in Monaten<\/li>\n<li>Minimale Fundamentanforderungen (Betonpf\u00e4hle oder Platte)<\/li>\n<li>Vollst\u00e4ndig vorverkabelt und vorinstalliert im Werk<\/li>\n<\/ul>\n<hr \/>\n<h3>Anpassungsoptionen<\/h3>\n<p>Jedes Luxus-Modulhaus von Visum kann an Ihren Lebensstil angepasst werden.<\/p>\n<p><strong>Verf\u00fcgbare Sonderoptionen<\/strong>:<\/p>\n<ul>\n<li>Farbgestaltung im Au\u00dfenbereich und Verkleidungsmaterialien<\/li>\n<li>Mehrere Grundrisskonfigurationen<\/li>\n<li>Ma\u00dfgeschneiderte K\u00fcchenlayouts und Badezimmerdesigns<\/li>\n<li>Terrassen, Patios und Dachterrassen<\/li>\n<li>Eingebaute Speicherl\u00f6sungen<\/li>\n<li>Designer-Beleuchtungspakete<\/li>\n<\/ul>\n<h2>Vorteile der Wahl des Visum Luxury Container House<\/h2>\n<h3>Kosteneffizienz im Vergleich zum traditionellen Bau<\/h3>\n<p>A\u00a0<strong>Visum Luxus-Containerhaus<\/strong>\u00a0bietet erhebliche Einsparungen gegen\u00fcber Standardh\u00e4usern. Sie vermeiden lange Arbeitskosten, teure Verz\u00f6gerungen vor Ort und \u00fcberm\u00e4\u00dfigen Materialverschwendung. Da die Struktur in einer kontrollierten Fabrikumgebung gebaut wird, sind die Kosten vorhersehbar und es gibt weniger \u00dcberraschungskosten.<br \/>\n<strong>Einsparungen ergeben sich aus:<\/strong><\/p>\n<ul>\n<li>K\u00fcrzerer Bauzeit und reduzierter Arbeitsaufwand<\/li>\n<li>Minimale Materialverschwendung durch pr\u00e4zise Fertigung<\/li>\n<li>Niedrigere Genehmigungs- und Baustellenvorbereitungskosten in vielen Gebieten<\/li>\n<\/ul>\n<div class=\"table-responsive\">\n<table class=\"table\">\n<thead>\n<tr>\n<th>Merkmal<\/th>\n<th>Visum Luxus-Containerhaus<\/th>\n<th>Traditioneller Bau<\/th>\n<\/tr>\n<\/thead>\n<tbody>\n<tr>\n<td>Bauzeit<\/td>\n<td>Wochen<\/td>\n<td>Monate bis \u00fcber ein Jahr<\/td>\n<\/tr>\n<tr>\n<td>Arbeitskosten<\/td>\n<td>Niedrig<\/td>\n<td>Hohe<\/td>\n<\/tr>\n<tr>\n<td>Materialverschwendung<\/td>\n<td>Minimal<\/td>\n<td>Mittel bis hoch<\/td>\n<\/tr>\n<tr>\n<td>Preisschwankungen<\/td>\n<td>Niedrig<\/td>\n<td>Hohe<\/td>\n<\/tr>\n<\/tbody>\n<\/table>\n<\/div>\n<h3>Bau- und Installationsgeschwindigkeit<\/h3>\n<p>Diese\u00a0<strong>modularen Containerh\u00e4usern<\/strong>\u00a0kann in\u00a0<strong>einem Bruchteil der Zeit<\/strong>\u00a0von regul\u00e4ren H\u00e4usern. Die meisten Modelle werden au\u00dferhalb des Standorts gebaut und kommen nahezu bezugsfertig an. Die Installation kann oft in nur wenigen Tagen abgeschlossen werden.<\/p>\n<ul>\n<li>Werksgefertigte Pr\u00e4zision reduziert die Vorbereitungen vor Ort<\/li>\n<li>Schnelle Lieferung und Aufbau im Vergleich zu monatelangen Bauzeiten<\/li>\n<li>Ideal zur Deckung dringender Wohnbed\u00fcrfnisse oder schneller Umz\u00fcge<\/li>\n<\/ul>\n<h3>Nachhaltiges und umweltbewusstes Wohnen<\/h3>\n<p>A\u00a0<strong>Visum umweltfreundliches Containerhaus<\/strong>\u00a0verwendet hochwertige Stahlcontainer wieder und integriert nachhaltige Materialien. In Kombination mit effizienter Isolierung und optionalen Solarsystemen hilft es, langfristige Energiekosten zu senken und den CO2-Fu\u00dfabdruck zu reduzieren.<\/p>\n<ul>\n<li>Recycelte Grundstruktur verringert den Ressourcenbedarf<\/li>\n<li>Hohe Isolationswerte reduzieren Heiz- und K\u00fchlbedarf<\/li>\n<li>Optionen f\u00fcr Solarpanels und Regenwassernutzungssysteme<\/li>\n<\/ul>\n<h3>Mobilit\u00e4t und Flexibilit\u00e4t<\/h3>\n<p>Im Gegensatz zu dauerhaften traditionellen H\u00e4usern ist ein\u00a0<strong>mobiles Luxus-Containerhaus<\/strong>\u00a0beweglich, wenn Sie umziehen. Ob ein Umzug innerhalb der Stadt oder quer durch Deutschland, der modulare Aufbau ist f\u00fcr den Transport ausgelegt, ohne an Haltbarkeit einzub\u00fc\u00dfen.<\/p>\n<ul>\n<li>Leicht umziehbar ohne kompletten Wiederaufbau<\/li>\n<li>Flexible Gr\u00f6\u00dfen- und Layout\u00e4nderungen im Laufe der Zeit<\/li>\n<li>Geeignet als Hauptwohnsitz, Ferienimmobilie oder Mietobjekt<\/li>\n<\/ul>\n<h3>Haltbarkeit und Widerstandsf\u00e4higkeit<\/h3>\n<p>Hergestellt aus\u00a0<strong>marine-grade Stahl<\/strong>\u00a0mit verst\u00e4rktem Rahmen sind Visum Containerh\u00e4user auf Langlebigkeit ausgelegt. Sie widerstehen extremen Wetterbedingungen, sind sch\u00e4dlingsresistent und ben\u00f6tigen im Vergleich zu Holzh\u00e4usern nur minimalen Wartungsaufwand.<\/p>\n<ul>\n<li>Wetterbest\u00e4ndige und sch\u00e4dlingsresistente Materialien<\/li>\n<li>Erf\u00fcllt oder \u00fcbertrifft die deutschen Bauvorschriften in den meisten Regionen<\/li>\n<li>Lange Lebensdauer bei geringem Wartungsaufwand<\/li>\n<\/ul>\n<h2>Bestellprozess und Dienstleistungen f\u00fcr Visum Luxus-Containerhaus<\/h2>\n<h3>Schritt-f\u00fcr-Schritt-Prozess<\/h3>\n<p>Die Bestellung eines\u00a0<strong>Visum Luxus-Containerhaus<\/strong>\u00a0ist unkompliziert, aber auf Anpassung ausgelegt, um Ihren Bed\u00fcrfnissen gerecht zu werden. Wir folgen einem einfachen, strukturierten Prozess:<\/p>\n<ol>\n<li><strong>Beratung<\/strong>\u00a0\u2013 Wir beginnen damit, Ihre Anforderungen, Lebensstilpr\u00e4ferenzen, Standort und Budget kennenzulernen. Das hilft uns, die besten\u00a0<strong>Luxus-Containerhaus-Designs<\/strong>\u00a0und Grundrisse zu empfehlen.<\/li>\n<li><strong>Design und Anpassung<\/strong>\u00a0\u2013 Unser Team arbeitet mit Ihnen an Layout, Oberfl\u00e4chen, Farbschemata und optionalen Extras wie Terrassen oder Solaranlagen. Sie erhalten vollen Zugriff auf\u00a0<strong>ma\u00dfgeschneiderte Containerhaus-Designs<\/strong>\u00a0Optionen.<\/li>\n<li><strong>Produktion<\/strong>\u00a0\u2013 Sobald das Design genehmigt ist, fertigen wir Ihr Haus mit hochwertigen Stahlrahmen und Premium-Materialien in unserer Anlage.<\/li>\n<li><strong>Lieferung<\/strong>\u00a0\u2013 Ihr Modulhaus wird mit speziellen Versandmethoden zu Ihrem Standort transportiert, um die Struktur zu sch\u00fctzen.<\/li>\n<li><strong>Installation<\/strong>\u00a0\u2013 Je nach gew\u00e4hltem Modell kann die Einrichtung innerhalb von Tagen erfolgen. Wir stellen sicher, dass alle Versorgungsanschl\u00fcsse, Oberfl\u00e4chen und Verbindungen den deutschen Bau- und Sicherheitsstandards entsprechen.<\/li>\n<\/ol>\n<h3>Garantie und Support<\/h3>\n<ul>\n<li><strong>Strukturelle Garantie<\/strong>\u00a0\u2013 Deckt den Stahlrahmen und die Kernstruktur gegen M\u00e4ngel ab.<\/li>\n<li><strong>Systemgarantie<\/strong>\u00a0\u2013 Schutz f\u00fcr elektrische, Sanit\u00e4r- und HLK-Systeme.<\/li>\n<li><strong>Nachinstallationssupport<\/strong>\u00a0\u2013 Laufende Unterst\u00fctzung bei Anpassungen oder Reparaturen sowie Wartungstipps zur Verl\u00e4ngerung der Lebensdauer Ihres Hauses.<\/li>\n<\/ul>\n<h3>Finanzierungsoptionen<\/h3>\n<p>Wir bieten mehrere\u00a0<strong>erschwingliche Finanzierungsl\u00f6sungen f\u00fcr Luxus-Containerh\u00e4user<\/strong>\u00a0an:<\/p>\n<ul>\n<li>Partnerkreditgeber mit wettbewerbsf\u00e4higen Zinss\u00e4tzen und flexiblen R\u00fcckzahlungsbedingungen.<\/li>\n<li>Mietkaufprogramme in ausgew\u00e4hlten Bundesl\u00e4ndern.<\/li>\n<li>Zahlungspl\u00e4ne f\u00fcr Anpassungs-Upgrades.<\/li>\n<\/ul>\n<h3>Kundenbewertungen und Fallstudien<\/h3>\n<p>Echte Kunden in Deutschland haben sich f\u00fcr das\u00a0<strong>Visum modulare Containerhaus<\/strong>\u00a0f\u00fcr:<\/p>\n<ul>\n<li>Verkleinerung auf ein modernes, pflegeleichtes Zuhause.<\/li>\n<li>Zweitwohnungen auf Feriengrundst\u00fccken.<\/li>\n<li>Erschwinglich, aber\u00a0<strong>hochwertige modulare Wohnh\u00e4user<\/strong>\u00a0auf l\u00e4ndlichem Grundst\u00fcck.<\/li>\n<\/ul>\n<p><strong>Fallbeispiel<\/strong>\u00a0\u2013 Eine Familie in Texas bestellte ein 2\u2011Schlafzimmer\u00a0<strong>Luxus-Vorfertigcontainerhaus<\/strong>\u00a0mit Dachterrasse. Von der Designberatung bis zum Einzug vergingen sieben Wochen, und ihre monatlichen Nebenkosten sanken dank Solarintegration um 40 %.<\/p>\n<h2>\u00dcber Yichen<\/h2>\n<h3>20 Jahre Erfahrung in Luxus- und modularen Containerh\u00e4usern<\/h3>\n<p>Yichen ist seit \u00fcber 20 Jahren in der\u00a0<strong>mobilen und luxuri\u00f6sen Containerhausbranche t\u00e4tig<\/strong>und betreut Kunden in Deutschland und weltweit. Wir haben uns einen Ruf erarbeitet, indem wir\u00a0<strong>hochwertige, langlebige und stilvolle modulare Wohnl\u00f6sungen<\/strong>\u00a0liefern, die den modernen Wohnbed\u00fcrfnissen entsprechen. Unsere lange Erfahrung bedeutet, dass wir den\u00a0<strong>deutschen Wohnungsmarkt, Bauvorschriften und Kundenerwartungen verstehen<\/strong>, sei es f\u00fcr Wohn-, Gesch\u00e4fts- oder Freizeitnutzung.<\/p>\n<h3>Fortschrittliche Fertigung und Innovation<\/h3>\n<p>Jede\u00a0<strong>Visum Luxus-Containerhaus<\/strong>\u00a0wird in unseren hochmodernen Fertigungsanlagen hergestellt, die\u00a0<strong>Pr\u00e4zisionstechnik und strenge Qualit\u00e4tskontrolle verwenden<\/strong>. Von\u00a0<strong>marine-grade Stahlrahmen<\/strong>\u00a0to\u00a0<strong>Premium-Isolierung und hochwertige Oberfl\u00e4chen<\/strong>, wir fertigen jedes Zuhause so, dass es allen Wetterbedingungen standh\u00e4lt, auch in herausfordernden Klimazonen.<br \/>\nWir investieren kontinuierlich\u00a0<strong>in Innovationen<\/strong>, und bieten Optionen wie integrierte Solarsysteme, Smart-Home-Technologie und modulare Erweiterungen f\u00fcr zuk\u00fcnftige Bed\u00fcrfnisse. Unsere Fertigungskapazit\u00e4ten erm\u00f6glichen es uns, sowohl\u00a0<strong>Standardmodelle<\/strong>\u00a0und\u00a0<strong>vollst\u00e4ndig individuell gestaltete Grundrisse<\/strong>\u00a0um zu Ihrem Lebensstil zu passen.<\/p>\n<h3>Engagement f\u00fcr Qualit\u00e4t und Kundenzufriedenheit<\/h3>\n<p>Wir wissen, dass der Wert eines Containerhauses nicht nur im Design liegt \u2014 es kommt darauf an, wie es gebaut ist und wie es sich im Laufe der Zeit verh\u00e4lt. Deshalb:<\/p>\n<ul>\n<li>Alle Materialien sind\u00a0<strong>ISO-zertifiziert<\/strong>\u00a0und stammen von vertrauensw\u00fcrdigen Lieferanten.<\/li>\n<li>Jede Einheit durchl\u00e4uft\u00a0<strong>mehrstufige Inspektionen<\/strong>\u00a0vor der Lieferung.<\/li>\n<li>Wir bieten\u00a0<strong>pers\u00f6nliche Beratung<\/strong>\u00a0um Ihnen bei der Auswahl von Grundrissen, Oberfl\u00e4chen und Upgrades zu helfen, die am besten zu Ihnen passen.<\/li>\n<li>Unsere\u00a0<strong>dediziertes After-Sales-Team<\/strong>\u00a0Stellt sicher, dass Ihr Visum-Luxus-Containerhaus in Topform bleibt f\u00fcr Jahre.<\/li>\n<\/ul>\n<p>Wenn Sie eine Option mit kleinerer Umweltbelastung w\u00fcnschen, k\u00f6nnen Sie unsere\u00a0<strong><a href=\"https:\/\/yccontainerhouse.com\/product\/20ft-single-container-house\/\">6-Meter-Einzelcontainerhaus<\/a><\/strong>\u00a0f\u00fcr kompaktes Wohnen ohne Komfortverlust sehen.<\/p>\n<p>Yichen ist nicht nur ein Hersteller \u2014 wir sind ein\u00a0<strong>Partner<\/strong>\u00a0bei der Schaffung Ihres idealen Wohn- oder Arbeitsraums mit\u00a0<strong>Flexibilit\u00e4t, Stil und Haltbarkeit<\/strong>\u00a0im Mittelpunkt.<\/p>\n<h2>FAQs f\u00fcr Visum-Luxus-Containerhaus<\/h2>\n<h3>Verwendete Materialien im Visum-Luxus-Containerhaus<\/h3>\n<p>Unsere\u00a0<strong>Visum-Luxus-Containerh\u00e4user<\/strong>\u00a0werden gebaut mit\u00a0<strong>Hochwertige Stahlrahmen<\/strong>\u00a0f\u00fcr strukturelle St\u00e4rke und Wetterschutz. Die Au\u00dfen- und Dachpaneele sind korrosionsbest\u00e4ndig, und alle Einheiten sind isoliert mit entweder\u00a0<strong>geschlossenzelliger Spr\u00fchschaum<\/strong>\u00a0or\u00a0<strong>Hochdichte-Polyurethanplatten<\/strong>\u00a0um Komfort das ganze Jahr \u00fcber zu gew\u00e4hrleisten. Fenster sind typischerweise doppelt verglast f\u00fcr bessere Energieeffizienz und Ger\u00e4uschreduzierung.<\/p>\n<h3>Genehmigungen und Zonenvorschriften<\/h3>\n<p>In den meisten Bundesl\u00e4ndern ist eine\u00a0<strong>Baugenehmigung<\/strong>\u00a0or\u00a0<strong>Genehmigung f\u00fcr modulare H\u00e4user<\/strong>\u00a0ist vor der Installation erforderlich. Da die Vorschriften in Deutschland je nach Bundesland und Stadt variieren, helfen wir Ihnen, die lokalen Anforderungen zu verstehen, indem wir detaillierte technische Zeichnungen, Berichte zur strukturellen Einhaltung und Fundamentpl\u00e4ne bereitstellen, die den deutschen Bauvorschriften entsprechen. Es ist immer am besten, fr\u00fchzeitig mit Ihrem \u00f6rtlichen Bauamt R\u00fccksprache zu halten.<\/p>\n<h3>Individuelles Design f\u00fcr Ihre Bed\u00fcrfnisse<\/h3>\n<p>Wir bieten\u00a0<strong>vollst\u00e4ndige individuelle Designleistungen<\/strong>. Sie k\u00f6nnen w\u00e4hlen:<\/p>\n<ul>\n<li>Grundrisslayouts (Studio, 1-Zimmer, Mehrfamilieneinheit)<\/li>\n<li>Material-Upgrades (Premium-Bodenbel\u00e4ge, Schr\u00e4nke, Ger\u00e4te)<\/li>\n<li>Au\u00dfenverkleidungen und Farbschemata<\/li>\n<li>Zusatzoptionen wie Terrassen, Dachterrassen und Pergolen<\/li>\n<\/ul>\n<h3>Wartung und Haltbarkeit<\/h3>\n<p>Visum Containerh\u00e4user sind\u00a0<strong>geringwartungsf\u00e4hig<\/strong>\u00a0dank ihres Stahlrahmens und langlebiger Oberfl\u00e4chen. So sieht die typische Wartung aus:<\/p>\n<ul>\n<li>J\u00e4hrliche Inspektion des Dachs und der Au\u00dfenanstriche oder Verkleidungen<\/li>\n<li>Schmierung der T\u00fcr- und Fensterdichtungen<\/li>\n<li>Reinigung der Solarpaneele (falls vorhanden) alle 6\u201312 Monate<\/li>\n<li>Viertelj\u00e4hrlicher Austausch der HVAC-Filter<br \/>\nMit rostbest\u00e4ndigen Beschichtungen und langlebigen Materialien gebaut, sind unsere H\u00e4user darauf ausgelegt,\u00a0<strong>\u00fcber Jahrzehnte mit minimalem Eingriff zu halten<\/strong>.<\/li>\n<\/ul>\n<h3>Liefergebiete in ganz Deutschland<\/h3>\n<p>Wir liefern derzeit nach\u00a0<strong>die meisten deutschen Bundesl\u00e4nder<\/strong>, einschlie\u00dflich kontinentaler Regionen, mit bestimmten Einschr\u00e4nkungen f\u00fcr abgelegene Inseln oder Gebiete, die spezielle Transportgenehmigungen erfordern. F\u00fcr einige l\u00e4ndliche oder schwer zug\u00e4ngliche Grundst\u00fccke kann eine zus\u00e4tzliche Standortbesichtigung erforderlich sein, um die Lieferbarkeit zu pr\u00fcfen.<\/p>\n<h3>Installationszeitrahmen<\/h3>\n<p>Sobald die Genehmigungen vorliegen und die Baustelle vorbereitet ist, dauert die typische Installation:<\/p>\n<ul>\n<li><strong>Einzelmodul<\/strong>: 1\u20133 Tage<\/li>\n<li><strong>Multi-Modul-Setup<\/strong>: 5\u201310 Tage<br \/>\nDie Lieferzeit der Fabrik h\u00e4ngt von der Anpassung ab, in der Regel\u00a0<strong>6\u201312 Wochen<\/strong>\u00a0vom endg\u00fcltigen Designfreigabe bis zur Lieferung.<\/li>\n<\/ul>","protected":false},"excerpt":{"rendered":"<p class=\"ds-markdown-paragraph\">Visum Luxush\u00e4user aus Containern verf\u00fcgen \u00fcber verst\u00e4rkte Stahlrahmen und professionelle Exportverpackung, um w\u00e4hrend des Langstreckentransports null Sch\u00e4den zu gew\u00e4hrleisten. Jede Einheit durchl\u00e4uft eine strenge Qualit\u00e4tskontrolle und ist mit sto\u00dfd\u00e4mpfenden Materialien ausgestattet, die ultimativen Schutz vom Laden bis zum Entladen bieten.<\/p>\n<p class=\"ds-markdown-paragraph\">Unser Flachpack-Design und platzsparende Verpackung reduzieren das Versandvolumen erheblich und senken die internationalen Frachtkosten. Optimierte Logistikl\u00f6sungen erm\u00f6glichen flexible Transporte per See oder Land, wodurch Visum Luxus-Containerh\u00e4user weltweit sowohl erschwinglich als auch leicht zug\u00e4nglich sind.<\/p>\n<p class=\"ds-markdown-paragraph\">Hergestellt aus hochwertigen korrosionsbest\u00e4ndigen Materialien und langlebigen Strukturelementen ben\u00f6tigen Visum Containerh\u00e4user nur minimalen Wartungsaufwand auf lange Sicht. Wir bieten zug\u00e4ngliche Ersatzteile und einfache Reparaturanleitungen, um niedrige laufende Kosten f\u00fcr Hausbesitzer zu gew\u00e4hrleisten.<\/p>","protected":false},"featured_media":960,"comment_status":"closed","ping_status":"closed","template":"","meta":[],"product_brand":[],"product_cat":[30],"product_tag":[29],"class_list":{"0":"post-959","1":"product","2":"type-product","3":"status-publish","4":"has-post-thumbnail","6":"product_cat-luxury-container-house","7":"product_tag-expandable-flat-pack-prefab-module-container-house-with-solar-energy","9":"first","10":"instock","11":"sold-individually","12":"shipping-taxable","13":"product-type-simple"},"_links":{"self":[{"href":"https:\/\/yccontainerhouse.com\/de\/wp-json\/wp\/v2\/product\/959","targetHints":{"allow":["GET"]}}],"collection":[{"href":"https:\/\/yccontainerhouse.com\/de\/wp-json\/wp\/v2\/product"}],"about":[{"href":"https:\/\/yccontainerhouse.com\/de\/wp-json\/wp\/v2\/types\/product"}],"replies":[{"embeddable":true,"href":"https:\/\/yccontainerhouse.com\/de\/wp-json\/wp\/v2\/comments?post=959"}],"version-history":[{"count":0,"href":"https:\/\/yccontainerhouse.com\/de\/wp-json\/wp\/v2\/product\/959\/revisions"}],"wp:featuredmedia":[{"embeddable":true,"href":"https:\/\/yccontainerhouse.com\/de\/wp-json\/wp\/v2\/media\/960"}],"wp:attachment":[{"href":"https:\/\/yccontainerhouse.com\/de\/wp-json\/wp\/v2\/media?parent=959"}],"wp:term":[{"taxonomy":"product_brand","embeddable":true,"href":"https:\/\/yccontainerhouse.com\/de\/wp-json\/wp\/v2\/product_brand?post=959"},{"taxonomy":"product_cat","embeddable":true,"href":"https:\/\/yccontainerhouse.com\/de\/wp-json\/wp\/v2\/product_cat?post=959"},{"taxonomy":"product_tag","embeddable":true,"href":"https:\/\/yccontainerhouse.com\/de\/wp-json\/wp\/v2\/product_tag?post=959"}],"curies":[{"name":"wp","href":"https:\/\/api.w.org\/{rel}","templated":true}]}}