{"id":1187,"date":"2025-09-10T09:06:24","date_gmt":"2025-09-10T09:06:24","guid":{"rendered":"https:\/\/yccontainerhouse.com\/?post_type=product&#038;p=1187"},"modified":"2025-09-10T09:12:51","modified_gmt":"2025-09-10T09:12:51","slug":"tiny-house-shipping-container-on-wheels","status":"publish","type":"product","link":"https:\/\/yccontainerhouse.com\/es\/product\/tiny-house-shipping-container-on-wheels\/","title":{"rendered":"Casa peque\u00f1a con contenedor de env\u00edo con ruedas"},"content":{"rendered":"<p>Al buscar una\u00a0<strong>contenedor de env\u00edo para casas peque\u00f1as sobre ruedas<\/strong>, quieres una soluci\u00f3n que combine durabilidad, movilidad y personalizaci\u00f3n. Nuestras casas m\u00f3viles en contenedores de env\u00edo ofrecen justo eso, con un dise\u00f1o enfocado en necesidades reales y entrega r\u00e1pida.<\/p>\n<h3>Estructura robusta de contenedor de env\u00edo<\/h3>\n<ul>\n<li><strong>Construido con acero de alta calidad<\/strong>, nuestras casas peque\u00f1as en contenedor son incre\u00edblemente fuertes y resistentes a la intemperie.<\/li>\n<li>Dise\u00f1ada para soportar el transporte y el desgaste diario, la estructura ofrece una durabilidad inigualable.<\/li>\n<li>Ign\u00edfugo y seguro, la estructura del contenedor te protege a ti y a tus pertenencias.<\/li>\n<\/ul>\n<h3>Movilidad sobre ruedas<\/h3>\n<ul>\n<li>Montado sobre un\u00a0<strong>chasis de remolque resistente con ejes fiables<\/strong>, nuestras casas peque\u00f1as en contenedor son totalmente m\u00f3viles.<\/li>\n<li>Legal para circular y f\u00e1cil de remolcar, puedes trasladar tu hogar sin complicaciones.<\/li>\n<li>Libertad para moverte donde la vida te lleve, perfecto para viajes o instalaciones temporales.<\/li>\n<\/ul>\n<h3>Tama\u00f1os y distribuciones personalizables<\/h3>\n<ul>\n<li>M\u00faltiples opciones de tama\u00f1o que van desde\u00a0<strong>Contenedores de 20 a 40 pies<\/strong>.<\/li>\n<li>Dise\u00f1os interiores flexibles: dormitorio, cocina, ba\u00f1o, oficina o estudios adaptados a tu estilo de vida.<\/li>\n<li>Opciones de contenedores expandibles y plegables que permiten a\u00fan m\u00e1s versatilidad.<\/li>\n<\/ul>\n<h3>Eficiente en energ\u00eda y ecol\u00f3gica<\/h3>\n<ul>\n<li>Construidos con aislamiento que ahorra energ\u00eda y materiales inteligentes, estas casas reducen los costos de servicios.<\/li>\n<li>Mejoras opcionales fuera de la red incluyen paneles solares y recolecci\u00f3n de agua de lluvia.<\/li>\n<li>La construcci\u00f3n sostenible ayuda a minimizar el impacto ambiental mientras maximiza el confort.<\/li>\n<\/ul>\n<h3>Listo para usar o amigable para bricolaje<\/h3>\n<ul>\n<li>Elige entre modelos completamente terminados listos para usar o versiones semiacabadas listas para tu toque personal.<\/li>\n<li>F\u00e1cil de personalizar acabados interiores o exteriores con materiales y accesorios de calidad.<\/li>\n<li>Soporta tanto la vida sin complicaciones como a los entusiastas del bricolaje.<\/li>\n<\/ul>\n<h3>Legal y conforme a la normativa vial<\/h3>\n<ul>\n<li>Dise\u00f1ado para cumplir con las normas de seguridad vial y c\u00f3digos residenciales de Espa\u00f1a.<\/li>\n<li>Incluye los permisos y documentaci\u00f3n adecuados para un registro y transporte sin problemas.<\/li>\n<li>Garantiza que no haya problemas legales al remolcar o instalar tu casa m\u00f3vil en contenedor.<\/li>\n<\/ul>\n<h3>Construcci\u00f3n y entrega r\u00e1pida<\/h3>\n<ul>\n<li>Prefabricado y ensamblado en condiciones controladas de f\u00e1brica.<\/li>\n<li>Cronograma de producci\u00f3n r\u00e1pido comparado con la construcci\u00f3n tradicional, a menudo semanas en lugar de meses.<\/li>\n<li>Env\u00edo y montaje r\u00e1pidos para que tu casa peque\u00f1a en contenedor sobre ruedas est\u00e9 lista para habitar poco despu\u00e9s de ordenar.<\/li>\n<\/ul>\n<p>Para m\u00e1s detalles sobre opciones y dise\u00f1os de contenedores, visita nuestro\u00a0<a href=\"https:\/\/yccontainerhouse.com\/container-options\/\">p\u00e1gina de opciones de contenedores<\/a>. \u00bfListo para comprar? Consulta nuestro\u00a0<a href=\"https:\/\/yccontainerhouse.com\/shop\/\">tienda<\/a>\u00a0para los modelos m\u00e1s recientes.<\/p>\n<h2>Especificaciones del producto para casa peque\u00f1a contenedor de env\u00edo sobre ruedas<\/h2>\n<h3>Dimensiones y Peso<\/h3>\n<p>Nuestro\u00a0<strong>contenedor de env\u00edo para casas peque\u00f1as sobre ruedas<\/strong>\u00a0viene en varios tama\u00f1os dise\u00f1ados para satisfacer sus necesidades. Los modelos est\u00e1ndar suelen comenzar en:<\/p>\n<ul>\n<li><strong>Longitud:<\/strong>\u00a020 pies a 40 pies<\/li>\n<li><strong>Ancho:<\/strong>\u00a08 pies (ancho est\u00e1ndar del contenedor)<\/li>\n<li><strong>Altura:<\/strong>\u00a08.5 pies (est\u00e1ndar) o 9.5 pies (opci\u00f3n de cubo alto)<\/li>\n<li><strong>Peso:<\/strong>\u00a0Var\u00eda de 5,000 a 9,000 libras dependiendo del tama\u00f1o y acabados<\/li>\n<\/ul>\n<p>Estas dimensiones aseguran un remolque f\u00e1cil por carretera y compatibilidad con la mayor\u00eda de las normativas viales en Espa\u00f1a.<\/p>\n<h3>Detalles del chasis y eje del remolque<\/h3>\n<p>El contenedor descansa sobre un\u00a0<strong>chasis de remolque resistente<\/strong>\u00a0con:<\/p>\n<ul>\n<li><strong>Material:<\/strong>\u00a0Acero galvanizado para resistencia a la corrosi\u00f3n<\/li>\n<li><strong>Ejes:<\/strong>\u00a0Ejes dobles o en t\u00e1ndem con capacidad de hasta 10,000 libras cada uno<\/li>\n<li><strong>Frenos:<\/strong>\u00a0Frenos el\u00e9ctricos o hidr\u00e1ulicos est\u00e1ndar para una parada segura<\/li>\n<li><strong>Suspensi\u00f3n:<\/strong>\u00a0Resortes de hoja para un remolque estable y absorci\u00f3n en caminos irregulares<\/li>\n<\/ul>\n<p>Esto asegura que su casa m\u00f3vil en contenedor de env\u00edo se mantenga segura y equilibrada mientras est\u00e1 en movimiento.<\/p>\n<h3>Especificaciones de materiales Grado de acero Aislamiento Revestimiento<\/h3>\n<ul>\n<li><strong>Estructura de acero:<\/strong>\u00a0Construido con\u00a0<strong>Corten<\/strong>\u00a0o acero marino comparable para durabilidad y resistencia al \u00f3xido<\/li>\n<li><strong>Aislamiento:<\/strong>\u00a0Aislamiento de espuma en spray de alto rendimiento o panel r\u00edgido de espuma, dise\u00f1ado para todos los climas de Espa\u00f1a<\/li>\n<li><strong>Revestimiento:<\/strong>\u00a0Las opciones exteriores incluyen aluminio, compuesto de madera o paneles de cemento fibroso, que proporcionan resistencia a la intemperie y atractivo exterior<\/li>\n<\/ul>\n<p>Nuestros materiales combinan resistencia con eficiencia energ\u00e9tica, manteniendo su casa contenedor peque\u00f1a c\u00f3moda durante todo el a\u00f1o.<\/p>\n<h3>Opciones de Acabados Interiores<\/h3>\n<p>Elija entre una variedad de acabados interiores personalizados seg\u00fan su gusto y presupuesto:<\/p>\n<ul>\n<li><strong>Paredes:<\/strong>\u00a0Tablaroca, paneles de madera o l\u00e1minas met\u00e1licas<\/li>\n<li><strong>Suelos:<\/strong>\u00a0Tablones de vinilo, laminado o madera dura ingenier\u00eda<\/li>\n<li><strong>Techos:<\/strong>\u00a0Tablaroca pintada o vigas expuestas para un aspecto industrial<\/li>\n<\/ul>\n<p>Estas opciones crean una sensaci\u00f3n acogedora de hogar mientras mantienen la durabilidad para la vida m\u00f3vil.<\/p>\n<h3>Integraci\u00f3n de servicios el\u00e9ctricos, fontaner\u00eda, HVAC<\/h3>\n<p>Nuestras casas contenedor peque\u00f1as sobre ruedas vienen listas con servicios integrados dise\u00f1ados para funcionalidad completa:<\/p>\n<ul>\n<li><strong>El\u00e9ctrico:<\/strong>\u00a0Pre-cableado con iluminaci\u00f3n LED, enchufes dobles y un panel de interruptores compatible con sistemas solares<\/li>\n<li><strong>Plomer\u00eda:<\/strong>\u00a0Tuber\u00edas de PVC o PEX con espacio para un ba\u00f1o completo y accesorios de cocina<\/li>\n<li><strong>HVAC:<\/strong>\u00a0Sistemas compactos mini-split sin conductos o calefactores y aires acondicionados integrados para control clim\u00e1tico<\/li>\n<\/ul>\n<p>Esto facilita la mudanza ya sea que se conecte a servicios urbanos o use soluciones fuera de la red.<\/p>\n<h3>Caracter\u00edsticas de seguridad Ignifugaci\u00f3n Cerraduras Estabilizaci\u00f3n<\/h3>\n<p>La seguridad es clave en una casa m\u00f3vil de contenedor de env\u00edo:<\/p>\n<ul>\n<li><strong>Ignifugaci\u00f3n:<\/strong>\u00a0Materiales de aislamiento y revestimiento retardantes de fuego que reducen el riesgo<\/li>\n<li><strong>Cerraduras:<\/strong>\u00a0Cerraduras exteriores resistentes y puertas dobles seguras para tranquilidad<\/li>\n<li><strong>Estabilizaci\u00f3n:<\/strong>\u00a0Gatos niveladores incorporados y calzos para ruedas que proporcionan estabilidad cuando est\u00e1 estacionado<\/li>\n<\/ul>\n<p>Estas caracter\u00edsticas aseguran que tu casa diminuta en contenedor sobre ruedas sea segura, protegida y estable durante el viaje y el uso estacionario.<\/p>\n<h2>Opciones de personalizaci\u00f3n para casa diminuta en contenedor sobre ruedas<\/h2>\n<p>Nuestro\u00a0<strong>contenedor de env\u00edo para casas peque\u00f1as sobre ruedas<\/strong>\u00a0ofrece una variedad de opciones de personalizaci\u00f3n para adaptarse a tu estilo de vida y necesidades. Ya sea que quieras un espacio acogedor o un hogar m\u00f3vil completamente equipado, adaptamos cada detalle para que coincida con tu visi\u00f3n.<\/p>\n<h3>Dise\u00f1os de distribuci\u00f3n interior<\/h3>\n<p>Elige entre m\u00faltiples\u00a0<strong>distribuciones interiores<\/strong>\u00a0para maximizar la comodidad y funcionalidad:<\/p>\n<ul>\n<li><strong>\u00c1reas de estar<\/strong>\u00a0\u2014 Concepto abierto o habitaciones separadas para flexibilidad.<\/li>\n<li><strong>Cocina<\/strong>\u00a0\u2014 Cocinas compactas con electrodom\u00e9sticos, almacenamiento y espacio de trabajo.<\/li>\n<li><strong>Ba\u00f1o<\/strong>\u00a0\u2014 Ba\u00f1os completos o medios con soluciones de plomer\u00eda eficientes.<\/li>\n<li><strong>Dormitorio<\/strong>\u00a0\u2014 Camas plegables, altillos u opciones de almacenamiento integradas.<\/li>\n<\/ul>\n<h3>Acabados exteriores y colores de pintura<\/h3>\n<p>Haz que tu casa contenedor destaque o se integre con el entorno:<\/p>\n<ul>\n<li>Opciones duraderas de revestimiento resistente a la intemperie que incluyen madera, metal o paneles compuestos.<\/li>\n<li>Una amplia paleta de\u00a0<strong>colores de pintura<\/strong>\u00a0dise\u00f1ado para resistir la decoloraci\u00f3n y el desgaste.<\/li>\n<li>Caracter\u00edsticas exteriores opcionales como terrazas, toldos o pantallas de privacidad.<\/li>\n<\/ul>\n<h3>Mejoras fuera de la red<\/h3>\n<p>Para quienes buscan independencia y sostenibilidad, agregue estas caracter\u00edsticas:<\/p>\n<ul>\n<li><strong>Paneles solares<\/strong>\u00a0para energ\u00eda limpia confiable, dimensionada para sus necesidades de energ\u00eda.<\/li>\n<li><strong>Sistemas de recolecci\u00f3n de agua de lluvia<\/strong>\u00a0integrados para autosuficiencia h\u00eddrica.<\/li>\n<li>Soluciones de almacenamiento de energ\u00eda y generadores de respaldo disponibles.<\/li>\n<\/ul>\n<h3>Integraciones para hogares inteligentes<\/h3>\n<p>Brinde comodidad y seguridad a su peque\u00f1a casa contenedor m\u00f3vil:<\/p>\n<ul>\n<li>Iluminaci\u00f3n y sistemas clim\u00e1ticos controlados a distancia.<\/li>\n<li>C\u00e1maras de seguridad inteligentes y cerraduras de puertas.<\/li>\n<li>Persianas autom\u00e1ticas y monitoreo de energ\u00eda.<\/li>\n<\/ul>\n<h3>Caracter\u00edsticas de accesibilidad<\/h3>\n<p>Nos aseguramos de que su peque\u00f1a casa contenedor sobre ruedas sea c\u00f3moda para todos:<\/p>\n<ul>\n<li>Puertas y rampas anchas accesibles para sillas de ruedas.<\/li>\n<li>Dise\u00f1os de ba\u00f1os sin barreras con barras de apoyo.<\/li>\n<li>Encimeras y gabinetes ajustables para facilitar su uso.<\/li>\n<\/ul>\n<h2>Casos de uso para peque\u00f1as casas contenedor sobre ruedas<\/h2>\n<p>Nuestro\u00a0<strong>contenedor de env\u00edo para casas peque\u00f1as sobre ruedas<\/strong>\u00a0es incre\u00edblemente vers\u00e1til, sirviendo a una amplia gama de necesidades en Espa\u00f1a.<\/p>\n<h3>Casas peque\u00f1as permanentes<\/h3>\n<p>Estas casas contenedor m\u00f3viles son perfectas para quienes buscan un espacio de vida compacto, asequible y duradero. La estructura de contenedor de env\u00edo de acero ofrece resistencia y protecci\u00f3n contra el clima, lo que la convierte en una opci\u00f3n s\u00f3lida para uso residencial a largo plazo.<\/p>\n<h3>Oficinas y Estudios M\u00f3viles<\/h3>\n<p>\u00bfNecesitas un espacio de trabajo que se mueva contigo? Nuestro\u00a0<strong>hogar m\u00f3vil en contenedor de env\u00edo<\/strong>\u00a0puede personalizarse como oficina o estudio creativo. Inst\u00e1lalo en el sitio o reub\u00edcalo r\u00e1pidamente para obras de construcci\u00f3n, ubicaciones de trabajo remotas o negocios estacionales.<\/p>\n<h3>Caba\u00f1as de vacaciones y alquileres en Airbnb<\/h3>\n<p>\u00bfBuscas crear un lugar de vacaciones \u00fanico y port\u00e1til? Estas\u00a0<strong>peque\u00f1as casas contenedor sobre ruedas<\/strong>\u00a0ofrecen caba\u00f1as acogedoras y completamente equipadas, ideales para alquileres a corto plazo, brindando a los hu\u00e9spedes una estancia c\u00f3moda, eficiente y con un encanto distintivo.<\/p>\n<h3>Refugios para ayuda en desastres<\/h3>\n<p>Debido a que son f\u00e1ciles de transportar y robustas, las peque\u00f1as casas contenedor son excelentes refugios temporales tras desastres. Su r\u00e1pida instalaci\u00f3n y construcci\u00f3n resistente garantizan seguridad y alojamiento inmediato donde m\u00e1s se necesita.<\/p>\n<h3>Espacios Comerciales Emergentes<\/h3>\n<p>Los minoristas y organizadores de eventos se benefician de nuestros\u00a0<strong>remolques de peque\u00f1as casas contenedor<\/strong>\u00a0que se convierten en tiendas emergentes, cafeter\u00edas o puestos. Su movilidad permite llevar tu marca directamente a festivales, mercados o zonas urbanas con m\u00ednima complicaci\u00f3n.<\/p>\n<h2>Por qu\u00e9 Elegir Yichen para Tu Casa Peque\u00f1a en Contenedor sobre Ruedas<\/h2>\n<p>Cuando se trata de\u00a0<strong>casas peque\u00f1as en contenedores sobre ruedas<\/strong>, Yichen destaca con m\u00e1s de\u00a0<strong>20 a\u00f1os de experiencia<\/strong>\u00a0en fabricaci\u00f3n\u00a0<strong>casas m\u00f3viles y peque\u00f1as casas contenedor<\/strong>\u00a0dise\u00f1adas espec\u00edficamente para el mercado de Espa\u00f1a. Aqu\u00ed te contamos por qu\u00e9 somos la opci\u00f3n de confianza:<\/p>\n<h3>Historial Comprobado y Satisfacci\u00f3n del Cliente<\/h3>\n<ul>\n<li><strong>Cientos de clientes satisfechos<\/strong>\u00a0en toda Espa\u00f1a que conf\u00edan en nuestras casas m\u00f3viles duraderas y bien construidas en contenedores<\/li>\n<li>Testimonios reales que destacan\u00a0<strong>rendimiento fiable<\/strong>\u00a0y\u00a0<strong>calidad construida para durar<\/strong><\/li>\n<li>Comentarios positivos constantes sobre nuestros\u00a0<strong>modelos listos para usar<\/strong>\u00a0y\u00a0<strong>dise\u00f1os personalizados<\/strong><\/li>\n<\/ul>\n<h3>Artesan\u00eda y materiales de alta calidad<\/h3>\n<ul>\n<li>Uso de\u00a0<strong>contenedores de env\u00edo de acero robusto<\/strong>\u00a0combinados con aislamiento y revestimiento de primera calidad<\/li>\n<li>Artesan\u00eda experta que garantiza juntas ajustadas, sellado adecuado y acabados limpios para una durabilidad a largo plazo<\/li>\n<li>Atenci\u00f3n al detalle en cada\u00a0<strong>acabado interior<\/strong>\u00a0y\u00a0<strong>integraci\u00f3n de servicios<\/strong>, desde electricidad hasta fontaner\u00eda y HVAC<\/li>\n<\/ul>\n<h3>Soporte dedicado postventa y garant\u00eda<\/h3>\n<ul>\n<li>Integral\u00a0<strong>cobertura de garant\u00eda<\/strong>\u00a0protege su inversi\u00f3n<\/li>\n<li>Equipo de atenci\u00f3n al cliente receptivo listo para resolver dudas, apoyar personalizaciones y asistir con el mantenimiento<\/li>\n<li>Orientaci\u00f3n sobre permisos, cumplimiento vial y cualquier soporte t\u00e9cnico que pueda necesitar<\/li>\n<\/ul>\n<h3>Precios competitivos y financiaci\u00f3n flexible<\/h3>\n<ul>\n<li>Precios transparentes que equilibran\u00a0<strong>materiales de primera calidad<\/strong>\u00a0con asequibilidad<\/li>\n<li>Opciones de financiaci\u00f3n adaptadas a su presupuesto, haciendo que su\u00a0<strong>casa port\u00e1til de contenedor de env\u00edo<\/strong>\u00a0sea m\u00e1s f\u00e1cil de poseer<\/li>\n<li>Consultas gratuitas para ayudarle a encontrar el modelo que mejor se adapte sin costos ocultos<\/li>\n<\/ul>\n<h2>Galer\u00eda y recorrido virtual de Tiny House Container On Wheels<\/h2>\n<p>Explore nuestras\u00a0<strong>galer\u00eda de tiny house container terminadas sobre ruedas<\/strong>\u00a0para ver ejemplos reales tanto de interiores como de exteriores. Cada unidad muestra el dise\u00f1o vers\u00e1til y la construcci\u00f3n robusta de nuestras casas port\u00e1tiles en contenedores de env\u00edo, destacando c\u00f3mo la movilidad y el estilo se combinan.<\/p>\n<h3>Fotos de modelos terminados sobre ruedas<\/h3>\n<ul>\n<li><strong>Tomas interiores<\/strong>\u00a0muestran distribuciones inteligentes, cocinas compactas, dormitorios acogedores y ba\u00f1os modernos dise\u00f1ados para vivir en contenedores peque\u00f1os.<\/li>\n<li><strong>Fotos exteriores<\/strong>\u00a0demuestran revestimientos duraderos, acabados elegantes y el resistente chasis del remolque que hace que estas casas est\u00e9n listas para la carretera.<\/li>\n<\/ul>\n<h3>Resumen en video y recorrido 3D<\/h3>\n<p>Obtenga una idea clara del espacio y la fluidez con recorridos en video atractivos y paseos interactivos en 3D. Experimente el uso eficiente del espacio y las caracter\u00edsticas de movilidad antes de tomar su decisi\u00f3n.<\/p>\n<h3>Estudios de casos de clientes y testimonios<\/h3>\n<p>Lea sobre c\u00f3mo nuestras\u00a0<strong>caba\u00f1as m\u00f3viles en contenedores<\/strong>\u00a0sirven como hogares permanentes, oficinas m\u00f3viles, alquileres vacacionales y espacios comerciales temporales en toda Espa\u00f1a. Escuche directamente a clientes que han elogiado:<\/p>\n<ul>\n<li>Remolque y movilidad sin interrupciones<\/li>\n<li>Artesan\u00eda y materiales de calidad<\/li>\n<li>Soporte postventa receptivo<\/li>\n<\/ul>\n<p>Ver estos contenedores sobre ruedas en acci\u00f3n te ayuda a visualizar c\u00f3mo un\u00a0<strong>hogar diminuto en contenedor legal para carretera<\/strong>\u00a0podr\u00eda adaptarse a tu estilo de vida o necesidades comerciales.<\/p>\n<h2>Preguntas frecuentes sobre casas diminutas en contenedores sobre ruedas<\/h2>\n<h3>\u00bfSon legales para carretera las casas diminutas en contenedores sobre ruedas?<\/h3>\n<p>S\u00ed,\u00a0<strong>casas peque\u00f1as en contenedores sobre ruedas<\/strong>\u00a0est\u00e1n dise\u00f1adas para cumplir con las normativas de carretera de Espa\u00f1a. Vienen con un chasis para remolque construido para cumplir con\u00a0<strong>normas del Ministerio de Transporte<\/strong>, incluyendo iluminaci\u00f3n adecuada, frenos y reflectores. Sin embargo,\u00a0<strong>la legalidad en carretera depende de las leyes locales y auton\u00f3micas<\/strong>, por lo que es importante consultar con tu DGT o autoridad de transporte antes de remolcar.<\/p>\n<h3>\u00bfC\u00f3mo remolco una casa diminuta en contenedor?<\/h3>\n<p>Remolcar una\u00a0<strong>casa diminuta en contenedor sobre ruedas<\/strong>\u00a0requiere un veh\u00edculo con capacidad para el peso del remolque. La mayor\u00eda de los modelos usan una conexi\u00f3n de enganche est\u00e1ndar compatible con camiones o SUV. Para un remolque seguro:<\/p>\n<ul>\n<li>Aseg\u00farate de que la capacidad de tu veh\u00edculo de remolque coincida o supere el peso del remolque<\/li>\n<li>Usa el equipo de remolque adecuado, incluyendo cadenas de seguridad y controladores de freno<\/li>\n<li>Conduce con precauci\u00f3n, especialmente en autopistas concurridas y curvas cerradas<\/li>\n<\/ul>\n<p>Algunos remolques tienen ejes dobles para una mejor estabilidad en la carretera.<\/p>\n<h3>Qu\u00e9 mantenimiento necesita el contenedor<\/h3>\n<p>El mantenimiento de un\u00a0<strong>hogar m\u00f3vil en contenedor de env\u00edo<\/strong>\u00a0es m\u00ednimo pero crucial para prolongar su vida \u00fatil:<\/p>\n<ul>\n<li>Inspeccione y mantenga regularmente los neum\u00e1ticos y frenos del remolque<\/li>\n<li>Revise el marco de acero del contenedor para detectar \u00f3xido y tr\u00e1telo de inmediato<\/li>\n<li>Mantenga los sellos y la impermeabilizaci\u00f3n para evitar filtraciones<\/li>\n<li>Realice el servicio de plomer\u00eda, electricidad y sistemas HVAC seg\u00fan lo recomendado<\/li>\n<li>Lubrique las bisagras de las puertas y los mecanismos de cierre<\/li>\n<\/ul>\n<p>El cuidado regular ayuda a mantener su hogar seguro y funcional.<\/p>\n<h3>Cu\u00e1nto tiempo tarda la entrega y fabricaci\u00f3n<\/h3>\n<p>Los plazos t\u00edpicos var\u00edan seg\u00fan la personalizaci\u00f3n, pero espere alrededor de\u00a0<strong>4 a 8 semanas<\/strong>\u00a0para la fabricaci\u00f3n. El tiempo de entrega depende de su ubicaci\u00f3n dentro de Espa\u00f1a, usualmente\u00a0<strong>1 a 3 semanas<\/strong>\u00a0despu\u00e9s de la finalizaci\u00f3n de la construcci\u00f3n. Para soluciones m\u00e1s r\u00e1pidas, algunos modelos terminados pueden estar disponibles para env\u00edo inmediato.<\/p>\n<h3>\u00bfPuedo personalizar el dise\u00f1o?<\/h3>\n<p>\u00a1S\u00ed! Nuestras\u00a0<strong>casa diminuta en contenedor sobre ruedas<\/strong>\u00a0las opciones son altamente personalizables. Puede elegir:<\/p>\n<ul>\n<li>Distribuciones interiores para sala, cocina, dormitorio y ba\u00f1o<\/li>\n<li>Colores y acabados de pintura exterior<\/li>\n<li>Caracter\u00edsticas fuera de la red como paneles solares y recolecci\u00f3n de agua de lluvia<\/li>\n<li>Integraci\u00f3n de tecnolog\u00eda para el hogar inteligente<\/li>\n<li>Funciones de accesibilidad para necesidades de movilidad<\/li>\n<\/ul>\n<p>Ofrecemos tanto casas listas para usar como kits amigables para bricolaje. Consulta nuestro\u00a0<a href=\"https:\/\/yccontainerhouse.com\/container-options\/\">p\u00e1gina de opciones de contenedores<\/a>\u00a0para m\u00e1s detalles.<\/p>\n<h3>Qu\u00e9 permisos se requieren<\/h3>\n<p>Los requisitos de permisos var\u00edan ampliamente seg\u00fan la ciudad y la provincia. Los permisos comunes que podr\u00edas necesitar incluyen:<\/p>\n<ul>\n<li>Permisos de construcci\u00f3n o zonificaci\u00f3n para uso residencial o comercial<\/li>\n<li>Registro de remolques o veh\u00edculos para viajes por carretera<\/li>\n<li>Permisos el\u00e9ctricos, de fontaner\u00eda y HVAC para instalaciones de sistemas<\/li>\n<\/ul>\n<p>Dado que las leyes difieren, recomendamos consultar con las autoridades locales al inicio de tu proceso de planificaci\u00f3n para asegurar el cumplimiento y evitar retrasos. Nuestro equipo tambi\u00e9n puede ayudar con la orientaci\u00f3n sobre permisos seg\u00fan tu ubicaci\u00f3n.<\/p>\n<p>Para especificaciones detalladas de modelos como el\u00a0<a href=\"https:\/\/yccontainerhouse.com\/product\/20-foot-shipping-container-tiny-house\/\">casa diminuta hecha con un contenedor de env\u00edo de 20 pies<\/a>, visita nuestras p\u00e1ginas de productos o contacta para programar una consulta.<\/p>\n<h2>Comienza con tu casa peque\u00f1a en contenedor de env\u00edo sobre ruedas<\/h2>\n<p>\u00bfListo para explorar los beneficios de una\u00a0<strong>contenedor de env\u00edo para casas peque\u00f1as sobre ruedas<\/strong>? Facilitamos dar el siguiente paso con opciones flexibles adaptadas para ti.<\/p>\n<h3>Programa una consulta gratuita<\/h3>\n<p>Habla con nuestros expertos que entienden las necesidades \u00fanicas de\u00a0<strong>casas m\u00f3viles en contenedores de env\u00edo<\/strong>. Te ayudaremos a determinar el tama\u00f1o, dise\u00f1o y caracter\u00edsticas adecuadas para tu estilo de vida y las normativas locales.<\/p>\n<h3>Solicita un presupuesto personalizado<\/h3>\n<p>Obt\u00e9n un precio personalizado basado en tus especificaciones deseadas, opciones de personalizaci\u00f3n y lugar de entrega. Nuestros presupuestos transparentes significan sin sorpresas, solo precios claros y competitivos para tu\u00a0<strong>casa port\u00e1til de contenedor de env\u00edo<\/strong>.<\/p>\n<h3>Descarga el folleto y la hoja de especificaciones<\/h3>\n<p>Accede a informaci\u00f3n detallada del producto, incluyendo dimensiones, materiales y opciones de personalizaci\u00f3n. Perfecto para comparar modelos o compartir con contratistas y planificadores.<\/p>\n<h3>Visite nuestro showroom o f\u00e1brica<\/h3>\n<p>Vea de primera mano la calidad artesanal detr\u00e1s de nuestro\u00a0<strong>casa diminuta en contenedor sobre ruedas<\/strong>. Recorra modelos terminados sobre ruedas, revise los acabados interiores y encuentre inspiraci\u00f3n para su propio proyecto.<\/p>\n<p>Con\u00e9ctese con nosotros hoy para hacer realidad su\u00a0<strong>casa diminuta en contenedor sobre ruedas<\/strong>\u00a0sue\u00f1o con apoyo en cada paso<\/p>","protected":false},"excerpt":{"rendered":"<p data-start=\"0\" data-end=\"283\">\u00bfBuscas una casa que te ahorre dinero en <strong data-start=\"43\" data-end=\"55\">env\u00edo<\/strong>? Nuestro contenedor de env\u00edo para casas peque\u00f1as sobre ruedas est\u00e1 dise\u00f1ado para reducir tus costos de transporte. Es compacto, ligero y f\u00e1cil de mover sin el estr\u00e9s de cargas sobredimensionadas, ofreci\u00e9ndote libertad sin un precio elevado.<\/p>\n<p data-start=\"285\" data-end=\"542\">\u00bfPreocupado por da\u00f1os durante el transporte? Este contenedor para casas peque\u00f1as sobre ruedas est\u00e1 construido con acero reforzado y un dise\u00f1o resistente a impactos. Puede soportar largos trayectos, caminos dif\u00edciles y m\u00faltiples traslados mientras mantiene tu inversi\u00f3n segura dondequiera que vayas.<\/p>\n<p data-start=\"544\" data-end=\"812\" data-is-last-node=\"\" data-is-only-node=\"\">\u00bfCansado de facturas altas de mantenimiento? Nuestra casa peque\u00f1a en contenedor sobre ruedas requiere poco mantenimiento gracias a sus materiales duraderos y acabado resistente a la intemperie. Obtienes un hogar que dura a\u00f1os con reparaciones m\u00ednimas, perfecto para una vida inteligente y econ\u00f3mica.<\/p>","protected":false},"featured_media":1188,"comment_status":"closed","ping_status":"closed","template":"","meta":[],"product_brand":[],"product_cat":[33],"product_tag":[34],"class_list":{"0":"post-1187","1":"product","2":"type-product","3":"status-publish","4":"has-post-thumbnail","6":"product_cat-container-tiny-house","7":"product_tag-container-tiny-house","9":"first","10":"instock","11":"shipping-taxable","12":"product-type-simple"},"_links":{"self":[{"href":"https:\/\/yccontainerhouse.com\/es\/wp-json\/wp\/v2\/product\/1187","targetHints":{"allow":["GET"]}}],"collection":[{"href":"https:\/\/yccontainerhouse.com\/es\/wp-json\/wp\/v2\/product"}],"about":[{"href":"https:\/\/yccontainerhouse.com\/es\/wp-json\/wp\/v2\/types\/product"}],"replies":[{"embeddable":true,"href":"https:\/\/yccontainerhouse.com\/es\/wp-json\/wp\/v2\/comments?post=1187"}],"version-history":[{"count":0,"href":"https:\/\/yccontainerhouse.com\/es\/wp-json\/wp\/v2\/product\/1187\/revisions"}],"wp:featuredmedia":[{"embeddable":true,"href":"https:\/\/yccontainerhouse.com\/es\/wp-json\/wp\/v2\/media\/1188"}],"wp:attachment":[{"href":"https:\/\/yccontainerhouse.com\/es\/wp-json\/wp\/v2\/media?parent=1187"}],"wp:term":[{"taxonomy":"product_brand","embeddable":true,"href":"https:\/\/yccontainerhouse.com\/es\/wp-json\/wp\/v2\/product_brand?post=1187"},{"taxonomy":"product_cat","embeddable":true,"href":"https:\/\/yccontainerhouse.com\/es\/wp-json\/wp\/v2\/product_cat?post=1187"},{"taxonomy":"product_tag","embeddable":true,"href":"https:\/\/yccontainerhouse.com\/es\/wp-json\/wp\/v2\/product_tag?post=1187"}],"curies":[{"name":"wp","href":"https:\/\/api.w.org\/{rel}","templated":true}]}}