{"id":1483,"date":"2025-09-18T06:46:51","date_gmt":"2025-09-18T06:46:51","guid":{"rendered":"https:\/\/yccontainerhouse.com\/?post_type=product&#038;p=1483"},"modified":"2025-09-18T07:06:14","modified_gmt":"2025-09-18T07:06:14","slug":"expandable-container-house-manufacturer","status":"publish","type":"product","link":"https:\/\/yccontainerhouse.com\/fr\/product\/expandable-container-house-manufacturer\/","title":{"rendered":"Fabricant de maison en conteneur extensible"},"content":{"rendered":"<p>Un fabricant de maisons conteneurs extensibles est un espace de vie ou de travail pr\u00e9fabriqu\u00e9 con\u00e7u \u00e0 partir de conteneurs maritimes modifi\u00e9s, comportant des composants modulaires, pliables ou coulissants permettant \u00e0 la structure de s'\u00e9tendre ou de se contracter selon les besoins. Ces conceptions innovantes transforment des conteneurs compacts en unit\u00e9s spacieuses et fonctionnelles en int\u00e9grant des murs d\u00e9pliables, des pi\u00e8ces coulissantes ou des sections extensibles, maximisant la surface utilisable sans sacrifier la portabilit\u00e9.<\/p>\n<h2>Pourquoi choisir des maisons conteneurs extensibles<\/h2>\n<p>Les maisons conteneurs extensibles offrent plusieurs avantages \u00e9vidents qui en font un choix judicieux pour une large gamme d'utilisations \u2014 des bureaux temporaires aux abris d'urgence.<\/p>\n<h3>Transport facile et exp\u00e9dition compacte<\/h3>\n<p><strong>Les maisons conteneurs extensibles s'exp\u00e9dient de mani\u00e8re compacte<\/strong>, gr\u00e2ce \u00e0 leurs sections pliables ou coulissantes. Cela r\u00e9duit les co\u00fbts d'exp\u00e9dition et simplifie la logistique, notamment pour les emplacements isol\u00e9s en France o\u00f9 le transport peut \u00eatre compliqu\u00e9. Leur conception modulaire signifie qu'elles s'adaptent facilement aux camions ou conteneurs standards, rendant la livraison rapide et efficace.<\/p>\n<h3>Installation rapide et simple<\/h3>\n<p>Ces unit\u00e9s sont\u00a0<strong>rapides \u00e0 installer sur site<\/strong>. Contrairement \u00e0 la construction traditionnelle qui peut prendre des semaines ou des mois, les maisons conteneurs extensibles peuvent \u00eatre assembl\u00e9es en quelques jours. Leurs caract\u00e9ristiques modulaires d\u00e9pliables permettent d'agrandir rapidement l'espace de vie ou de travail sans \u00e9quipement lourd ni main-d'\u0153uvre qualifi\u00e9e.<\/p>\n<h3>Rentable compar\u00e9 \u00e0 la construction traditionnelle<\/h3>\n<p>Lorsqu'on compare \u00e0 la construction conventionnelle, les maisons container extensibles vous permettent d'\u00e9conomiser de l'argent en :<\/p>\n<ul>\n<li>Minimisant le gaspillage de mat\u00e9riaux<\/li>\n<li>R\u00e9duisant les co\u00fbts de main-d'\u0153uvre gr\u00e2ce \u00e0 une assemblage plus rapide<\/li>\n<li>R\u00e9duisant les d\u00e9penses de transport<br \/>\nElles offrent une alternative plus abordable\u2014sans sacrifier la qualit\u00e9\u2014id\u00e9ale pour des installations temporaires ou permanentes sur le march\u00e9 fran\u00e7ais.<\/li>\n<\/ul>\n<h3>Durable et \u00c9cologique<\/h3>\n<p>Con\u00e7u avec\u00a0<strong>acier recycl\u00e9 de haute qualit\u00e9<\/strong>, ces containers sont solides et r\u00e9sistants aux intemp\u00e9ries, con\u00e7us pour durer des ann\u00e9es m\u00eame dans des environnements difficiles. Utiliser des containers d'exp\u00e9dition r\u00e9utilis\u00e9s contribue \u00e0 r\u00e9duire l'impact environnemental en recyclant les mat\u00e9riaux et en diminuant l'utilisation de nouvelles ressources.<\/p>\n<h3>Expansion flexible pour r\u00e9pondre \u00e0 vos besoins<\/h3>\n<p>L'un des plus grands avantages est la\u00a0<strong>flexibilit\u00e9 d'\u00e9tendre ou de r\u00e9duire l'espace de vie ou de travail<\/strong>\u00a0selon les besoins. Les maisons container extensibles s'adaptent aux besoins changeants en d\u00e9ployant des pi\u00e8ces suppl\u00e9mentaires ou en glissant des sections, offrant une superficie personnalisable sans les tracas de la reconstruction.<\/p>\n<h3>Tableau des avantages cl\u00e9s<\/h3>\n<div class=\"table-responsive\">\n<table class=\"table\">\n<thead>\n<tr>\n<th>Caract\u00e9ristique<\/th>\n<th>Avantage<\/th>\n<\/tr>\n<\/thead>\n<tbody>\n<tr>\n<td>Transport compact<\/td>\n<td>Co\u00fbts de transport r\u00e9duits, livraison facile \u00e0 l'\u00e9chelle nationale<\/td>\n<\/tr>\n<tr>\n<td>Installation rapide<\/td>\n<td>Pr\u00eat \u00e0 l'emploi en quelques jours, main-d'\u0153uvre minimale sur site<\/td>\n<\/tr>\n<tr>\n<td>Rentable<\/td>\n<td>\u00c9conomies sur les mat\u00e9riaux, la main-d'\u0153uvre et l'exp\u00e9dition<\/td>\n<\/tr>\n<tr>\n<td>Mat\u00e9riaux durables<\/td>\n<td>R\u00e9sistants aux intemp\u00e9ries et durables avec de l'acier recycl\u00e9<\/td>\n<\/tr>\n<tr>\n<td>\u00c9cologique<\/td>\n<td>Choix durable utilisant des containers r\u00e9utilis\u00e9s<\/td>\n<\/tr>\n<tr>\n<td>Espace Flexible<\/td>\n<td>Agrandir ou r\u00e9duire les pi\u00e8ces pour r\u00e9pondre aux besoins actuels<\/td>\n<\/tr>\n<\/tbody>\n<\/table>\n<\/div>\n<p>Choisir des maisons conteneurs extensibles aupr\u00e8s de fabricants fiables qui se concentrent sur la qualit\u00e9 et la personnalisation signifie que vous obtenez un produit con\u00e7u pour durer, con\u00e7u pour r\u00e9pondre \u00e0 vos besoins d'espace uniques, tout en restant abordable.<\/p>\n<h2>Pourquoi choisir Yichen, Fabricant de Maisons Conteneurs Extensibles<\/h2>\n<p>Avec\u00a0<strong>plus de 20 ans d'exp\u00e9rience<\/strong>, Yichen s'impose comme un leader\u00a0<strong>de maisons conteneurs extensibles<\/strong>\u00a0engag\u00e9 \u00e0 fournir des solutions de logement modulaires fiables et de haute qualit\u00e9.<\/p>\n<h3>Expertise \u00e9prouv\u00e9e et solutions sur mesure<\/h3>\n<ul>\n<li><strong>Conceptions sur mesure :<\/strong>\u00a0Nous proposons des maisons conteneurs extensibles enti\u00e8rement personnalisables pour s'adapter \u00e0 divers besoins, des espaces r\u00e9sidentiels aux installations commerciales et d'urgence.<\/li>\n<li><strong>Innovation modulaire :<\/strong>\u00a0Nos unit\u00e9s de conteneurs pliables et coulissantes maximisent l'efficacit\u00e9 de l'espace sans compromettre la durabilit\u00e9.<\/li>\n<\/ul>\n<h3>Reconnu par les Clients Internationaux<\/h3>\n<ul>\n<li>Au service de clients en France et dans le monde entier, Yichen est reconnu pour sa qualit\u00e9 constante et la satisfaction de ses clients.<\/li>\n<li>Nos conteneurs respectent des normes strictes\u00a0<strong>codes du b\u00e2timent et normes internationales<\/strong>, garantissant s\u00e9curit\u00e9 et tranquillit\u00e9 d'esprit.<\/li>\n<\/ul>\n<h3>Engagement envers la qualit\u00e9 et l'innovation<\/h3>\n<ul>\n<li>Nous utilisons\u00a0<strong>acier recycl\u00e9<\/strong>\u00a0et des techniques de construction avanc\u00e9es pour des\u00a0<strong>durables et \u00e9cologiques<\/strong>\u00a0maisons conteneurs extensibles.<\/li>\n<li>Am\u00e9liorations continues du produit comprenant\u00a0<strong>services int\u00e9gr\u00e9s, isolation renforc\u00e9e et fonctionnalit\u00e9s de d\u00e9ploiement rapide<\/strong>\u00a0adapt\u00e9es aux environnements fran\u00e7ais.<\/li>\n<\/ul>\n<h3>Tarification comp\u00e9titive avec livraison fiable<\/h3>\n<ul>\n<li>Yichen propose des tarifs \u00e9conomiques qui battent les co\u00fbts de construction traditionnels sans sacrifier la valeur.<\/li>\n<li>Une fabrication et une logistique efficaces garantissent que votre maison conteneur extensible arrive\u00a0<strong>\u00e0 temps et pr\u00eate \u00e0 \u00eatre install\u00e9e<\/strong>\u00a0\u2014 partout en France.<\/li>\n<\/ul>\n<div class=\"table-responsive\">\n<table class=\"table\">\n<thead>\n<tr>\n<th>Caract\u00e9ristique<\/th>\n<th>Avantage Yichen<\/th>\n<\/tr>\n<\/thead>\n<tbody>\n<tr>\n<td>Exp\u00e9rience<\/td>\n<td>Plus de 20 ans dans la fabrication de maisons conteneurs<\/td>\n<\/tr>\n<tr>\n<td>Personnalisation<\/td>\n<td>Agencements flexibles, isolation et services<\/td>\n<\/tr>\n<tr>\n<td>Normes de qualit\u00e9<\/td>\n<td>Produits certifi\u00e9s ISO, CE<\/td>\n<\/tr>\n<tr>\n<td>Mat\u00e9riaux<\/td>\n<td>Panneaux en acier recycl\u00e9 respectueux de l'environnement<\/td>\n<\/tr>\n<tr>\n<td>Livraison<\/td>\n<td>Exp\u00e9dition fiable et ponctuelle \u00e0 travers la France<\/td>\n<\/tr>\n<tr>\n<td>Tarification<\/td>\n<td>Co\u00fbt comp\u00e9titif compar\u00e9 aux constructions conventionnelles<\/td>\n<\/tr>\n<\/tbody>\n<\/table>\n<\/div>\n<p>Choisir Yichen signifie obtenir un\u00a0<strong>fournisseur de maisons conteneurs extensibles de confiance<\/strong>\u00a0ax\u00e9 sur l'innovation, la qualit\u00e9 et des solutions centr\u00e9es sur le client adapt\u00e9es au march\u00e9 fran\u00e7ais.<\/p>\n<h2>Galerie et \u00e9tudes de cas de maisons conteneurs extensibles<\/h2>\n<p>D\u00e9couvrez nos\u00a0<strong>images de haute qualit\u00e9<\/strong>\u00a0pr\u00e9sentant une vari\u00e9t\u00e9 de projets de maisons conteneurs compl\u00e8tes\u00a0<strong>projets de maisons conteneurs modulaires extensibles<\/strong>. D\u00e9couvrez comment les maisons conteneurs modulaires extensibles s'adaptent \u00e0 diff\u00e9rents besoins\u2014que ce soit pour un logement r\u00e9sidentiel, des bureaux \u00e0 distance ou des unit\u00e9s d'aide en cas de catastrophe.<\/p>\n<h3>Preuve Visuelle de Polyvalence et de Qualit\u00e9<\/h3>\n<ul>\n<li><strong>Photos claires et d\u00e9taill\u00e9es<\/strong>\u00a0de conceptions de maisons conteneurs pliables dans des configurations r\u00e9elles.<\/li>\n<li>Photos avant\/apr\u00e8s mettant en \u00e9vidence les fonctionnalit\u00e9s d'expansion et de pliage.<\/li>\n<li>Images de maisons conteneurs pr\u00e9fabriqu\u00e9es extensibles personnalis\u00e9es selon les demandes sp\u00e9cifiques des clients.<\/li>\n<\/ul>\n<h3>T\u00e9moignages de clients r\u00e9els<\/h3>\n<p>\u00c9coutez directement les clients et partenaires :<\/p>\n<ul>\n<li>Retour d'exp\u00e9rience sur\u00a0<strong>facilit\u00e9 d'installation<\/strong>\u00a0et l'installation.<\/li>\n<li>Exp\u00e9riences avec des mat\u00e9riaux durables et \u00e9cologiques ainsi que des agencements modulaires.<\/li>\n<li>Histoires de r\u00e9ussite de projets de logements temporaires et d'espaces commerciaux \u00e9ph\u00e9m\u00e8res.<\/li>\n<\/ul>\n<h3>Visites virtuelles en vid\u00e9o et timelapses d'installation<\/h3>\n<ul>\n<li>Regardez\u00a0<strong>des vid\u00e9os d'assemblage \u00e9tape par \u00e9tape<\/strong>\u00a0d\u00e9montrant une mise en place rapide sur site.<\/li>\n<li>Images en timelapse montrant les expansions de conteneurs, les d\u00e9pliages et les finitions finales.<\/li>\n<li>Aper\u00e7u des normes de qualit\u00e9 en fabrication et installation en action.<\/li>\n<\/ul>\n<p>Notre galerie et nos \u00e9tudes de cas offrent une vue d'ensemble des raisons pour lesquelles Yichen est une marque de confiance\u00a0<strong>de maisons conteneurs extensibles<\/strong>\u00a0sur le march\u00e9 fran\u00e7ais, mettant en avant des solutions flexibles, \u00e9conomiques et durables adapt\u00e9es \u00e0 votre projet.<\/p>\n<h3>Vos maisons container extensibles sont-elles conformes aux normes de construction<\/h3>\n<ul>\n<li>Toutes nos maisons container extensibles respectent\u00a0<strong>les normes internationales<\/strong>\u00a0et\u00a0<strong>les exigences du code de construction fran\u00e7ais<\/strong>.<\/li>\n<li>Nous garantissons la conformit\u00e9 aux r\u00e9glementations en mati\u00e8re de s\u00e9curit\u00e9, de durabilit\u00e9 et d'efficacit\u00e9 \u00e9nerg\u00e9tique pour fournir des produits fiables et certifi\u00e9s.<\/li>\n<\/ul>\n<div class=\"table-responsive\">\n<table class=\"table\">\n<thead>\n<tr>\n<th>Th\u00e8me FAQ<\/th>\n<th>D\u00e9tails cl\u00e9s<\/th>\n<\/tr>\n<\/thead>\n<tbody>\n<tr>\n<td>D\u00e9lai de livraison<\/td>\n<td>2-6 semaines en France<\/td>\n<\/tr>\n<tr>\n<td>Frais de livraison<\/td>\n<td>Selon la localisation et la taille<\/td>\n<\/tr>\n<tr>\n<td>D\u00e9lai de personnalisation<\/td>\n<td>3-6 semaines en fonction des fonctionnalit\u00e9s<\/td>\n<\/tr>\n<tr>\n<td>Support technique<\/td>\n<td>Assistance par t\u00e9l\u00e9phone, email et vid\u00e9o<\/td>\n<\/tr>\n<tr>\n<td>Options personnalis\u00e9es<\/td>\n<td>Am\u00e9nagement, isolation, utilit\u00e9s, plus<\/td>\n<\/tr>\n<tr>\n<td>Conformit\u00e9 au code<\/td>\n<td>Respecte les normes fran\u00e7aises et internationales<\/td>\n<\/tr>\n<\/tbody>\n<\/table>\n<\/div>","protected":false},"excerpt":{"rendered":"<p data-start=\"0\" data-end=\"283\">Travailler avec un fabricant exp\u00e9riment\u00e9 <strong data-start=\"28\" data-end=\"71\">de maisons conteneurs extensibles<\/strong> vous aide \u00e0 r\u00e9duire <strong data-start=\"91\" data-end=\"114\">les co\u00fbts d'exp\u00e9dition \u00e9lev\u00e9s<\/strong>. Le design pliable et peu encombrant r\u00e9duit le volume du conteneur, rendant le transport plus abordable tout en vous offrant une grande maison habitable une fois d\u00e9ploy\u00e9e sur site.<\/p>\n<p data-start=\"285\" data-end=\"552\">Le bon <strong data-start=\"295\" data-end=\"338\">de maisons conteneurs extensibles<\/strong> comprend le risque de <strong data-start=\"363\" data-end=\"388\">les dommages pendant le transit<\/strong>. Chaque unit\u00e9 est construite avec des cadres en acier renforc\u00e9 et des panneaux solides, garantissant qu'elle arrive intacte et pr\u00eate \u00e0 l'emploi sans r\u00e9parations co\u00fbteuses ni retards frustrants.<\/p>\n<p data-start=\"554\" data-end=\"824\" data-is-last-node=\"\" data-is-only-node=\"\">Choisir un fabricant fiable <strong data-start=\"574\" data-end=\"617\">de maisons conteneurs extensibles<\/strong> signifie \u00e9galement des co\u00fbts \u00e0 long terme plus faibles. Ces maisons utilisent des mat\u00e9riaux isolants, r\u00e9sistants aux intemp\u00e9ries et durables, vous \u00e9vitant ainsi de d\u00e9penser de l'argent en entretien constant. Vous obtenez une maison s\u00e9curis\u00e9e et moderne con\u00e7ue pour durer.<\/p>","protected":false},"featured_media":1484,"comment_status":"closed","ping_status":"closed","template":"","meta":[],"product_brand":[],"product_cat":[25],"product_tag":[67,63,66,64,68,70,65],"class_list":{"0":"post-1483","1":"product","2":"type-product","3":"status-publish","4":"has-post-thumbnail","6":"product_cat-expandable-container-house","7":"product_tag-20ft-expandable-container-house","8":"product_tag-china-expandable-container-house","9":"product_tag-china-expandable-container-house-price","10":"product_tag-expandable-container-house-for-sale","11":"product_tag-expandable-container-house-with-solar-energy","12":"product_tag-mobile-expandable-container-house","13":"product_tag-prefabricated-expandable-container-house","15":"first","16":"instock","17":"shipping-taxable","18":"product-type-simple"},"_links":{"self":[{"href":"https:\/\/yccontainerhouse.com\/fr\/wp-json\/wp\/v2\/product\/1483","targetHints":{"allow":["GET"]}}],"collection":[{"href":"https:\/\/yccontainerhouse.com\/fr\/wp-json\/wp\/v2\/product"}],"about":[{"href":"https:\/\/yccontainerhouse.com\/fr\/wp-json\/wp\/v2\/types\/product"}],"replies":[{"embeddable":true,"href":"https:\/\/yccontainerhouse.com\/fr\/wp-json\/wp\/v2\/comments?post=1483"}],"version-history":[{"count":0,"href":"https:\/\/yccontainerhouse.com\/fr\/wp-json\/wp\/v2\/product\/1483\/revisions"}],"wp:featuredmedia":[{"embeddable":true,"href":"https:\/\/yccontainerhouse.com\/fr\/wp-json\/wp\/v2\/media\/1484"}],"wp:attachment":[{"href":"https:\/\/yccontainerhouse.com\/fr\/wp-json\/wp\/v2\/media?parent=1483"}],"wp:term":[{"taxonomy":"product_brand","embeddable":true,"href":"https:\/\/yccontainerhouse.com\/fr\/wp-json\/wp\/v2\/product_brand?post=1483"},{"taxonomy":"product_cat","embeddable":true,"href":"https:\/\/yccontainerhouse.com\/fr\/wp-json\/wp\/v2\/product_cat?post=1483"},{"taxonomy":"product_tag","embeddable":true,"href":"https:\/\/yccontainerhouse.com\/fr\/wp-json\/wp\/v2\/product_tag?post=1483"}],"curies":[{"name":"wp","href":"https:\/\/api.w.org\/{rel}","templated":true}]}}