{"id":959,"date":"2025-09-03T03:30:28","date_gmt":"2025-09-03T03:30:28","guid":{"rendered":"https:\/\/yccontainerhouse.com\/?post_type=product&#038;p=959"},"modified":"2025-09-03T03:35:03","modified_gmt":"2025-09-03T03:35:03","slug":"visum-luxury-container-house","status":"publish","type":"product","link":"https:\/\/yccontainerhouse.com\/fr\/product\/visum-luxury-container-house\/","title":{"rendered":"Maison conteneur de luxe Visum de haute qualit\u00e9"},"content":{"rendered":"<p>La\u00a0<strong>Maison conteneur de luxe Visum<\/strong>\u00a0est con\u00e7ue avec un\u00a0<strong>cadre en acier galvanis\u00e9 de haute qualit\u00e9<\/strong>\u00a0pour une r\u00e9sistance et une durabilit\u00e9 maximales. La structure est\u00a0<strong>r\u00e9sistante \u00e0 la corrosion<\/strong>, conforme aux normes internationales strictes du b\u00e2timent.<br \/>\nL'isolation est une priorit\u00e9 absolue, avec des\u00a0<strong>isolation en mousse pulv\u00e9ris\u00e9e \u00e0 cellules ferm\u00e9es<\/strong>\u00a0or\u00a0<strong>options d'isolation en panneaux rigides<\/strong>\u00a0qui assurent une performance thermique sup\u00e9rieure et une r\u00e9duction du bruit. Des barri\u00e8res \u00e9tanches aux intemp\u00e9ries et des joints renforc\u00e9s offrent une stabilit\u00e9 face aux climats extr\u00eames, de fortes chutes de neige aux vents c\u00f4tiers.<\/p>\n<p><strong>Points forts structurels cl\u00e9s<\/strong>:<\/p>\n<ul>\n<li>Cadre en acier galvanis\u00e9 \u00e0 haute r\u00e9sistance<\/li>\n<li>Rev\u00eatement anti-rouille et r\u00e9sistant \u00e0 la corrosion<\/li>\n<li>Finition ext\u00e9rieure durable \u00e0 longue dur\u00e9e de vie<\/li>\n<li>Isolation premium avec des valeurs R \u00e9lev\u00e9es<\/li>\n<li>Soudure renforc\u00e9e pour r\u00e9sistance sismique et au vent<\/li>\n<\/ul>\n<hr \/>\n<h3>Dimensions et agencement<\/h3>\n<p>Les maisons conteneurs modulaires Visum sont con\u00e7ues pour la flexibilit\u00e9. Disponibles en tailles standard ISO et dimensions personnalis\u00e9es, elles peuvent \u00eatre con\u00e7ues en unit\u00e9s simples ou combin\u00e9es pour des agencements multi-unit\u00e9s.<\/p>\n<p><strong>Tailles populaires<\/strong>:<br \/>\n| Type de mod\u00e8le | Dimensions (L \u00d7 l \u00d7 H en pieds) | Surface utile |<br \/>\n|\u2014\u2014\u2014\u2014|\u2014\u2014\u2014\u2014\u2014\u2014\u2014\u2014\u2014|\u2014\u2014\u2014\u2014-|<br \/>\n| Unit\u00e9 20 pieds | 20 \u00d7 8 \u00d7 9,5 | ~160 pi\u00b2 |<br \/>\n| Unit\u00e9 40 pieds | 40 \u00d7 8 \u00d7 9,5 | ~320 pi\u00b2 |<br \/>\n| Combo modulaire | Personnalis\u00e9 | Extensible |<\/p>\n<p>Les plans d\u2019\u00e9tage vont de\u00a0<strong>espaces ouverts de type studio<\/strong>\u00a0to\u00a0<strong>maisons modulaires avec plusieurs chambres<\/strong>\u00a0avec des espaces s\u00e9par\u00e9s pour la salle \u00e0 manger, le salon et la cuisine.<\/p>\n<hr \/>\n<h3>Design int\u00e9rieur et finitions<\/h3>\n<p>Visum offre une\u00a0<strong>exp\u00e9rience r\u00e9sidentielle haut de gamme<\/strong>\u00a0dans chaque maison conteneur modulaire. Tous les int\u00e9rieurs pr\u00e9sentent\u00a0<strong>des finitions haut de gamme<\/strong>, des meubles sur mesure et des options de rev\u00eatements de sol de luxe.<\/p>\n<p><strong>Points forts de l\u2019int\u00e9rieur<\/strong>:<\/p>\n<ul>\n<li>Plancher en bois dur ou en bambou durable<\/li>\n<li>Meubles sur mesure avec finitions design<\/li>\n<li>Plans de travail en pierre import\u00e9e ou quartz<\/li>\n<li>Domotique intelligente (\u00e9clairage, climatisation, s\u00e9curit\u00e9)<\/li>\n<li>Int\u00e9gration d\u2019appareils haut de gamme<\/li>\n<li>Murs et plafonds isol\u00e9s r\u00e9duisant le bruit<\/li>\n<\/ul>\n<hr \/>\n<h3>Efficacit\u00e9 \u00e9nerg\u00e9tique et durabilit\u00e9<\/h3>\n<p>Les \u00e9conomies d'\u00e9nergie sont int\u00e9gr\u00e9es dans chaque\u00a0<strong>maison conteneur pr\u00e9fabriqu\u00e9e de luxe<\/strong>\u00a0par Visum. Les packs d'\u00e9nergie solaire, l'isolation avanc\u00e9e et le double vitrage \u00e0 faible \u00e9missivit\u00e9 sont des options standard ou disponibles en surclassement.<\/p>\n<p><strong>Caract\u00e9ristiques \u00e9cologiques<\/strong>:<\/p>\n<ul>\n<li>Int\u00e9gration de l'\u00e9nergie solaire avec stockage par batterie<\/li>\n<li>Isolation \u00e0 haute valeur R pour r\u00e9duire les besoins en chauffage et climatisation<\/li>\n<li>Fen\u00eatres \u00e0 faible \u00e9missivit\u00e9 pour une meilleure r\u00e9tention d'\u00e9nergie<\/li>\n<li>Syst\u00e8mes optionnels de r\u00e9cup\u00e9ration des eaux de pluie<\/li>\n<li>Mat\u00e9riaux \u00e9cologiques et recyclables<\/li>\n<\/ul>\n<hr \/>\n<h3>Mobilit\u00e9 et installation<\/h3>\n<p>La maison Visum est une\u00a0<strong>maison conteneur mobile<\/strong>\u00a0par conception. Elle offre une relocalisation facile, une installation rapide et une perturbation minimale du site.<\/p>\n<p><strong>D\u00e9tails d'installation<\/strong>:<\/p>\n<ul>\n<li>Livr\u00e9e par camion plateau ou transport en conteneur maritime<\/li>\n<li>Installation r\u00e9alis\u00e9e en jours, pas en mois<\/li>\n<li>Fondations minimales requises (pieux en b\u00e9ton ou dalle)<\/li>\n<li>Enti\u00e8rement pr\u00e9-c\u00e2bl\u00e9e et pr\u00e9-plomberie en usine<\/li>\n<\/ul>\n<hr \/>\n<h3>Options de personnalisation<\/h3>\n<p>Chaque maison modulaire de luxe Visum peut \u00eatre adapt\u00e9e \u00e0 votre style de vie.<\/p>\n<p><strong>Options personnalis\u00e9es disponibles<\/strong>:<\/p>\n<ul>\n<li>Sch\u00e9mas de couleurs ext\u00e9rieures et mat\u00e9riaux de rev\u00eatement<\/li>\n<li>Plusieurs configurations de plans d'\u00e9tage<\/li>\n<li>Am\u00e9nagements de cuisine personnalis\u00e9s et designs de salle de bain<\/li>\n<li>Terrasses, patios et toits-terrasses<\/li>\n<li>Solutions de rangement int\u00e9gr\u00e9es<\/li>\n<li>Forfaits d'\u00e9clairage design<\/li>\n<\/ul>\n<h2>Avantages de choisir la maison conteneur de luxe Visum<\/h2>\n<h3>Rentabilit\u00e9 par rapport \u00e0 la construction traditionnelle<\/h3>\n<p>A\u00a0<strong>Maison conteneur de luxe Visum<\/strong>\u00a0offre des \u00e9conomies importantes par rapport \u00e0 la construction de maison standard. Vous \u00e9vitez des co\u00fbts de main-d'\u0153uvre prolong\u00e9s, des retards co\u00fbteux sur le chantier et un gaspillage excessif de mat\u00e9riaux. \u00c9tant donn\u00e9 que la structure est construite dans un environnement contr\u00f4l\u00e9 en usine, les co\u00fbts sont pr\u00e9visibles et il y a moins de charges surprises.<br \/>\n<strong>Les \u00e9conomies proviennent de :<\/strong><\/p>\n<ul>\n<li>Temps de construction plus court et main-d'\u0153uvre r\u00e9duite<\/li>\n<li>Gaspillage de mat\u00e9riaux minimal gr\u00e2ce \u00e0 une fabrication de pr\u00e9cision<\/li>\n<li>Co\u00fbts de permis et de pr\u00e9paration du site plus faibles dans de nombreuses r\u00e9gions<\/li>\n<\/ul>\n<div class=\"table-responsive\">\n<table class=\"table\">\n<thead>\n<tr>\n<th>Caract\u00e9ristique<\/th>\n<th>Maison de luxe Visum en conteneur<\/th>\n<th>Construction traditionnelle<\/th>\n<\/tr>\n<\/thead>\n<tbody>\n<tr>\n<td>Temps de construction<\/td>\n<td>Semaines<\/td>\n<td>Moins de quelques mois \u00e0 plus d'un an<\/td>\n<\/tr>\n<tr>\n<td>Co\u00fbt de la main-d'\u0153uvre<\/td>\n<td>Faible<\/td>\n<td>\u00c9lev\u00e9<\/td>\n<\/tr>\n<tr>\n<td>Gaspillage de mat\u00e9riaux<\/td>\n<td>Minimal<\/td>\n<td>Mod\u00e9r\u00e9 \u00e0 \u00e9lev\u00e9<\/td>\n<\/tr>\n<tr>\n<td>Variabilit\u00e9 des prix<\/td>\n<td>Faible<\/td>\n<td>\u00c9lev\u00e9<\/td>\n<\/tr>\n<\/tbody>\n<\/table>\n<\/div>\n<h3>Vitesse de construction et d'installation<\/h3>\n<p>Ces\u00a0<strong>maisons modulaires en conteneur<\/strong>\u00a0peut \u00eatre achev\u00e9 en\u00a0<strong>une fraction du temps<\/strong>\u00a0de maisons ordinaires. La plupart des mod\u00e8les sont construits hors site et arrivent presque pr\u00eats \u00e0 vivre. L'installation peut souvent \u00eatre r\u00e9alis\u00e9e en seulement quelques jours.<\/p>\n<ul>\n<li>Pr\u00e9cision construite en usine r\u00e9duit la pr\u00e9paration sur site<\/li>\n<li>Livraison et installation rapides par rapport \u00e0 des constructions qui durent plusieurs mois<\/li>\n<li>Id\u00e9al pour r\u00e9pondre \u00e0 des besoins urgents en logement ou pour des relocations rapides<\/li>\n<\/ul>\n<h3>Vie durable et respectueuse de l'environnement<\/h3>\n<p>A\u00a0<strong>Maison container \u00e9cologique Visum<\/strong>\u00a0r\u00e9utilise des conteneurs en acier de haute qualit\u00e9 et int\u00e8gre des mat\u00e9riaux durables. Associ\u00e9 \u00e0 une isolation efficace et \u00e0 des syst\u00e8mes solaires optionnels, il contribue \u00e0 r\u00e9duire les co\u00fbts \u00e9nerg\u00e9tiques \u00e0 long terme et \u00e0 diminuer votre empreinte carbone.<\/p>\n<ul>\n<li>Structure de base recycl\u00e9e r\u00e9duit la demande en ressources<\/li>\n<li>Des coefficients d'isolation \u00e9lev\u00e9s r\u00e9duisent la consommation de chauffage et de climatisation<\/li>\n<li>Options pour panneaux solaires et syst\u00e8mes de r\u00e9cup\u00e9ration d'eau de pluie<\/li>\n<\/ul>\n<h3>Mobilit\u00e9 et flexibilit\u00e9<\/h3>\n<p>Contrairement aux maisons permanentes traditionnelles, un\u00a0<strong>maison conteneur de luxe portable<\/strong>\u00a0peut se d\u00e9placer lorsque vous le faites. Que ce soit pour une relocalisation en ville ou \u00e0 travers le pays, la construction modulaire est con\u00e7ue pour le transport sans sacrifier la durabilit\u00e9.<\/p>\n<ul>\n<li>Facile \u00e0 d\u00e9placer sans reconstruction compl\u00e8te<\/li>\n<li>Changements de taille et de disposition flexibles au fil du temps<\/li>\n<li>Convient pour les r\u00e9sidences principales, les propri\u00e9t\u00e9s de vacances ou les unit\u00e9s locatives<\/li>\n<\/ul>\n<h3>Durabilit\u00e9 et R\u00e9silience<\/h3>\n<p>Construit \u00e0 partir de\u00a0<strong>acier de qualit\u00e9 marine<\/strong>\u00a0avec un cadre renforc\u00e9, les maisons container Visum sont con\u00e7ues pour durer. Elles r\u00e9sistent aux conditions m\u00e9t\u00e9orologiques extr\u00eames, repoussent les parasites et n\u00e9cessitent un entretien minimal compar\u00e9 aux maisons en ossature bois.<\/p>\n<ul>\n<li>Mat\u00e9riaux r\u00e9sistants aux intemp\u00e9ries et aux parasites<\/li>\n<li>R\u00e9pond ou d\u00e9passe les normes de construction en vigueur dans la plupart des r\u00e9gions<\/li>\n<li>Longue esp\u00e9rance de vie avec peu d'entretien n\u00e9cessaire<\/li>\n<\/ul>\n<h2>Processus de commande et services pour la maison conteneur de luxe Visum<\/h2>\n<h3>Processus \u00e9tape par \u00e9tape<\/h3>\n<p>Commander un\u00a0<strong>Maison de luxe Visum en conteneur<\/strong>\u00a0est simple, mais il est bas\u00e9 sur la personnalisation pour r\u00e9pondre \u00e0 vos besoins. Nous suivons un processus simple et structur\u00e9 :<\/p>\n<ol>\n<li><strong>Consultation<\/strong>\u00a0\u2013 Nous commen\u00e7ons par conna\u00eetre vos exigences, pr\u00e9f\u00e9rences de style de vie, localisation et budget. Cela nous aide \u00e0 recommander les meilleurs\u00a0<strong>designs de maisons conteneur de luxe<\/strong>\u00a0et plans d'\u00e9tage.<\/li>\n<li><strong>Conception et Personnalisation<\/strong>\u00a0\u2013 Notre \u00e9quipe travaille avec vous sur la disposition, les finitions, les sch\u00e9mas de couleurs et les options suppl\u00e9mentaires comme les terrasses ou les installations solaires. Vous avez un acc\u00e8s complet \u00e0\u00a0<strong>la conception de maison conteneur personnalis\u00e9e<\/strong>\u00a0options.<\/li>\n<li><strong>Production<\/strong>\u00a0\u2013 Une fois la conception approuv\u00e9e, nous fabriquons votre maison en utilisant des cadres en acier de haute qualit\u00e9 et des mat\u00e9riaux premium dans notre usine.<\/li>\n<li><strong>Livraison<\/strong>\u00a0\u2013 Votre maison modulaire est transport\u00e9e jusqu'\u00e0 votre site en utilisant des m\u00e9thodes d'exp\u00e9dition sp\u00e9cialis\u00e9es pour prot\u00e9ger la structure.<\/li>\n<li><strong>Installation<\/strong>\u00a0\u2013 Selon le mod\u00e8le choisi, l'installation peut \u00eatre r\u00e9alis\u00e9e en quelques jours. Nous veillons \u00e0 ce que toutes les utilit\u00e9s, finitions et connexions respectent les normes de construction et de s\u00e9curit\u00e9 fran\u00e7aises.<\/li>\n<\/ol>\n<h3>Garantie et assistance<\/h3>\n<ul>\n<li><strong>Garantie structurelle<\/strong>\u00a0\u2013 Couvre le cadre en acier et la structure principale contre les d\u00e9fauts.<\/li>\n<li><strong>Garantie des syst\u00e8mes<\/strong>\u00a0\u2013 Protection pour les syst\u00e8mes \u00e9lectriques, de plomberie et de chauffage, ventilation et climatisation.<\/li>\n<li><strong>Support apr\u00e8s installation<\/strong>\u00a0\u2013 Assistance continue pour les ajustements ou r\u00e9parations, ainsi que des conseils d'entretien pour prolonger la dur\u00e9e de vie de votre maison.<\/li>\n<\/ul>\n<h3>Options de financement<\/h3>\n<p>Nous proposons plusieurs\u00a0<strong>financement abordable pour les maisons conteneur de luxe<\/strong>\u00a0solutions :<\/p>\n<ul>\n<li>Partenaires pr\u00eateurs avec des taux comp\u00e9titifs et des modalit\u00e9s de remboursement flexibles.<\/li>\n<li>Programmes de location-avec-option-d'achat dans certains d\u00e9partements.<\/li>\n<li>Plans de paiement pour les am\u00e9liorations personnalis\u00e9es.<\/li>\n<\/ul>\n<h3>T\u00e9moignages clients et \u00e9tudes de cas<\/h3>\n<p>De vrais clients en France ont choisi la\u00a0<strong>maison modulaire container Visum<\/strong>\u00a0pour :<\/p>\n<ul>\n<li>R\u00e9duire la taille pour une maison moderne et facile d'entretien.<\/li>\n<li>R\u00e9sidences secondaires sur des propri\u00e9t\u00e9s de vacances.<\/li>\n<li>Abordable mais\u00a0<strong>logement modulaire haut de gamme<\/strong>\u00a0sur terrain rural.<\/li>\n<\/ul>\n<p><strong>Exemple de cas<\/strong>\u00a0\u2013 Une famille en Occitanie a command\u00e9 un 2 pi\u00e8ces\u00a0<strong>maison conteneur pr\u00e9fabriqu\u00e9e de luxe<\/strong>\u00a0avec une terrasse sur le toit. De la consultation de conception \u00e0 l\u2019emm\u00e9nagement, cela a pris sept semaines, et leurs factures mensuelles d\u2019\u00e9lectricit\u00e9 ont diminu\u00e9 de 40 % gr\u00e2ce \u00e0 l\u2019int\u00e9gration solaire.<\/p>\n<h2>\u00c0 propos de Yichen<\/h2>\n<h3>20 ans d\u2019exp\u00e9rience dans les maisons de luxe et modulaires en container<\/h3>\n<p>Yichen est dans le\u00a0<strong>secteur des maisons mobiles et de luxe en container depuis plus de 20 ans<\/strong>, servant des clients en France et dans le monde entier. Nous avons b\u00e2ti notre r\u00e9putation en fournissant\u00a0<strong>des solutions de logement modulaire de haute qualit\u00e9, durables et \u00e9l\u00e9gantes<\/strong>\u00a0qui r\u00e9pondent aux besoins de la vie moderne. Notre longue exp\u00e9rience signifie que nous comprenons le\u00a0<strong>march\u00e9 immobilier fran\u00e7ais, les besoins en zonage et les attentes des clients<\/strong>, que ce soit pour des usages r\u00e9sidentiels, commerciaux ou r\u00e9cr\u00e9atifs.<\/p>\n<h3>Fabrication avanc\u00e9e et innovation<\/h3>\n<p>Chaque\u00a0<strong>Maison conteneur de luxe Visum<\/strong>\u00a0est produite dans nos installations de fabrication \u00e0 la pointe de la technologie utilisant\u00a0<strong>l'ing\u00e9nierie de pr\u00e9cision et un contr\u00f4le qualit\u00e9 strict<\/strong>. De\u00a0<strong>structures en acier de qualit\u00e9 marine<\/strong>\u00a0to\u00a0<strong>une isolation haut de gamme et des finitions haut de gamme<\/strong>, nous fabriquons chaque maison pour durer quelles que soient les conditions m\u00e9t\u00e9orologiques, m\u00eame dans les climats difficiles.<br \/>\nNous investissons en permanence\u00a0<strong>dans l'innovation<\/strong>, en proposant des options telles que des syst\u00e8mes solaires int\u00e9gr\u00e9s, la domotique, et l'expansion modulaire pour les besoins futurs. Nos capacit\u00e9s de fabrication nous permettent de cr\u00e9er \u00e0 la fois\u00a0<strong>mod\u00e8les standard<\/strong>\u00a0et\u00a0<strong>des plans d'\u00e9tage enti\u00e8rement personnalis\u00e9s<\/strong>\u00a0pour correspondre \u00e0 votre style de vie.<\/p>\n<h3>Engagement envers la qualit\u00e9 et la satisfaction du client<\/h3>\n<p>Nous savons que la valeur d'une maison container ne s'arr\u00eate pas au design \u2014 c'est la fa\u00e7on dont elle est construite et comment elle performe au fil du temps. C\u2019est pourquoi :<\/p>\n<ul>\n<li>Tous les mat\u00e9riaux sont\u00a0<strong>certifi\u00e9s ISO<\/strong>\u00a0et proviennent de fournisseurs de confiance.<\/li>\n<li>Chaque unit\u00e9 passe par\u00a0<strong>des inspections \u00e0 plusieurs \u00e9tapes<\/strong>\u00a0avant la livraison.<\/li>\n<li>Nous proposons\u00a0<strong>consultation personnalis\u00e9e<\/strong>\u00a0pour vous aider \u00e0 choisir les agencements, finitions et am\u00e9liorations qui vous conviennent le mieux.<\/li>\n<li>Notre\u00a0<strong>une \u00e9quipe apr\u00e8s-vente d\u00e9di\u00e9e<\/strong>\u00a0assure que votre maison de luxe en conteneur Visum reste en parfait \u00e9tat pendant des ann\u00e9es.<\/li>\n<\/ul>\n<p>Si vous souhaitez une option \u00e0 empreinte plus petite, vous pouvez voir notre\u00a0<strong><a href=\"https:\/\/yccontainerhouse.com\/product\/20ft-single-container-house\/\">maison en conteneur simple de 20 pieds<\/a><\/strong>\u00a0pour une vie compacte sans perdre de confort.<\/p>\n<p>Yichen n\u2019est pas seulement un fabricant \u2014 nous sommes un\u00a0<strong>partenaire<\/strong>\u00a0dans la cr\u00e9ation de votre espace de vie ou de travail id\u00e9al avec\u00a0<strong>flexibilit\u00e9, style et durabilit\u00e9<\/strong>\u00a0au c\u0153ur.<\/p>\n<h2>FAQ pour la Maison Conteneur de Luxe Visum<\/h2>\n<h3>Mat\u00e9riaux utilis\u00e9s dans la Maison Conteneur de Luxe Visum<\/h3>\n<p>Notre\u00a0<strong>Maisons conteneur de luxe Visum<\/strong>\u00a0sont construites en utilisant\u00a0<strong>structures en acier de haute qualit\u00e9<\/strong>\u00a0pour la r\u00e9sistance structurelle et la r\u00e9sistance aux intemp\u00e9ries. Les panneaux ext\u00e9rieurs et de toit sont r\u00e9sistants \u00e0 la corrosion, et toutes les unit\u00e9s sont isol\u00e9es avec soit\u00a0<strong>mousse pulv\u00e9ris\u00e9e \u00e0 cellules ferm\u00e9es<\/strong>\u00a0or\u00a0<strong>panneaux en polyur\u00e9thane \u00e0 haute densit\u00e9<\/strong>\u00a0pour assurer le confort toute l\u2019ann\u00e9e. Les fen\u00eatres sont g\u00e9n\u00e9ralement \u00e0 double vitrage pour une meilleure efficacit\u00e9 \u00e9nerg\u00e9tique et une r\u00e9duction du bruit.<\/p>\n<h3>Permis et exigences de zonage<\/h3>\n<p>Dans la plupart des \u00c9tats, une\u00a0<strong>permis de construire<\/strong>\u00a0or\u00a0<strong>approbation de maison modulaire<\/strong>\u00a0est n\u00e9cessaire avant l\u2019installation. \u00c9tant donn\u00e9 que les r\u00e9glementations varient selon les d\u00e9partements et les villes, nous vous aidons \u00e0 naviguer dans les exigences locales en fournissant des dessins d\u2019ing\u00e9nierie d\u00e9taill\u00e9s, des rapports de conformit\u00e9 structurelle et des plans de fondation conformes aux codes du b\u00e2timent fran\u00e7ais. Il est toujours pr\u00e9f\u00e9rable de v\u00e9rifier avec votre service d\u2019urbanisme local d\u00e8s le d\u00e9but du processus.<\/p>\n<h3>Conception personnalis\u00e9e pour vos besoins<\/h3>\n<p>Nous proposons\u00a0<strong>services de conception enti\u00e8rement personnalis\u00e9s<\/strong>. Vous pouvez choisir :<\/p>\n<ul>\n<li>Plans d\u2019\u00e9tage (studio, 1 chambre, multi-unit\u00e9s)<\/li>\n<li>Am\u00e9liorations des mat\u00e9riaux (rev\u00eatements de sol premium, menuiserie, appareils \u00e9lectrom\u00e9nagers)<\/li>\n<li>Finitions ext\u00e9rieures et palettes de couleurs<\/li>\n<li>Options suppl\u00e9mentaires comme terrasses, patios sur le toit et pergolas<\/li>\n<\/ul>\n<h3>Entretien et durabilit\u00e9<\/h3>\n<p>Les maisons container Visum sont\u00a0<strong>faible entretien<\/strong>\u00a0gr\u00e2ce \u00e0 leur structure en acier et leurs finitions durables. Voici ce que l\u2019entretien typique implique :<\/p>\n<ul>\n<li>Inspection annuelle du toit et de la peinture ext\u00e9rieure ou du bardage<\/li>\n<li>Lubrification des joints des portes et fen\u00eatres<\/li>\n<li>Nettoyage des panneaux solaires (si \u00e9quip\u00e9s) tous les 6 \u00e0 12 mois<\/li>\n<li>Remplacement trimestriel des filtres HVAC<br \/>\nConstruites avec des rev\u00eatements antirouille et des mat\u00e9riaux durables, nos maisons sont con\u00e7ues pour\u00a0<strong>durer des d\u00e9cennies avec une intervention minimale<\/strong>.<\/li>\n<\/ul>\n<h3>Zones de livraison \u00e0 travers la France<\/h3>\n<p>Nous livrons actuellement en\u00a0<strong>la plupart des r\u00e9gions en France<\/strong>, y compris les r\u00e9gions continentales, avec certaines restrictions pour les \u00eeles \u00e9loign\u00e9es ou les zones n\u00e9cessitant des permis de transport sp\u00e9ciaux. Pour certaines propri\u00e9t\u00e9s rurales ou \u00e0 acc\u00e8s restreint, une inspection suppl\u00e9mentaire du site peut \u00eatre requise pour d\u00e9terminer la faisabilit\u00e9 de la livraison.<\/p>\n<h3>D\u00e9lais d\u2019installation<\/h3>\n<p>Une fois les permis obtenus et le site pr\u00e9par\u00e9, l\u2019installation typique prend :<\/p>\n<ul>\n<li><strong>Module unique<\/strong>: 1\u20133 jours<\/li>\n<li><strong>Installation multi-module<\/strong>: 5\u201310 jours<br \/>\nLe d\u00e9lai de fabrication d\u00e9pend de la personnalisation, g\u00e9n\u00e9ralement\u00a0<strong>6\u201312 semaines<\/strong>\u00a0de l'approbation finale du design \u00e0 la livraison.<\/li>\n<\/ul>","protected":false},"excerpt":{"rendered":"<p class=\"ds-markdown-paragraph\">Les maisons conteneurs de luxe Visum disposent de cadres en acier renforc\u00e9 et d'un emballage professionnel d'exportation, garantissant z\u00e9ro dommage lors de l'exp\u00e9dition sur de longues distances. Chaque unit\u00e9 subit un contr\u00f4le qualit\u00e9 strict et est \u00e9quip\u00e9e de mat\u00e9riaux absorbant les chocs, offrant une protection ultime du chargement au d\u00e9chargement.<\/p>\n<p class=\"ds-markdown-paragraph\">Notre conception en kit plat et notre emballage peu encombrant r\u00e9duisent consid\u00e9rablement le volume d'exp\u00e9dition, diminuant ainsi les co\u00fbts de fret international. Des solutions logistiques optimis\u00e9es permettent un transport flexible par mer ou par terre, rendant les maisons conteneurs de luxe Visum \u00e0 la fois abordables et facilement accessibles dans le monde entier.<\/p>\n<p class=\"ds-markdown-paragraph\">Construites avec des mat\u00e9riaux anti-corrosion haut de gamme et des composants structurels durables, les maisons conteneurs Visum n\u00e9cessitent un entretien minimal \u00e0 long terme. Nous proposons des pi\u00e8ces d\u00e9tach\u00e9es accessibles et des guides de r\u00e9paration simples, garantissant des co\u00fbts d'entretien faibles sur toute la dur\u00e9e de vie pour les propri\u00e9taires.<\/p>","protected":false},"featured_media":960,"comment_status":"closed","ping_status":"closed","template":"","meta":[],"product_brand":[],"product_cat":[30],"product_tag":[29],"class_list":{"0":"post-959","1":"product","2":"type-product","3":"status-publish","4":"has-post-thumbnail","6":"product_cat-luxury-container-house","7":"product_tag-expandable-flat-pack-prefab-module-container-house-with-solar-energy","9":"first","10":"instock","11":"sold-individually","12":"shipping-taxable","13":"product-type-simple"},"_links":{"self":[{"href":"https:\/\/yccontainerhouse.com\/fr\/wp-json\/wp\/v2\/product\/959","targetHints":{"allow":["GET"]}}],"collection":[{"href":"https:\/\/yccontainerhouse.com\/fr\/wp-json\/wp\/v2\/product"}],"about":[{"href":"https:\/\/yccontainerhouse.com\/fr\/wp-json\/wp\/v2\/types\/product"}],"replies":[{"embeddable":true,"href":"https:\/\/yccontainerhouse.com\/fr\/wp-json\/wp\/v2\/comments?post=959"}],"version-history":[{"count":0,"href":"https:\/\/yccontainerhouse.com\/fr\/wp-json\/wp\/v2\/product\/959\/revisions"}],"wp:featuredmedia":[{"embeddable":true,"href":"https:\/\/yccontainerhouse.com\/fr\/wp-json\/wp\/v2\/media\/960"}],"wp:attachment":[{"href":"https:\/\/yccontainerhouse.com\/fr\/wp-json\/wp\/v2\/media?parent=959"}],"wp:term":[{"taxonomy":"product_brand","embeddable":true,"href":"https:\/\/yccontainerhouse.com\/fr\/wp-json\/wp\/v2\/product_brand?post=959"},{"taxonomy":"product_cat","embeddable":true,"href":"https:\/\/yccontainerhouse.com\/fr\/wp-json\/wp\/v2\/product_cat?post=959"},{"taxonomy":"product_tag","embeddable":true,"href":"https:\/\/yccontainerhouse.com\/fr\/wp-json\/wp\/v2\/product_tag?post=959"}],"curies":[{"name":"wp","href":"https:\/\/api.w.org\/{rel}","templated":true}]}}