{"id":1343,"date":"2025-09-13T02:57:22","date_gmt":"2025-09-13T02:57:22","guid":{"rendered":"https:\/\/yccontainerhouse.com\/?post_type=product&#038;p=1343"},"modified":"2025-09-22T07:57:13","modified_gmt":"2025-09-22T07:57:13","slug":"economical-prefabricated-modular-mobile-portable-container-house","status":"publish","type":"product","link":"https:\/\/yccontainerhouse.com\/pt\/product\/economical-prefabricated-modular-mobile-portable-container-house\/","title":{"rendered":"Casa de contentores port\u00e1til, modular, prefabricada e econ\u00f3mica"},"content":{"rendered":"<p>Apresentamos o\u00a0<strong>Casa de Contentores M\u00f3vel, Modular, Prefabricada e Econ\u00f3mica por yichen<\/strong>, uma solu\u00e7\u00e3o inteligente para espa\u00e7os de vida e trabalho acess\u00edveis e flex\u00edveis. Projetado com efici\u00eancia e mobilidade em mente, este\u00a0<strong>habita\u00e7\u00e3o modular port\u00e1til<\/strong>\u00a0oferece tudo o que precisa numa casa de contentores duradoura, escal\u00e1vel e ecol\u00f3gica.<\/p>\n<p>Constru\u00eddo com\u00a0<strong>estruturas de a\u00e7o e pain\u00e9is isolantes<\/strong>, esta casa de contentores combina resist\u00eancia com efici\u00eancia energ\u00e9tica, tornando-se perfeita para uma variedade de usos\u2014desde\u00a0<strong>habita\u00e7\u00f5es residenciais e alojamentos tempor\u00e1rios<\/strong>\u00a0at\u00e9 escrit\u00f3rios m\u00f3veis e unidades de ajuda em desastres. O seu\u00a0<strong>design modular<\/strong>\u00a0permite personaliza\u00e7\u00e3o e expans\u00e3o r\u00e1pidas, oferecendo layouts vers\u00e1teis que se adaptam \u00e0s suas necessidades \u00fanicas.<\/p>\n<p>Com mais de 20 anos de experi\u00eancia da yichen na\u00a0<strong>fabrica\u00e7\u00e3o de unidades de habita\u00e7\u00e3o m\u00f3vel prefabricada<\/strong>, este produto \u00e9 apoiado por um controlo de qualidade rigoroso, garantindo altos padr\u00f5es em cada etapa. Quer esteja \u00e0 procura de um\u00a0<strong>contentor de cabine econ\u00f3mico<\/strong>\u00a0ou de uma\u00a0<strong>casa de contentores port\u00e1til f\u00e1cil de transportar<\/strong>, esta \u00e9 uma escolha ideal para quem prioriza custo, durabilidade e conveni\u00eancia.<\/p>\n<p>Explore mais sobre as nossas\u00a0<strong>casas modulares pr\u00e9-fabricadas acess\u00edveis<\/strong>\u00a0e veja como pode beneficiar de instala\u00e7\u00e3o r\u00e1pida, trabalho m\u00ednimo no local e princ\u00edpios de design sustent\u00e1vel num pacote completo.<\/p>\n<p>Para op\u00e7\u00f5es detalhadas, consulte\u00a0<a href=\"https:\/\/yccontainerhouse.com\/container-options\/20ft-container-house\/\">Casa de contentor de 20 p\u00e9s<\/a>\u00a0ou navegue pela nossa gama no\u00a0<a href=\"https:\/\/yccontainerhouse.com\/\">site oficial<\/a>.<\/p>\n<h2>Vis\u00e3o Geral do Produto de Casa de Contentores Modular Pr\u00e9-fabricada, Econ\u00f3mica, M\u00f3vel e Port\u00e1til<\/h2>\n<p>A\u00a0<strong>casa de contentores modular pr\u00e9-fabricada, m\u00f3vel e port\u00e1til<\/strong>\u00a0\u00e9 um espa\u00e7o vers\u00e1til, constru\u00eddo em f\u00e1brica, destinado a habita\u00e7\u00e3o ou trabalho, projetado para instala\u00e7\u00e3o r\u00e1pida e f\u00e1cil reloca\u00e7\u00e3o. Feita de contentores de transporte de a\u00e7o ou unidades modulares personalizadas, estas casas e escrit\u00f3rios combinam materiais resistentes e dur\u00e1veis com designs inteligentes e flex\u00edveis.<\/p>\n<h3>O que \u00e9 uma Casa de Contentores Modular Pr\u00e9-fabricada, M\u00f3vel e Port\u00e1til<\/h3>\n<p>Estas casas de contentores s\u00e3o constru\u00eddas fora do local em condi\u00e7\u00f5es controladas de f\u00e1brica, garantindo qualidade e precis\u00e3o. As unidades v\u00eam totalmente montadas ou como kits modulares que se encaixam para formar espa\u00e7os maiores de habita\u00e7\u00e3o ou trabalho. Como s\u00e3o\u00a0<strong>m\u00f3veis e port\u00e1teis<\/strong>, podem ser movidas por cami\u00e3o ou grua, tornando-as ideais para mudan\u00e7as de localiza\u00e7\u00e3o.<\/p>\n<h3>Utilizadores e Aplica\u00e7\u00f5es Ideais<\/h3>\n<p>Este produto \u00e9 perfeito para uma variedade de utilizadores e usos, incluindo:<\/p>\n<ul>\n<li><strong>Habita\u00e7\u00e3o residencial<\/strong>, especialmente para casas acess\u00edveis, de pequena pegada ou entusiastas de casas min\u00fasculas<\/li>\n<li><strong>Habita\u00e7\u00e3o tempor\u00e1ria<\/strong>\u00a0em situa\u00e7\u00f5es como locais de constru\u00e7\u00e3o ou alojamentos de for\u00e7a de trabalho de curto prazo<\/li>\n<li><strong>Escrit\u00f3rios m\u00f3veis<\/strong>\u00a0para empresas que necessitam de espa\u00e7o de trabalho flex\u00edvel em movimento<\/li>\n<li><strong>Habita\u00e7\u00e3o de aux\u00edlio em desastres<\/strong>, oferecendo abrigo r\u00e1pido e seguro em situa\u00e7\u00f5es de emerg\u00eancia<\/li>\n<\/ul>\n<p>Quer precise de uma\u00a0<strong>unidade de habita\u00e7\u00e3o modular port\u00e1til<\/strong>\u00a0para uso pessoal, empresarial ou de emerg\u00eancia, a Casa Modular Port\u00e1til Pr\u00e9-fabricada Econ\u00f4mica oferece uma\u00a0<strong>solu\u00e7\u00e3o econ\u00f3mica, dur\u00e1vel e flex\u00edvel<\/strong>\u00a0adaptada \u00e0s diversas necessidades do mercado portugu\u00eas.<\/p>\n<h2>Especifica\u00e7\u00f5es da Casa Modular Port\u00e1til Pr\u00e9-fabricada Econ\u00f4mica<\/h2>\n<h3>Dimens\u00f5es e Op\u00e7\u00f5es de Personaliza\u00e7\u00e3o<\/h3>\n<p>Os nossos\u00a0<strong>casas modulares pr\u00e9-fabricadas port\u00e1teis<\/strong>\u00a0dispon\u00edveis em v\u00e1rias tamanhos padr\u00e3o concebidos para f\u00e1cil transporte e instala\u00e7\u00e3o no mercado portugu\u00eas:<\/p>\n<ul>\n<li><strong>Modelos padr\u00e3o:<\/strong>\u00a0contentores de 20 p\u00e9s, 40 p\u00e9s e 40 p\u00e9s de cubo alto<\/li>\n<li><strong>Tamanhos personalizados:<\/strong>\u00a0Oferecemos comprimentos, larguras e alturas ajustados para atender \u00e0s necessidades espec\u00edficas do local ou prefer\u00eancias de layout<\/li>\n<li>Se\u00e7\u00f5es modulares podem ser combinadas ou empilhadas para criar espa\u00e7os maiores de habita\u00e7\u00e3o ou escrit\u00f3rio sem comprometer a mobilidade<\/li>\n<\/ul>\n<h3>Detalhes de Materiais e Constru\u00e7\u00e3o<\/h3>\n<ul>\n<li><strong>Estrutura:<\/strong>\u00a0Estrutura de a\u00e7o resistente garante for\u00e7a e durabilidade, constru\u00edda para suportar transporte e condi\u00e7\u00f5es clim\u00e1ticas diversas<\/li>\n<li><strong>Pain\u00e9is:<\/strong>\u00a0Pain\u00e9is de parede isolados de alta qualidade proporcionam excelente efici\u00eancia t\u00e9rmica e isolamento ac\u00fastico<\/li>\n<li><strong>Exterior:<\/strong>\u00a0Revestimentos resistentes \u00e0s intemp\u00e9ries protegem contra ferrugem, corros\u00e3o e danos causados pelos UV, prolongando a vida \u00fatil da casa de contentores<\/li>\n<\/ul>\n<h3>Requisitos Estruturais e de Funda\u00e7\u00e3o<\/h3>\n<ul>\n<li>Projetado para\u00a0<strong>montagem sem funda\u00e7\u00f5es<\/strong>\u00a0ou funda\u00e7\u00f5es m\u00ednimas como pilares de bet\u00e3o ou lajes<\/li>\n<li>Estrutura projetada para equilibrar integridade estrutural com mobilidade leve, facilitando a reloca\u00e7\u00e3o<\/li>\n<li>Adequado para instala\u00e7\u00f5es permanentes e tempor\u00e1rias com prepara\u00e7\u00e3o r\u00e1pida do local<\/li>\n<\/ul>\n<h3>Utilidades, Canaliza\u00e7\u00e3o, El\u00e9ctrico, HVAC Op\u00e7\u00f5es<\/h3>\n<ul>\n<li>Op\u00e7\u00f5es totalmente personaliz\u00e1veis para\u00a0<strong>encanamento<\/strong>, incluindo pontos de liga\u00e7\u00e3o para \u00e1gua e esgoto<\/li>\n<li>Sistemas el\u00e9tricos compat\u00edveis com os c\u00f3digos locais; prontos para conex\u00e3o \u00e0 rede ou solu\u00e7\u00f5es fora da rede<\/li>\n<li>Op\u00e7\u00f5es de HVAC incluem sistemas mini-split energeticamente eficientes ou isolamento incorporado para v\u00e1rias zonas clim\u00e1ticas<\/li>\n<li>Integra\u00e7\u00e3o opcional de pain\u00e9is solares para fontes de energia sustent\u00e1veis<\/li>\n<\/ul>\n<h3>Limites de peso e Transportabilidade<\/h3>\n<ul>\n<li>O peso t\u00edpico da unidade varia entre\u00a0<strong>4.800 a 8.000 lbs<\/strong>, dependendo do tamanho e materiais<\/li>\n<li>Projetado para cumprir os limites de transporte rodovi\u00e1rio em Portugal na maioria dos casos, sem necessidade de permiss\u00f5es especiais<\/li>\n<li>F\u00e1cil de carregar em cami\u00f5es ou reboques de plataforma para transporte nacional e instala\u00e7\u00e3o r\u00e1pida no local<\/li>\n<\/ul>\n<p>As nossas especifica\u00e7\u00f5es garantem que a sua casa de contentores econ\u00f3mica se adapte \u00e0s suas necessidades pr\u00e1ticas de solu\u00e7\u00f5es de habita\u00e7\u00e3o ou espa\u00e7o de trabalho acess\u00edveis, energeticamente eficientes e port\u00e1teis.<\/p>\n<h2>Op\u00e7\u00f5es de personaliza\u00e7\u00e3o e modulares para casas de contentores prefabricadas econ\u00f3micas e m\u00f3veis<\/h2>\n<p>Os nossos\u00a0<strong>casa de contentores port\u00e1til, modular, prefabricada e econ\u00f3mica<\/strong>\u00a0oferece uma vasta gama de op\u00e7\u00f5es de personaliza\u00e7\u00e3o e modulares para atender \u00e0s suas necessidades espec\u00edficas. Quer procure um espa\u00e7o residencial acolhedor, um escrit\u00f3rio funcional ou uma habita\u00e7\u00e3o tempor\u00e1ria, podemos adaptar o design para si.<\/p>\n<h3>Tamanhos e configura\u00e7\u00f5es personalizadas<\/h3>\n<ul>\n<li><strong>Escolha entre tamanhos padr\u00e3o ou dimens\u00f5es totalmente personalizadas<\/strong>\u00a0para maximizar o espa\u00e7o dispon\u00edvel.<\/li>\n<li>Unidades modulares permitem\u00a0<strong>f\u00e1cil expans\u00e3o ou redu\u00e7\u00e3o<\/strong>, tornando simples adicionar quartos ou ajustar layouts conforme as suas necessidades mudam.<\/li>\n<li>As configura\u00e7\u00f5es incluem instala\u00e7\u00f5es de um ou v\u00e1rios contentores, e\u00a0<strong>op\u00e7\u00f5es de casas de contentores expans\u00edveis<\/strong>\u00a0para maior flexibilidade de espa\u00e7o.<\/li>\n<\/ul>\n<h3>Layout interior e caracter\u00edsticas<\/h3>\n<ul>\n<li>Flex\u00edvel\u00a0<strong>parti\u00e7\u00f5es interiores<\/strong>\u00a0para criar quartos, escrit\u00f3rios ou espa\u00e7os de plano aberto.<\/li>\n<li>Op\u00e7\u00f5es de mobili\u00e1rio personalizado para cozinhas, casas de banho e armazenamento, projetadas para otimizar o ambiente de vida ou trabalho compacto.<\/li>\n<li>Variedade de\u00a0<strong>estilos e posicionamentos de janelas<\/strong>\u00a0para melhorar a luz natural e a ventila\u00e7\u00e3o.<\/li>\n<\/ul>\n<h3>Acabamentos Exteriores e Op\u00e7\u00f5es de Cores<\/h3>\n<ul>\n<li>Escolha entre revestimentos exteriores dur\u00e1veis\u00a0<strong>resistentes \u00e0s intemp\u00e9ries<\/strong>\u00a0concebidos para resistir a diversos climas.<\/li>\n<li>Personalize esquemas de cores para branding, gosto pessoal ou requisitos de zoneamento local.<\/li>\n<li>Materiais de revestimento opcionais dispon\u00edveis para combinar a est\u00e9tica com o ambiente ou os padr\u00f5es da comunidade.<\/li>\n<\/ul>\n<h3>Comodidades e Melhorias Opcionais<\/h3>\n<ul>\n<li><strong>Sistemas de pain\u00e9is solares<\/strong>\u00a0para fornecer solu\u00e7\u00f5es de energia independentes da rede e reduzir os custos de eletricidade.<\/li>\n<li>Integrados\u00a0<strong>tanques de \u00e1gua<\/strong>\u00a0para armazenamento e gest\u00e3o aut\u00f3noma de \u00e1gua.<\/li>\n<li>Avan\u00e7ado\u00a0<strong>sistemas de seguran\u00e7a<\/strong>, incluindo configura\u00e7\u00f5es de alarme e fechaduras refor\u00e7adas, para proteger o seu investimento.<\/li>\n<li>Est\u00e3o dispon\u00edveis atualiza\u00e7\u00f5es adicionais, como melhorias de isolamento, sistemas HVAC e integra\u00e7\u00f5es de casas inteligentes.<\/li>\n<\/ul>\n<p>A nossa abordagem modular significa que obt\u00e9m um\u00a0<strong>unidade de habita\u00e7\u00e3o modular port\u00e1til<\/strong>\u00a0que funciona exatamente como precisa. Este n\u00edvel de personaliza\u00e7\u00e3o suporta uma vasta gama de aplica\u00e7\u00f5es, desde solu\u00e7\u00f5es acess\u00edveis de casas contentorizadas a unidades m\u00f3veis de habita\u00e7\u00e3o pr\u00e9-fabricadas adaptadas ao seu estilo de vida ou neg\u00f3cio.<\/p>\n<p>Explore mais op\u00e7\u00f5es personaliz\u00e1veis e designs expans\u00edveis nos nossos\u00a0<a href=\"https:\/\/yccontainerhouse.com\/container-options\/expandable-container-house\/\">Cole\u00e7\u00e3o de Casas de Contentor Expand\u00edveis<\/a>.<\/p>\n<p>&nbsp;<\/p>\n<p>&nbsp;<\/p>","protected":false},"excerpt":{"rendered":"<p data-start=\"0\" data-end=\"291\">O <strong data-start=\"4\" data-end=\"72\">casa de contentores port\u00e1til, modular, prefabricada e econ\u00f3mica<\/strong> ajuda a resolver a quest\u00e3o de <strong data-start=\"98\" data-end=\"121\">altos custos de transporte<\/strong>. O seu design modular de embalagem plana economiza espa\u00e7o durante o transporte, reduzindo os custos de frete enquanto oferece uma casa completa, pronta para habitar, que se expande facilmente no local.<\/p>\n<p data-start=\"293\" data-end=\"567\">Rotas de transporte longas frequentemente causam danos, mas o <strong data-start=\"342\" data-end=\"410\">casa de contentores port\u00e1til, modular, prefabricada e econ\u00f3mica<\/strong> \u00e9 refor\u00e7ado com estruturas de a\u00e7o e pain\u00e9is dur\u00e1veis. \u00c9 constru\u00eddo para resistir ao stress do transporte, garantindo que a sua casa chegue intacta, segura e pronta para uma instala\u00e7\u00e3o r\u00e1pida.<\/p>\n<p data-start=\"569\" data-end=\"843\" data-is-last-node=\"\" data-is-only-node=\"\">A manuten\u00e7\u00e3o \u00e9 simples e acess\u00edvel. O <strong data-start=\"606\" data-end=\"674\">casa de contentores port\u00e1til, modular, prefabricada e econ\u00f3mica<\/strong> \u00e9 feito com materiais isolantes e resistentes \u00e0s condi\u00e7\u00f5es meteorol\u00f3gicas, o que significa menos manuten\u00e7\u00e3o e custos de repara\u00e7\u00e3o mais baixos. \u00c9 uma solu\u00e7\u00e3o econ\u00f3mica e duradoura para uma vida moderna.<\/p>","protected":false},"featured_media":1344,"comment_status":"closed","ping_status":"closed","template":"","meta":[],"product_brand":[],"product_cat":[49],"product_tag":[58,50],"class_list":{"0":"post-1343","1":"product","2":"type-product","3":"status-publish","4":"has-post-thumbnail","6":"product_cat-prefabricated-container-house","7":"product_tag-economical-prefabricated-modular-mobile-portable-container-house","8":"product_tag-prefabricated-container-house","10":"first","11":"instock","12":"shipping-taxable","13":"product-type-simple"},"_links":{"self":[{"href":"https:\/\/yccontainerhouse.com\/pt\/wp-json\/wp\/v2\/product\/1343","targetHints":{"allow":["GET"]}}],"collection":[{"href":"https:\/\/yccontainerhouse.com\/pt\/wp-json\/wp\/v2\/product"}],"about":[{"href":"https:\/\/yccontainerhouse.com\/pt\/wp-json\/wp\/v2\/types\/product"}],"replies":[{"embeddable":true,"href":"https:\/\/yccontainerhouse.com\/pt\/wp-json\/wp\/v2\/comments?post=1343"}],"version-history":[{"count":0,"href":"https:\/\/yccontainerhouse.com\/pt\/wp-json\/wp\/v2\/product\/1343\/revisions"}],"wp:featuredmedia":[{"embeddable":true,"href":"https:\/\/yccontainerhouse.com\/pt\/wp-json\/wp\/v2\/media\/1344"}],"wp:attachment":[{"href":"https:\/\/yccontainerhouse.com\/pt\/wp-json\/wp\/v2\/media?parent=1343"}],"wp:term":[{"taxonomy":"product_brand","embeddable":true,"href":"https:\/\/yccontainerhouse.com\/pt\/wp-json\/wp\/v2\/product_brand?post=1343"},{"taxonomy":"product_cat","embeddable":true,"href":"https:\/\/yccontainerhouse.com\/pt\/wp-json\/wp\/v2\/product_cat?post=1343"},{"taxonomy":"product_tag","embeddable":true,"href":"https:\/\/yccontainerhouse.com\/pt\/wp-json\/wp\/v2\/product_tag?post=1343"}],"curies":[{"name":"wp","href":"https:\/\/api.w.org\/{rel}","templated":true}]}}