{"id":1353,"date":"2025-09-13T06:29:55","date_gmt":"2025-09-13T06:29:55","guid":{"rendered":"https:\/\/yccontainerhouse.com\/?post_type=product&#038;p=1353"},"modified":"2025-09-13T07:18:39","modified_gmt":"2025-09-13T07:18:39","slug":"prefabricated-container-solar-house","status":"publish","type":"product","link":"https:\/\/yccontainerhouse.com\/pt\/product\/prefabricated-container-solar-house\/","title":{"rendered":"Casa Solar de Contentor Pr\u00e9-fabricada"},"content":{"rendered":"<p>Descubra a\u00a0<strong>Casa Solar de Contentor Pr\u00e9-fabricada Moderna<\/strong>, uma solu\u00e7\u00e3o inovadora que combina sustentabilidade, design modular e tecnologia solar avan\u00e7ada. Esta\u00a0<strong>casa solar modular pr\u00e9-fabricada<\/strong>\u00a0utiliza contentores de transporte dur\u00e1veis e ecol\u00f3gicos como base \u2014 oferecendo um espa\u00e7o de habita\u00e7\u00e3o robusto, econ\u00f3mico e vers\u00e1til.<\/p>\n<p>Constru\u00edda para ambientes urbanos e remotos, esta\u00a0<strong>casa m\u00f3vel alimentada por energia solar<\/strong>\u00a0integra\u00a0<strong>capacidade de habita\u00e7\u00e3o em contentores fora da rede<\/strong>\u00a0atrav\u00e9s de pain\u00e9is fotovoltaicos de alta efici\u00eancia e sistemas de gest\u00e3o de energia. O design enfatiza a efici\u00eancia energ\u00e9tica e a responsabilidade ambiental, reduzindo a sua pegada de carbono sem comprometer o conforto ou o estilo.<\/p>\n<p>As principais caracter\u00edsticas incluem uma\u00a0<strong>lar modular com pain\u00e9is solares<\/strong>\u00a0que permite transporte f\u00e1cil, montagem r\u00e1pida e personaliza\u00e7\u00e3o completa. Quer procure uma\u00a0<strong>casa de contentor sustent\u00e1vel com energia solar<\/strong>\u00a0para habita\u00e7\u00e3o residencial, cabanas de f\u00e9rias ou habita\u00e7\u00e3o de emerg\u00eancia, esta casa de contentor solar pr\u00e9-fabricada atende a diversas necessidades com fiabilidade e inova\u00e7\u00e3o.<\/p>\n<p>Escolha uma op\u00e7\u00e3o pronta para instala\u00e7\u00e3o, concebida para durabilidade, facilidade de uso e desempenho a longo prazo \u2014 o equil\u00edbrio perfeito entre vida moderna e tecnologia sustent\u00e1vel.<\/p>\n<h2>Caracter\u00edsticas e Benef\u00edcios do Casa Solar de Contentor Pr\u00e9-fabricado<\/h2>\n<h3>Estrutura de Contentor Pr\u00e9-fabricado Dur\u00e1vel<\/h3>\n<p>Os nossos\u00a0<strong>casa solar de contentor pr\u00e9-fabricada<\/strong>\u00a0\u00e9 constru\u00edda sobre uma base forte e ecol\u00f3gica de contentor de transporte. Estes contentores s\u00e3o conhecidos pela sua\u00a0<strong>durabilidade e resist\u00eancia a condi\u00e7\u00f5es meteorol\u00f3gicas adversas<\/strong>, tornando-os uma escolha fi\u00e1vel tanto para locais urbanos quanto remotos. O\u00a0<strong>design modular<\/strong>\u00a0permite transporte f\u00e1cil e personaliza\u00e7\u00e3o no local, para que a sua casa possa adaptar-se \u00e0s suas necessidades sem complica\u00e7\u00f5es.<\/p>\n<h3>Sistema Avan\u00e7ado de Energia Solar<\/h3>\n<p>Equipado com\u00a0<strong>pain\u00e9is solares fotovoltaicos (PV) integrados<\/strong>, esta casa modular de contentor fornece um fornecimento de energia constante fora da rede. Oferecemos op\u00e7\u00f5es de\u00a0<strong>armazenamento de bateria e sistemas inteligentes de gest\u00e3o de energia<\/strong>\u00a0para maximizar o uso de energia e a independ\u00eancia, garantindo que a sua casa permane\u00e7a alimentada em v\u00e1rias condi\u00e7\u00f5es.<\/p>\n<h3>Sustent\u00e1vel e Eficiente em Energia<\/h3>\n<p>As nossas casas de contentor s\u00e3o concebidas com\u00a0<strong>efici\u00eancia energ\u00e9tica em mente<\/strong>, apresentando isolamento de alta qualidade que reduz as necessidades de aquecimento e arrefecimento. Isto traduz-se numa\u00a0<strong>pegada de carbono mais baixa<\/strong>\u00a0e poupan\u00e7as nos custos de energia. O uso inteligente de materiais e t\u00e9cnicas de constru\u00e7\u00e3o apoia a sustentabilidade sem comprometer o conforto.<\/p>\n<h3>Op\u00e7\u00f5es de Personaliza\u00e7\u00e3o Flex\u00edveis<\/h3>\n<p>Entendemos que cada comprador de casa \u00e9 \u00fanico. Por isso, pode personalizar a sua casa solar de contentor atrav\u00e9s de\u00a0<strong>escolhendo tamanhos, layouts, acabamentos interiores e at\u00e9 integrando tecnologia de casa inteligente<\/strong>\u00a0para maior conveni\u00eancia. Esta flexibilidade permite criar um espa\u00e7o que realmente se adapta ao seu estilo de vida.<\/p>\n<h3>Mobilidade e Instala\u00e7\u00e3o R\u00e1pida<\/h3>\n<p>Gra\u00e7as ao design modular, a casa possui\u00a0<strong>tempos de montagem e instala\u00e7\u00e3o r\u00e1pidos<\/strong>, muitas vezes pronta para habitar em poucos dias. Quer esteja a coloc\u00e1-la numa \u00e1rea urbana densamente povoada ou num local remoto fora da rede, esta casa \u00e9 f\u00e1cil de mover e montar, tornando-se uma solu\u00e7\u00e3o pr\u00e1tica para v\u00e1rias situa\u00e7\u00f5es de habita\u00e7\u00e3o.<\/p>\n<div class=\"table-responsive\">\n<table class=\"table\">\n<thead>\n<tr>\n<th>Recurso<\/th>\n<th>Benef\u00edcio<\/th>\n<\/tr>\n<\/thead>\n<tbody>\n<tr>\n<td>Base de contentor pr\u00e9-fabricada<\/td>\n<td>Dur\u00e1vel, ecol\u00f3gica, resistente \u00e0s condi\u00e7\u00f5es meteorol\u00f3gicas<\/td>\n<\/tr>\n<tr>\n<td>Design modular<\/td>\n<td>F\u00e1cil de transportar, escal\u00e1vel, altamente personaliz\u00e1vel<\/td>\n<\/tr>\n<tr>\n<td>Pain\u00e9is solares integrados<\/td>\n<td>Energia confi\u00e1vel fora da rede, reduz custos de utilidades<\/td>\n<\/tr>\n<tr>\n<td>Op\u00e7\u00f5es de armazenamento de bateria<\/td>\n<td>Independ\u00eancia energ\u00e9tica e estabilidade no uso de pico<\/td>\n<\/tr>\n<tr>\n<td>Alta isolamento<\/td>\n<td>Redu\u00e7\u00e3o do consumo de energia, maior conforto<\/td>\n<\/tr>\n<tr>\n<td>Layouts e acabamentos personalizados<\/td>\n<td>Personalize o seu espa\u00e7o de habita\u00e7\u00e3o<\/td>\n<\/tr>\n<tr>\n<td>Instala\u00e7\u00e3o r\u00e1pida<\/td>\n<td>Montagem r\u00e1pida, adequada para locais remotos e urbanos<\/td>\n<\/tr>\n<\/tbody>\n<\/table>\n<\/div>\n<h2>Especifica\u00e7\u00f5es T\u00e9cnicas da Casa Solar Pr\u00e9-fabricada de Contentor<\/h2>\n<h3>Dimens\u00f5es do Contentor e Tamanhos Padr\u00e3o<\/h3>\n<p>Nossas casas solares pr\u00e9-fabricadas de contentor est\u00e3o dispon\u00edveis em\u00a0<strong>tamanhos padr\u00e3o de contentores de transporte<\/strong>\u00a0para se adequarem a v\u00e1rias necessidades de espa\u00e7o e requisitos de transporte:<\/p>\n<div class=\"table-responsive\">\n<table class=\"table\">\n<thead>\n<tr>\n<th>Tamanho do Contentor<\/th>\n<th>Dimens\u00f5es (C x L x A)<\/th>\n<th>Caso de Uso<\/th>\n<\/tr>\n<\/thead>\n<tbody>\n<tr>\n<td>20 p\u00e9s<\/td>\n<td>20\u2032 x 8\u2032 x 8.5\u2032 (6.1m x 2.44m x 2.59m)<\/td>\n<td>Casas compactas, escrit\u00f3rios<\/td>\n<\/tr>\n<tr>\n<td>40 p\u00e9s<\/td>\n<td>40\u2032 x 8\u2032 x 8.5\u2032 (12.2m x 2.44m x 2.59m)<\/td>\n<td>Espa\u00e7os de trabalho ou habita\u00e7\u00e3o maiores<\/td>\n<\/tr>\n<tr>\n<td>40 p\u00e9s High Cube<\/td>\n<td>40\u2032 x 8\u2032 x 9.5\u2032 (12.2m x 2.44m x 2.9m)<\/td>\n<td>P\u00e9-direito extra, interiores mais altos<\/td>\n<\/tr>\n<\/tbody>\n<\/table>\n<\/div>\n<p>Estas dimens\u00f5es facilitam o transporte, a expans\u00e3o modular e a coloca\u00e7\u00e3o em locais urbanos ou remotos.<\/p>\n<h3>Pot\u00eancia dos Pain\u00e9is Solares e Produ\u00e7\u00e3o de Energia<\/h3>\n<p>Os nossos\u00a0<strong>sistemas solares fotovoltaicos (FV) integrados<\/strong>\u00a0fornecem energia fi\u00e1vel fora da rede, adaptada \u00e0s suas necessidades:<\/p>\n<ul>\n<li><strong>Pot\u00eancia padr\u00e3o do painel solar:<\/strong>\u00a0300W a 400W por painel<\/li>\n<li><strong>Gama t\u00edpica do sistema:<\/strong>\u00a02 kW a 8 kW, dependendo do tamanho da casa e do consumo de energia<\/li>\n<li><strong>Op\u00e7\u00f5es de armazenamento de bateria:<\/strong>\u00a0Baterias de i\u00f5es de l\u00edtio com capacidades de 5 kWh a 20 kWh<\/li>\n<li><strong>Gest\u00e3o de energia:<\/strong>\u00a0Controladores inteligentes otimizam o uso e armazenamento de energia<\/li>\n<\/ul>\n<p>Esta configura\u00e7\u00e3o suporta ilumina\u00e7\u00e3o, eletrodom\u00e9sticos e sistemas inteligentes com depend\u00eancia m\u00ednima de energia externa.<\/p>\n<h3>Certifica\u00e7\u00e3o do Sistema El\u00e9trico e Normas de Seguran\u00e7a<\/h3>\n<p>A seguran\u00e7a \u00e9 fundamental. As nossas casas solares pr\u00e9-fabricadas cumprem:<\/p>\n<ul>\n<li><strong>UL 1703 e UL 1741<\/strong>\u00a0certifica\u00e7\u00f5es para pain\u00e9is fotovoltaicos e inversores<\/li>\n<li><strong>NEC (C\u00f3digo El\u00e9trico Nacional)<\/strong>\u00a0fia\u00e7\u00e3o e instala\u00e7\u00e3o em conformidade<\/li>\n<li>Cabos el\u00e9tricos resistentes ao fogo e dispositivos de prote\u00e7\u00e3o de circuito<\/li>\n<li>Sistemas de prote\u00e7\u00e3o contra falhas \u00e0 terra e sobretens\u00f5es<\/li>\n<\/ul>\n<p>Os nossos sistemas certificados garantem fornecimento de energia solar seguro, fi\u00e1vel e em conformidade com o c\u00f3digo para a sua casa em contentor.<\/p>\n<h3>Detalhes de Materiais e Isolamento<\/h3>\n<p>Focamos na durabilidade e efici\u00eancia energ\u00e9tica com:<\/p>\n<ul>\n<li><strong>Paredes de contentor de a\u00e7o de alta resist\u00eancia<\/strong>\u00a0personalizadas para integridade estrutural<\/li>\n<li><strong>Isolamento ecol\u00f3gico:<\/strong>\u00a0espuma de spray ou pain\u00e9is r\u00edgidos com valores R at\u00e9 R-20 para paredes e telhado<\/li>\n<li>Janelas de vidro duplo, com baixa emiss\u00e3o de E para reduzir perda de calor e exposi\u00e7\u00e3o UV<\/li>\n<li>Revestimentos resistentes \u00e0 corros\u00e3o para maior durabilidade em diversos climas<\/li>\n<\/ul>\n<p>Estas caracter\u00edsticas mant\u00eam a sua casa confort\u00e1vel durante todo o ano e reduzem os custos energ\u00e9ticos.<\/p>\n<h3>Vida \u00fatil prevista e Diretrizes de Manuten\u00e7\u00e3o<\/h3>\n<ul>\n<li><strong>Vida \u00fatil da estrutura do contentor:<\/strong>\u00a0Mais de 25 anos com cuidados adequados<\/li>\n<li><strong>Pain\u00e9is solares:<\/strong>\u00a0Mais de 25 anos de garantia de desempenho; degrada\u00e7\u00e3o m\u00ednima<\/li>\n<li><strong>Sistemas de bateria:<\/strong>\u00a0De 5 a 15 anos dependendo do tipo e uso<\/li>\n<li><strong>Manuten\u00e7\u00e3o de rotina:<\/strong>\u00a0Inspe\u00e7\u00e3o anual do sistema solar, verifica\u00e7\u00e3o da sa\u00fade da bateria e limpeza do exterior do contentor<\/li>\n<\/ul>\n<p>Seguindo esta rotina b\u00e1sica de manuten\u00e7\u00e3o, garante que a sua casa modular solar pr\u00e9-fabricada permane\u00e7a eficiente e duradoura por d\u00e9cadas.<\/p>\n<h2>Casos de uso para Casa Solar de Contentor Pr\u00e9-fabricada<\/h2>\n<p>Os nossos\u00a0<strong>casa solar de contentor pr\u00e9-fabricada<\/strong>\u00a0oferece solu\u00e7\u00f5es vers\u00e1teis adequadas a v\u00e1rias necessidades de habita\u00e7\u00e3o e trabalho. Projetadas para flexibilidade e sustentabilidade, estas casas modulares de contentores com energia solar s\u00e3o ideais em m\u00faltiplos ambientes:<\/p>\n<h3>Casas Residenciais<\/h3>\n<p>Perfeitas para a vida moderna, estas\u00a0<strong>casas modulares de contentor alimentadas por energia solar<\/strong>\u00a0proporcionam resid\u00eancias dur\u00e1veis e energeticamente eficientes. Quer como habita\u00e7\u00e3o principal ou secund\u00e1ria, oferecem conforto com um baixo impacto ambiental gra\u00e7as aos sistemas de energia solar integrados e isolamento superior.<\/p>\n<h3>Cabines de f\u00e9rias e Casas pequenas<\/h3>\n<p>Para quem procura uma escapadela pr\u00e1tica e ecol\u00f3gica, a\u00a0<strong>casa de contentor solar pr\u00e9-fabricada<\/strong>\u00a0serve como uma cabine de f\u00e9rias compacta ou uma casa pequena. O seu design pronto a instalar significa uma configura\u00e7\u00e3o r\u00e1pida em locais remotos ou pitorescos, sem depender da rede el\u00e9trica.<\/p>\n<h3>Espa\u00e7os de vida remotos fora da rede<\/h3>\n<p>Ideais para estilos de vida off-grid, estas\u00a0<strong>habita\u00e7\u00f5es de contentor fora da rede<\/strong>\u00a0as op\u00e7\u00f5es v\u00eam equipadas com pain\u00e9is fotovoltaicos fi\u00e1veis e armazenamento de bateria, tornando-as totalmente funcionais em \u00e1reas sem utilidades tradicionais. Isto \u00e9 perfeito para retiros rurais, trabalhadores agr\u00edcolas ou fam\u00edlias ecol\u00f3gicas fora da rede.<\/p>\n<h3>Habita\u00e7\u00e3o de Emerg\u00eancia ou Desastres<\/h3>\n<p>A constru\u00e7\u00e3o robusta e a r\u00e1pida montagem destas casas solares em contentores fazem delas excelentes op\u00e7\u00f5es para habita\u00e7\u00e3o de resposta a emerg\u00eancias ou desastres. Podem ser implantadas rapidamente para fornecer abrigo seguro e sustent\u00e1vel quando mais se necessita.<\/p>\n<h3>Escrit\u00f3rios M\u00f3veis e Espa\u00e7os Comerciais<\/h3>\n<p>Para al\u00e9m do uso residencial, estas\u00a0<strong>cabines solares em contentores pr\u00e9-fabricadas<\/strong>\u00a0unidades adaptam-se facilmente como escrit\u00f3rios m\u00f3veis, lojas tempor\u00e1rias ou espa\u00e7os de trabalho remotos. A sua natureza modular e capacidades fora da rede garantem produtividade sem depend\u00eancia da infraestrutura local.<\/p>\n<p>Cada aplica\u00e7\u00e3o beneficia do\u00a0<strong>Casa em contentor ecol\u00f3gica pr\u00e9-fabricada<\/strong>\u00a0capacidade do modelo de combinar sustentabilidade, mobilidade e conforto, atendendo \u00e0s necessidades \u00fanicas de ambientes modernos de vida e trabalho em toda a Portugal.<\/p>\n<p>Para mais detalhes sobre casas modulares em contentores com energia solar, explore a nossa gama completa de op\u00e7\u00f5es\u00a0<a href=\"https:\/\/yccontainerhouse.com\/container-options\/modern-container-house\/\">aqui<\/a>.<\/p>\n<h2>Por que escolher a Yichen para a sua Casa Solar em Contentor Pr\u00e9-fabricada<\/h2>\n<p>Com\u00a0<strong>cURL Too many subrequests.<\/strong>, a Yichen destaca-se como l\u00edder de confian\u00e7a no mercado de casas solares em contentores pr\u00e9-fabricados. Aqui est\u00e1 o porqu\u00ea de escolher a Yichen para a sua pr\u00f3xima casa modular alimentada por energia solar:<\/p>\n<h3>Garantia de Qualidade Comprovada e Certifica\u00e7\u00f5es<\/h3>\n<ul>\n<li><strong>Certificado e testado<\/strong>\u00a0para cumprir os padr\u00f5es de seguran\u00e7a de constru\u00e7\u00e3o e el\u00e9trica de Portugal<\/li>\n<li>Utiliza\u00e7\u00e3o de\u00a0<strong>materiais dur\u00e1veis e ecol\u00f3gicos<\/strong>\u00a0que garantem desempenho duradouro<\/li>\n<li>Rigoroso\u00a0<strong>de qualidade<\/strong>\u00a0em cada etapa da fabrica\u00e7\u00e3o<\/li>\n<\/ul>\n<h3>Hist\u00f3rias de Sucesso de Clientes Reais<\/h3>\n<ul>\n<li>Numerosos\u00a0<strong>testemunhos de clientes<\/strong>\u00a0destacam satisfa\u00e7\u00e3o com durabilidade, poupan\u00e7a de energia e personaliza\u00e7\u00e3o<\/li>\n<li>Detalhado\u00a0<strong>cURL Too many subrequests.<\/strong>\u00a0exibem instala\u00e7\u00e3o em ambientes diversos, desde lotes urbanos at\u00e9 \u00e1reas remotas fora da rede<\/li>\n<li>Clientes relatam\u00a0<strong>instala\u00e7\u00e3o suave<\/strong>\u00a0e suporte p\u00f3s-venda fi\u00e1vel<\/li>\n<\/ul>\n<h3>Servi\u00e7o e Suporte P\u00f3s-Venda Abrangentes<\/h3>\n<ul>\n<li>Acesso a uma\u00a0<strong>equipe de suporte dedicada<\/strong>\u00a0para resolu\u00e7\u00e3o de problemas e aconselhamento de manuten\u00e7\u00e3o<\/li>\n<li>Assist\u00eancia com\u00a0<strong>gest\u00e3o do sistema de pain\u00e9is solares<\/strong>\u00a0e atualiza\u00e7\u00f5es<\/li>\n<li>Flex\u00edvel\u00a0<strong>planos de garantia<\/strong>\u00a0para manter a sua casa de contentores solares pr\u00e9-fabricada a funcionar eficientemente<\/li>\n<\/ul>\n<h3>Tabela de Vantagens de Yichen<\/h3>\n<div class=\"table-responsive\">\n<table class=\"table\">\n<thead>\n<tr>\n<th>Recurso<\/th>\n<th>Benef\u00edcio<\/th>\n<\/tr>\n<\/thead>\n<tbody>\n<tr>\n<td>Experi\u00eancia de 20 Anos<\/td>\n<td>Conhecimento profundo da ind\u00fastria e especializa\u00e7\u00e3o<\/td>\n<\/tr>\n<tr>\n<td>Produtos Certificados<\/td>\n<td>Atendem aos padr\u00f5es de seguran\u00e7a e qualidade<\/td>\n<\/tr>\n<tr>\n<td>Testemunhos de Clientes<\/td>\n<td>Satisfa\u00e7\u00e3o do cliente comprovada<\/td>\n<\/tr>\n<tr>\n<td>Estudos de Caso<\/td>\n<td>Percep\u00e7\u00f5es de projetos do mundo real<\/td>\n<\/tr>\n<tr>\n<td>Suporte P\u00f3s-Venda<\/td>\n<td>Ajuda cont\u00ednua e disponibilidade de servi\u00e7o<\/td>\n<\/tr>\n<\/tbody>\n<\/table>\n<\/div>\n<p>Ao escolher a Yichen, investe em uma\u00a0<strong>casa de contentores solares pr\u00e9-fabricada<\/strong>\u00a0respaldada por experi\u00eancia, qualidade e suporte completo para atingir os seus objetivos de vida sustent\u00e1vel em Portugal<\/p>\n<h2>Pre\u00e7os e Encomendas para Casa Solar de Contentores Pr\u00e9-fabricados<\/h2>\n<h3>Modelos de Pre\u00e7os e Custos de Personaliza\u00e7\u00e3o<\/h3>\n<p>Os nossos\u00a0<strong>casas solares de contentores pr\u00e9-fabricados<\/strong>\u00a0comece com um pre\u00e7o base claro que cobre o contentor modular padr\u00e3o, pain\u00e9is solares integrados, configura\u00e7\u00e3o de bateria, acabamentos interiores b\u00e1sicos e isolamento eficiente em energia. Custos adicionais dependem das suas escolhas de personaliza\u00e7\u00e3o, tais como:<\/p>\n<ul>\n<li>Ajustes de tamanho e layout<\/li>\n<li>Acabamentos interiores aprimorados (pavimentos, arm\u00e1rios, sistemas de casa inteligente)<\/li>\n<li>Capacidade de bateria solar aprimorada ou recursos de gest\u00e3o de energia<\/li>\n<li>Complementos opcionais como kits de mobilidade ou isolamento avan\u00e7ado<\/li>\n<\/ul>\n<p>Fornecemos pre\u00e7os transparentes para que possa personalizar a sua\u00a0<strong>casa de contentores solares<\/strong>\u00a0sem surpresas.<\/p>\n<h3>Op\u00e7\u00f5es de Financiamento e Arrendamento<\/h3>\n<p>Para facilitar uma vida sustent\u00e1vel, oferecemos planos de financiamento flex\u00edveis desenhados tanto para propriet\u00e1rios quanto para empresas interessadas em\u00a0<strong>habita\u00e7\u00f5es de contentor fora da rede<\/strong>\u00a0ou unidades comerciais. Op\u00e7\u00f5es de leasing podem estar dispon\u00edveis, especialmente para configura\u00e7\u00f5es de escrit\u00f3rios m\u00f3veis ou projetos de habita\u00e7\u00e3o de curto prazo. Contacte a nossa equipa de vendas para explorar solu\u00e7\u00f5es de financiamento que se ajustem ao seu or\u00e7amento.<\/p>\n<h3>Prazos de Produ\u00e7\u00e3o e Cronogramas de Entrega<\/h3>\n<p>Gra\u00e7as ao nosso design modular, a montagem e entrega s\u00e3o eficientes. Os prazos t\u00edpicos desde o pedido at\u00e9 \u00e0 entrega s\u00e3o:<\/p>\n<ul>\n<li>Unidades padr\u00e3o:\u00a0<strong>4 a 6 semanas<\/strong><\/li>\n<li>Constru\u00e7\u00f5es personalizadas:\u00a0<strong>6 a 12 semanas<\/strong>\u00a0dependendo da complexidade<\/li>\n<\/ul>\n<p>Enviamos por todo o pa\u00eds, apoiando instala\u00e7\u00f5es tanto em \u00e1reas urbanas quanto remotas. A entrega \u00e9 coordenada com parceiros log\u00edsticos locais para garantir chegada pontual e instala\u00e7\u00e3o sem complica\u00e7\u00f5es.<\/p>\n<p><strong>Encomendar a sua casa solar modular pr\u00e9-fabricada<\/strong>\u00a0\u00e9 simples \u2014 entre em contacto com a nossa equipa para um or\u00e7amento detalhado com base nas suas necessidades espec\u00edficas e agende uma consulta para planear a sua constru\u00e7\u00e3o ideal.<\/p>\n<h2>Perguntas Frequentes Sobre Casa Solar de Contentor Pr\u00e9-fabricada<\/h2>\n<h3>Posso Expandir a Casa Depois<\/h3>\n<p>Sim, a nossa\u00a0<strong>casa solar de contentor pr\u00e9-fabricada<\/strong>\u00a0\u00e9 projetada com modularidade em mente. Pode facilmente adicionar mais unidades de contentores para aumentar o espa\u00e7o de habita\u00e7\u00e3o ou funcionalidade. Esta flexibilidade permite adaptar a sua casa \u00e0 medida que as suas necessidades mudam, seja para quartos adicionais, espa\u00e7o de escrit\u00f3rio ou armazenamento. A expans\u00e3o \u00e9 simples porque os m\u00f3dulos de contentores conectam-se de forma cont\u00ednua, sem necessidade de obras de grande porte.<\/p>\n<h3>Como Funciona o Sistema Solar em Diferentes Climas<\/h3>\n<p>Os nossos\u00a0<strong>casas de contentores alimentadas por energia solar<\/strong>\u00a0est\u00e3o equipadas com pain\u00e9is fotovoltaicos de alta efici\u00eancia otimizados para v\u00e1rias condi\u00e7\u00f5es meteorol\u00f3gicas comuns em Portugal. Embora a produ\u00e7\u00e3o solar seja naturalmente maior em regi\u00f5es ensolaradas, o armazenamento de bateria integrado e os sistemas de gest\u00e3o de energia garantem energia confi\u00e1vel fora da rede, mesmo em climas nublados ou mais frios. O sistema \u00e9 projetado para maximizar a captura de energia e fornecer energia cont\u00ednua, tornando-o adequado para a maioria dos ambientes, desde desertos at\u00e9 \u00e1reas montanhosas.<\/p>\n<h3>Quais S\u00e3o as Op\u00e7\u00f5es de Personaliza\u00e7\u00e3o Dispon\u00edveis<\/h3>\n<p>Fornecemos uma vasta gama de op\u00e7\u00f5es de personaliza\u00e7\u00e3o para o seu\u00a0<strong>casa solar modular pr\u00e9-fabricada<\/strong>\u00a0incluindo:<\/p>\n<ul>\n<li>Tamanhos e configura\u00e7\u00f5es de layout para 1 ou m\u00faltiplos contentores<\/li>\n<li>Acabamentos interiores desde designs minimalistas at\u00e9 luxuosos<\/li>\n<li>Integra\u00e7\u00e3o de sistemas de casa inteligente para ilumina\u00e7\u00e3o, HVAC e seguran\u00e7a<\/li>\n<li>Op\u00e7\u00f5es de orienta\u00e7\u00e3o dos pain\u00e9is solares e capacidade de bateria para atender \u00e0s suas necessidades energ\u00e9ticas<\/li>\n<li>Recursos adicionais como decks no telhado, toldos ou melhorias de isolamento<\/li>\n<\/ul>\n<p>Isto garante que a sua casa solar de contentor se adapte ao seu estilo de vida e or\u00e7amento, seja para uso residencial, de f\u00e9rias ou comercial.<\/p>\n<h3>Quanto Tempo Dura o Processo de Instala\u00e7\u00e3o<\/h3>\n<p>A instala\u00e7\u00e3o \u00e9 r\u00e1pida e eficiente gra\u00e7as ao\u00a0<strong>design modular de contentores<\/strong>. O tempo t\u00edpico de montagem e configura\u00e7\u00e3o varia de\u00a0<strong>1 a 3 semanas<\/strong>, dependendo do tamanho e das condi\u00e7\u00f5es do local. Isto inclui colocar os contentores, conectar o sistema solar e finalizar os interiores. A nossa equipa coordena-se estreitamente consigo e trabalha no local ou remotamente para garantir que tudo esteja pronto para uso na data prevista, minimizando interrup\u00e7\u00f5es tanto em \u00e1reas urbanas como remotas.<\/p>\n<h2>Entre em Contacto para a Sua Casa Solar de Contentor Pr\u00e9-fabricada<\/h2>\n<p>Pronto para explorar uma\u00a0<strong>casa solar de contentor pr\u00e9-fabricada moderna<\/strong>\u00a0destinada a uma vida sustent\u00e1vel e fora da rede? Contacte a equipa de vendas da Yichen para uma cota\u00e7\u00e3o r\u00e1pida ou uma consulta detalhada.<\/p>\n<p>Oferecemos:<\/p>\n<ul>\n<li><strong>Conselho personalizado<\/strong>\u00a0para se adaptar ao seu estilo de vida e localiza\u00e7\u00e3o<\/li>\n<li>Orienta\u00e7\u00e3o sobre personaliza\u00e7\u00e3o, op\u00e7\u00f5es de sistema solar e layouts modulares<\/li>\n<li>Informa\u00e7\u00f5es claras sobre pre\u00e7os, financiamento e entrega<\/li>\n<\/ul>\n<h3>Agende uma Visita ao Local ou uma Demonstra\u00e7\u00e3o Virtual<\/h3>\n<p>Quer ver como funcionam as nossas casas solares de contentor pr\u00e9-fabricadas antes de decidir? Agende uma\u00a0<strong>visita ao local<\/strong>\u00a0em uma das nossas casas modelo ou reserve uma\u00a0<strong>demonstra\u00e7\u00e3o virtual<\/strong>\u00a0confortavelmente de sua casa. Assim, voc\u00ea consegue:<\/p>\n<ul>\n<li>Percorra o design modular e as funcionalidades solares<\/li>\n<li>Fa\u00e7a perguntas sobre instala\u00e7\u00e3o e mobilidade<\/li>\n<li>Visualize op\u00e7\u00f5es de personaliza\u00e7\u00e3o e integra\u00e7\u00f5es de casas inteligentes<\/li>\n<\/ul>\n<p>Na Yichen, estamos aqui para ajud\u00e1-lo a mudar para uma vida em contentores ecol\u00f3gica e alimentada por energia solar com confian\u00e7a. Contacte-nos hoje e d\u00ea o seu primeiro passo em dire\u00e7\u00e3o a uma casa sustent\u00e1vel e m\u00f3vel<\/p>","protected":false},"excerpt":{"rendered":"<p data-start=\"0\" data-end=\"279\">O <strong data-start=\"4\" data-end=\"43\">casa solar de contentor pr\u00e9-fabricada<\/strong> \u00e9 projetado para reduzir <strong data-start=\"68\" data-end=\"91\">altos custos de transporte<\/strong>. Com a sua constru\u00e7\u00e3o modular compacta, ocupa menos espa\u00e7o durante o transporte, reduzindo os custos de frete enquanto oferece uma casa de tamanho completo, eficiente em energia, alimentada por solu\u00e7\u00f5es solares.<\/p>\n<p data-start=\"281\" data-end=\"542\">Danos durante o transporte j\u00e1 n\u00e3o s\u00e3o uma preocupa\u00e7\u00e3o. A <strong data-start=\"323\" data-end=\"362\">casa solar de contentor pr\u00e9-fabricada<\/strong> \u00e9 constru\u00edda com a\u00e7o refor\u00e7ado e pain\u00e9is isolantes dur\u00e1veis, garantindo que permane\u00e7a segura durante o transporte de longa dist\u00e2ncia e chegue pronta para montar, sem surpresas dispendiosas de repara\u00e7\u00e3o.<\/p>\n<p data-start=\"544\" data-end=\"809\" data-is-last-node=\"\" data-is-only-node=\"\">Economias cont\u00ednuas tornam-na ainda mais inteligente. A <strong data-start=\"586\" data-end=\"625\">casa solar de contentor pr\u00e9-fabricada<\/strong> utiliza energia solar renov\u00e1vel e materiais de baixa manuten\u00e7\u00e3o e resistentes \u00e0s intemp\u00e9ries. Isso significa contas de utilidade reduzidas, menos custos de repara\u00e7\u00e3o e uma casa duradoura e ecol\u00f3gica, constru\u00edda para durar.<\/p>","protected":false},"featured_media":1359,"comment_status":"closed","ping_status":"closed","template":"","meta":[],"product_brand":[],"product_cat":[49],"product_tag":[58,50,60],"class_list":{"0":"post-1353","1":"product","2":"type-product","3":"status-publish","4":"has-post-thumbnail","6":"product_cat-prefabricated-container-house","7":"product_tag-economical-prefabricated-modular-mobile-portable-container-house","8":"product_tag-prefabricated-container-house","9":"product_tag-prefabricated-container-solar-house","11":"first","12":"instock","13":"shipping-taxable","14":"product-type-simple"},"_links":{"self":[{"href":"https:\/\/yccontainerhouse.com\/pt\/wp-json\/wp\/v2\/product\/1353","targetHints":{"allow":["GET"]}}],"collection":[{"href":"https:\/\/yccontainerhouse.com\/pt\/wp-json\/wp\/v2\/product"}],"about":[{"href":"https:\/\/yccontainerhouse.com\/pt\/wp-json\/wp\/v2\/types\/product"}],"replies":[{"embeddable":true,"href":"https:\/\/yccontainerhouse.com\/pt\/wp-json\/wp\/v2\/comments?post=1353"}],"version-history":[{"count":0,"href":"https:\/\/yccontainerhouse.com\/pt\/wp-json\/wp\/v2\/product\/1353\/revisions"}],"wp:featuredmedia":[{"embeddable":true,"href":"https:\/\/yccontainerhouse.com\/pt\/wp-json\/wp\/v2\/media\/1359"}],"wp:attachment":[{"href":"https:\/\/yccontainerhouse.com\/pt\/wp-json\/wp\/v2\/media?parent=1353"}],"wp:term":[{"taxonomy":"product_brand","embeddable":true,"href":"https:\/\/yccontainerhouse.com\/pt\/wp-json\/wp\/v2\/product_brand?post=1353"},{"taxonomy":"product_cat","embeddable":true,"href":"https:\/\/yccontainerhouse.com\/pt\/wp-json\/wp\/v2\/product_cat?post=1353"},{"taxonomy":"product_tag","embeddable":true,"href":"https:\/\/yccontainerhouse.com\/pt\/wp-json\/wp\/v2\/product_tag?post=1353"}],"curies":[{"name":"wp","href":"https:\/\/api.w.org\/{rel}","templated":true}]}}