{"id":1469,"date":"2025-09-18T03:28:29","date_gmt":"2025-09-18T03:28:29","guid":{"rendered":"https:\/\/yccontainerhouse.com\/?post_type=product&#038;p=1469"},"modified":"2025-09-18T03:46:33","modified_gmt":"2025-09-18T03:46:33","slug":"assembled-two-bedroom-home-prefab-expandable-container-house","status":"publish","type":"product","link":"https:\/\/yccontainerhouse.com\/pt\/product\/assembled-two-bedroom-home-prefab-expandable-container-house\/","title":{"rendered":"Casa Pr\u00e9-fabricada Expand\u00edvel Montada com Dois Quartos"},"content":{"rendered":"<p>Descubra a Casa de Dois Quartos Montada, Pr\u00e9-fabricada e Expand\u00edvel em Contentor da yichen, uma solu\u00e7\u00e3o moderna projetada para uma vida flex\u00edvel e sustent\u00e1vel. Esta casa modular em contentor apresenta um\u00a0<strong>design pr\u00e9-fabricado e expans\u00edvel<\/strong>, combinando uma montagem r\u00e1pida no local com uma constru\u00e7\u00e3o de a\u00e7o dur\u00e1vel. Oferece dois quartos confort\u00e1veis dentro de um layout inteligente e adapt\u00e1vel, ideal para fam\u00edlias, escrit\u00f3rios remotos, casas de f\u00e9rias ou abrigos de emerg\u00eancia.<\/p>\n<p>Constru\u00edda a partir de contentores de transporte de a\u00e7o de alta qualidade, esta casa \u00e9 montada na f\u00e1brica para garantir precis\u00e3o e controlo de qualidade. Os m\u00f3dulos expans\u00edveis permitem o crescimento f\u00e1cil do espa\u00e7o de habita\u00e7\u00e3o \u00e0 medida que as suas necessidades mudam, tornando-se uma solu\u00e7\u00e3o de habita\u00e7\u00e3o a longo prazo que se adapta. O seu design pronto a usar significa que recebe uma casa totalmente montada, pronta para habitar, com utilidades integradas e acabamentos interiores personaliz\u00e1veis.<\/p>\n<p>Perfeita para quem procura\u00a0<strong>casas pr\u00e9-fabricadas acess\u00edveis em contentor<\/strong>\u00a0sem comprometer a durabilidade ou o estilo, esta casa pr\u00e9-fabricada de dois quartos suporta efici\u00eancia energ\u00e9tica e mobilidade. Quer queira uma resid\u00eancia principal ou uma segunda casa port\u00e1til, a casa em contentor expans\u00edvel da yichen traz a vida sustent\u00e1vel para o centro das aten\u00e7\u00f5es com um design inteligente e materiais robustos.<\/p>\n<h2>Se\u00e7\u00e3o de destaque Casa de Dois Quartos Montada, Pr\u00e9-fabricada e Expand\u00edvel em Contentor<\/h2>\n<p>Experimente a\u00a0<strong>casa de dois quartos pr\u00e9-fabricada, expans\u00edvel, em contentor<\/strong>\u00a0pela Yichen atrav\u00e9s de imagens de alta resolu\u00e7\u00e3o impressionantes e v\u00eddeos detalhados. Veja em primeira m\u00e3o como esta casa modular em contentor se encaixa perfeitamente em diversos ambientes, exibindo o seu design moderno, elegante e layout pr\u00e1tico.<\/p>\n<h3>Propostas de Valor Chave<\/h3>\n<ul>\n<li><strong>Design Expand\u00edvel:<\/strong>\u00a0Adicione facilmente m\u00f3dulos extras para aumentar o seu espa\u00e7o de habita\u00e7\u00e3o \u00e0 medida que as suas necessidades mudam.<\/li>\n<li><strong>Montagem R\u00e1pida:<\/strong>\u00a0Precis\u00e3o fabricada na f\u00e1brica permite-nos entregar uma casa quase pronta para habitar com instala\u00e7\u00e3o r\u00e1pida no local.<\/li>\n<li><strong>Estrutura de Contentor Dur\u00e1vel:<\/strong>\u00a0Constru\u00edda a partir de contentores de transporte de a\u00e7o de alta qualidade, projetados para resistir \u00e0s intemp\u00e9ries e proporcionar resist\u00eancia duradoura.<\/li>\n<\/ul>\n<h3>Vida Moderna e Flex\u00edvel em uma Casa de Contentor Sustent\u00e1vel<\/h3>\n<p>Desfrute de uma vida moderna que se adapta ao seu estilo de vida com uma\u00a0<strong>casa de contentor flex\u00edvel e sustent\u00e1vel.<\/strong>\u00a0Estas casas pr\u00e9-fabricadas de dois quartos s\u00e3o projetadas para f\u00e1cil expans\u00e3o e constru\u00eddas com materiais ecol\u00f3gicos, tornando-as perfeitas para fam\u00edlias, trabalhadores remotos ou qualquer pessoa \u00e0 procura de uma op\u00e7\u00e3o de habita\u00e7\u00e3o acess\u00edvel, duradoura.<\/p>\n<h2>Vis\u00e3o Geral do Produto Casa de Contentor Pr\u00e9-fabricada de Dois Quartos Montada e Expand\u00edvel<\/h2>\n<p>Os nossos\u00a0<strong>casa de contentor pr\u00e9-fabricada de dois quartos montada e expand\u00edvel<\/strong>\u00a0\u00e9 uma casa moderna e modular, projetada para instala\u00e7\u00e3o r\u00e1pida e vida flex\u00edvel. Constru\u00edda a partir de contentores de transporte de a\u00e7o de alta qualidade, esta solu\u00e7\u00e3o chave na m\u00e3o oferece\u00a0<strong>dois quartos privados<\/strong>, \u00e1reas de estar espa\u00e7osas e a possibilidade de expandir adicionando mais m\u00f3dulos \u00e0 medida que as suas necessidades crescem.<\/p>\n<p>Esta casa de contentor pr\u00e9-fabricada chega montada na f\u00e1brica para precis\u00e3o e rapidez, o que significa que pode ter uma resid\u00eancia totalmente funcional em uma fra\u00e7\u00e3o do tempo comparado com casas tradicionais. O design expand\u00edvel garante adaptabilidade, facilitando a amplia\u00e7\u00e3o do seu espa\u00e7o de habita\u00e7\u00e3o sem come\u00e7ar do zero.<\/p>\n<h3>Utilizadores-alvo e Casos de Uso<\/h3>\n<p>Esta\u00a0<strong>casa de contentor pr\u00e9-fabricada de dois quartos<\/strong>\u00a0encaixa numa vasta gama de estilos de vida e necessidades, particularmente para clientes em Portugal que procuram solu\u00e7\u00f5es de habita\u00e7\u00e3o acess\u00edveis, duradouras e flex\u00edveis, tais como:<\/p>\n<ul>\n<li><strong>Casas Familiares<\/strong>\u00a0\u2014 Ideal para pequenas fam\u00edlias que necessitam de quartos privados e \u00e1reas de estar confort\u00e1veis.<\/li>\n<li><strong>Escrit\u00f3rios Remotos<\/strong>\u00a0\u2014 Perfeita para neg\u00f3cios em casa ou espa\u00e7os de trabalho remotos onde \u00e9 necess\u00e1rio um ambiente separado e silencioso.<\/li>\n<li><strong>Casas de F\u00e9rias<\/strong>\u00a0\u2014 Uma cabana de fuga de instala\u00e7\u00e3o r\u00e1pida que combina portabilidade com o conforto de uma casa tradicional.<\/li>\n<li><strong>Ref\u00fagios de Emerg\u00eancia<\/strong>\u00a0\u2014 Oferece abrigo robusto e \u00e0 prova de intemp\u00e9ries em cen\u00e1rios de ajuda em desastres ou habita\u00e7\u00e3o tempor\u00e1ria.<\/li>\n<\/ul>\n<p>Ao combinar mobilidade, efici\u00eancia energ\u00e9tica e materiais sustent\u00e1veis, esta casa de contentores pr\u00e9-fabricada expans\u00edvel atende \u00e0 crescente procura por espa\u00e7os de habita\u00e7\u00e3o vers\u00e1teis e ecol\u00f3gicos em Portugal. Para mais detalhes sobre op\u00e7\u00f5es semelhantes de casas de contentores, visite a nossa\u00a0<a href=\"https:\/\/yccontainerhouse.com\/container-options\/prefabricated-container-house\/\">p\u00e1gina de casas de contentores pr\u00e9-fabricadas<\/a>.<\/p>\n<h2>Principais Caracter\u00edsticas e Benef\u00edcios da Casa Pr\u00e9-fabricada Expand\u00edvel de Dois Quartos Montada<\/h2>\n<h3>Design Expand\u00edvel para Necessidades Crescentes<\/h3>\n<p>Os nossos\u00a0<strong>casa modular expans\u00edvel<\/strong>\u00a0permite adicionar facilmente m\u00f3dulos extras sempre que precisar de mais espa\u00e7o. Quer a sua fam\u00edlia cres\u00e7a ou queira mais espa\u00e7o para um escrit\u00f3rio em casa, expandir a sua casa de contentores pr\u00e9-fabricada \u00e9 r\u00e1pido e sem complica\u00e7\u00f5es.<\/p>\n<h3>Dois Quartos Confort\u00e1veis<\/h3>\n<p>Desfrute\u00a0<strong>dois quartos privados<\/strong>\u00a0destinados ao conforto e privacidade. Perfeitos para fam\u00edlias pequenas ou como quarto de h\u00f3spedes, estes quartos oferecem um espa\u00e7o acolhedor dentro da sua casa de contentores de transporte pr\u00e9-fabricada.<\/p>\n<h3>Pr\u00e9-fabricada e Montada para uma Instala\u00e7\u00e3o R\u00e1pida<\/h3>\n<p>Constru\u00edda com precis\u00e3o na nossa f\u00e1brica, a casa chega quase toda montada. Este\u00a0<strong>processo de fabrico na f\u00e1brica<\/strong>\u00a0garante uma montagem r\u00e1pida no local, reduzindo significativamente o tempo de constru\u00e7\u00e3o em compara\u00e7\u00e3o com casas tradicionais.<\/p>\n<h3>Estrutura de Contentor de A\u00e7o Dur\u00e1vel<\/h3>\n<p>A estrutura da casa utiliza\u00a0<strong>contentores de a\u00e7o de alta qualidade<\/strong>\u00a0com isolamento profissional e acabamentos \u00e0 prova de intemp\u00e9ries, garantindo prote\u00e7\u00e3o duradoura contra condi\u00e7\u00f5es adversas e desgaste. Esta durabilidade faz dela um investimento s\u00f3lido em casas de contentores pr\u00e9-fabricadas para fam\u00edlias em todos os climas.<\/p>\n<h3>Mobilidade e Flexibilidade<\/h3>\n<p>Gra\u00e7as ao design do contentor, pode\u00a0<strong>relocalizar ou reconfigurar<\/strong>\u00a0a sua casa conforme necess\u00e1rio. Esta flexibilidade \u00e9 adequada a clientes que podem mudar de resid\u00eancia com frequ\u00eancia ou desejam adaptar o espa\u00e7o de habita\u00e7\u00e3o \u00e0s mudan\u00e7as no estilo de vida.<\/p>\n<h3>Caracter\u00edsticas de efici\u00eancia energ\u00e9tica<\/h3>\n<p>Equipamos a casa de contentor com\u00a0<strong>isolamento de alto desempenho e janelas de poupan\u00e7a de energia<\/strong>\u00a0para manter os custos de utilidade baixos. A instala\u00e7\u00e3o opcional de pain\u00e9is solares aumenta ainda mais a efici\u00eancia energ\u00e9tica, tornando a sua casa mais ecol\u00f3gica e econ\u00f3mica de manter.<\/p>\n<h3>Op\u00e7\u00f5es de Interior Personaliz\u00e1veis<\/h3>\n<p>Escolha entre uma variedade de layouts interiores, acabamentos e acess\u00f3rios para adequar ao seu estilo e necessidades. Seja na cozinha, casa de banho ou pavimento, as nossas casas de contentor pr\u00e9-fabricadas oferecem flexibilidade para combinar com o seu gosto pessoal.<\/p>\n<h3>Materiais Sustent\u00e1veis e Pr\u00e1ticas<\/h3>\n<p>Feito de\u00a0<strong>cURL Too many subrequests.<\/strong>\u00a0e materiais ecol\u00f3gicos, esta casa de contentor de a\u00e7o expans\u00edvel pr\u00e9-fabricada apoia uma vida sustent\u00e1vel sem comprometer a qualidade ou o conforto.<\/p>\n<div class=\"table-responsive\">\n<table class=\"table\">\n<thead>\n<tr>\n<th>Recurso<\/th>\n<th>Benef\u00edcio<\/th>\n<\/tr>\n<\/thead>\n<tbody>\n<tr>\n<td>Design Modular Expand\u00edvel<\/td>\n<td>Adicione m\u00f3dulos facilmente para mais espa\u00e7o de habita\u00e7\u00e3o<\/td>\n<\/tr>\n<tr>\n<td>Dois Quartos<\/td>\n<td>\u00c1reas de descanso privadas e confort\u00e1veis<\/td>\n<\/tr>\n<tr>\n<td>Pr\u00e9-fabricada e Montada<\/td>\n<td>Montagem r\u00e1pida no local poupa tempo<\/td>\n<\/tr>\n<tr>\n<td>Casca de A\u00e7o Dur\u00e1vel<\/td>\n<td>\u00c0 prova de intemp\u00e9ries e de longa dura\u00e7\u00e3o<\/td>\n<\/tr>\n<tr>\n<td>Mobilidade<\/td>\n<td>Relocalize ou reconfigure a qualquer momento<\/td>\n<\/tr>\n<tr>\n<td>Eficiente em energia<\/td>\n<td>Isolada, de poupan\u00e7a de energia, preparada para pain\u00e9is solares<\/td>\n<\/tr>\n<tr>\n<td>Interiores Personaliz\u00e1veis<\/td>\n<td>Layouts e acabamentos flex\u00edveis<\/td>\n<\/tr>\n<tr>\n<td>Sustentabilidade<\/td>\n<td>Ecol\u00f3gico, feito de contentores reciclados<\/td>\n<\/tr>\n<\/tbody>\n<\/table>\n<\/div>\n<p>&nbsp;<\/p>","protected":false},"excerpt":{"rendered":"<p data-start=\"0\" data-end=\"288\"><strong data-start=\"4\" data-end=\"68\">casa de dois quartos pr\u00e9-fabricada, expans\u00edvel, em contentor<\/strong> foi projetada para facilitar o stress de <strong data-start=\"103\" data-end=\"126\">altos custos de transporte<\/strong>. O seu design expans\u00edvel em formato plano poupa espa\u00e7o durante o transporte, reduzindo os custos de frete enquanto oferece uma disposi\u00e7\u00e3o espa\u00e7osa de dois quartos ap\u00f3s a instala\u00e7\u00e3o.<\/p>\n<p data-start=\"290\" data-end=\"558\">Danos durante o transporte s\u00e3o outra grande preocupa\u00e7\u00e3o, mas o <strong data-start=\"337\" data-end=\"401\">casa de dois quartos pr\u00e9-fabricada, expans\u00edvel, em contentor<\/strong> \u00e9 constru\u00eddo de forma resistente. Estruturas de a\u00e7o refor\u00e7ado e pain\u00e9is seguros protegem-no de manuseio brusco, garantindo que chegue seguro, s\u00f3lido e pronto para uma montagem r\u00e1pida.<\/p>\n<p data-start=\"560\" data-end=\"845\" data-is-last-node=\"\" data-is-only-node=\"\">Os custos cont\u00ednuos tamb\u00e9m permanecem baixos. O <strong data-start=\"592\" data-end=\"656\">casa de dois quartos pr\u00e9-fabricada, expans\u00edvel, em contentor<\/strong> usa materiais dur\u00e1veis, isolados e resistentes \u00e0s condi\u00e7\u00f5es meteorol\u00f3gicas, mantendo a manuten\u00e7\u00e3o m\u00ednima. Isso significa menos reparos, menos complica\u00e7\u00f5es e uma casa duradoura constru\u00edda para conforto e tranquilidade.<\/p>","protected":false},"featured_media":1474,"comment_status":"closed","ping_status":"closed","template":"","meta":[],"product_brand":[],"product_cat":[25],"product_tag":[67,69,63,66,64,68,65],"class_list":{"0":"post-1469","1":"product","2":"type-product","3":"status-publish","4":"has-post-thumbnail","6":"product_cat-expandable-container-house","7":"product_tag-20ft-expandable-container-house","8":"product_tag-assembled-two-bedroom-home-prefab-expandable-container-house","9":"product_tag-china-expandable-container-house","10":"product_tag-china-expandable-container-house-price","11":"product_tag-expandable-container-house-for-sale","12":"product_tag-expandable-container-house-with-solar-energy","13":"product_tag-prefabricated-expandable-container-house","15":"first","16":"instock","17":"shipping-taxable","18":"product-type-simple"},"_links":{"self":[{"href":"https:\/\/yccontainerhouse.com\/pt\/wp-json\/wp\/v2\/product\/1469","targetHints":{"allow":["GET"]}}],"collection":[{"href":"https:\/\/yccontainerhouse.com\/pt\/wp-json\/wp\/v2\/product"}],"about":[{"href":"https:\/\/yccontainerhouse.com\/pt\/wp-json\/wp\/v2\/types\/product"}],"replies":[{"embeddable":true,"href":"https:\/\/yccontainerhouse.com\/pt\/wp-json\/wp\/v2\/comments?post=1469"}],"version-history":[{"count":0,"href":"https:\/\/yccontainerhouse.com\/pt\/wp-json\/wp\/v2\/product\/1469\/revisions"}],"wp:featuredmedia":[{"embeddable":true,"href":"https:\/\/yccontainerhouse.com\/pt\/wp-json\/wp\/v2\/media\/1474"}],"wp:attachment":[{"href":"https:\/\/yccontainerhouse.com\/pt\/wp-json\/wp\/v2\/media?parent=1469"}],"wp:term":[{"taxonomy":"product_brand","embeddable":true,"href":"https:\/\/yccontainerhouse.com\/pt\/wp-json\/wp\/v2\/product_brand?post=1469"},{"taxonomy":"product_cat","embeddable":true,"href":"https:\/\/yccontainerhouse.com\/pt\/wp-json\/wp\/v2\/product_cat?post=1469"},{"taxonomy":"product_tag","embeddable":true,"href":"https:\/\/yccontainerhouse.com\/pt\/wp-json\/wp\/v2\/product_tag?post=1469"}],"curies":[{"name":"wp","href":"https:\/\/api.w.org\/{rel}","templated":true}]}}