{"id":1554,"date":"2025-09-19T09:32:03","date_gmt":"2025-09-19T09:32:03","guid":{"rendered":"https:\/\/yccontainerhouse.com\/?post_type=product&#038;p=1554"},"modified":"2025-09-19T09:38:06","modified_gmt":"2025-09-19T09:38:06","slug":"5-bedroom-house-blueprint-container-home","status":"publish","type":"product","link":"https:\/\/yccontainerhouse.com\/pt\/product\/5-bedroom-house-blueprint-container-home\/","title":{"rendered":"Plano de Casa de 5 Quartos, Casa de Contentor"},"content":{"rendered":"<p>Apresentamos o projeto de casa em contentor com planta de 5 quartos, uma solu\u00e7\u00e3o inovadora para fam\u00edlias numerosas e quem procura espa\u00e7os de vida modernos e sustent\u00e1veis. Projetada com precis\u00e3o e funcionalidade, esta planta oferece um layout espa\u00e7oso, otimizado para maximizar o conforto, aproveitando as vantagens da arquitetura de contentores mar\u00edtimos.<\/p>\n<p>Com\u00a0<strong>mais de 20 anos de experi\u00eancia profissional na produ\u00e7\u00e3o de casas<\/strong>, Yichen \u00e9 uma l\u00edder confi\u00e1vel na ind\u00fastria de casas em contentores. A nossa vasta experi\u00eancia garante que cada planta seja projetada para durabilidade, efici\u00eancia e conformidade com os c\u00f3digos de constru\u00e7\u00e3o em toda a Portugal.<\/p>\n<h2>Principais Caracter\u00edsticas da planta de casa em contentor com 5 quartos<\/h2>\n<p>Os nossos\u00a0<strong>planta de casa em contentor com 5 quartos<\/strong>\u00a0\u00e9 projetada com foco tanto no espa\u00e7o quanto na funcionalidade, perfeita para fam\u00edlias em crescimento ou quem necessita de quartos extras para trabalho e lazer.<\/p>\n<h3>Layout espa\u00e7oso e funcional de 5 quartos<\/h3>\n<ul>\n<li><strong>Cinco quartos bem dimensionados<\/strong>\u00a0oferecem conforto e privacidade.<\/li>\n<li>Os quartos est\u00e3o organizados em zonas privadas, minimizando o ru\u00eddo e aumentando o espa\u00e7o pessoal.<\/li>\n<li>Os layouts dos quartos suportam v\u00e1rias utiliza\u00e7\u00f5es, como quartos de h\u00f3spedes, escrit\u00f3rios ou espa\u00e7os para hobbies.<\/li>\n<\/ul>\n<h3>\u00c1reas de estar de conceito aberto<\/h3>\n<ul>\n<li>A planta apresenta\u00a0<strong>\u00e1reas de estar, jantar e cozinha de conceito aberto<\/strong>, criando um ambiente comunit\u00e1rio espa\u00e7oso.<\/li>\n<li>A luz natural entra livremente atrav\u00e9s de grandes janelas, melhorando a atmosfera e o uso de energia.<\/li>\n<li>Espa\u00e7os de vida flex\u00edveis que se adaptam facilmente \u00e0 disposi\u00e7\u00e3o de mobili\u00e1rio e \u00e0s necessidades de estilo de vida.<\/li>\n<\/ul>\n<h3>Empilhamento de contentores otimizado e integridade estrutural<\/h3>\n<ul>\n<li>O design utiliza empilhamento estrat\u00e9gico de contentores para maximizar o espa\u00e7o sem comprometer a seguran\u00e7a.<\/li>\n<li>Refor\u00e7os estruturais garantem conformidade com\u00a0<strong>c\u00f3digos de constru\u00e7\u00e3o de Portugal<\/strong>\u00a0e resistem a condi\u00e7\u00f5es clim\u00e1ticas diversas.<\/li>\n<li>A abordagem modular permite uma montagem eficiente, reduzindo o tempo de constru\u00e7\u00e3o no local.<\/li>\n<\/ul>\n<h3>Princ\u00edpios de efici\u00eancia energ\u00e9tica e sustentabilidade<\/h3>\n<ul>\n<li>Incorpora ideias de constru\u00e7\u00e3o sustent\u00e1vel como\u00a0<strong>isolamento de alta qualidade<\/strong>\u00a0e ventila\u00e7\u00e3o para manter o conforto interior durante todo o ano.<\/li>\n<li>Projetado para\u00a0<strong>solar panel integration<\/strong>\u00a0e uso de materiais ecol\u00f3gicos.<\/li>\n<li>Foca na minimiza\u00e7\u00e3o de res\u00edduos com contentores de a\u00e7o reaproveitados, reduzindo a pegada de carbono da habita\u00e7\u00e3o.<\/li>\n<\/ul>\n<p>Este plano destaca-se como uma\u00a0<strong>habita\u00e7\u00e3o modular moderna de contentores<\/strong>\u00a0que equilibra estilo, durabilidade e responsabilidade ambiental, oferecendo um layout de grande habita\u00e7\u00e3o de contentores ideal para estilos de vida portugueses.<\/p>\n<p>Para designs semelhantes de casas modulares de contentores, consulte os nossos\u00a0<a href=\"https:\/\/yccontainerhouse.com\/product\/20-foot-container-house\/\">Op\u00e7\u00f5es de casas de contentores de 20 p\u00e9s<\/a>\u00a0e\u00a0<a href=\"https:\/\/yccontainerhouse.com\/product\/two-20ft-container-house\/\">dois modelos de casas de contentores de 20ft<\/a>.<\/p>\n<h3>\u00c1rea total em metros quadrados e Contagem de contentores<\/h3>\n<div class=\"table-responsive\">\n<table class=\"table\">\n<thead>\n<tr>\n<th>Par\u00e2metro<\/th>\n<th>Detalhes<\/th>\n<\/tr>\n<\/thead>\n<tbody>\n<tr>\n<td>\u00c1rea total em metros quadrados<\/td>\n<td>Aproximadamente 2.800 p\u00e9s quadrados.<\/td>\n<\/tr>\n<tr>\n<td>N\u00famero de Contentores<\/td>\n<td>8 contentores padr\u00e3o de a\u00e7o de 40 p\u00e9s<\/td>\n<\/tr>\n<tr>\n<td>Tamanho do Contentor<\/td>\n<td>Contentores ISO padr\u00e3o de 40 p\u00e9s (largura de 8 p\u00e9s x altura de 8,5 p\u00e9s)<\/td>\n<\/tr>\n<\/tbody>\n<\/table>\n<\/div>\n<p>O design empilha e organiza os contentores de forma eficiente, equilibrando o uso do espa\u00e7o enquanto garante uma apar\u00eancia moderna adequada para fam\u00edlias numerosas.<\/p>","protected":false},"excerpt":{"rendered":"<p data-start=\"0\" data-end=\"261\">O <strong data-start=\"4\" data-end=\"48\">Plano de Casa de 5 Quartos, Casa de Contentor<\/strong> ajuda a reduzir <strong data-start=\"61\" data-end=\"84\">altos custos de transporte<\/strong>. O design \u00e9 dobr\u00e1vel e compacto, por isso ocupa menos espa\u00e7o no transporte. Isto significa que pagar\u00e1 menos pelo transporte, mas ainda assim ter\u00e1 uma casa grande com quartos suficientes para a fam\u00edlia.<\/p>\n<p data-start=\"263\" data-end=\"499\">O <strong data-start=\"267\" data-end=\"311\">Plano de Casa de 5 Quartos, Casa de Contentor<\/strong> \u00e9 feito para permanecer forte durante o transporte. Possui estruturas de a\u00e7o e pain\u00e9is firmes que mant\u00eam a casa segura. Pode suportar viagens longas sem danos, chegando pronta para ser montada imediatamente.<\/p>\n<p data-start=\"501\" data-end=\"753\" data-is-last-node=\"\" data-is-only-node=\"\">O <strong data-start=\"505\" data-end=\"549\">Plano de Casa de 5 Quartos, Casa de Contentor<\/strong> \u00e9 constru\u00eddo com materiais s\u00f3lidos e \u00e0 prova de intemp\u00e9ries. Mant\u00e9m o calor e bloqueia a entrada de \u00e1gua. As paredes requerem pouco cuidado, economizando dinheiro e tempo. Isto torna a casa f\u00e1cil de manter em bom estado durante anos.<\/p>","protected":false},"featured_media":1551,"comment_status":"closed","ping_status":"closed","template":"","meta":[],"product_brand":[],"product_cat":[73],"product_tag":[74,75],"class_list":{"0":"post-1554","1":"product","2":"type-product","3":"status-publish","4":"has-post-thumbnail","6":"product_cat-container-house-blueprints","7":"product_tag-40-foot-container-high-cube-house-blueprint","8":"product_tag-5-bedroom-house-blueprint-container-home","10":"first","11":"instock","12":"shipping-taxable","13":"product-type-simple"},"_links":{"self":[{"href":"https:\/\/yccontainerhouse.com\/pt\/wp-json\/wp\/v2\/product\/1554","targetHints":{"allow":["GET"]}}],"collection":[{"href":"https:\/\/yccontainerhouse.com\/pt\/wp-json\/wp\/v2\/product"}],"about":[{"href":"https:\/\/yccontainerhouse.com\/pt\/wp-json\/wp\/v2\/types\/product"}],"replies":[{"embeddable":true,"href":"https:\/\/yccontainerhouse.com\/pt\/wp-json\/wp\/v2\/comments?post=1554"}],"version-history":[{"count":0,"href":"https:\/\/yccontainerhouse.com\/pt\/wp-json\/wp\/v2\/product\/1554\/revisions"}],"wp:featuredmedia":[{"embeddable":true,"href":"https:\/\/yccontainerhouse.com\/pt\/wp-json\/wp\/v2\/media\/1551"}],"wp:attachment":[{"href":"https:\/\/yccontainerhouse.com\/pt\/wp-json\/wp\/v2\/media?parent=1554"}],"wp:term":[{"taxonomy":"product_brand","embeddable":true,"href":"https:\/\/yccontainerhouse.com\/pt\/wp-json\/wp\/v2\/product_brand?post=1554"},{"taxonomy":"product_cat","embeddable":true,"href":"https:\/\/yccontainerhouse.com\/pt\/wp-json\/wp\/v2\/product_cat?post=1554"},{"taxonomy":"product_tag","embeddable":true,"href":"https:\/\/yccontainerhouse.com\/pt\/wp-json\/wp\/v2\/product_tag?post=1554"}],"curies":[{"name":"wp","href":"https:\/\/api.w.org\/{rel}","templated":true}]}}