{"id":1565,"date":"2025-11-06T00:24:10","date_gmt":"2025-11-06T00:24:10","guid":{"rendered":"https:\/\/yccontainerhouse.com\/?post_type=product&#038;p=1565"},"modified":"2025-11-06T04:31:05","modified_gmt":"2025-11-06T04:31:05","slug":"small-container-house-design","status":"publish","type":"product","link":"https:\/\/yccontainerhouse.com\/pt\/product\/small-container-house-design\/","title":{"rendered":"Design de Pequena Casa de Contentor"},"content":{"rendered":"<p>As\u00a0<strong>designs de casas de contentores pequenas<\/strong>\u00a0oferecem uma solu\u00e7\u00e3o inteligente e pr\u00e1tica para quem procura espa\u00e7os de vida compactos e modernos. Criadas a partir de contentores de transporte dur\u00e1veis, estas casas combinam flexibilidade modular com pr\u00e1ticas de constru\u00e7\u00e3o ecol\u00f3gicas. Quer esteja \u00e0 procura de\u00a0<strong>planos de casas de contentores pequenos<\/strong>\u00a0ou um\u00a0<strong>design de casa de contentor port\u00e1til<\/strong>, as ofertas da Yichen destacam-se pelo uso inteligente do espa\u00e7o e materiais sustent\u00e1veis.<\/p>\n<h3>Principais benef\u00edcios das casas de contentores pequenos da Yichen<\/h3>\n<ul>\n<li><strong>Tamanho compacto<\/strong>\u00a0ideal para lotes urbanos limitados ou entusiastas de casas pequenas<\/li>\n<li><strong>Constru\u00e7\u00e3o modular<\/strong>\u00a0permite empilhamento f\u00e1cil e futuras amplia\u00e7\u00f5es<\/li>\n<li><strong>Componentes ecol\u00f3gicos<\/strong>\u00a0incluindo contentores reciclados e isolamento de poupan\u00e7a de energia<\/li>\n<li><strong>Uso vers\u00e1til<\/strong>\u00a0perfeito como resid\u00eancia principal, casas de f\u00e9rias ou espa\u00e7os de escrit\u00f3rio elegantes<\/li>\n<\/ul>\n<h3>Cen\u00e1rios ideais de utilizador<\/h3>\n<ul>\n<li><strong>Vida urbana<\/strong>\u00a0onde o espa\u00e7o \u00e9 precioso, mas a qualidade e o estilo s\u00e3o importantes<\/li>\n<li><strong>Casas de f\u00e9rias<\/strong>\u00a0oferecendo instala\u00e7\u00e3o r\u00e1pida e impacto ambiental m\u00ednimo<\/li>\n<li><strong>Espa\u00e7os de escrit\u00f3rio ou est\u00fadio<\/strong>\u00a0proporcionando um ambiente de trabalho moderno e m\u00f3vel<\/li>\n<\/ul>\n<p>Os designs de casas de contentores pequenos da Yichen equilibram praticidade e estilo, tornando-os uma escolha superior para quem estiver interessado em\u00a0<strong>casas de contentores de transporte compactas<\/strong>\u00a0que n\u00e3o comprometem o conforto ou a efici\u00eancia.<\/p>\n<h2>Caracter\u00edsticas de Design e Especifica\u00e7\u00f5es de Modelos de Casas de Contentores Pequenos<\/h2>\n<h3>Dimens\u00f5es e Pegada<\/h3>\n<p>As\u00a0<strong>designs de casas de contentores pequenas<\/strong>\u00a0focar na maximiza\u00e7\u00e3o do espa\u00e7o enquanto mant\u00e9m uma pegada compacta. Os modelos pequenos mais populares incluem:<\/p>\n<div class=\"table-responsive\">\n<table class=\"table\">\n<thead>\n<tr>\n<th>Modelo<\/th>\n<th>Dimens\u00f5es (Comprimento \u00d7 Largura \u00d7 Altura)<\/th>\n<th>Pegada Aproximada (m\u00b2)<\/th>\n<\/tr>\n<\/thead>\n<tbody>\n<tr>\n<td>Contentor Padr\u00e3o de 20ft<\/td>\n<td>20 p\u00e9s \u00d7 8 p\u00e9s \u00d7 8,5 p\u00e9s<\/td>\n<td>15 m\u00b2<\/td>\n<\/tr>\n<tr>\n<td>M\u00f3dulo Expand\u00edvel de 20ft<\/td>\n<td>20 ft \u00d7 8 ft \u00d7 8,5 ft (largura expand\u00edvel at\u00e9 11,5 ft)<\/td>\n<td>15 a 21 m\u00b2<\/td>\n<\/tr>\n<tr>\n<td>Micro Unidade de 10ft<\/td>\n<td>10 ft \u00d7 8 ft \u00d7 8,5 ft<\/td>\n<td>7,4 m\u00b2<\/td>\n<\/tr>\n<\/tbody>\n<\/table>\n<\/div>\n<p>Estes tamanhos encaixam-se bem em lotes urbanos ou pequenos terrenos, ideais para\u00a0<strong>planos de casas de contentores pequenos<\/strong>\u00a0e\u00a0<strong>casas de contentores de transporte compactas<\/strong>.<\/p>\n<h3>Materiais utilizados<\/h3>\n<ul>\n<li><strong>Contentores de A\u00e7o de Alta Resist\u00eancia<\/strong>: Todas as unidades usam contentores de a\u00e7o de grau mar\u00edtimo premium para durabilidade e longevidade.<\/li>\n<li><strong>Isolamento<\/strong>: Isolamento com espuma spray ou espuma r\u00edgida garante efici\u00eancia t\u00e9rmica em diferentes climas\u2014mantendo os interiores confort\u00e1veis durante todo o ano.<\/li>\n<li><strong>Acabamentos Interiores<\/strong>: Op\u00e7\u00f5es incluem drywall resistente \u00e0 humidade, compensado ou pain\u00e9is compostos ecol\u00f3gicos projetados para f\u00e1cil manuten\u00e7\u00e3o.<\/li>\n<\/ul>\n<h3>Op\u00e7\u00f5es de Estilo Arquitet\u00f3nico<\/h3>\n<p>Yichen oferece versatilidade\u00a0<strong>designs de casas de contentores pequenas<\/strong>\u00a0que se adaptam a m\u00faltiplas prefer\u00eancias est\u00e9ticas:<\/p>\n<ul>\n<li><strong>Moderno<\/strong>: Linhas limpas, janelas grandes e superf\u00edcies elegantes.<\/li>\n<li><strong>Minimalista<\/strong>: Layouts que economizam espa\u00e7o com tons neutros e design funcional.<\/li>\n<li><strong>R\u00fastico<\/strong>: Pain\u00e9is de madeira e acabamentos terrosos para uma sensa\u00e7\u00e3o de cabana acolhedora.<\/li>\n<li><strong>Industrial<\/strong>: A\u00e7os expostos e detalhes met\u00e1licos com texturas brutas.<\/li>\n<\/ul>\n<p>Cada estilo adequa-se a diferentes gostos pessoais e condi\u00e7\u00f5es do local, destacando a adaptabilidade dos designs de casas pequenas em contentores.<\/p>\n<h3>Op\u00e7\u00f5es de Personaliza\u00e7\u00e3o<\/h3>\n<p>Para atender a necessidades diversas, a personaliza\u00e7\u00e3o est\u00e1 dispon\u00edvel em:<\/p>\n<ul>\n<li><strong>Janelas<\/strong>: Tamanhos, disposi\u00e7\u00e3o e op\u00e7\u00f5es de vidros para luz natural ou privacidade.<\/li>\n<li><strong>Portas<\/strong>: Portas deslizantes, de dobradi\u00e7a ou at\u00e9 de vidro, adaptadas \u00e0s necessidades de acessibilidade.<\/li>\n<li><strong>Configura\u00e7\u00f5es Interiores<\/strong>: M\u00faltiplas configura\u00e7\u00f5es para quartos, cozinhas e casas de banho\u2014otimizando cada cent\u00edmetro.<\/li>\n<\/ul>\n<p>Estas op\u00e7\u00f5es personalizadas permitem criar verdadeiramente\u00a0<strong>casas pequenas modulares em contentores<\/strong>\u00a0que parecem um ajuste perfeito em vez de uma caixa gen\u00e9rica.<\/p>\n<p>Para mais informa\u00e7\u00f5es sobre estilos e configura\u00e7\u00f5es de contentores, explore as nossas\u00a0<a href=\"https:\/\/yccontainerhouse.com\/container-options\/modern-container-house\/\">Op\u00e7\u00f5es de Casas Cont\u00eainer Modernas<\/a>.<\/p>\n<h2>Plantilhas e Op\u00e7\u00f5es de Layout para Designs de Casas Pequenas em Contentores<\/h2>\n<p>A Yichen oferece\u00a0<strong>m\u00faltiplas plantas de casas pequenas em contentores<\/strong>\u00a0projetadas para maximizar a funcionalidade em espa\u00e7os compactos. Quer procure um plano de casa pequena em contentor para viver na cidade ou um design de cabana pequena em contentor para f\u00e9rias, os nossos layouts equilibram conforto e efici\u00eancia.<\/p>\n<h3>Espa\u00e7os multifuncionais para viver, jantar e dormir<\/h3>\n<p>Os nossos designs de casas pequenas em contentores apresentam\u00a0<strong>\u00e1reas de uso m\u00faltiplo<\/strong>\u00a0que combinam espa\u00e7os de estar, jantar e dormir sem sacrificar o conforto. Os layouts t\u00edpicos incluem:<\/p>\n<ul>\n<li><strong>\u00c1rea principal de conceito aberto<\/strong>\u00a0para estar e jantar<\/li>\n<li><strong>Op\u00e7\u00f5es de mobili\u00e1rio convers\u00edvel<\/strong>\u00a0como camas desdobr\u00e1veis e mesas de jantar extens\u00edveis<\/li>\n<li><strong>Recanto de dormir separado<\/strong>\u00a0ou um pequeno quarto dedicado, dependendo do modelo<\/li>\n<\/ul>\n<p>Esta abordagem aproveita ao m\u00e1ximo cada metro quadrado, encaixando fun\u00e7\u00f5es residenciais essenciais de forma organizada e intuitiva.<\/p>\n<h3>Solu\u00e7\u00f5es de armazenamento otimizadas<\/h3>\n<p>O armazenamento \u00e9 fundamental em\u00a0<strong>casas de contentores de transporte compactas<\/strong>. Para resolver isso, a Yichen integra:<\/p>\n<ul>\n<li>Prateleiras embutidas e armazenamento debaixo da cama<\/li>\n<li>Arm\u00e1rios de parede e arm\u00e1rios que economizam espa\u00e7o<\/li>\n<li>M\u00f3veis multifuncionais com compartimentos ocultos<\/li>\n<\/ul>\n<p>Estes\u00a0<strong>as solu\u00e7\u00f5es de armazenamento s\u00e3o adaptadas<\/strong>\u00a0especificamente para modelos de casas de contentores pequenos, garantindo uma vida sem desordem apesar das limita\u00e7\u00f5es de espa\u00e7o.<\/p>\n<h3>Empilhamento modular flex\u00edvel e expans\u00e3o<\/h3>\n<p>Os nossos designs s\u00e3o criados com modularidade em mente, permitindo que voc\u00ea\u00a0<strong>empilhe ou expanda facilmente a sua pequena casa de contentores pr\u00e9-fabricada<\/strong>\u00a0Esta flexibilidade significa que pode:<\/p>\n<ul>\n<li>Adicione m\u00f3dulos de contentor extra para quartos adicionais ou espa\u00e7o de trabalho<\/li>\n<li>Combine unidades vertical ou horizontalmente sem redesenhar o layout base<\/li>\n<li>Modifique os layouts interiores ao expandir para atender \u00e0s necessidades em mudan\u00e7a<\/li>\n<\/ul>\n<p>Esta adaptabilidade torna as casas de contentores pequenas da Yichen ideais para fam\u00edlias em crescimento, escrit\u00f3rios remotos ou casas de f\u00e9rias em evolu\u00e7\u00e3o.<\/p>\n<h3>Dimens\u00f5es do Plano de Piso de Amostra<\/h3>\n<div class=\"table-responsive\">\n<table class=\"table\">\n<thead>\n<tr>\n<th>Modelo<\/th>\n<th>Pegada (m)<\/th>\n<th>Quartos<\/th>\n<th>Principais Caracter\u00edsticas<\/th>\n<\/tr>\n<\/thead>\n<tbody>\n<tr>\n<td>Casa de Contentor Pequena de 6,1m<\/td>\n<td>6 x 2,4<\/td>\n<td>Sala de estar, Cozinha, Dormir, Casa de Banho<\/td>\n<td>Layout compacto e eficiente<\/td>\n<\/tr>\n<tr>\n<td>Casa Cont\u00eainer Dobr\u00e1vel de 20ft<\/td>\n<td>6 x 2,4<\/td>\n<td>Interior flex\u00edvel com paredes dobr\u00e1veis<\/td>\n<td>Espa\u00e7os expans\u00edveis e multifuncionais<\/td>\n<\/tr>\n<tr>\n<td>Dois contentores de 6,1m combinados<\/td>\n<td>12,2 x 4,9<\/td>\n<td>Sala de estar, Cozinha, 2 Quartos, Casa de Banho<\/td>\n<td>Expans\u00e3o modular, mais quartos<\/td>\n<\/tr>\n<\/tbody>\n<\/table>\n<\/div>\n<p>Explore mais planos de piso e detalhes no nosso site oficial de casas de contentores pequenas\u00a0<a href=\"https:\/\/yccontainerhouse.com\/product\/20-foot-container-house-layout\/\">aqui<\/a>.<\/p>\n<p>Cada plano de piso \u00e9 cuidadosamente elaborado para oferecer uma vida pr\u00e1tica em uma\u00a0<strong>design de casa de contentor pequena<\/strong>\u00a0que se adapta ao seu estilo de vida e ao tamanho da propriedade, mantendo-se altamente flex\u00edvel e eficiente em espa\u00e7o.<\/p>\n<h2>Processo de Constru\u00e7\u00e3o e Instala\u00e7\u00e3o para o Design de Casas de Contentores Pequenas<\/h2>\n<h3>Detalhes de Pr\u00e9-fabrica\u00e7\u00e3o<\/h3>\n<p>Os designs de pequenas casas de contentores da Yichen s\u00e3o\u00a0<strong>pr\u00e9-fabricados em ambientes controlados de f\u00e1brica<\/strong>, garantindo uma constru\u00e7\u00e3o de alta qualidade e acabamentos precisos. Cada m\u00f3dulo de contentor \u00e9 totalmente constru\u00eddo com paredes em estrutura, isolamento, janelas, fia\u00e7\u00e3o el\u00e9trica e canaliza\u00e7\u00e3o antes do envio. Esta fabrica\u00e7\u00e3o fora do local reduz o trabalho no local e poss\u00edveis atrasos. Usar\u00a0<strong>casas pequenas modulares em contentores<\/strong>\u00a0tamb\u00e9m significa que os componentes s\u00e3o padronizados e facilmente inspecionados para conformidade de qualidade.<\/p>\n<h3>Cronograma de Montagem no Local<\/h3>\n<p>Ap\u00f3s a entrega, a montagem da sua pequena casa de contentores normalmente leva\u00a0<strong>3 a 7 dias<\/strong>, dependendo da complexidade do layout e das condi\u00e7\u00f5es do local. O processo envolve fixar os contentores numa funda\u00e7\u00e3o preparada, conectar utilidades e finalizar acabamentos interiores. Gra\u00e7as \u00e0 pr\u00e9-fabrica\u00e7\u00e3o, o cronograma de instala\u00e7\u00e3o \u00e9 muito mais curto em compara\u00e7\u00e3o com constru\u00e7\u00f5es tradicionais, tornando-se uma excelente solu\u00e7\u00e3o para uma implanta\u00e7\u00e3o r\u00e1pida.<\/p>\n<h3>Considera\u00e7\u00f5es sobre Transporte e Entrega<\/h3>\n<p>Projetamos modelos de pequenas casas de contentores para se enquadrarem nas regulamenta\u00e7\u00f5es padr\u00e3o de transporte e envio, facilitando o movimento suave por Portugal. O transporte utiliza cami\u00f5es de plataforma plana ou carregadores baixos adequados \u00e0s dimens\u00f5es do contentor. A nossa equipa trata da log\u00edstica, incluindo planeamento de rotas e permiss\u00f5es quando necess\u00e1rio, para minimizar atrasos na entrega. Esta caracter\u00edstica de portabilidade torna\u00a0<strong>designs de casas de contentores port\u00e1teis<\/strong>\u00a0ideais para locais urbanos ou rurais.<\/p>\n<h3>Requisitos de Funda\u00e7\u00e3o e Prepara\u00e7\u00e3o do Local<\/h3>\n<p>Uma funda\u00e7\u00e3o robusta \u00e9 essencial para a estabilidade da pequena casa de contentores. Os tipos comuns de funda\u00e7\u00e3o incluem:<\/p>\n<ul>\n<li><strong>Laje de bet\u00e3o<\/strong><\/li>\n<li><strong>Pilares e vigas<\/strong><\/li>\n<li><strong>Base de estrutura de a\u00e7o<\/strong><\/li>\n<\/ul>\n<p>A prepara\u00e7\u00e3o do local envolve nivelar, limpar detritos e garantir uma drenagem adequada. Como estas casas s\u00e3o relativamente leves, os custos e requisitos de funda\u00e7\u00e3o s\u00e3o frequentemente inferiores aos das casas tradicionais. Fornecemos diretrizes detalhadas de prepara\u00e7\u00e3o do local para ajudar a come\u00e7ar de forma tranquila e evitar surpresas dispendiosas.<\/p>\n<p>A abordagem da Yichen \u00e0 constru\u00e7\u00e3o prioriza\u00a0<strong>rapidez, qualidade e flexibilidade<\/strong>, permitindo que desfrute do seu design de pequena casa de contentores de forma mais r\u00e1pida e confiante. Para mais op\u00e7\u00f5es de design, explore o nosso\u00a0<a href=\"https:\/\/yccontainerhouse.com\/container-options\/expandable-container-house\/\">modelos de casas contentores expans\u00edveis<\/a>\u00a0para ver como o empilhamento modular pode ampliar o seu espa\u00e7o de forma eficiente.<\/p>\n<h2>Sustentabilidade e Efici\u00eancia Energ\u00e9tica no Design de Pequenas Casas de Contentores<\/h2>\n<p>Na Yichen, o nosso\u00a0<strong>designs de casas de contentores pequenas<\/strong>\u00a0priorize a sustentabilidade e a efici\u00eancia energ\u00e9tica usando\u00a0<strong>cURL Too many subrequests.<\/strong>\u00a0como material de constru\u00e7\u00e3o principal. Estes contentores s\u00e3o renovados para criar casas resistentes e ecol\u00f3gicas, reduzindo o desperd\u00edcio e a demanda por recursos de constru\u00e7\u00e3o novos.<\/p>\n<h3>Isolamento Superior e Desempenho T\u00e9rmico<\/h3>\n<p>Melhoramos o conforto t\u00e9rmico com t\u00e9cnicas avan\u00e7adas de isolamento adaptadas para casas de contentores. Isto inclui isolamento de alta qualidade com spray ou pain\u00e9is que controlam eficazmente a temperatura, minimizando a perda de calor nos meses mais frios e mantendo os interiores frescos em climas quentes. Um isolamento adequado garante que a sua casa de contentor compacta seja eficiente energeticamente durante todo o ano.<\/p>\n<h3>Integra\u00e7\u00e3o de Energia Renov\u00e1vel<\/h3>\n<p>As nossas pequenas casas de contentores modulares suportam\u00a0<strong>op\u00e7\u00f5es de energia renov\u00e1vel<\/strong>\u00a0como:<\/p>\n<ul>\n<li><strong>Instala\u00e7\u00f5es de pain\u00e9is solares<\/strong>: Integrados de forma harmoniosa no design do telhado para fornecer solu\u00e7\u00f5es de energia limpa e fora da rede.<\/li>\n<li><strong>Sistemas de capta\u00e7\u00e3o de \u00e1gua da chuva<\/strong>: Configura\u00e7\u00f5es opcionais para recolher e reutilizar \u00e1gua, promovendo a conserva\u00e7\u00e3o de \u00e1gua especialmente para casas de f\u00e9rias ou escrit\u00f3rios em locais remotos.<\/li>\n<\/ul>\n<h3>Certifica\u00e7\u00f5es e Normas Ecol\u00f3gicas<\/h3>\n<p>Muitos dos nossos projetos s\u00e3o constru\u00eddos para cumprir os padr\u00f5es de constru\u00e7\u00e3o ecol\u00f3gica relevantes para o mercado portugu\u00eas, ajudando-o a qualificar-se para incentivos e reembolsos de energia. Embora a certifica\u00e7\u00e3o possa variar consoante o modelo e a localiza\u00e7\u00e3o, enfatizamos pr\u00e1ticas sustent\u00e1veis \u2014 desde a origem dos materiais at\u00e9 \u00e0 constru\u00e7\u00e3o modular \u2014 para reduzir a pegada de carbono da sua tiny house de contentores.<\/p>\n<p>Ao combinar\u00a0<strong>ideias de casas de contentores ecol\u00f3gicas<\/strong>\u00a0com solu\u00e7\u00f5es energ\u00e9ticas inteligentes, as pequenas casas pr\u00e9-fabricadas de contentores da Yichen oferecem op\u00e7\u00f5es de vida eficientes, acess\u00edveis e sustent\u00e1veis, adequadas para ambientes urbanos ou rurais. Para mais detalhes sobre as nossas op\u00e7\u00f5es de casas de contentores, consulte o nosso\u00a0<a href=\"https:\/\/yccontainerhouse.com\/product\/20-foot-container-house-layout\/\">layouts de casas de contentores de 20 p\u00e9s<\/a>.<\/p>\n<h2>Op\u00e7\u00f5es de Pre\u00e7os e Financiamento para Design de Pequenas Casas de Contentores<\/h2>\n<p>Ao considerar uma\u00a0<strong>design de casa de contentor pequena<\/strong>, compreender as op\u00e7\u00f5es de pre\u00e7os e financiamento \u00e9 fundamental para tomar uma decis\u00e3o informada. Aqui est\u00e1 uma an\u00e1lise clara dos custos e ofertas dispon\u00edveis adaptadas ao mercado portugu\u00eas.<\/p>\n<h3>Pre\u00e7os Base dos Modelos Padr\u00e3o de Pequenas Casas de Contentores<\/h3>\n<p>Os nossos\u00a0<strong>casas de contentores de transporte compactas<\/strong>\u00a0come\u00e7am em pre\u00e7os base competitivos dependendo do modelo e tamanho. Por exemplo:<\/p>\n<div class=\"table-responsive\">\n<table class=\"table\">\n<thead>\n<tr>\n<th>Modelo<\/th>\n<th>Tamanho (ft)<\/th>\n<th>Pre\u00e7o Inicial (USD)<\/th>\n<\/tr>\n<\/thead>\n<tbody>\n<tr>\n<td>Casa de Contentor Individual de 20ft<\/td>\n<td>6 x 2,4<\/td>\n<td>$18,000<\/td>\n<\/tr>\n<tr>\n<td>Contentor Expand\u00edvel de 20 p\u00e9s<\/td>\n<td>6 x 2,4<\/td>\n<td>$25,000<\/td>\n<\/tr>\n<tr>\n<td>Contentor de Dois Quartos de 20 p\u00e9s<\/td>\n<td>20 x 16<\/td>\n<td>$38,000<\/td>\n<\/tr>\n<tr>\n<td>Casa Pequena em Contentor de 20 p\u00e9s<\/td>\n<td>6 x 2,4<\/td>\n<td>$22,000<\/td>\n<\/tr>\n<\/tbody>\n<\/table>\n<\/div>\n<p>Estes pre\u00e7os cobrem acabamentos b\u00e1sicos e layouts interiores padr\u00e3o, tornando-os op\u00e7\u00f5es acess\u00edveis em compara\u00e7\u00e3o com a constru\u00e7\u00e3o tradicional.<\/p>\n<h3>Desdobramento de Custos de Personaliza\u00e7\u00e3o<\/h3>\n<p>Adicionar funcionalidades personalizadas influencia o custo final. A personaliza\u00e7\u00e3o t\u00edpica inclui:<\/p>\n<ul>\n<li><strong>Janelas e portas adicionais:<\/strong>\u00a0$1.000 \u2013 $3.000<\/li>\n<li><strong>Altera\u00e7\u00f5es no layout interior:<\/strong>\u00a0$2.000 \u2013 $5.000<\/li>\n<li><strong>Isolamento e acabamentos melhorados:<\/strong>\u00a0$1.500 \u2013 $4.000<\/li>\n<li><strong>Integra\u00e7\u00e3o de sistema de pain\u00e9is solares:<\/strong>\u00a0$3.000 \u2013 $7.000<\/li>\n<li><strong>Empilhamento modular ou prepara\u00e7\u00e3o para expans\u00e3o:<\/strong>\u00a0$5,000+<\/li>\n<\/ul>\n<p>Pedidos personalizados s\u00e3o cotados com base na complexidade, mas trabalhamos em estreita colabora\u00e7\u00e3o para adaptar a sua pequena casa container pr\u00e9-fabricada ao seu or\u00e7amento.<\/p>\n<h3>Ofertas de Financiamento e Arrendamento<\/h3>\n<p>Para apoiar mais compradores, oferecemos as seguintes op\u00e7\u00f5es:<\/p>\n<ul>\n<li><strong>Planos de financiamento flex\u00edveis<\/strong>\u00a0com taxas de juro competitivas atrav\u00e9s de credores parceiros<\/li>\n<li><strong>Op\u00e7\u00f5es de arrendamento<\/strong>\u00a0para empresas que necessitam de escrit\u00f3rios port\u00e1teis em contentores<\/li>\n<li>Assist\u00eancia com\u00a0<strong>documenta\u00e7\u00e3o de candidatura ao empr\u00e9stimo<\/strong>\u00a0para compradores de primeira viagem<\/li>\n<\/ul>\n<p>Estas op\u00e7\u00f5es tornam o investimento inicial mais f\u00e1cil de gerir em compara\u00e7\u00e3o com um empr\u00e9stimo tradicional para habita\u00e7\u00e3o.<\/p>\n<h3>Compara\u00e7\u00e3o com Custos de Habita\u00e7\u00e3o Tradicionais<\/h3>\n<p>Em compara\u00e7\u00e3o com casas convencionais de \u00e1rea semelhante,\u00a0<strong>designs de casas de contentores pequenas<\/strong>\u00a0oferecem poupan\u00e7as significativas:<\/p>\n<div class=\"table-responsive\">\n<table class=\"table\">\n<thead>\n<tr>\n<th>Tipo de Habita\u00e7\u00e3o<\/th>\n<th>Custo Aproximado por Metro Quadrado<\/th>\n<th>Estimativa de Custo Total (74 m\u00b2)<\/th>\n<\/tr>\n<\/thead>\n<tbody>\n<tr>\n<td>Constru\u00e7\u00e3o Tradicional no Local<\/td>\n<td>100 \u2013 150<\/td>\n<td>$80.000 \u2013 $120.000<\/td>\n<\/tr>\n<tr>\n<td>Casa Pequena de Contentor<\/td>\n<td>$50 \u2013 $80<\/td>\n<td>$40.000 \u2013 $64.000<\/td>\n<\/tr>\n<\/tbody>\n<\/table>\n<\/div>\n<p>A natureza modular e a pr\u00e9-fabrica\u00e7\u00e3o reduzem os custos de m\u00e3o-de-obra e materiais, tornando as casas em contentores uma alternativa econ\u00f3mica para a vida urbana, cabanas de f\u00e9rias ou espa\u00e7os de escrit\u00f3rio acess\u00edveis.<\/p>\n<h2>Opini\u00f5es de Clientes e Estudos de Caso de Design de Pequenas Casas em Contentores<\/h2>\n<h3>Feedback Real de Compradores<\/h3>\n<p>Os nossos\u00a0<strong>designs de casas de contentores pequenas<\/strong>\u00a0receberam feedback positivo de uma vasta gama de clientes em todo o pa\u00eds. Muitos apreciam a combina\u00e7\u00e3o de tamanho compacto, constru\u00e7\u00e3o modular e caracter\u00edsticas ecol\u00f3gicas, observando como estas casas atendem \u00e0s suas necessidades de vida urbana ou objetivos de propriedade de f\u00e9rias. Os clientes destacam:<\/p>\n<ul>\n<li><strong>F\u00e1cil instala\u00e7\u00e3o e r\u00e1pida mudan\u00e7a<\/strong><\/li>\n<li><strong>Uso inteligente do espa\u00e7o sem parecer apertado<\/strong><\/li>\n<li><strong>Durabilidade e constru\u00e7\u00e3o s\u00f3lida<\/strong><\/li>\n<li><strong>Op\u00e7\u00f5es de personaliza\u00e7\u00e3o que correspondem ao seu estilo de vida<\/strong><\/li>\n<\/ul>\n<h3>Hist\u00f3rias de Projetos Reais e Imagens<\/h3>\n<p>Partilhamos regularmente projetos reais que mostram como os compradores transformaram as suas pequenas casas pr\u00e9-fabricadas em espa\u00e7os personalizados. Desde est\u00fadios minimalistas at\u00e9 planos de casas em contentores pequenos expandidos com empilhamento modular, estas hist\u00f3rias oferecem uma vis\u00e3o clara de usos pr\u00e1ticos. As imagens incluem:<\/p>\n<ul>\n<li>Fotos antes e depois que mostram a prepara\u00e7\u00e3o do terreno at\u00e9 \u00e0 casa conclu\u00edda<\/li>\n<li>Layout interior adaptado para diferentes fins, como escrit\u00f3rios ou cabanas de h\u00f3spedes<\/li>\n<li>Toques finais criativos que refletem estilos modernos, r\u00fasticos ou industriais<\/li>\n<\/ul>\n<h3>Adapta\u00e7\u00f5es de Design Antes e Depois<\/h3>\n<p>Muitos clientes come\u00e7am com um b\u00e1sico\u00a0<strong>casa de contentor compacto para transporte<\/strong>\u00a0e depois modificam ou expandem o seu layout para melhor se adaptar \u00e0s necessidades em mudan\u00e7a. Estas adapta\u00e7\u00f5es mostram:<\/p>\n<ul>\n<li>Adicionar janelas ou portas para mais luz e fluxo de ar<\/li>\n<li>Integrar pequenas solu\u00e7\u00f5es de armazenamento<\/li>\n<li>Empilhar unidades para acrescentar quartos ou espa\u00e7o de trabalho<\/li>\n<li>Atualizar acabamentos para maior conforto<\/li>\n<\/ul>\n<p>Estes estudos de caso provam que os nossos designs oferecem op\u00e7\u00f5es de habita\u00e7\u00e3o flex\u00edveis, acess\u00edveis e sustent\u00e1veis que crescem consigo.<\/p>","protected":false},"excerpt":{"rendered":"<p data-start=\"0\" data-end=\"254\">O <strong data-start=\"4\" data-end=\"32\">Design de Casa de 2 Contentores<\/strong> ajuda a reduzir <strong data-start=\"45\" data-end=\"68\">altos custos de transporte<\/strong>. Utiliza uma estrutura compacta que encaixa perfeitamente em contentores de transporte. Isto significa menos espa\u00e7o e menos dinheiro gasto em frete. Ainda assim, oferece uma casa de tamanho completo que se abre rapidamente no local.<\/p>\n<p data-start=\"256\" data-end=\"483\">O <strong data-start=\"260\" data-end=\"288\">Design de Casa de 2 Contentores<\/strong> \u00e9 feita para suportar <strong data-start=\"314\" data-end=\"341\">danos durante o transporte<\/strong>. Estruturas de a\u00e7o pesado e pain\u00e9is seguros mant\u00eam-na segura em viagens longas. Chega em boas condi\u00e7\u00f5es, pronta para ser montada imediatamente sem necessidade de reparos.<\/p>\n<p data-start=\"485\" data-end=\"704\" data-is-last-node=\"\" data-is-only-node=\"\">O <strong data-start=\"489\" data-end=\"517\">Design de Casa de 2 Contentores<\/strong> mant\u00e9m os custos baixos ap\u00f3s a instala\u00e7\u00e3o. Utiliza materiais isolantes e \u00e0 prova de intemp\u00e9ries que requerem pouco cuidado. N\u00e3o gasta muito em reparos. A casa permanece s\u00f3lida e confort\u00e1vel por muitos anos.<\/p>","protected":false},"featured_media":1566,"comment_status":"closed","ping_status":"closed","template":"","meta":[],"product_brand":[],"product_cat":[76],"product_tag":[78,77,79],"class_list":{"0":"post-1565","1":"product","2":"type-product","3":"status-publish","4":"has-post-thumbnail","6":"product_cat-container-house-designs","7":"product_tag-2-container-house-design","8":"product_tag-container-house-designs","9":"product_tag-small-container-house-design","11":"first","12":"instock","13":"shipping-taxable","14":"product-type-simple"},"_links":{"self":[{"href":"https:\/\/yccontainerhouse.com\/pt\/wp-json\/wp\/v2\/product\/1565","targetHints":{"allow":["GET"]}}],"collection":[{"href":"https:\/\/yccontainerhouse.com\/pt\/wp-json\/wp\/v2\/product"}],"about":[{"href":"https:\/\/yccontainerhouse.com\/pt\/wp-json\/wp\/v2\/types\/product"}],"replies":[{"embeddable":true,"href":"https:\/\/yccontainerhouse.com\/pt\/wp-json\/wp\/v2\/comments?post=1565"}],"version-history":[{"count":1,"href":"https:\/\/yccontainerhouse.com\/pt\/wp-json\/wp\/v2\/product\/1565\/revisions"}],"predecessor-version":[{"id":2349,"href":"https:\/\/yccontainerhouse.com\/pt\/wp-json\/wp\/v2\/product\/1565\/revisions\/2349"}],"wp:featuredmedia":[{"embeddable":true,"href":"https:\/\/yccontainerhouse.com\/pt\/wp-json\/wp\/v2\/media\/1566"}],"wp:attachment":[{"href":"https:\/\/yccontainerhouse.com\/pt\/wp-json\/wp\/v2\/media?parent=1565"}],"wp:term":[{"taxonomy":"product_brand","embeddable":true,"href":"https:\/\/yccontainerhouse.com\/pt\/wp-json\/wp\/v2\/product_brand?post=1565"},{"taxonomy":"product_cat","embeddable":true,"href":"https:\/\/yccontainerhouse.com\/pt\/wp-json\/wp\/v2\/product_cat?post=1565"},{"taxonomy":"product_tag","embeddable":true,"href":"https:\/\/yccontainerhouse.com\/pt\/wp-json\/wp\/v2\/product_tag?post=1565"}],"curies":[{"name":"wp","href":"https:\/\/api.w.org\/{rel}","templated":true}]}}