{"id":604,"date":"2025-08-29T03:47:50","date_gmt":"2025-08-29T03:47:50","guid":{"rendered":"https:\/\/yccontainerhouse.com\/?post_type=product&#038;p=604"},"modified":"2025-09-02T01:51:45","modified_gmt":"2025-09-02T01:51:45","slug":"2-40-container-house","status":"publish","type":"product","link":"https:\/\/yccontainerhouse.com\/pt\/product\/2-40-container-house\/","title":{"rendered":"2 contentores de 40 p\u00e9s 2025"},"content":{"rendered":"<p>A casa de contentores de 2 40 \u00e9 uma solu\u00e7\u00e3o de habita\u00e7\u00e3o moderna e modular criada pela fus\u00e3o\u00a0<strong>dois contentores de transporte padr\u00e3o de 40 p\u00e9s<\/strong>\u00a0em uma \u00fanica unidade residencial funcional. Cada contentor mede aproximadamente\u00a0<strong>12,2 m (40 p\u00e9s) de comprimento, 2,44 m (8 p\u00e9s) de largura e 2,59 m (8,5 p\u00e9s) de altura<\/strong>, oferecendo uma \u00e1rea combinada espa\u00e7osa que pode ser adaptada para uso residencial ou comercial.<\/p>\n<p>Este design oferece\u00a0<strong>layouts flex\u00edveis<\/strong>, desde espa\u00e7os de est\u00fadio de conceito aberto at\u00e9 casas completas com v\u00e1rias divis\u00f5es. Constru\u00edda para resist\u00eancia, mobilidade e efici\u00eancia de custos, \u00e9 o equil\u00edbrio perfeito entre durabilidade e conforto de vida moderna.<\/p>\n<h3>Backed by 20 Years of Expertise<\/h3>\n<p>Constru\u00edda por\u00a0<strong>Yichen<\/strong>, um nome de confian\u00e7a em casas m\u00f3veis e pr\u00e9-fabricadas h\u00e1 mais de\u00a0<strong>duas d\u00e9cadas<\/strong>, estas casas beneficiam de engenharia comprovada, controlo de qualidade rigoroso e uma compreens\u00e3o profunda das necessidades de habita\u00e7\u00e3o port\u00e1til em todo o mundo. A experi\u00eancia da Yichen garante que cada\u00a0<strong>casa de contentores de 40 p\u00e9s duplos<\/strong>\u00a0\u00e9 constru\u00edda para cumprir os mais altos padr\u00f5es de\u00a0<strong>seguran\u00e7a, conforto e durabilidade<\/strong>.<\/p>\n<h3>Principais Benef\u00edcios de Forma Geral<\/h3>\n<ul>\n<li><strong>Portabilidade<\/strong>\u00a0\u2013 Facilmente transport\u00e1vel por cami\u00e3o, comboio ou navio para uso em qualquer lugar<\/li>\n<li><strong>Durabilidade<\/strong>\u00a0\u2013 Fabricado com a\u00e7o de alta qualidade, resistente \u00e0s intemp\u00e9ries, projetado para suportar condi\u00e7\u00f5es extremas<\/li>\n<li><strong>Efici\u00eancia de Custos<\/strong>\u00a0\u2013 Custos de materiais e m\u00e3o-de-obra mais baixos em compara\u00e7\u00e3o com constru\u00e7\u00f5es tradicionais<\/li>\n<li><strong>Eco-Amig\u00e1vel<\/strong>\u00a0\u2013 Contentores de transporte reaproveitados reduzem o impacto ambiental<\/li>\n<li><strong>Implanta\u00e7\u00e3o R\u00e1pida<\/strong>\u00a0\u2013 Pode ser fabricado, entregue e instalado numa fra\u00e7\u00e3o do tempo de uma constru\u00e7\u00e3o convencional<\/li>\n<\/ul>\n<h3>Por que escolher uma Casa de Contentor de 2 x 40ft<\/h3>\n<p>A\u00a0<strong>casa de contentor de 40ft<\/strong>\u00a0preenche a lacuna entre acessibilidade, qualidade e versatilidade. A sua estrutura modular significa que pode ser personalizada para atender \u00e0s suas necessidades\u2014quer seja como uma\u00a0<strong>resid\u00eancia permanente, propriedade de f\u00e9rias, habita\u00e7\u00e3o de emerg\u00eancia ou configura\u00e7\u00e3o m\u00f3vel de neg\u00f3cio<\/strong>. Voc\u00ea obt\u00e9m todos os benef\u00edcios de uma casa tradicional, mas numa\u00a0<strong>embalagem forte, m\u00f3vel e ecol\u00f3gica<\/strong>\u00a0constru\u00edda para durar d\u00e9cadas.<\/p>\n<h2>Principais Caracter\u00edsticas e Benef\u00edcios da Casa de Contentor de 2 x 40ft<\/h2>\n<h3>Design Modular e Layouts Flex\u00edveis<\/h3>\n<p>O\u00a0<strong>Casa modular de 2 \u00d7 40ft<\/strong>\u00a0combina dois contentores de transporte padr\u00e3o de 40 p\u00e9s numa \u00fanica \u00e1rea de habita\u00e7\u00e3o conectada. Isto\u00a0<strong>design modular<\/strong>\u00a0permite planos de piso flex\u00edveis\u2014quer queira um layout de conceito aberto, divis\u00f5es de quartos ou espa\u00e7os multifuncionais. Pode expandir ou reconfigurar facilmente no futuro.<\/p>\n<h3>Constru\u00e7\u00e3o de Alta Qualidade e Dur\u00e1vel<\/h3>\n<p>Cada\u00a0<strong>casa de contentores de 40 p\u00e9s duplos<\/strong>\u00a0\u00e9 constru\u00edda com\u00a0<strong>estrutura de a\u00e7o resistente \u00e0s condi\u00e7\u00f5es meteorol\u00f3gicas<\/strong>, pain\u00e9is isolados nas paredes, e\u00a0<strong>interiores retardantes de fogo<\/strong>\u00a0para desempenho duradouro. A estrutura suporta uso intensivo, stress de transporte e exposi\u00e7\u00e3o a climas severos sem comprometer a seguran\u00e7a.<\/p>\n<h3>Op\u00e7\u00f5es de Personaliza\u00e7\u00e3o Completa<\/h3>\n<p>Adapte a sua casa \u00e0s suas necessidades:<\/p>\n<ul>\n<li><strong>Fia\u00e7\u00e3o el\u00e9trica e tomadas<\/strong>\u00a0para atender aos padr\u00f5es portugueses<\/li>\n<li><strong>Sistemas de canaliza\u00e7\u00e3o<\/strong>\u00a0pronta para \u00e1gua da cidade ou solu\u00e7\u00f5es fora da rede<\/li>\n<li>Posicionamento de portas e janelas para ilumina\u00e7\u00e3o e ventila\u00e7\u00e3o \u00f3timas<\/li>\n<li>Escolha de\u00a0<strong>acabamentos interiores<\/strong>\u00a0(pavimentos, pintura, mobili\u00e1rio)<\/li>\n<\/ul>\n<h3>Montagem R\u00e1pida e Mobilidade<\/h3>\n<p>Esta\u00a0<strong>casa port\u00e1til de 2 \u00d7 40 p\u00e9s em contentor<\/strong>\u00a0pr\u00e9-constru\u00edda na f\u00e1brica para uma instala\u00e7\u00e3o r\u00e1pida no local. Pode ser transportada por um cami\u00e3o de plataforma e\u00a0<strong>instalada em dias<\/strong>, n\u00e3o meses. A mudan\u00e7a \u00e9 igualmente simples\u2014tornando-a ideal para projetos tempor\u00e1rios ou semi-permanentes.<\/p>\n<h3>Efici\u00eancia Energ\u00e9tica e Conforto<\/h3>\n<ul>\n<li>Integrado\u00a0<strong>isolamento t\u00e9rmico<\/strong>\u00a0para clima quente e frio<\/li>\n<li>Opcional\u00a0<strong>solar panel integration<\/strong>\u00a0para contas de utilidades mais baixas<\/li>\n<li>Ventila\u00e7\u00e3o passiva e op\u00e7\u00f5es de HVAC para conforto durante todo o ano<\/li>\n<\/ul>\n<h3>Durabilidade e Seguran\u00e7a<\/h3>\n<p>A estrutura de a\u00e7o refor\u00e7ado oferece estabilidade em\u00a0<strong>zonas de vento forte<\/strong>,\u00a0<strong>\u00e1reas propensas a sismos<\/strong>, e outros ambientes extremos. Os materiais s\u00e3o\u00a0<strong>\u00e0 prova de pragas<\/strong>, resistentes \u00e0 corros\u00e3o e cumprem as normas de seguran\u00e7a na constru\u00e7\u00e3o.<\/p>\n<h3>Constru\u00e7\u00e3o Ecol\u00f3gica<\/h3>\n<p>Cada unidade\u00a0<strong>reutiliza contentores de transporte aposentados<\/strong>, reduzindo o desperd\u00edcio e a pegada de carbono associada \u00e0 constru\u00e7\u00e3o tradicional. O impacto m\u00ednimo no local significa que a perturba\u00e7\u00e3o ambiental \u00e9 mantida ao m\u00ednimo durante a instala\u00e7\u00e3o.<\/p>\n<h2>Especifica\u00e7\u00f5es T\u00e9cnicas para Casa de Contentor de 2 x 40ft<\/h2>\n<p>O\u00a0<strong>Casa de contentor de 2 \u00d7 40ft<\/strong>\u00a0foi constru\u00edda para oferecer desempenho forte, adaptabilidade e uma estrutura duradoura. Abaixo est\u00e3o as especifica\u00e7\u00f5es detalhadas para o mercado portugu\u00eas.<\/p>\n<h3>Dimens\u00f5es<\/h3>\n<div class=\"table-responsive\">\n<table class=\"table\">\n<thead>\n<tr>\n<th>Especifica\u00e7\u00e3o<\/th>\n<th>Medida<\/th>\n<\/tr>\n<\/thead>\n<tbody>\n<tr>\n<td><strong>Module Size<\/strong><\/td>\n<td>Contentores padr\u00e3o de 2 \u00d7 40ft<\/td>\n<\/tr>\n<tr>\n<td><strong>Comprimento de Contentor \u00danico<\/strong><\/td>\n<td>40 p\u00e9s (12,2 m)<\/td>\n<\/tr>\n<tr>\n<td><strong>Largura<\/strong><\/td>\n<td>8 p\u00e9s (2,44 m)<\/td>\n<\/tr>\n<tr>\n<td><strong>Altura<\/strong><\/td>\n<td>8,5 p\u00e9s (2,59 m)<\/td>\n<\/tr>\n<tr>\n<td><strong>\u00c1rea Total de Piso (Combinada)<\/strong><\/td>\n<td>Aprox. 59 m\u00b2<\/td>\n<\/tr>\n<\/tbody>\n<\/table>\n<\/div>\n<h3>Peso e Capacidade de Carga<\/h3>\n<ul>\n<li><strong>Peso Vazio M\u00e9dio (Por M\u00f3dulo):<\/strong>\u00a0~3.629 kg<\/li>\n<li><strong>Capacidade de carga:<\/strong>\u00a0Constru\u00edda para suportar as classifica\u00e7\u00f5es de carga padr\u00e3o de contentores ISO e totalmente equipada para habita\u00e7\u00e3o.<\/li>\n<\/ul>\n<h3>Materiais e Constru\u00e7\u00e3o<\/h3>\n<ul>\n<li><strong>Estrutura:<\/strong>\u00a0A\u00e7o Corten de alta qualidade, resistente \u00e0 corros\u00e3o, certificado ISO.<\/li>\n<li><strong>Pain\u00e9is de Parede:<\/strong>\u00a0Pain\u00e9is sandu\u00edche isolados para conforto t\u00e9rmico e ac\u00fastico.<\/li>\n<li><strong>Pavimentos:<\/strong>\u00a0Compensado de grau mar\u00edtimo com barreira de humidade + op\u00e7\u00f5es de acabamento para pavimentos residenciais.<\/li>\n<li><strong>Cobertura:<\/strong>\u00a0Telhado de a\u00e7o refor\u00e7ado com revestimento imperme\u00e1vel.<\/li>\n<\/ul>\n<h3>Layout Interior e Plantas de Piso<\/h3>\n<ul>\n<li>Totalmente flex\u00edvel: pode ser configurado em\u00a0<strong>1\u20133 quartos<\/strong>, cozinha, casa de banho(s), \u00e1rea de estar\/jantar.<\/li>\n<li>Op\u00e7\u00f5es de espa\u00e7o aberto ou dividido para diferentes estilos de vida.<\/li>\n<\/ul>\n<h3>Sistemas el\u00e9trico e de encanamento<\/h3>\n<ul>\n<li><strong>El\u00e9trico:<\/strong>\u00a0Fia\u00e7\u00e3o pr\u00e9-instalada para cumprir\u00a0<strong>C\u00f3digo El\u00e9ctrico Nacional (CEN)<\/strong>\u00a0normas.<\/li>\n<li><strong>Fornecimento de Energia:<\/strong>\u00a0Pronto para 110V\/220V, com painel de disjuntores e tomadas.<\/li>\n<li><strong>Canaliza\u00e7\u00f5es:<\/strong>\u00a0Tubagem PEX para abastecimento de \u00e1gua quente\/fria, PVC para drenagem, projetada para liga\u00e7\u00e3o \u00e0 \u00e1gua da cidade ou reservat\u00f3rio.<\/li>\n<li>Sistemas opcionais fora da rede (solar, tanques de \u00e1gua) dispon\u00edveis.<\/li>\n<\/ul>\n<h3>Desempenho T\u00e9rmico e Ac\u00fastico<\/h3>\n<ul>\n<li><strong>Isolamento:<\/strong>\u00a0Poliuretano ou l\u00e3 de rocha, R-Valor otimizado para climas de todas as esta\u00e7\u00f5es em Portugal.<\/li>\n<li><strong>Janelas e Portas:<\/strong>\u00a0Vidros duplos para melhor isolamento e redu\u00e7\u00e3o de ru\u00eddo.<\/li>\n<li><strong>Classifica\u00e7\u00e3o Ac\u00fastica:<\/strong>\u00a0Projetado para reduzir o ru\u00eddo exterior para conforto em \u00e1reas movimentadas ou rurais.<\/li>\n<\/ul>\n<p>Esta configura\u00e7\u00e3o garante que o\u00a0<strong>lar de contentores de 40 p\u00e9s duplo<\/strong>\u00a0est\u00e1 pronto para morar, seguro para uso a longo prazo, e totalmente adapt\u00e1vel ao seu projeto.<\/p>\n<h2>Op\u00e7\u00f5es de Personaliza\u00e7\u00e3o para Casa de Contentor de 2 x 40 ft<\/h2>\n<p>When you choose a\u00a0<strong>Casa de contentor de 2 x 40 ft<\/strong>, n\u00e3o fica preso a um layout \u00fanico. Garantimos que cada detalhe funcione para as suas necessidades, seja para habita\u00e7\u00e3o permanente, uma casa de f\u00e9rias ou um espa\u00e7o comercial.<\/p>\n<h3>Configura\u00e7\u00f5es Interiores<\/h3>\n<p>O nosso design modular oferece v\u00e1rias op\u00e7\u00f5es de planta:<\/p>\n<ul>\n<li><strong>Quartos<\/strong>\u00a0\u2013 Desde quartos individuais compactos at\u00e9 su\u00edtes principais espa\u00e7osas.<\/li>\n<li><strong>Casas de banho<\/strong>\u00a0\u2013 Op\u00e7\u00e3o de casas de banho completas, meia ou m\u00faltiplas.<\/li>\n<li><strong>Cozinha<\/strong>\u00a0\u2013 Cozinha em open space, em forma de U ou estilo galeria.<\/li>\n<li><strong>Espa\u00e7os de Vida<\/strong>\u00a0\u2013 Salas de estar grandes e abertas, \u00e1reas de jantar combinadas ou espa\u00e7os multifuncionais.<\/li>\n<\/ul>\n<p>Tamb\u00e9m pode escolher entre designs minimalistas modernos ou configura\u00e7\u00f5es acolhedoras ao estilo caseiro.<\/p>\n<h3>Revestimentos Exteriores e Cores<\/h3>\n<p>Oferecemos uma variedade de\u00a0<strong>acabamentos exteriores dur\u00e1veis<\/strong>\u00a0Constru\u00eddo para condi\u00e7\u00f5es clim\u00e1ticas de Portugal:<\/p>\n<ul>\n<li>A\u00e7o pintado em cores personalizadas<\/li>\n<li>Revestimento de pain\u00e9is de madeira para um aspeto natural<\/li>\n<li>Revestimento composto para baixa manuten\u00e7\u00e3o<\/li>\n<li>Salpicos de telhado opcionais ou toldos<\/li>\n<\/ul>\n<h3>Recursos adicionais<\/h3>\n<p>Pode equipar a sua casa de contentor de 40 ft duplo com melhorias de alto desempenho:<\/p>\n<ul>\n<li><strong>Sistemas HVAC<\/strong>\u00a0para aquecimento e arrefecimento<\/li>\n<li><strong>Pain\u00e9is solares<\/strong>\u00a0para reduzir as contas de energia e estar preparado para autonomia energ\u00e9tica<\/li>\n<li><strong>Reservat\u00f3rios de \u00e1gua<\/strong>\u00a0para locais remotos<\/li>\n<li><strong>Integra\u00e7\u00e3o de casa inteligente<\/strong>\u00a0para ilumina\u00e7\u00e3o, seguran\u00e7a e controlo de temperatura<\/li>\n<\/ul>\n<h3>Pacotes de M\u00f3veis e Eletrodom\u00e9sticos<\/h3>\n<p>Para uma mudan\u00e7a mais r\u00e1pida, fornecemos\u00a0<strong>pacotes chave na m\u00e3o<\/strong>\u00a0que incluem:<\/p>\n<ul>\n<li>Eletrodom\u00e9sticos de cozinha (fog\u00e3o, frigor\u00edfico, m\u00e1quina de lavar loi\u00e7a)<\/li>\n<li>Arm\u00e1rios embutidos e armazenamento<\/li>\n<li>M\u00f3veis para sala de estar<\/li>\n<li>Conjuntos de quarto e lumin\u00e1rias<\/li>\n<\/ul>\n<h4>Exemplo de Tabela de Personaliza\u00e7\u00e3o<\/h4>\n<div class=\"table-responsive\">\n<table class=\"table\">\n<thead>\n<tr>\n<th>Categoria de Caracter\u00edstica<\/th>\n<th>Op\u00e7\u00f5es Dispon\u00edveis<\/th>\n<\/tr>\n<\/thead>\n<tbody>\n<tr>\n<td>cURL Too many subrequests.<\/td>\n<td>1-3 quartos, 1-2 casas de banho, cozinha aberta ou fechada, espa\u00e7o de conviv\u00eancia flex\u00edvel<\/td>\n<\/tr>\n<tr>\n<td>cURL Too many subrequests.<\/td>\n<td>A\u00e7o pintado, revestimento de madeira, revestimento composto<\/td>\n<\/tr>\n<tr>\n<td>Acess\u00f3rios adicionais<\/td>\n<td>HVAC, pain\u00e9is solares, tanques de \u00e1gua, tecnologia de casa inteligente<\/td>\n<\/tr>\n<tr>\n<td>Pacotes de M\u00f3veis<\/td>\n<td>Conjunto completo de cozinha, m\u00f3veis para sala de estar, conjuntos de quarto<\/td>\n<\/tr>\n<\/tbody>\n<\/table>\n<\/div>\n<p>Se procura formatos mais compactos, os nossos\u00a0<a href=\"https:\/\/yccontainerhouse.com\/container-options\/40-foot-container-house\/\">Op\u00e7\u00f5es de casas em contentores de 40 p\u00e9s<\/a>\u00a0d\u00e3o-lhe um ponto de partida antes de adicionar melhorias.<\/p>\n<h2>Aplica\u00e7\u00f5es e Casos de Uso para uma Casa de Contentores de 2 x 40ft<\/h2>\n<p>A\u00a0<strong>Casa de contentores de 2 \u00d7 40ft<\/strong>\u00a0oferece flexibilidade para muitas necessidades diferentes de habita\u00e7\u00e3o e neg\u00f3cios em Portugal. Quer precise de uma\u00a0<strong>resid\u00eancia permanente<\/strong>, uma\u00a0<strong>ref\u00fagio sazonal<\/strong>, ou\u00a0<strong>espa\u00e7o comercial m\u00f3vel<\/strong>, esta configura\u00e7\u00e3o oferece praticidade, resist\u00eancia e efici\u00eancia.<\/p>\n<h3>Casas Residenciais<\/h3>\n<p>A\u00a0<strong>casa de contentor de 40ft<\/strong>\u00a0pode ser constru\u00edda como uma\u00a0<strong>resid\u00eancia em regime de tempo integral<\/strong>\u00a0ou como um\u00a0<strong>solu\u00e7\u00e3o tempor\u00e1ria de habita\u00e7\u00e3o<\/strong>\u00a0durante renova\u00e7\u00f5es ou mudan\u00e7as. Com isolamento adequado, HVAC e acabamentos modernos, parece e funciona como uma casa padr\u00e3o, mas pode ser relocada se necess\u00e1rio.<\/p>\n<p><strong>Por que funciona para uso residencial:<\/strong><\/p>\n<ul>\n<li>Instala\u00e7\u00e3o r\u00e1pida em compara\u00e7\u00e3o com constru\u00e7\u00f5es tradicionais<\/li>\n<li>Custos de manuten\u00e7\u00e3o mais baixos e forte resist\u00eancia \u00e0s condi\u00e7\u00f5es clim\u00e1ticas<\/li>\n<li>Layouts interiores flex\u00edveis para fam\u00edlias ou vida individual<\/li>\n<\/ul>\n<h3>Cabines de f\u00e9rias e alojamentos remotos<\/h3>\n<p>A\u00a0<strong>casa de contentores de 40 p\u00e9s duplo<\/strong>\u00a0\u00e9 ideal para\u00a0<strong>casas de lago, cabanas de montanha ou estadias em \u00e1reas rurais remotas<\/strong>. Estas unidades podem ser entregues e instaladas em \u00e1reas fora da rede com op\u00e7\u00f5es de energia solar, armazenamento de \u00e1gua e fossa s\u00e9ptica.<\/p>\n<p><strong>Benef\u00edcios para uso recreativo:<\/strong><\/p>\n<ul>\n<li>Move-se facilmente para locais sazonais<\/li>\n<li>Prepara\u00e7\u00e3o m\u00ednima do local necess\u00e1ria<\/li>\n<li>Pode ser personalizado para conforto, estilo e vistas<\/li>\n<\/ul>\n<h3>Ajuda em desastres e habita\u00e7\u00e3o de emerg\u00eancia<\/h3>\n<p>Quando o tempo e a seguran\u00e7a s\u00e3o importantes, um\u00a0<strong>casa modular de contentores de 40 p\u00e9s x 2<\/strong>\u00a0pode ser implantado em \u00e1reas afetadas em poucos dias. Projetado para resistir a condi\u00e7\u00f5es clim\u00e1ticas adversas e manuseio brusco, oferece abrigo seguro e isolado para fam\u00edlias deslocadas ou trabalhadores de ajuda humanit\u00e1ria.<\/p>\n<p><strong>Vantagens como solu\u00e7\u00e3o de emerg\u00eancia:<\/strong><\/p>\n<ul>\n<li>Implanta\u00e7\u00e3o e instala\u00e7\u00e3o r\u00e1pidas<\/li>\n<li>Constru\u00e7\u00e3o robusta contra vento, chuva e detritos<\/li>\n<li>Empilh\u00e1vel ou expans\u00edvel para necessidades de alojamento maiores<\/li>\n<\/ul>\n<h3>Alojamento para trabalhadores no local e escrit\u00f3rios port\u00e1teis<\/h3>\n<p>Para locais de constru\u00e7\u00e3o, campos de petr\u00f3leo, opera\u00e7\u00f5es mineiras ou projetos agr\u00edcolas, estes\u00a0<strong>casas de contentores port\u00e1teis<\/strong>\u00a0podem ser configurados como\u00a0<strong>quartos de dormir, escrit\u00f3rios ou espa\u00e7os de lounge<\/strong>.<\/p>\n<p><strong>Vantagens para locais de trabalho:<\/strong><\/p>\n<ul>\n<li>Reloca\u00e7\u00e3o r\u00e1pida \u00e0 medida que os projetos avan\u00e7am<\/li>\n<li>Encargos de canaliza\u00e7\u00e3o e eletricidade integrados para uso imediato<\/li>\n<li>Podem ser combinados em blocos de alojamento multiunidade<\/li>\n<\/ul>\n<h3>Pop-ups de retalho e caf\u00e9s<\/h3>\n<p>Empreendedores podem transformar uma\u00a0<strong>unidade dupla de contentor de transporte<\/strong>\u00a0em um\u00a0<strong>caf\u00e9s elegante, boutique ou pequeno restaurante<\/strong>. A estrutura de a\u00e7o suporta grandes aberturas de janelas e branding personalizado para um apelo visual marcante.<\/p>\n<p><strong>Benef\u00edcios para neg\u00f3cios:<\/strong><\/p>\n<ul>\n<li>Constru\u00e7\u00e3o de baixo custo em compara\u00e7\u00e3o com edif\u00edcios tradicionais<\/li>\n<li>F\u00e1cil reloca\u00e7\u00e3o para eventos, festivais ou novos bairros<\/li>\n<li>Design \u00fanico que cria um ponto de venda para marcas<\/li>\n<\/ul>\n<p>Esta versatilidade \u00e9 o que torna uma\u00a0<strong>Casa de contentores de 2 \u00d7 40ft<\/strong>\u00a0escolha t\u00e3o inteligente tanto para uso pessoal quanto comercial\u2014suficientemente robusta para habita\u00e7\u00e3o a longo prazo, adapt\u00e1vel para neg\u00f3cios e m\u00f3vel para qualquer localiza\u00e7\u00e3o.<\/p>\n<h2>Informa\u00e7\u00f5es de Pre\u00e7os e Encomendas para Casa de Contentor de 2 x 40 p\u00e9s<\/h2>\n<h3>Faixas de Pre\u00e7o Estimadas<\/h3>\n<p>O\u00a0<strong>Casa de contentor de 2 \u00d7 40 p\u00e9s<\/strong>\u00a0o pre\u00e7o pode variar dependendo da personaliza\u00e7\u00e3o, acabamentos e localiza\u00e7\u00e3o. Como guia geral para o mercado portugu\u00eas:<\/p>\n<ul>\n<li><strong>Pacote B\u00e1sico:<\/strong>\u00a0Aprox.\u00a0<strong>$38.000 \u2013 $55.000<\/strong>\u00a0(configura\u00e7\u00f5es padr\u00e3o, acess\u00f3rios essenciais, personaliza\u00e7\u00e3o m\u00ednima)<\/li>\n<li><strong>Pacote de M\u00e9dio Alcance:<\/strong>\u00a0Aprox.\u00a0<strong>$55.000 \u2013 $75.000<\/strong>\u00a0(isolamento aprimorado, interiores melhorados, recursos adicionais)<\/li>\n<li><strong>Pacote de Luxo:<\/strong>\u00a0<strong>$75,000+<\/strong>\u00a0(acabamentos de alta qualidade, materiais premium, personaliza\u00e7\u00e3o total, funcionalidades de casa inteligente)<\/li>\n<\/ul>\n<p>Estas faixas incluem\u00a0<strong>fabrica\u00e7\u00e3o do contentor, montagem e configura\u00e7\u00e3o de utilidades essenciais<\/strong>\u00a0mas podem n\u00e3o incluir transporte para certos estados ou taxas de licenciamento.<\/p>\n<h3>Pacotes dispon\u00edveis<\/h3>\n<p>Oferecemos tr\u00eas n\u00edveis de pacote simples para atender diferentes necessidades e or\u00e7amentos:<\/p>\n<ul>\n<li><strong>B\u00e1sico<\/strong>\u00a0\u2013 Op\u00e7\u00e3o econ\u00f3mica de entrada, ideal para projetos de instala\u00e7\u00e3o r\u00e1pida.<\/li>\n<li><strong>Gama M\u00e9dia<\/strong>\u00a0\u2013 Conforto equilibrado e estilo para espa\u00e7os residenciais ou de uso misto.<\/li>\n<li><strong>Luxo<\/strong>\u00a0\u2013 Vida de alta qualidade com acabamentos premium e integra\u00e7\u00f5es de ponta.<\/li>\n<\/ul>\n<h3>Prazos de entrega e de produ\u00e7\u00e3o<\/h3>\n<p>Assim que o seu projeto estiver finalizado e o dep\u00f3sito confirmado,\u00a0<strong>o tempo de produ\u00e7\u00e3o<\/strong>\u00a0normalmente leva:<\/p>\n<ul>\n<li><strong>Unidades B\u00e1sicas e de Gama M\u00e9dia:<\/strong>\u00a04\u20136 semanas<\/li>\n<li><strong>Unidades de Luxo:<\/strong>\u00a06\u20138 semanas (dependendo de caracter\u00edsticas personalizadas)<br \/>\nEnvio a n\u00edvel nacional\u00a0<strong>e instala\u00e7\u00e3o no local<\/strong>\u00a0est\u00e3o dispon\u00edveis. Os prazos de entrega variam por regi\u00e3o, geralmente\u00a0<strong>5\u201314 dias<\/strong>\u00a0ap\u00f3s a produ\u00e7\u00e3o.<\/li>\n<\/ul>\n<h3>Instala\u00e7\u00e3o e Apoio P\u00f3s-Venda<\/h3>\n<p>Fornecemos um servi\u00e7o completo, incluindo:<\/p>\n<ul>\n<li><strong>Instala\u00e7\u00e3o e montagem no local<\/strong>\u00a0dentro de 1\u20133 dias ap\u00f3s a entrega (poder\u00e3o aplicar-se requisitos de funda\u00e7\u00e3o)<\/li>\n<li><strong>Cobertura de garantia<\/strong>\u00a0para integridade estrutural, isolamento e acess\u00f3rios<\/li>\n<li><strong>Suporte ao cliente 24\/7<\/strong>\u00a0para resolu\u00e7\u00e3o de problemas e aconselhamento de manuten\u00e7\u00e3o<\/li>\n<li><strong>Pe\u00e7as sobressalentes e op\u00e7\u00f5es de atualiza\u00e7\u00e3o<\/strong>\u00a0para uso a longo prazo<\/li>\n<\/ul>\n<p><strong>Dica Profissional:<\/strong>\u00a0Se precisar de uma resposta mais r\u00e1pida, podemos preparar\u00a0<strong>modelos padr\u00e3o pr\u00e9-estoque<\/strong>\u00a0para envio imediato em regi\u00f5es selecionadas.<\/p>\n<h2>Testemunhos de Clientes e Estudos de Caso para Casa de 2 x 40 Contentores<\/h2>\n<h3>Exemplos reais de clientes de Portugal<\/h3>\n<p>As nossas casas de 2 x 40 contentores j\u00e1 est\u00e3o a ser utilizadas em diversos contextos em todo o pa\u00eds. Os clientes variam desde fam\u00edlias \u00e0 procura de habita\u00e7\u00e3o permanente acess\u00edvel at\u00e9 empresas que necessitam de espa\u00e7o de escrit\u00f3rio port\u00e1til. Alguns exemplos:<\/p>\n<ul>\n<li><strong>Portugal<\/strong>\u00a0\u2013 Um casal em Lisboa personalizou a sua unidade numa casa de dois quartos com uma cozinha grande e uma varanda no telhado. Foi instalada em 10 dias e agora serve como resid\u00eancia principal.<\/li>\n<li><strong>Portugal<\/strong>\u00a0\u2013 Uma empresa de explora\u00e7\u00e3o petrol\u00edfera utiliza v\u00e1rias casas de contentores duplos de 40 p\u00e9s como alojamento totalmente equipado para trabalhadores, com HVAC, cozinhas e casas de banho privadas.<\/li>\n<li><strong>Portugal<\/strong>\u00a0\u2013 Um caf\u00e9 costeiro transformou uma casa de contentores de 2 \u00d7 40 p\u00e9s numa loja pop-up vibrante \u00e0 beira-mar, beneficiando da sua portabilidade e f\u00e1cil reloca\u00e7\u00e3o quando necess\u00e1rio.<\/li>\n<\/ul>\n<h3>Provas visuais e mostru\u00e1rios de clientes<\/h3>\n<p>Fornecemos\u00a0<strong>fotografias no local e v\u00eddeos de instala\u00e7\u00e3o<\/strong>\u00a0para que potenciais compradores possam ver as casas em ambientes reais\u2014lotes urbanos, zonas rurais, \u00e1reas costeiras e locais remotos. Estas imagens mostram detalhes como\u00a0<strong>distribui\u00e7\u00f5es interiores, acabamentos e usos criativos de design<\/strong>\u00a0para ajudar a imaginar a sua pr\u00f3pria configura\u00e7\u00e3o.<\/p>\n<h3>Opini\u00f5es e feedback de clientes<\/h3>\n<p>Os clientes destacam consistentemente:<\/p>\n<ul>\n<li><strong>Durabilidade<\/strong>\u00a0\u2013 Resiste a ventos fortes, chuvas intensas e temperaturas extremas.<\/li>\n<li><strong>Conforto<\/strong>\u00a0\u2013 Isolamento de alta qualidade mant\u00e9m os interiores frescos no ver\u00e3o e quentes no inverno.<\/li>\n<li><strong>Atendimento ao cliente<\/strong>\u00a0\u2013 Comunica\u00e7\u00e3o clara, entrega r\u00e1pida e suporte na instala\u00e7\u00e3o pr\u00e1tica.<\/li>\n<li><strong>Valor pelo dinheiro<\/strong>\u00a0\u2013 Custos de constru\u00e7\u00e3o reduzidos sem comprometer estilo ou qualidade.<\/li>\n<\/ul>\n<p>Muitos propriet\u00e1rios apreciam a\u00a0<strong>flexibilidade de expandir mais tarde<\/strong>\u00a0adicionando mais unidades de contentores, enquanto clientes empresariais valorizam a\u00a0<strong>mobilidade<\/strong>\u00a0para mover estruturas conforme necess\u00e1rio.<\/p>","protected":false},"excerpt":{"rendered":"<p data-start=\"60\" data-end=\"257\">A nossa casa de contentores de 2 \u00d7 40 <strong data-start=\"87\" data-end=\"116\">conduz a estrada como um profissional<\/strong>, constru\u00edda resistente para suportar choques e amassados. J\u00e1 n\u00e3o precisa de se preocupar com danos caros durante o transporte\u2014esta casa aguenta a viagem para que n\u00e3o tenha que se preocupar.<\/p>\n<p data-start=\"259\" data-end=\"426\">No interior, ela <strong data-start=\"270\" data-end=\"312\">recebe-o com layouts inteligentes e confort\u00e1veis<\/strong>. Cada cent\u00edmetro \u00e9 otimizado para viver, armazenar e garantir privacidade, tornando a vida em espa\u00e7os pequenos mais espa\u00e7osa e f\u00e1cil.<\/p>\n<p data-start=\"428\" data-end=\"612\">A instala\u00e7\u00e3o \u00e9 f\u00e1cil. Estes contentores <strong data-start=\"471\" data-end=\"509\">encaixam-se como blocos de constru\u00e7\u00e3o<\/strong>, reduzindo o tempo e o custo de montagem. Mova, expanda ou realoque sem se preocupar com danos ou taxas elevadas.<\/p>","protected":false},"featured_media":780,"comment_status":"closed","ping_status":"closed","template":"","meta":[],"product_brand":[],"product_cat":[24],"product_tag":[],"class_list":{"0":"post-604","1":"product","2":"type-product","3":"status-publish","4":"has-post-thumbnail","6":"product_cat-folding-contianer-house","8":"first","9":"instock","10":"shipping-taxable","11":"product-type-simple"},"_links":{"self":[{"href":"https:\/\/yccontainerhouse.com\/pt\/wp-json\/wp\/v2\/product\/604","targetHints":{"allow":["GET"]}}],"collection":[{"href":"https:\/\/yccontainerhouse.com\/pt\/wp-json\/wp\/v2\/product"}],"about":[{"href":"https:\/\/yccontainerhouse.com\/pt\/wp-json\/wp\/v2\/types\/product"}],"replies":[{"embeddable":true,"href":"https:\/\/yccontainerhouse.com\/pt\/wp-json\/wp\/v2\/comments?post=604"}],"version-history":[{"count":0,"href":"https:\/\/yccontainerhouse.com\/pt\/wp-json\/wp\/v2\/product\/604\/revisions"}],"wp:featuredmedia":[{"embeddable":true,"href":"https:\/\/yccontainerhouse.com\/pt\/wp-json\/wp\/v2\/media\/780"}],"wp:attachment":[{"href":"https:\/\/yccontainerhouse.com\/pt\/wp-json\/wp\/v2\/media?parent=604"}],"wp:term":[{"taxonomy":"product_brand","embeddable":true,"href":"https:\/\/yccontainerhouse.com\/pt\/wp-json\/wp\/v2\/product_brand?post=604"},{"taxonomy":"product_cat","embeddable":true,"href":"https:\/\/yccontainerhouse.com\/pt\/wp-json\/wp\/v2\/product_cat?post=604"},{"taxonomy":"product_tag","embeddable":true,"href":"https:\/\/yccontainerhouse.com\/pt\/wp-json\/wp\/v2\/product_tag?post=604"}],"curies":[{"name":"wp","href":"https:\/\/api.w.org\/{rel}","templated":true}]}}